{"id":13571,"date":"2020-03-04T01:57:30","date_gmt":"2020-03-04T00:57:30","guid":{"rendered":"https:\/\/neocatechumenaleiter.org\/worte-der-paepste\/hl-johannes-paul-ii\/priesterweihe-am-22-05-1994\/"},"modified":"2021-08-10T11:03:46","modified_gmt":"2021-08-10T10:03:46","slug":"priesterweihe-am-22-05-1994","status":"publish","type":"page","link":"https:\/\/neocatechumenaleiter.org\/de\/worte-der-paepste\/hl-johannes-paul-ii\/priesterweihe-am-22-05-1994\/","title":{"rendered":"PRIESTERWEIHE AM 22.05.1994"},"content":{"rendered":"\n<h1 class=\"has-text-align-center wp-block-heading\">PRIESTERWEIHE AM 22.05.1994<\/h1>\n\n<div style=\"height:20px\" aria-hidden=\"true\" class=\"wp-block-spacer\"><\/div>\n\n<h4 class=\"has-text-align-center wp-block-heading\">Hl. Johannes Paul II.<\/h4>\n\n<div style=\"height:20px\" aria-hidden=\"true\" class=\"wp-block-spacer\"><\/div>\n\n<p><strong>Petersdom, den 22. Mai 1994 *<\/strong><\/p>\n\n<p><em>Pfingstsonntag im Petersdom, Sonntag der Priesterweihen. Neununddrei\u00dfig Diakone (davon 13, die im Seminar \u201eRedemptoris Mater\u201c ausgebildet wurden), in wei\u00dfen Hemden und roten Stolen, am Fu\u00dfe des Altars der \u201eConfessio\u201c, im breiten Presbyterium in einer Reihe aufgestellt, wurden von Kardinalvikar Camillo Ruini zu Priestern geweiht. Wie jedes Jahr sollte Johannes Paul II. den jungen Diakonen das Weihesakrament spenden. In diesem Jahr aber erlaubte der Krankenhausaufenthalt des Heiligen Vaters in der Gemelli-Klinik ihm nicht, den Ritus zu leiten.<\/em><\/p>\n\n<p><em>Zu Beginn der Predigt richtete Kardinal Ruini diesen dankbaren Gedanken an Johannes Paul II.:<\/em><\/p>\n\n<div class=\"wp-block-image\"><figure class=\"alignleft size-large\"><img loading=\"lazy\" decoding=\"async\" width=\"688\" height=\"498\" src=\"https:\/\/neocatechumenaleiter.org\/wp-content\/uploads\/2020\/03\/Camino_Neocatecumenal_Juan_Pablo_II_ordenacion_sacerdotal_1994.jpg\" alt=\"\" class=\"wp-image-7454\" srcset=\"https:\/\/neocatechumenaleiter.org\/wp-content\/uploads\/2020\/03\/Camino_Neocatecumenal_Juan_Pablo_II_ordenacion_sacerdotal_1994.jpg 688w, https:\/\/neocatechumenaleiter.org\/wp-content\/uploads\/2020\/03\/Camino_Neocatecumenal_Juan_Pablo_II_ordenacion_sacerdotal_1994-300x217.jpg 300w\" sizes=\"auto, (max-width: 688px) 100vw, 688px\" \/><\/figure><\/div>\n\n<p>Heute h\u00e4ttet ihr durch seine H\u00e4nde geweiht werden sollen \u2013 sagte Kardinal Ruini \u2013 der Herr hat es anders gef\u00fcgt, aber ihr wisst, dass der Papst durch das Opfer dieser Zeit des Leidens euch noch n\u00e4her ist, er ist noch intensiver der Vater eures Priestertums. Wir bedanken uns von ganzem Herzen bei ihm und h\u00f6ren seine Worte.<\/p>\n\n<p>Neununddrei\u00dfig neue Priester am Pfingstfest: ein gro\u00dfes Geschenk des Geistes an die Kirche von Rom. Achtunddrei\u00dfig dieser jungen \u201egro\u00dfz\u00fcgigen Herzen\u201c sind in der r\u00f6mischen Kirche inkardiniert. Einundzwanzig vom r\u00f6mischen Priesterseminar; dreizehn vom Di\u00f6zesankolleg Redemptoris Mater; drei vom Almo Collegio Capranica.<br\/><br\/><i>(*) Vgl. \u201eL&#8217;Osservatore Romano\u201c, 23. \u2013 24. Mai 1994 (eigene \u00dcbersetzung aus dem Italienischen).<\/i><\/p>\n","protected":false},"excerpt":{"rendered":"<p>PRIESTERWEIHE AM 22.05.1994 Hl. Johannes Paul II. Petersdom, den 22. Mai 1994 * Pfingstsonntag im Petersdom, Sonntag der Priesterweihen. Neununddrei\u00dfig Diakone (davon 13, die im Seminar \u201eRedemptoris Mater\u201c ausgebildet wurden), in wei\u00dfen Hemden und roten Stolen, am Fu\u00dfe des Altars der \u201eConfessio\u201c, im breiten Presbyterium in einer Reihe aufgestellt, wurden von Kardinalvikar Camillo Ruini zu Priestern geweiht. Wie jedes Jahr sollte Johannes Paul II. den jungen Diakonen das Weihesakrament spenden.<\/p>\n<div class=\"read-more\"><a class=\"btn read-more-btn\" href=\"https:\/\/neocatechumenaleiter.org\/de\/worte-der-paepste\/hl-johannes-paul-ii\/priesterweihe-am-22-05-1994\/\">Mehr lesen<\/a><\/div>\n","protected":false},"author":2,"featured_media":0,"parent":10123,"menu_order":81,"comment_status":"closed","ping_status":"closed","template":"","meta":{"footnotes":""},"class_list":["post-13571","page","type-page","status-publish","hentry"],"_links":{"self":[{"href":"https:\/\/neocatechumenaleiter.org\/de\/wp-json\/wp\/v2\/pages\/13571","targetHints":{"allow":["GET"]}}],"collection":[{"href":"https:\/\/neocatechumenaleiter.org\/de\/wp-json\/wp\/v2\/pages"}],"about":[{"href":"https:\/\/neocatechumenaleiter.org\/de\/wp-json\/wp\/v2\/types\/page"}],"author":[{"embeddable":true,"href":"https:\/\/neocatechumenaleiter.org\/de\/wp-json\/wp\/v2\/users\/2"}],"replies":[{"embeddable":true,"href":"https:\/\/neocatechumenaleiter.org\/de\/wp-json\/wp\/v2\/comments?post=13571"}],"version-history":[{"count":12,"href":"https:\/\/neocatechumenaleiter.org\/de\/wp-json\/wp\/v2\/pages\/13571\/revisions"}],"predecessor-version":[{"id":24247,"href":"https:\/\/neocatechumenaleiter.org\/de\/wp-json\/wp\/v2\/pages\/13571\/revisions\/24247"}],"up":[{"embeddable":true,"href":"https:\/\/neocatechumenaleiter.org\/de\/wp-json\/wp\/v2\/pages\/10123"}],"wp:attachment":[{"href":"https:\/\/neocatechumenaleiter.org\/de\/wp-json\/wp\/v2\/media?parent=13571"}],"curies":[{"name":"wp","href":"https:\/\/api.w.org\/{rel}","templated":true}]}}