{"id":13577,"date":"2020-03-04T02:01:03","date_gmt":"2020-03-04T01:01:03","guid":{"rendered":"https:\/\/neocatechumenaleiter.org\/worte-der-paepste\/hl-johannes-paul-ii\/audienz-fuer-familien-des-neokatechumenalen-weges-vom-12-12-1994\/"},"modified":"2021-08-10T11:03:51","modified_gmt":"2021-08-10T10:03:51","slug":"audienz-fuer-familien-des-neokatechumenalen-weges-vom-12-12-1994","status":"publish","type":"page","link":"https:\/\/neocatechumenaleiter.org\/de\/worte-der-paepste\/hl-johannes-paul-ii\/audienz-fuer-familien-des-neokatechumenalen-weges-vom-12-12-1994\/","title":{"rendered":"AUDIENZ F\u00dcR FAMILIEN DES NEOKATECHUMENALEN WEGES AM 12.12.1994"},"content":{"rendered":"\n<h1 class=\"has-text-align-center wp-block-heading\">AUDIENZ F\u00dcR FAMILIEN DES NEOKATECHUMENALEN WEGES AM 12.12.1994<\/h1>\n\n<div style=\"height:20px\" aria-hidden=\"true\" class=\"wp-block-spacer\"><\/div>\n\n<h4 class=\"has-text-align-center wp-block-heading\">Hl. Johannes Paul II.<\/h4>\n\n<div style=\"height:20px\" aria-hidden=\"true\" class=\"wp-block-spacer\"><\/div>\n\n<p><strong>Vatikanstadt \u2013 Aula Paul VI., den 12. Dezember 1994 *<\/strong><\/p>\n\n<p><em>Johannes Paul II. empfing am Morgen des 12. Dezember die Familien des Neokatechumenalen Weges in einer Audienz.<\/em>&#13;\n&#13;\n<em>Dabei haben 120 Familien vom Heiligen Vater den missionarischen Auftrag erhalten. Sie kommen aus Italien, Spanien, Polen, Indien, Irland. Sie werden das Evangelium in 40 L\u00e4nder auf f\u00fcnf Kontinenten verk\u00fcnden. Die L\u00e4nder Europas, die von der Missionsarbeit dieser Familien betroffen sein werden, sind unter anderem: Kroatien, Ukraine, Kasachstan, Finnland, Deutschland. In Amerika werden die neue Familien in Mission in den USA, Kanada, Costa Rica, Kolumbien und Venezuela t\u00e4tig sein. <\/em><\/p>\n\n<p><em>W\u00e4hrend des Treffens in der Aula Paul VI. hielt der Heilige Vater folgende Rede:<\/em><\/p>\n\n<p>Liebe Br\u00fcder und Schwestern!<\/p>\n\n<div class=\"wp-block-image\"><figure class=\"alignleft size-medium\"><img loading=\"lazy\" decoding=\"async\" width=\"300\" height=\"245\" src=\"https:\/\/neocatechumenaleiter.org\/wp-content\/uploads\/2020\/03\/Camino_Neocatecumenal_Juan_Pablo_II_audiencia_familias_misioneras_1994-300x245.jpg\" alt=\"\" class=\"wp-image-2593\" srcset=\"https:\/\/neocatechumenaleiter.org\/wp-content\/uploads\/2020\/03\/Camino_Neocatecumenal_Juan_Pablo_II_audiencia_familias_misioneras_1994-300x245.jpg 300w, https:\/\/neocatechumenaleiter.org\/wp-content\/uploads\/2020\/03\/Camino_Neocatecumenal_Juan_Pablo_II_audiencia_familias_misioneras_1994.jpg 693w\" sizes=\"auto, (max-width: 300px) 100vw, 300px\" \/><\/figure><\/div>\n\n<p>1. Seid willkommen am Sitz Petri, der heute f\u00fcr viele von euch wie ein Hafen ist, in dem ihr die Segel setzt: Ihr seid n\u00e4mlich f\u00fcr einen besonderen missionarischen Auftrag hierher gekommen, der \u00fcber zweihundert Familien direkt betrifft, in dem aber richtigerweise auch die jeweiligen Gemeinschaften einbezogen sind.<br\/>&#13;\n&#13;\nDies ist nicht das erste Treffen des Papstes mit den Familien des Neokatechumenalen Weges.\u00a0Zu verschiedenen anderen Anl\u00e4ssen konnte ich Gruppen dieser Bewegung begegnen.\u00a0Ich erinnere mich insbesondere an das Treffen 1988 in Porto San Giorgio, als ich am Fest der Heiligen Familie die Eucharistie mit euch feierte und 72 Familien, die danach zu ihrem Wanderdienst aufgebrochen sind, das Kreuz \u00fcbergab. Damals sprach ich zu euch \u00fcber die Dreifaltigkeit in der Mission und \u00fcber die Familie in der Mission.<\/p>\n\n<p>Die heutige Begegnung ist mit der damaligen verkn\u00fcpft, allerdings in der Zwischenzeit bereichert von dem Weg der vergangenen Jahre, in denen die Kirche ihre Schritte in Richtung auf das dritte christliche Jahrtausend beschleunigt hat.\u00a0Heute stehen wir dar\u00fcber hinaus vor einem ganz anderen Hintergrund: Wir befinden uns im Jahr der Familie,\u00a0das seinem Ende zugeht und das seinen H\u00f6hepunkt am vergangenen 8. und 9. Oktober erreichte, als sich eine riesige Zahl von Familien aus aller Welt auf dem Petersplatz versammelte.<br\/>&#13;\n&#13;\nWenn wir nach vorne schauen, sehen wir, dass das Jubeljahr 2000, zu dessen Vorbereitung ich das Apostolische Schreiben <em>Tertio\u00a0Millennio adveniente\u00a0<\/em>an das gesamte Gottesvolk gerichtet habe, schon nahe ist.\u00a0Die Kirche \u2013 als Familie von Familien \u2013 hat den Weg zu diesem Ziel entschlossen eingeschlagen, und es ist sehr wichtig, dass sie es so geeint und missionarisch wie m\u00f6glich erreicht \u2013 von der N\u00e4chstenliebe um den einen Herrn versammelt und gleichzeitig vom Heiligen Geist zur Evangelisierung der Welt ausgesandt.<\/p>\n\n<p>2. Das Jahr der Familie ist f\u00fcr die ganze Kirche in erster Linie ein einstimmiges Glaubensbekenntnis der Familien an den Sch\u00f6pfergott, den Erl\u00f6ser und Heiliger des Lebens. In diesem Jahr wird sich die Kirche und die ganze Welt stark der famili\u00e4ren Dimension dessen bewusst, was das Zweite Vatikanische Konzil als Beteiligung der Laien am prophetischen Amt Christi bezeichnet (vgl. Lumen Gentium, Nr. 35). Die Familie, als \u201ekleine Kirche\u201c und \u201eHausgemeinschaft\u201c, ist berufen, einen priesterlichen, prophetischen und k\u00f6niglichen Dienst zu tun. Das wird vom Konzil ausdr\u00fccklich hervorgehoben: \u201eIn dieser Aufgabe erscheint als besonders wertvoll jener Lebensstand, der durch ein besonderes Sakrament geheiligt wird, das Ehe- und Familienleben.\u201c (ebd.). <\/p>\n\n<p>Die Wurzeln dieser Berufung finden sich nat\u00fcrlich in der Taufe, und der Neokatechumenale Weg besteht daher auch in einer \u201eReise\u201c zur Wiederentdeckung der Taufe.\u00a0Es ist deshalb sehr bedeutsam, dass sich in den Gemeinschaften nicht nur Einzelpersonen, sondern auch Familien engagieren, die bereit sind, die mit einer solchen Aufgabe verbundenen Schwierigkeiten und Verantwortungen gemeinsam auf sich zu nehmen \u2013 ohne die Verpflichtungen des Ehebundes zu vernachl\u00e4ssigen.<\/p>\n\n<div class=\"wp-block-image\"><figure class=\"alignright size-large\"><img loading=\"lazy\" decoding=\"async\" width=\"695\" height=\"569\" src=\"https:\/\/neocatechumenaleiter.org\/wp-content\/uploads\/2020\/03\/Camino_Neocatecumenal_Juan_Pablo_II_audiencia_familias_misioneras_1994_2.jpg\" alt=\"\" class=\"wp-image-7519\" srcset=\"https:\/\/neocatechumenaleiter.org\/wp-content\/uploads\/2020\/03\/Camino_Neocatecumenal_Juan_Pablo_II_audiencia_familias_misioneras_1994_2.jpg 695w, https:\/\/neocatechumenaleiter.org\/wp-content\/uploads\/2020\/03\/Camino_Neocatecumenal_Juan_Pablo_II_audiencia_familias_misioneras_1994_2-300x246.jpg 300w\" sizes=\"auto, (max-width: 695px) 100vw, 695px\" \/><\/figure><\/div>\n\n<p>3. Liebe Br\u00fcder und Schwestern! Heute seid ihr hier, um eben diese missionarische und prophetische Dimension eures Glaubensweges zu bezeugen. Ihr wollt au\u00dferdem herausstellen, dass diese missionarische Dimension die Familie als solche angeht, denn die Wiedergeburt in der Taufe betrifft ihre Mitglieder nicht nur einzeln, sondern sie bezieht sie alle mit ein und verpflichtet sie als famili\u00e4re Gemeinschaft in einem tieferen Band der Einheit in der Liebe und zu einem st\u00e4rkeren missionarischen Einsatz.<br\/>&#13;\n&#13;\nDas, meine Lieben, liegt eurem \u201eAufbruch\u201c zugrunde. Vergesst das nie! Das Kruzifix, das ihr heute erhaltet, soll euch jeden Tag daran erinnern, dass ihr nur deshalb zu einer Sendung aufgebrochen seid, weil ihr als erste von der barmherzigen Liebe Gottes erreicht und erneuert worden seid \u2013 als Familien f\u00fcr die Familien.<\/p>\n\n<p>Macht euch also auf dem Weg, liebe missionarische Familien. Die Gnade der Taufe, der Firmung und der Ehe, in der Eucharistie und dem Sakrament der Vers\u00f6hnung erneuert, wird euch jeden Augenblick eures Lebens st\u00fctzen. Von dieser \u00fcbernat\u00fcrlichen Unterst\u00fctzung gest\u00e4rkt sollt ihr bereit sein, Zeugnis f\u00fcr die Hoffnung zu geben, die in euch ist (vgl. 1 Petr 3,15). Die Heilige Familie von Nazareth sei euer Vorbild und eure Besch\u00fctzerin. Es begleite euch auch der Apostolische Segen, den ich euch und euren Gemeinschaften jetzt von ganzem Herzen erteile.<\/p>\n\n<p><em>An der Begegnung nahmen Kardinal Lopez Trujillo, Erzbischof Massimino Romero, die Bisch\u00f6fe Jan Pawel Lenga, Paul Cordes, Luigi Boccadoro und Giulio Salimei teil. Ebenfalls anwesend waren Kiko Arg\u00fcello und Carmen Hern\u00e1ndez, Initiatoren des Neokatechumenalen Weges. 180 Familien des Weges, die lange Zeit in Missionsl\u00e4ndern t\u00e4tig waren, nahmen ebenfalls teil.<\/em><br\/><br\/><i>(*) Vgl. &#8222;L&#8217;Osservatore Romano&#8220; 12.-13. Dezember 1994 (eigene \u00dcbersetzung aus dem Italienischen).<\/i><\/p>\n","protected":false},"excerpt":{"rendered":"<p>AUDIENZ F\u00dcR FAMILIEN DES NEOKATECHUMENALEN WEGES AM 12.12.1994 Hl. Johannes Paul II. Vatikanstadt \u2013 Aula Paul VI., den 12. Dezember 1994 * Johannes Paul II. empfing am Morgen des 12. Dezember die Familien des Neokatechumenalen Weges in einer Audienz.&#13; &#13; Dabei haben 120 Familien vom Heiligen Vater den missionarischen Auftrag erhalten. Sie kommen aus Italien, Spanien, Polen, Indien, Irland. Sie werden das Evangelium in 40 L\u00e4nder auf f\u00fcnf Kontinenten verk\u00fcnden.<\/p>\n<div class=\"read-more\"><a class=\"btn read-more-btn\" href=\"https:\/\/neocatechumenaleiter.org\/de\/worte-der-paepste\/hl-johannes-paul-ii\/audienz-fuer-familien-des-neokatechumenalen-weges-vom-12-12-1994\/\">Mehr lesen<\/a><\/div>\n","protected":false},"author":2,"featured_media":0,"parent":10123,"menu_order":82,"comment_status":"closed","ping_status":"closed","template":"","meta":{"footnotes":""},"class_list":["post-13577","page","type-page","status-publish","hentry"],"_links":{"self":[{"href":"https:\/\/neocatechumenaleiter.org\/de\/wp-json\/wp\/v2\/pages\/13577","targetHints":{"allow":["GET"]}}],"collection":[{"href":"https:\/\/neocatechumenaleiter.org\/de\/wp-json\/wp\/v2\/pages"}],"about":[{"href":"https:\/\/neocatechumenaleiter.org\/de\/wp-json\/wp\/v2\/types\/page"}],"author":[{"embeddable":true,"href":"https:\/\/neocatechumenaleiter.org\/de\/wp-json\/wp\/v2\/users\/2"}],"replies":[{"embeddable":true,"href":"https:\/\/neocatechumenaleiter.org\/de\/wp-json\/wp\/v2\/comments?post=13577"}],"version-history":[{"count":10,"href":"https:\/\/neocatechumenaleiter.org\/de\/wp-json\/wp\/v2\/pages\/13577\/revisions"}],"predecessor-version":[{"id":24258,"href":"https:\/\/neocatechumenaleiter.org\/de\/wp-json\/wp\/v2\/pages\/13577\/revisions\/24258"}],"up":[{"embeddable":true,"href":"https:\/\/neocatechumenaleiter.org\/de\/wp-json\/wp\/v2\/pages\/10123"}],"wp:attachment":[{"href":"https:\/\/neocatechumenaleiter.org\/de\/wp-json\/wp\/v2\/media?parent=13577"}],"curies":[{"name":"wp","href":"https:\/\/api.w.org\/{rel}","templated":true}]}}