{"id":13680,"date":"2020-03-02T19:53:13","date_gmt":"2020-03-02T18:53:13","guid":{"rendered":"https:\/\/neocatechumenaleiter.org\/worte-der-paepste\/hl-johannes-paul-ii\/besuch-in-der-pfarrei-st-maurus\/"},"modified":"2021-08-10T11:01:39","modified_gmt":"2021-08-10T10:01:39","slug":"besuch-in-der-pfarrei-st-maurus","status":"publish","type":"page","link":"https:\/\/neocatechumenaleiter.org\/de\/worte-der-paepste\/hl-johannes-paul-ii\/besuch-in-der-pfarrei-st-maurus\/","title":{"rendered":"BESUCH IN DER PFARREI ST. MAURUS"},"content":{"rendered":"\n<h1 class=\"has-text-align-center wp-block-heading\">BESUCH IN DER PFARREI ST. MAURUS<\/h1>\n\n<div style=\"height:20px\" aria-hidden=\"true\" class=\"wp-block-spacer\"><\/div>\n\n<h4 class=\"has-text-align-center wp-block-heading\">Hl. Johannes Paul II.<\/h4>\n\n<div style=\"height:20px\" aria-hidden=\"true\" class=\"wp-block-spacer\"><\/div>\n\n<p><strong>Rom, den 9. Mai 1982 *<\/strong><\/p>\n\n<p><em>Am Ende der Messe begann der Heilige Vater die Reihe von Begegnungen mit den verschiedenen Gruppen der Pfarrei, die alle offensichtlich jung und am Anfang ihrer Entstehung standen. Doch in dieser Jugend konnte der Papst auch die gro\u00dfe Begeisterung sehen, die alle diese Gl\u00e4ubigen beseelte und die s\u00e4mtlich entschlossen waren, den Pfarrer und seine unmittelbaren Mitarbeiter zu unterst\u00fctzen, um die Pfarrgemeinschaft zu beleben. In der Kapelle traf der Papst zuerst die Katechisten und die ans\u00e4ssige neokatechumenale Gemeinschaft, die der Pfarrer mit folgenden Worten vorstellte:<\/em><\/p>\n\n<p>Eure Heiligkeit, ich habe die Freude, Ihnen die Gruppen dieser Pfarrei vorzustellen: Die Gruppen der Katechisten f\u00fcr die Erstkommunion, f\u00fcr die Zeit nach der Erstkommunion, f\u00fcr die Firmung und f\u00fcr die Jugendlichen. Im Dezember hat sich eine neokatechumenale Gemeinschaft gebildet. Ihre Katechisten waren Ehepaare, die aus der Pfarrei St. Timotheus in Casal Palocco gekommen sind, ebenfalls s\u00fcdlichen Stadtgebiet. Es ist eine heterogene Gemeinschaft aus Familien unterschiedlicher Herkunft, sowohl bez\u00fcglich des sozialen Milieus als auch im Hinblick auf den Bildungsstand: reiche und arme; beide aber reich im Herrn. Der Verantwortliche der Gemeinschaft und ihr Kantor ist Daniele und gemeinsam mit seiner Frau Anna und den anderen Mitverantwortlichen war er in dieser Pfarrei Wegbereiter. Auf meine Einladung hin kamen dann die anderen Katechisten: Es sind M\u00fctter, Kleriker, Jugendliche und auch V\u00e4ter und einige Ordensschwestern. Es sind Schwestern von der Vorsehung und eine Pallottiner-Schwester, die bei der Katechese mitarbeitet. Viele von ihnen kommen von weither, in dem Sinne, dass sie zuvor nicht in der Kirche waren. Es sind Menschen, die die Beziehung zu Jesus, dem Herrn, vollst\u00e4ndig aufgegeben hatten.<\/p>\n\n<p><em>Anschlie\u00dfend ergriff Domenico, der Katechist der neokatechumenalen Gemeinschaft, das Wort. Er erz\u00e4hlte, wie er und sein Freund Carlo mit der Hoffnung in die Pfarrei St. Maurus kamen, dass sich hier die bewegende Erfahrung wiederholen w\u00fcrde, die sie schon seit sieben Jahren in der Pfarrei St. Timotheus machen konnten: eine Glaubenserfahrung, die ihr Leben und das so vieler ihrer Br\u00fcder und Schwestern des Wegs radikal ver\u00e4ndert hat.<\/em><\/p>\n\n<p><em>Darauf antwortete der Papst wie folgt:<\/em><\/p>\n\n<p>Danke f\u00fcr eure Zeugnisse. Ein solches Zeugnis kann sehr gut veranschaulichen, was wir heute \u00fcber den Weinstock und die Reben meditiert haben, und wie Christus jedem von uns das Leben bringt, dem Menschenherzen unserem Inneren und auch der sozialen Dimension unseres Lebens.<\/p>\n\n<p>Wir befinden uns in einer Kapelle, die die Pfarrkirche ersetzt. W\u00e4hrend meiner Pfarrvisitation kam mir spontan der Gedanke, wie notwendig eine Kirche ist. Die Kirche existiert noch nicht, die Kirche als Bauwerk. Aber die Kirche befindet sich schon im Bau. Die geistliche Kirche wird errichtet, sie wird errichtet durch das Wort Gottes und die Sakramente. Sie wird durch das Wort Gottes errichtet, dessen Pfarrer, Diener und Apostel ihr Katechisten seid.<br\/>&#13;\nSie wird auch durch die Sakramente erbaut, angefangen bei der Taufe; und ihr, die neokatechumenale Gruppe, seid Zeugen der Kraft dieses Sakramentes, denn es geht dabei nicht um eine Idee, sondern um eine Person, die lebt und lebendig macht: Das ist das Sakrament. Das Sakrament, das uns das Leben bringt, das Wort Gottes, das uns das Licht, das g\u00f6ttliche Leben bringt:  g\u00f6ttliches Licht, g\u00f6ttliches Leben. So wird die Kirche dank eures Apostolats aufgebaut. Ich w\u00fcnsche euch, dass ihr der Sauerteig dieses Aufbaus der lebendigen Kirche von St. Maurus seid und segne euch von Herzen.<br\/><br\/><i>(*) Vgl. \u201cL\u2019Osservatore Romano\u201c, 10.- 11. Mai 1982 (eigene \u00dcbersetzung aus dem Italienischen).<\/i><\/p>\n","protected":false},"excerpt":{"rendered":"<p>BESUCH IN DER PFARREI ST. MAURUS Hl. Johannes Paul II. Rom, den 9. Mai 1982 * Am Ende der Messe begann der Heilige Vater die Reihe von Begegnungen mit den verschiedenen Gruppen der Pfarrei, die alle offensichtlich jung und am Anfang ihrer Entstehung standen. Doch in dieser Jugend konnte der Papst auch die gro\u00dfe Begeisterung sehen, die alle diese Gl\u00e4ubigen beseelte und die s\u00e4mtlich entschlossen waren, den Pfarrer und seine<\/p>\n<div class=\"read-more\"><a class=\"btn read-more-btn\" href=\"https:\/\/neocatechumenaleiter.org\/de\/worte-der-paepste\/hl-johannes-paul-ii\/besuch-in-der-pfarrei-st-maurus\/\">Mehr lesen<\/a><\/div>\n","protected":false},"author":2,"featured_media":0,"parent":10123,"menu_order":16,"comment_status":"closed","ping_status":"closed","template":"","meta":{"footnotes":""},"class_list":["post-13680","page","type-page","status-publish","hentry"],"_links":{"self":[{"href":"https:\/\/neocatechumenaleiter.org\/de\/wp-json\/wp\/v2\/pages\/13680","targetHints":{"allow":["GET"]}}],"collection":[{"href":"https:\/\/neocatechumenaleiter.org\/de\/wp-json\/wp\/v2\/pages"}],"about":[{"href":"https:\/\/neocatechumenaleiter.org\/de\/wp-json\/wp\/v2\/types\/page"}],"author":[{"embeddable":true,"href":"https:\/\/neocatechumenaleiter.org\/de\/wp-json\/wp\/v2\/users\/2"}],"replies":[{"embeddable":true,"href":"https:\/\/neocatechumenaleiter.org\/de\/wp-json\/wp\/v2\/comments?post=13680"}],"version-history":[{"count":6,"href":"https:\/\/neocatechumenaleiter.org\/de\/wp-json\/wp\/v2\/pages\/13680\/revisions"}],"predecessor-version":[{"id":24073,"href":"https:\/\/neocatechumenaleiter.org\/de\/wp-json\/wp\/v2\/pages\/13680\/revisions\/24073"}],"up":[{"embeddable":true,"href":"https:\/\/neocatechumenaleiter.org\/de\/wp-json\/wp\/v2\/pages\/10123"}],"wp:attachment":[{"href":"https:\/\/neocatechumenaleiter.org\/de\/wp-json\/wp\/v2\/media?parent=13680"}],"curies":[{"name":"wp","href":"https:\/\/api.w.org\/{rel}","templated":true}]}}