{"id":13715,"date":"2020-06-05T14:28:36","date_gmt":"2020-06-05T13:28:36","guid":{"rendered":"https:\/\/neocatechumenaleiter.org\/worte-der-paepste\/hl-johannes-paul-ii\/gruss-an-die-teilnehmer-der-tagung-busse-und-versoehnung-bei-dem-angelus-am-13-02-1983\/"},"modified":"2020-06-11T13:27:56","modified_gmt":"2020-06-11T12:27:56","slug":"gruss-an-die-teilnehmer-der-tagung-busse-und-versoehnung-bei-dem-angelus-am-13-02-1983","status":"publish","type":"page","link":"https:\/\/neocatechumenaleiter.org\/de\/worte-der-paepste\/hl-johannes-paul-ii\/gruss-an-die-teilnehmer-der-tagung-busse-und-versoehnung-bei-dem-angelus-am-13-02-1983\/","title":{"rendered":"GRUSS AN DIE TEILNEHMER DER TAGUNG \u00abBUSSE UND VERS\u00d6HNUNG\u00bb BEI DEM ANGELUS AM 13.02.1983"},"content":{"rendered":"\n<h1 class=\"has-text-align-center wp-block-heading\">GRUSS AN DIE TEILNEHMER DER TAGUNG \u00abBUSSE UND VERS\u00d6HNUNG\u00bb BEI DEM ANGELUS AM 13.02.1983<\/h1>\n\n<div style=\"height:20px\" aria-hidden=\"true\" class=\"wp-block-spacer\"><\/div>\n\n<h4 class=\"has-text-align-center wp-block-heading\">Hl. Johannes Paul II.<\/h4>\n\n<div style=\"height:20px\" aria-hidden=\"true\" class=\"wp-block-spacer\"><\/div>\n\n<p><strong>Petersplatz, 13. Februar 1983 *<\/strong><\/p>\n\n<p><em>Nachdem der Heilige Vater in gewohnter Weise den Angelus gebetet hatte, sprach er einige besondere Gr\u00fc\u00dfe f\u00fcr die anwesenden Gruppen aus und richtete das Wort an die Teilnehmer der Tagung \u00fcber \u201eBu\u00dfe und Vers\u00f6hnung\u201c wie folgt:<\/em><\/p>\n\n<p>Ich m\u00f6chte einen herzlichen Gru\u00df an die gro\u00dfe Gruppe richten, die hier anwesend ist und in diesen Tagen in Rom an der Tagung \u00fcber \u201eBu\u00dfe und Vers\u00f6hnung\u201c teilgenommen hat, die von den neokatechumenalen Gemeinschaften zusammengerufen wurde. Ich m\u00f6chte euch noch einmal mein Gefallen ausdr\u00fccken f\u00fcr diesen euren Kongress, zu dem, geliebte Br\u00fcder, etwa 60 Bisch\u00f6fe und 2000 Pfarrer und Priester aus den f\u00fcnf Kontinenten versammelt waren, um \u00fcber Bu\u00dfe und Vers\u00f6hnung nachzudenken. In der Begegnung, die ich mit euch am vergangenen Donnerstag hatte, konnte ich wieder einmal mehr den Enthusiasmus sch\u00e4tzen, der euch auszeichnet. Fahrt best\u00e4ndig fort mit unerm\u00fcdlicher und immer erneuter Gro\u00dfz\u00fcgigkeit in eurem apostolischen Engagement und im christlichen Zeugnis, besonders auf dem Gebiet der Katechese, auf dem ihr in den letzten Jahren so viele Fr\u00fcchte des Guten erwirkt habt. Mein Apostolischer Segen begleitet euch und alle Mitglieder der neokatechumenalen Gemeinschaften auf der Welt.<br \/><br \/><i>(*) Vgl. L&#8217;Osservatore Romano, 14.- 15. Februar 1983 (eigene \u00dcbersetzung aus dem Italienischen).<\/i><\/p>\n","protected":false},"excerpt":{"rendered":"<p>GRUSS AN DIE TEILNEHMER DER TAGUNG \u00abBUSSE UND VERS\u00d6HNUNG\u00bb BEI DEM ANGELUS AM 13.02.1983 Hl. Johannes Paul II. Petersplatz, 13. Februar 1983 * Nachdem der Heilige Vater in gewohnter Weise den Angelus gebetet hatte, sprach er einige besondere Gr\u00fc\u00dfe f\u00fcr die anwesenden Gruppen aus und richtete das Wort an die Teilnehmer der Tagung \u00fcber \u201eBu\u00dfe und Vers\u00f6hnung\u201c wie folgt: Ich m\u00f6chte einen herzlichen Gru\u00df an die gro\u00dfe Gruppe richten, die<\/p>\n<div class=\"read-more\"><a class=\"btn read-more-btn\" href=\"https:\/\/neocatechumenaleiter.org\/de\/worte-der-paepste\/hl-johannes-paul-ii\/gruss-an-die-teilnehmer-der-tagung-busse-und-versoehnung-bei-dem-angelus-am-13-02-1983\/\">Mehr lesen<\/a><\/div>\n","protected":false},"author":2,"featured_media":0,"parent":10123,"menu_order":17,"comment_status":"closed","ping_status":"closed","template":"","meta":{"footnotes":""},"class_list":["post-13715","page","type-page","status-publish","hentry"],"_links":{"self":[{"href":"https:\/\/neocatechumenaleiter.org\/de\/wp-json\/wp\/v2\/pages\/13715","targetHints":{"allow":["GET"]}}],"collection":[{"href":"https:\/\/neocatechumenaleiter.org\/de\/wp-json\/wp\/v2\/pages"}],"about":[{"href":"https:\/\/neocatechumenaleiter.org\/de\/wp-json\/wp\/v2\/types\/page"}],"author":[{"embeddable":true,"href":"https:\/\/neocatechumenaleiter.org\/de\/wp-json\/wp\/v2\/users\/2"}],"replies":[{"embeddable":true,"href":"https:\/\/neocatechumenaleiter.org\/de\/wp-json\/wp\/v2\/comments?post=13715"}],"version-history":[{"count":3,"href":"https:\/\/neocatechumenaleiter.org\/de\/wp-json\/wp\/v2\/pages\/13715\/revisions"}],"predecessor-version":[{"id":14789,"href":"https:\/\/neocatechumenaleiter.org\/de\/wp-json\/wp\/v2\/pages\/13715\/revisions\/14789"}],"up":[{"embeddable":true,"href":"https:\/\/neocatechumenaleiter.org\/de\/wp-json\/wp\/v2\/pages\/10123"}],"wp:attachment":[{"href":"https:\/\/neocatechumenaleiter.org\/de\/wp-json\/wp\/v2\/media?parent=13715"}],"curies":[{"name":"wp","href":"https:\/\/api.w.org\/{rel}","templated":true}]}}