{"id":13717,"date":"2020-06-05T14:33:01","date_gmt":"2020-06-05T13:33:01","guid":{"rendered":"https:\/\/neocatechumenaleiter.org\/worte-der-paepste\/hl-johannes-paul-ii\/besuch-der-pfarrei-unserer-lieben-frau-von-lourdes-in-tor-marancia-am-13-02-1983\/"},"modified":"2020-06-11T13:25:03","modified_gmt":"2020-06-11T12:25:03","slug":"besuch-der-pfarrei-unserer-lieben-frau-von-lourdes-in-tor-marancia-am-13-02-1983","status":"publish","type":"page","link":"https:\/\/neocatechumenaleiter.org\/de\/worte-der-paepste\/hl-johannes-paul-ii\/besuch-der-pfarrei-unserer-lieben-frau-von-lourdes-in-tor-marancia-am-13-02-1983\/","title":{"rendered":"BESUCH DER PFARREI UNSERER LIEBEN FRAU VON LOURDES IN TOR MARANCIA AM 13.02.1983"},"content":{"rendered":"\n<h1 class=\"has-text-align-center wp-block-heading\">BESUCH DER PFARREI UNSERER LIEBEN FRAU VON LOURDES IN TOR MARANCIA AM 13.02.1983<\/h1>\n\n<div style=\"height:20px\" aria-hidden=\"true\" class=\"wp-block-spacer\"><\/div>\n\n<h4 class=\"has-text-align-center wp-block-heading\">Hl. Johannes Paul II.<\/h4>\n\n<div style=\"height:20px\" aria-hidden=\"true\" class=\"wp-block-spacer\"><\/div>\n\n<p><strong>Rom, den 13. Februar 1983 *<\/strong><\/p>\n\n<p><em>Nachdem sich der Heilige Vater noch einige Momente mit den Jugendlichen unterhalten hatte, ist er von Neuem in die Kirche zur\u00fcckgekehrt, wo ihn die Mitglieder der vier neokatechumenalen Gemeinschaften erwarteten, die in dieser Pfarrei den Weg gehen.<\/em><br \/><em>Der Pfarrer stellte die Jugendlichen vor. Der Katechist der Gemeinschaft, Giampiero, erkl\u00e4rte anschlie\u00dfend dem Heiligen Vater die Entstehung der Gemeinschaften in der Pfarrei und stellte ihm einige Priester-Itineranten vor. Sie haben, von der Pfarrei ausgehend, das Wort des Herrn in verschiedene Nationen der Erde getragen. Nacheinander erz\u00e4hlte jeder dieser Priester dem Papst kurz seine pers\u00f6nliche Geschichte, beginnend mit seinem Eintritt in die neokatechumenalen Gemeinschaften, wobei jeder seine Zufriedenheit als Itinerant bezeugte.<\/em><br \/><em>Der Heilige Vater antwortete auf die an ihn gerichteten Gru\u00dfworte und wollte an die Neokatechumenen ebenfalls ein pers\u00f6nliches Wort richten. Er erinnerte an das Treffen, er wenige Tage vorher mit den Priestern der neokatechumenalen Gemeinschaften gehabt hatte, und sagte unter anderem:<\/em><\/p>\n\n<div class=\"wp-block-image\"><figure class=\"alignleft size-large\"><img loading=\"lazy\" decoding=\"async\" width=\"708\" height=\"558\" src=\"https:\/\/neocatechumenaleiter.org\/wp-content\/uploads\/2020\/03\/Camino_Neocatecumenal_Juan_Pablo_II_visita_parroquia_Lourdes_1983.jpg\" alt=\"\" class=\"wp-image-9207\" srcset=\"https:\/\/neocatechumenaleiter.org\/wp-content\/uploads\/2020\/03\/Camino_Neocatecumenal_Juan_Pablo_II_visita_parroquia_Lourdes_1983.jpg 708w, https:\/\/neocatechumenaleiter.org\/wp-content\/uploads\/2020\/03\/Camino_Neocatecumenal_Juan_Pablo_II_visita_parroquia_Lourdes_1983-300x236.jpg 300w\" sizes=\"auto, (max-width: 708px) 100vw, 708px\" \/><\/figure><\/div>\n\n<p>Es dr\u00e4ngt mich, in diesem Augenblick eure Aufmerksamkeit auf die Worte der Lieder zu lenken, die ihr gesungen habt, um mich zu empfangen. Es handelt sich um bewegende Worte: \u201eMaria, du hast geglaubt an das Wort des Herrn!\u201c Es handelt sich um die zentralen Worte, in denen sich das ganze Geheimnis von Maria ausdr\u00fcckt; das Geheimnis von Maria, so in diesen Worten, von ihrer Cousine Elisabeth gesprochen.<br \/>&#013;\nIn diesen Worten finden wir wirklich Maria, sie, die geglaubt hat an die Worte des Herrn mit einem einzigartigen Glauben. Auch das Geheimnis, das ihr enth\u00fcllt worden war, ist einzigartig: Man braucht einen sehr gro\u00dfen Glauben, einen marianischen Glauben, um diese Worte anzunehmen, an sie zu glauben und ihren Inhalt anzunehmen.<br \/>&#013;\nIch denke, dass diese Maria, die an das Wort des Herren geglaubt hat, uns ein Vorbild anbietet. Sie weist einen Weg f\u00fcr uns alle, besonders f\u00fcr euch alle, denn: Was bedeutet es, Mitglied einer neokatechumenalen Gemeinschaft zu sein? Was bedeutet es, Katechist zu sein? Es bedeutet: Jener sein, der geglaubt hat an das Wort des Herrn, der dieses Wort zum Inhalt, wir k\u00f6nnen sagen, zum Fleisch, zur Substanz seines Lebens gemacht hat und somit das Wort des Herrn in der Tiefe aufgenommen hat. Wir k\u00f6nnen sagen, dass das Wort in ihm arbeitet und Ausdruck finden will; als ob es ein Kind w\u00e4re, das geboren werden will. In dieser Form will dieses Wort ausgesprochen, geschenkt, \u00fcbermittelt werden.<br \/> &#013;\nUnd so tun das, was die Apostel damals taten, auch diese Katechisten-Itineranten und andere Apostel unserer Zeit: Sie verlassen ihre H\u00e4user, ihre Heimat, ihr Vaterland, ihre Pfarreien und suchen andere Welten auf, andere L\u00e4nder, andere V\u00f6lker. Sie lernen andere Sprachen, um anderen Personen, anderen Gemeinschaften das Wort des Herrn nahezubringen, d.h. dem, was sie pers\u00f6nlich geglaubt haben. Ich w\u00fcnsche euch, meine Lieben, auf diesem Weg gut zu gehen, gut zu gehen auf diesem Weg in der Pfarrei, auch in der Pfarrei Unserer Lieben Frau von Lourdes; und so, wie ich es bei den Jugendlichen getan habe, will ich auch bei euch das Vertrauen an die Mutter Christi und der Kirche best\u00e4rken.<br \/>&#013;\nIhr vertraue ich besonders euch, eure Familien, eure Gemeinschaften an und endlich euren Sendungsauftrag als Katechisten wie euer katechetisches Bem\u00fchen.<\/p>\n\n<p>Ich vertraue euch Maria an, ihr, die geglaubt hat an das Wort des Herrn, auf dass ihr Glaube in eurem Glauben reiche Frucht trage. <br \/><br \/><i>(*) Vgl. \u201eL\u2019Osservatore Romano\u201c, 14.- 15. Februar 1983 (eigene \u00dcbersetzung aus dem Italienischen).<\/i><\/p>\n","protected":false},"excerpt":{"rendered":"<p>BESUCH DER PFARREI UNSERER LIEBEN FRAU VON LOURDES IN TOR MARANCIA AM 13.02.1983 Hl. Johannes Paul II. Rom, den 13. Februar 1983 * Nachdem sich der Heilige Vater noch einige Momente mit den Jugendlichen unterhalten hatte, ist er von Neuem in die Kirche zur\u00fcckgekehrt, wo ihn die Mitglieder der vier neokatechumenalen Gemeinschaften erwarteten, die in dieser Pfarrei den Weg gehen.Der Pfarrer stellte die Jugendlichen vor. Der Katechist der Gemeinschaft, Giampiero,<\/p>\n<div class=\"read-more\"><a class=\"btn read-more-btn\" href=\"https:\/\/neocatechumenaleiter.org\/de\/worte-der-paepste\/hl-johannes-paul-ii\/besuch-der-pfarrei-unserer-lieben-frau-von-lourdes-in-tor-marancia-am-13-02-1983\/\">Mehr lesen<\/a><\/div>\n","protected":false},"author":2,"featured_media":0,"parent":10123,"menu_order":18,"comment_status":"closed","ping_status":"closed","template":"","meta":{"footnotes":""},"class_list":["post-13717","page","type-page","status-publish","hentry"],"_links":{"self":[{"href":"https:\/\/neocatechumenaleiter.org\/de\/wp-json\/wp\/v2\/pages\/13717","targetHints":{"allow":["GET"]}}],"collection":[{"href":"https:\/\/neocatechumenaleiter.org\/de\/wp-json\/wp\/v2\/pages"}],"about":[{"href":"https:\/\/neocatechumenaleiter.org\/de\/wp-json\/wp\/v2\/types\/page"}],"author":[{"embeddable":true,"href":"https:\/\/neocatechumenaleiter.org\/de\/wp-json\/wp\/v2\/users\/2"}],"replies":[{"embeddable":true,"href":"https:\/\/neocatechumenaleiter.org\/de\/wp-json\/wp\/v2\/comments?post=13717"}],"version-history":[{"count":5,"href":"https:\/\/neocatechumenaleiter.org\/de\/wp-json\/wp\/v2\/pages\/13717\/revisions"}],"predecessor-version":[{"id":14787,"href":"https:\/\/neocatechumenaleiter.org\/de\/wp-json\/wp\/v2\/pages\/13717\/revisions\/14787"}],"up":[{"embeddable":true,"href":"https:\/\/neocatechumenaleiter.org\/de\/wp-json\/wp\/v2\/pages\/10123"}],"wp:attachment":[{"href":"https:\/\/neocatechumenaleiter.org\/de\/wp-json\/wp\/v2\/media?parent=13717"}],"curies":[{"name":"wp","href":"https:\/\/api.w.org\/{rel}","templated":true}]}}