{"id":13725,"date":"2020-06-05T14:46:58","date_gmt":"2020-06-05T13:46:58","guid":{"rendered":"https:\/\/neocatechumenaleiter.org\/worte-der-paepste\/hl-johannes-paul-ii\/ostervigil-in-der-vatikanischen-basilika-am-03-04-1983\/"},"modified":"2020-06-05T14:48:11","modified_gmt":"2020-06-05T13:48:11","slug":"ostervigil-in-der-vatikanischen-basilika-am-03-04-1983","status":"publish","type":"page","link":"https:\/\/neocatechumenaleiter.org\/de\/worte-der-paepste\/hl-johannes-paul-ii\/ostervigil-in-der-vatikanischen-basilika-am-03-04-1983\/","title":{"rendered":"OSTERVIGIL IN DER VATIKANISCHEN BASILIKA AM 03.04.1983"},"content":{"rendered":"\n<h1 class=\"has-text-align-center wp-block-heading\">OSTERVIGIL IN DER VATIKANISCHEN BASILIKA \u2013 FEIERLICHE ERNEUERUNG DER TAUFVERSPRECHEN AM ENDE DES NEOKATECHUMENALEN WEGES DER ERSTEN GEMEINSCHAFT DER PFARREI DER HL.KANADISCHEN M\u00c4RTYRER<\/h1>\n\n<div style=\"height:20px\" aria-hidden=\"true\" class=\"wp-block-spacer\"><\/div>\n\n<h4 class=\"has-text-align-center wp-block-heading\">Hl. Johannes Paul II.<\/h4>\n\n<div style=\"height:20px\" aria-hidden=\"true\" class=\"wp-block-spacer\"><\/div>\n\n<p><strong>Petersdom, 3. April 1983<\/strong><\/p>\n\n<p><em>In der vatikanischen Basilika war am Samstagnacht bei der Ostervigil eine eindrucksvolle Atmosph\u00e4re zu sp\u00fcren. Eine solche Stimmung ist keineswegs ungew\u00f6hnlich, wenn man in der Erwartung steht, dass sich jenes \u201cneues Faktum\u201d, wiederholt, welches die Auferstehung Christi im Leben jedes Gl\u00e4ubigen darstellt.<\/em><br \/><em>Der Wortliturgie folgte der Taufritus f\u00fcr 22 Katechumenen verschiedener Nationen.<\/em><br \/><em>In dem Moment, wo diese Br\u00fcder und Schwestern um Altar hintraten, um die Sakramente der christlichen Initiation zu empfangen, wurde die ganze Gemeinschaft der anwesenden Gl\u00e4ubigen aufgerufen, ebenso ihren Glauben zu erneuern und zu best\u00e4tigen.<\/em><\/p>\n\n<figure class=\"wp-block-gallery aligncenter columns-2 is-cropped wp-block-gallery-1 is-layout-flex wp-block-gallery-is-layout-flex\"><ul class=\"blocks-gallery-grid\"><li class=\"blocks-gallery-item\"><figure><img loading=\"lazy\" decoding=\"async\" width=\"366\" height=\"312\" src=\"https:\/\/neocatechumenaleiter.org\/wp-content\/uploads\/2020\/03\/Camino_Neocatecumenal_Juan_Pablo_II_vigilia_pascual_hermanos_vestidura_blanca2.jpg\" alt=\"\" data-id=\"1734\" data-full-url=\"https:\/\/neocatechumenaleiter.org\/wp-content\/uploads\/2020\/03\/Camino_Neocatecumenal_Juan_Pablo_II_vigilia_pascual_hermanos_vestidura_blanca2.jpg\" data-link=\"https:\/\/neocatechumenaleiter.org\/?attachment_id=1734\" class=\"wp-image-7292\" srcset=\"https:\/\/neocatechumenaleiter.org\/wp-content\/uploads\/2020\/03\/Camino_Neocatecumenal_Juan_Pablo_II_vigilia_pascual_hermanos_vestidura_blanca2.jpg 366w, https:\/\/neocatechumenaleiter.org\/wp-content\/uploads\/2020\/03\/Camino_Neocatecumenal_Juan_Pablo_II_vigilia_pascual_hermanos_vestidura_blanca2-300x256.jpg 300w\" sizes=\"auto, (max-width: 366px) 100vw, 366px\" \/><\/figure><\/li><li class=\"blocks-gallery-item\"><figure><img loading=\"lazy\" decoding=\"async\" width=\"363\" height=\"330\" src=\"https:\/\/neocatechumenaleiter.org\/wp-content\/uploads\/2020\/03\/Camino_Neocatecumenal_Juan_Pablo_II_vigilia_pascual_hermanos_vestidura_blanca.jpg\" alt=\"\" data-id=\"1741\" data-full-url=\"https:\/\/neocatechumenaleiter.org\/wp-content\/uploads\/2020\/03\/Camino_Neocatecumenal_Juan_Pablo_II_vigilia_pascual_hermanos_vestidura_blanca.jpg\" data-link=\"https:\/\/neocatechumenaleiter.org\/?attachment_id=1741\" class=\"wp-image-7295\" srcset=\"https:\/\/neocatechumenaleiter.org\/wp-content\/uploads\/2020\/03\/Camino_Neocatecumenal_Juan_Pablo_II_vigilia_pascual_hermanos_vestidura_blanca.jpg 363w, https:\/\/neocatechumenaleiter.org\/wp-content\/uploads\/2020\/03\/Camino_Neocatecumenal_Juan_Pablo_II_vigilia_pascual_hermanos_vestidura_blanca-300x273.jpg 300w\" sizes=\"auto, (max-width: 363px) 100vw, 363px\" \/><\/figure><\/li><\/ul><\/figure>","protected":false},"excerpt":{"rendered":"<p>OSTERVIGIL IN DER VATIKANISCHEN BASILIKA \u2013 FEIERLICHE ERNEUERUNG DER TAUFVERSPRECHEN AM ENDE DES NEOKATECHUMENALEN WEGES DER ERSTEN GEMEINSCHAFT DER PFARREI DER HL.KANADISCHEN M\u00c4RTYRER Hl. Johannes Paul II. Petersdom, 3. April 1983 In der vatikanischen Basilika war am Samstagnacht bei der Ostervigil eine eindrucksvolle Atmosph\u00e4re zu sp\u00fcren. Eine solche Stimmung ist keineswegs ungew\u00f6hnlich, wenn man in der Erwartung steht, dass sich jenes \u201cneues Faktum\u201d, wiederholt, welches die Auferstehung Christi im Leben<\/p>\n<div class=\"read-more\"><a class=\"btn read-more-btn\" href=\"https:\/\/neocatechumenaleiter.org\/de\/worte-der-paepste\/hl-johannes-paul-ii\/ostervigil-in-der-vatikanischen-basilika-am-03-04-1983\/\">Mehr lesen<\/a><\/div>\n","protected":false},"author":2,"featured_media":0,"parent":10123,"menu_order":20,"comment_status":"closed","ping_status":"closed","template":"","meta":{"footnotes":""},"class_list":["post-13725","page","type-page","status-publish","hentry"],"_links":{"self":[{"href":"https:\/\/neocatechumenaleiter.org\/de\/wp-json\/wp\/v2\/pages\/13725","targetHints":{"allow":["GET"]}}],"collection":[{"href":"https:\/\/neocatechumenaleiter.org\/de\/wp-json\/wp\/v2\/pages"}],"about":[{"href":"https:\/\/neocatechumenaleiter.org\/de\/wp-json\/wp\/v2\/types\/page"}],"author":[{"embeddable":true,"href":"https:\/\/neocatechumenaleiter.org\/de\/wp-json\/wp\/v2\/users\/2"}],"replies":[{"embeddable":true,"href":"https:\/\/neocatechumenaleiter.org\/de\/wp-json\/wp\/v2\/comments?post=13725"}],"version-history":[{"count":3,"href":"https:\/\/neocatechumenaleiter.org\/de\/wp-json\/wp\/v2\/pages\/13725\/revisions"}],"predecessor-version":[{"id":13736,"href":"https:\/\/neocatechumenaleiter.org\/de\/wp-json\/wp\/v2\/pages\/13725\/revisions\/13736"}],"up":[{"embeddable":true,"href":"https:\/\/neocatechumenaleiter.org\/de\/wp-json\/wp\/v2\/pages\/10123"}],"wp:attachment":[{"href":"https:\/\/neocatechumenaleiter.org\/de\/wp-json\/wp\/v2\/media?parent=13725"}],"curies":[{"name":"wp","href":"https:\/\/api.w.org\/{rel}","templated":true}]}}