{"id":13737,"date":"2020-06-05T14:58:52","date_gmt":"2020-06-05T13:58:52","guid":{"rendered":"https:\/\/neocatechumenaleiter.org\/worte-der-paepste\/hl-johannes-paul-ii\/besuch-in-der-pfarrei-st-maria-der-barmherzigkeit-am-05-01-1983\/"},"modified":"2020-06-11T13:23:31","modified_gmt":"2020-06-11T12:23:31","slug":"besuch-in-der-pfarrei-st-maria-der-barmherzigkeit-am-05-01-1983","status":"publish","type":"page","link":"https:\/\/neocatechumenaleiter.org\/de\/worte-der-paepste\/hl-johannes-paul-ii\/besuch-in-der-pfarrei-st-maria-der-barmherzigkeit-am-05-01-1983\/","title":{"rendered":"BESUCH IN DER PFARREI ST. MARIA DER BARMHERZIGKEIT AM 05.01.1983"},"content":{"rendered":"\n<h1 class=\"has-text-align-center wp-block-heading\">BESUCH IN DER PFARREI ST. MARIA DER BARMHERZIGKEIT AM 05.01.1983<\/h1>\n\n<div style=\"height:20px\" aria-hidden=\"true\" class=\"wp-block-spacer\"><\/div>\n\n<h4 class=\"has-text-align-center wp-block-heading\">Hl. Johannes Paul II.<\/h4>\n\n<div style=\"height:20px\" aria-hidden=\"true\" class=\"wp-block-spacer\"><\/div>\n\n<p><strong>Rom, den 1. Mai 1983 *<\/strong><\/p>\n\n<p><em>Nachdem der Heilige Vater den Saal des Pfarrgemeinderates verlassen hatte und an der Kirche vorbei den kleinen Hof \u00fcberquerte, wo die Feier h\u00e4tte stattfinden sollen \u2013 wenn das Wetter es zugelassen h\u00e4tte \u2013, kam er in den kleinen Kindergarten der Pfarrei, wo ihn im Speisesaal die Mitglieder der neokatechumenalen Gemeinschaften der Pfarrei erwarteten. Das Lied \u201cGesegnet bist du Maria, weil du dem Herrn geglaubt hast\u201c, ein Hymnus, der f\u00fcr die neokatechumenalen Gemeinschaften kennzeichnend ist, begr\u00fc\u00dfte Johannes Paul II. bei seinem Erscheinen im Raum. Nachdem jeder kurz dem Heiligen Vater vorgestellt wurde, wandte sich einer der \u00c4ltesten der Gemeinschaft mit folgenden Worten an den Papst:<\/em><\/p>\n\n<p>Heiligkeit, vor etwa vier Jahren hat in dieser Pfarrei der Glaubensweg der neokatechumenalen Gemeinschaften begonnen, um den Reichtum der Taufe, die wir als Kinder empfingen, wiederzuentdecken.<br \/> Der Herr hat uns Menschen wie wir, geschickt, unsere Katechisten, um uns die Verk\u00fcndigung Jesu Christi, des Auferstandenen, zu bringen, die uns auf den Weg gebracht hat und uns noch zusammenh\u00e4lt, Arme und Reiche, Arbeiter und Akademiker, Frauen und M\u00e4nner, Junge und Alte, Verheiratete und Unverheiratete, ganze Familien, und wir haben gesehen, wie es m\u00f6glich ist, zusammen zu leben und in Kommunion und Freude zu sein, indem wir uns vom Wort Gottes und der Eucharistie ern\u00e4hren.<br \/> Wir sehen auch, wie der Herr dabei ist, unser Leben zu verwandeln und uns an jedem Tag und in jeder Situation den Frieden und die Freude gibt. Er f\u00fcllt unsere Pfarrgemeinschaft mit Gaben, zuerst vor allem durch Ihren heutigen Besuch unter uns allen, der uns in gro\u00dfe Freude versetzt; dann durch eine neue Gemeinschaft von vierzig Br\u00fcdern, die sich vor einem Monat gebildet hat und die es uns erm\u00f6glicht, zu sehen, wie der Heilige Geist durch schwache Menschen wie uns wirken kann. Diese Br\u00fcder sind dabei, jene Erfahrung zu machen, die wir vor vier Jahren begonnen haben; ich selbst war f\u00fcnfzehn Jahre der Kirche fern und habe mich ihr auf der Suche nach einem Sinn f\u00fcr mein Leben wieder gen\u00e4hert. Auf diesem Weg habe ich entdeckt, dass allein Jesus Christus mir diesen Sinn geben kann.<br \/><\/p>\n\n<p><em>Darauf hat sich ein Vertreter der Katechisten an den Papst gewandt:<\/em><br \/><br \/>&#013;\n&#013;\nAllerseligster Vater, mit einer riesigen Freude darf ich Ihnen die Gruppe der Katechisten dieser Pfarrei vorstellen.<br \/>&#013;\nSeit mehreren Jahren leiten wir, den Vorgaben der CEI gehorsam (Italienische Bischofskonferenz) und gem\u00e4\u00df ihren Weisungen, einen Weg der dauernden Pastoral, gegliedert in die Katechese f\u00fcr die Erstkommunion, f\u00fcr die Firmung und f\u00fcr die Zeit danach. <br \/>&#013;\nDie Schwierigkeiten, die sich aus der sp\u00e4rlichen Teilnahme der Familien der Kinder ergeben, zusammen mit der sp\u00e4rlichen Zahl von Laien, die sich in der Katechese engagieren, drohen uns manchmal zu entmutigen, aber gerade so erfahren wir, wie gro\u00df die Liebe Gottes zu uns ist, und wie sehr uns dies hilft, mit unseren Jugendlichen unterwegs zu sein. <br \/>&#013;\nDie Freude, Sie heute in unserer Mitte zu haben, ist immens, umso mehr, weil wir gewiss sind, von Ihnen ein Wort zu erhalten, das uns sicher helfen wird, unseren Dienst an den Jugendlichen fortzusetzen. <br \/><\/p>\n\n<p><em>Nachdem der Heilige Vater die Worte seiner Gastgeber geh\u00f6rt hatte, legte er den Anwesenden folgende Gedanken dar:<\/em><\/p>\n\n<p>Ich danke euch f\u00fcr eure Worte. <br \/> Die katechumenale Wirklichkeit und neokatechumenale Wirklichkeit und die Katechese geh\u00f6ren zusammen. Man muss erst die Katechese empfangen, man muss Katechumene werden, um sich auf die Taufe vorzubereiten und dann, schon getauft, schon best\u00e4tigt, empf\u00e4ngt man die Kraft des Heiligen Geistes, um den Glauben weiterzugeben, in dem man getauft worden ist. Das hei\u00dft, Katechese zu halten. Der erste Sprecher hat aber richtigerweise den neokatechumenalen Charakter der Gruppe unterstrichen, denn die traditionelle, katechumenale Wirklichkeit der ersten Zeit der Kirche wurde sp\u00e4ter ersetzt durch die Kindertaufe; und diese Kinder k\u00f6nnen den Neokatechumenalen Weg nicht machen, sie sind zu klein, sie haben nicht das Bewusstsein, die Intelligenz, die Erkenntnis. Nachdem sie erwachsen geworden sind, schon Jugendliche sind, k\u00f6nnen sie den Weg beginnen, um den Schatz unserer Taufe zu entdecken. <br \/> Das macht ihr Neokatechumenen. Ihr tut es mit gro\u00dfem Engagement, mit gro\u00dfer Begeisterung, und ihr macht es in verschiedenen Pfarreien Roms, aber nicht nur in Rom, sondern in allen Pfarreien der Welt. <br \/> Ich w\u00fcnsche euch, dass ihr auf diesem Weg weitergeht, dem Heiligen Geist treu seid und Tr\u00e4ger seiner Gaben und seines Lichtes zu den anderen hin. <br \/> Den Katechisten will ich sagen, dass sie eine Verpflichtung \u00fcbernommen haben, die aus unserer Taufe und aus unserer Firmung hervorgeht. Wenn wir reife Christen werden, m\u00fcssen wir Fr\u00fcchte bringen, und diese Fr\u00fcchte des Glaubens bringt man, indem man den anderen den Glauben weitergibt, anderen den Glauben erleuchtet. Es ist klar, dass das die Hauptaufgabe der Eltern in der Familie ist.<br \/> Die Weitergabe des Glaubens in der Familie ist immer fundamental. Die Familie ist Hauskirche, weil dort der Glaube von den Eltern an die Kinder, an die Jugendlichen weitergegeben wird. Nat\u00fcrlich m\u00fcssen es auch die Katechisten in der Kirche tun, nicht nur die Eltern und die Familie. Die Pfarrei muss auch ihre Katechisten haben. In der Pfarrei sind die Priester, die Schwestern, wenn sie f\u00fcr diese Aufgabe vorbereitet wurden, Katechisten, aber es sind auch viele Laien, die sich zuerst vorbereiten und sich dann auf dieser Stra\u00dfe des Apostolats einsetzen, Apostolat des Wortes Gottes. <br \/> Ihr habt so sehr den Glauben Marias besungen, die an das Wort des Herrn geglaubt hat. Maria ist in Wahrheit das vollkommenste Beispiel des Glaubens; Maria ist die F\u00fclle des Glaubens und auch die erste Katechistin. Wenn wir auf ihr katechetisches Werk schauen, das sich in der Welt von heute, wie in allen Epochen, entwickelt hat, werden wir uns bewusst, dass es unermesslich ist. <br \/> Ich w\u00fcnsche euch, dass ihr auf die Mutter Christi schaut, die erste Katechistin, um sie nachzuahmen, indem ihr eure Aufgabe als Katechisten vollzieht.<br \/><br \/><i>(*) Vgl. \u201eL&#8217;Osservatore Romano\u201c, 2.- 3. Mai 1983 (eigene \u00dcbersetzung aus dem Italienischen).<\/i><\/p>\n","protected":false},"excerpt":{"rendered":"<p>BESUCH IN DER PFARREI ST. MARIA DER BARMHERZIGKEIT AM 05.01.1983 Hl. Johannes Paul II. Rom, den 1. Mai 1983 * Nachdem der Heilige Vater den Saal des Pfarrgemeinderates verlassen hatte und an der Kirche vorbei den kleinen Hof \u00fcberquerte, wo die Feier h\u00e4tte stattfinden sollen \u2013 wenn das Wetter es zugelassen h\u00e4tte \u2013, kam er in den kleinen Kindergarten der Pfarrei, wo ihn im Speisesaal die Mitglieder der neokatechumenalen Gemeinschaften<\/p>\n<div class=\"read-more\"><a class=\"btn read-more-btn\" href=\"https:\/\/neocatechumenaleiter.org\/de\/worte-der-paepste\/hl-johannes-paul-ii\/besuch-in-der-pfarrei-st-maria-der-barmherzigkeit-am-05-01-1983\/\">Mehr lesen<\/a><\/div>\n","protected":false},"author":2,"featured_media":0,"parent":10123,"menu_order":21,"comment_status":"closed","ping_status":"closed","template":"","meta":{"footnotes":""},"class_list":["post-13737","page","type-page","status-publish","hentry"],"_links":{"self":[{"href":"https:\/\/neocatechumenaleiter.org\/de\/wp-json\/wp\/v2\/pages\/13737","targetHints":{"allow":["GET"]}}],"collection":[{"href":"https:\/\/neocatechumenaleiter.org\/de\/wp-json\/wp\/v2\/pages"}],"about":[{"href":"https:\/\/neocatechumenaleiter.org\/de\/wp-json\/wp\/v2\/types\/page"}],"author":[{"embeddable":true,"href":"https:\/\/neocatechumenaleiter.org\/de\/wp-json\/wp\/v2\/users\/2"}],"replies":[{"embeddable":true,"href":"https:\/\/neocatechumenaleiter.org\/de\/wp-json\/wp\/v2\/comments?post=13737"}],"version-history":[{"count":5,"href":"https:\/\/neocatechumenaleiter.org\/de\/wp-json\/wp\/v2\/pages\/13737\/revisions"}],"predecessor-version":[{"id":14783,"href":"https:\/\/neocatechumenaleiter.org\/de\/wp-json\/wp\/v2\/pages\/13737\/revisions\/14783"}],"up":[{"embeddable":true,"href":"https:\/\/neocatechumenaleiter.org\/de\/wp-json\/wp\/v2\/pages\/10123"}],"wp:attachment":[{"href":"https:\/\/neocatechumenaleiter.org\/de\/wp-json\/wp\/v2\/media?parent=13737"}],"curies":[{"name":"wp","href":"https:\/\/api.w.org\/{rel}","templated":true}]}}