{"id":13741,"date":"2020-06-05T15:10:29","date_gmt":"2020-06-05T14:10:29","guid":{"rendered":"https:\/\/neocatechumenaleiter.org\/worte-der-paepste\/hl-johannes-paul-ii\/homilie-in-der-eucharistie-fuer-eine-gruppe-von-jungen-maennern-der-neokatechumenalen-gemeinschaften-die-sich-auf-den-eintritt-ins-priesterseminar-vorbereiten\/"},"modified":"2020-06-05T15:10:30","modified_gmt":"2020-06-05T14:10:30","slug":"homilie-in-der-eucharistie-fuer-eine-gruppe-von-jungen-maennern-der-neokatechumenalen-gemeinschaften-die-sich-auf-den-eintritt-ins-priesterseminar-vorbereiten","status":"publish","type":"page","link":"https:\/\/neocatechumenaleiter.org\/de\/worte-der-paepste\/hl-johannes-paul-ii\/homilie-in-der-eucharistie-fuer-eine-gruppe-von-jungen-maennern-der-neokatechumenalen-gemeinschaften-die-sich-auf-den-eintritt-ins-priesterseminar-vorbereiten\/","title":{"rendered":"HOMILIE IN DER EUCHARISTIE F\u00dcR EINE GRUPPE VON JUNGEN M\u00c4NNERN DER NEOKATECHUMENALEN GEMEINSCHAFTEN, DIE SICH AUF DEN EINTRITT INS PRIESTERSEMINAR VORBEREITEN"},"content":{"rendered":"\n<h1 class=\"has-text-align-center wp-block-heading\">HOMILIE IN DER EUCHARISTIE F\u00dcR EINE GRUPPE VON JUNGEN M\u00c4NNERN DER NEOKATECHUMENALEN GEMEINSCHAFTEN, DIE SICH AUF DEN EINTRITT INS PRIESTERSEMINAR VORBEREITEN<\/h1>\n\n<div style=\"height:20px\" aria-hidden=\"true\" class=\"wp-block-spacer\"><\/div>\n\n<h4 class=\"has-text-align-center wp-block-heading\">Hl. Johannes Paul II.<\/h4>\n\n<div style=\"height:20px\" aria-hidden=\"true\" class=\"wp-block-spacer\"><\/div>\n\n<p><strong>Vatikanische G\u00e4rten, 3. Juli 1983<\/strong><\/p>\n\n<p><em>\u201cDie Ernte ist gro\u00df, aber es gibt nur wenig Arbeiter. Bittet daher den Herrn der Ernte, dass er Arbeiter in seine Ernte sende\u201d. Dieser ber\u00fchmte Abschnitt des Lukasevangeliums aus der Tagesliturgie stand im Zentrum der Meditation und des Gebetes, das der Heilige Vater gestern am Sonntag, dem 3. Juli, zusammen mit etwa 400 Jugendlichen abhielt. Sie hatten vergangene Woche in Porto San Giorgio eine geistliche Einkehr von drei Tagen zum Thema der Berufung erlebt. Die Eucharistiefeier fand am fr\u00fchen Morgen vor dem Altar der Lourdesgrotte in den Vatikanischen G\u00e4rten statt. Mit ihr wollte der Papst diesen Jugendlichen, die sich auf einen ernsten und verantwortungsvollen Berufungsweg eingelassen haben, seine v\u00e4terliche Sympathie ausdr\u00fccken und sie ermutigen. Unter diesen Jugendlichen \u2013 sie alle wurden durch den Neokatechumenalen Weg dazu gebracht, \u00fcber ihre Berufung nachzudenken \u2013 befanden sich auch etwa f\u00fcnfzig von den hundertf\u00fcnfzig Seminaristen, die die neokatechumenalen Gemeinschaften bisher der Kirche in Italien angeboten haben. Unter den Jugendlichen, die gestern mit dem Papst beteten, sind noch auch andere bereit, jenem Ruf zu folgen, wobei auch die soeben zu Ende gegangenen Einkehrtage entschieden beigetragen haben.<\/em><br \/><em>Etwa drei\u00dfig Priester konzelebrierten mit dem Papst an dem gro\u00dfen Altar, der in der Mitte der Versammlung bereitet war. Kiko Arg\u00fcello leitete den Gesang der Versammlung. Er ist gemeinsam mit Carmen Hernandez, die ebenfalls anwesend war, Initiator des Neokatechumenalen Weges.<\/em><\/p>\n\n<div class=\"wp-block-image\"><figure class=\"alignright size-medium\"><img loading=\"lazy\" decoding=\"async\" width=\"300\" height=\"242\" src=\"https:\/\/neocatechumenaleiter.org\/wp-content\/uploads\/2020\/03\/Camino_Neocatecumenal_Juan_Pablo_II_eucaristia_jardines_vaticano_1983-300x242.jpg\" alt=\"\" class=\"wp-image-1763\" srcset=\"https:\/\/neocatechumenaleiter.org\/wp-content\/uploads\/2020\/03\/Camino_Neocatecumenal_Juan_Pablo_II_eucaristia_jardines_vaticano_1983-300x242.jpg 300w, https:\/\/neocatechumenaleiter.org\/wp-content\/uploads\/2020\/03\/Camino_Neocatecumenal_Juan_Pablo_II_eucaristia_jardines_vaticano_1983.jpg 701w\" sizes=\"auto, (max-width: 300px) 100vw, 300px\" \/><\/figure><\/div>\n\n<p><em>In der Homilie richtete der Heilige Vater folgende Worte an die Versammlung:<\/em><\/p>\n\n<p>1. \u201cDie Ernte ist gro\u00df, aber es gibt nur wenig Arbeiter. Bittet daher den Herrn der Ernte, Arbeiter f\u00fcr seine Ernte auszusenden\u201d (Lk. 10,2). Diese Aussage, liebe Seminaristen und liebe Jugendliche, die durchdrungen ist von einer Unruhe und offen f\u00fcr die Hoffnung, klingt mehrfach in uns nach, die wir heute vor der Lourdesgrotte zu Beginn dieser Eucharistiefeier in einem so stimmungsvollen Rahmen versammelt sind.<br \/>&#013;\n&#013;\nEs gibt nur wenige Arbeiter: Das Problem stellte sich Jesus, als er seinen J\u00fcngern den Auftrag anvertrauen wollte, dem Volk das Evangelium zu predigen. Das gleiche Problem taucht auch in unseren Tagen in \u00e4u\u00dferster Aktualit\u00e4t und immer bedr\u00e4ngender auf. Zahllose Menschen aus der ganzen Welt warten auf das Wort der Rettung. Es ist also ein Problem von gestern, von heute, von immer.<br \/>&#013;\n&#013;\nDie V\u00f6lker der Erde befinden sich, was die Zahl angeht, in einem st\u00e4ndigen Wachstum und d\u00fcrsten mehr oder weniger bewusst danach, die fundamentalen Werte zu entdecken, die dem menschlichen Leben Sinn geben. Wie viele, die schon das Evangelium angenommen haben, laufen Gefahr, das zu vergessen, da sie von allen Seiten bedr\u00e4ngt werden von verlockenden, aber oft tr\u00fcgerischen Perspektiven. Sie brauchen also jemanden, der ihnen hilft, das Wort Jesu neu zu erleben. Andererseits ist die Wahrheit, die mitzuteilen ist, so reich und so umfangreich, dass sie st\u00e4ndig eine Vertiefung n\u00f6tig macht, damit ihre ganze Kostbarkeit hervortritt und ihre ganze S\u00fc\u00dfe geschmeckt wird. Diese knappen Andeutungen, zu denen uns das heutige Evangelium inspiriert, gen\u00fcgen, um uns ahnen zu lassen, wie notwendig es ist, unaufh\u00f6rlich \u201cden Herrn der Ernte anzurufen damit er Arbeiter in seine Ernte sendet.\u201d<\/p>\n\n<p>2. Die Botschaft, die es zu verk\u00fcnden gilt, ist vor allem eine Botschaft der Rettung f\u00fcr den Menschen: \u201cSagt ihnen: Das Reich Gottes ist nahe\u201d (Lk 10,9). Das Reich Gottes, das der Sieg seiner Liebe \u00fcber jede S\u00fcnde und jedes menschliche Elend ist, ist schon mitten unter euch. Dar\u00fcber hinaus ist dies eine Botschaft der Hoffnung und des Trostes, wie sie der Prophet Jesaja vorausgesagt hat: \u201cFreut euch mit Jerusalem&#8230; Wie eine Mutter ihren Sohn tr\u00f6stet, so werde ich euch tr\u00f6sten&#8230; Ihr werdet es sehen und euer Herz wird sich freuen\u201d (Jes 66, 13-14). Der Mensch ist in der Tat dazu bestimmt, in Christus, dem Erl\u00f6ser, die F\u00fclle der eigenen g\u00f6ttlichen Berufung zu verwirklichen. Es ist dar\u00fcber hinaus eine Botschaft des Friedens und der Liebe: \u201cSagt zuerst: Friede diesem Haus&#8230; heilt die Kranken, die dort sind\u201d (Lk 10,5-9). Das Reich Gottes wird sich in der Geschichte aufbauen, indem es schon auf dieser Erde seine Fr\u00fcchte der Umkehr, der Einswerdung, der Liebe unter den Menschen, anbietet.<\/p>\n\n<div class=\"wp-block-image\"><figure class=\"alignleft size-large\"><img loading=\"lazy\" decoding=\"async\" width=\"701\" height=\"569\" src=\"https:\/\/neocatechumenaleiter.org\/wp-content\/uploads\/2020\/03\/Camino_Neocatecumenal_Juan_Pablo_II_eucaristia_jardines_vaticano_19832.jpg\" alt=\"\" class=\"wp-image-7305\" srcset=\"https:\/\/neocatechumenaleiter.org\/wp-content\/uploads\/2020\/03\/Camino_Neocatecumenal_Juan_Pablo_II_eucaristia_jardines_vaticano_19832.jpg 701w, https:\/\/neocatechumenaleiter.org\/wp-content\/uploads\/2020\/03\/Camino_Neocatecumenal_Juan_Pablo_II_eucaristia_jardines_vaticano_19832-300x244.jpg 300w\" sizes=\"auto, (max-width: 701px) 100vw, 701px\" \/><\/figure><\/div>\n\n<p>3. Wie muss der Apostel beschaffen sein, mit welchem Geist wird er seine Mission erf\u00fcllen? Er muss sich vor allem der schwierigen und manchmal angefeindeten Wirklichkeit bewusst werden, die ihn erwartet: \u201cIch sende euch wie Schafe unter die W\u00f6lfe\u201d (Lk 10,3). Diese Wirklichkeit kommt durch das Werk des B\u00f6sen. Deshalb wird sich der Apostel bem\u00fchen, frei zu sein von menschlichen Beeinflussungen jeder Art: \u201cNehmt keinen Geldbeutel mit, keine Vorratstasche und keine Schuhe!\u201d (Lk 10,4), um euch einzig auf das Kreuz Christi zu st\u00fctzen, von dem unsere Erl\u00f6sung kommt, wie der heilige Paulus in seinem zweiten Brief sagt. Sich des Kreuzes r\u00fchmen bedeutet, dass jeder Grund des pers\u00f6nlichen Ruhmes ausgeschlossen wird, um allein aus dem Glauben und der Danksagung f\u00fcr das Heil zu leben, das sich im Opfer Jesu vollzogen hat. Was gekreuzigt wird, ist die Welt des pers\u00f6nlichen Egoismus, der Selbstgen\u00fcgsamkeit, der Sicherheit im eigenen Verdienst.<\/p>\n\n<p>Liebe Seminaristen und liebe Jugendliche! Die Mission des Apostels ist eine erhabene Mission, eine Mission, die begeistert. Sie wendet sich dem Heil der ganzen Welt zu. Sie verlangt eine Gro\u00dfmut, die die F\u00e4higkeiten des Menschen um vieles \u00fcbersteigt. Deshalb ist es notwendig, dass wir unseren Geist nach oben erheben und die g\u00f6ttliche Hilfe anrufen, die ihr vertrauensvoll erbitten werdet auf der F\u00fcrsprache der Mutter Jesu und unserer Mutter. Ich w\u00fcnsche euch, dass ihr in der Aus\u00fcbung der eigenen Sendung frohe \u2013 weil bewusste, vertrauensvolle, geistlich freie \u2013 Apostel seid. Die J\u00fcnger, die Jesus sandte \u201ckamen voll Freude zur\u00fcck\u201d (Lk 10,17). Auch ihr sollt in diesen Jahren der Ausbildung zum Priesteramt die Kunst erlernen, voll Freude zu sein, nicht aus menschlichen Gr\u00fcnden, sondern weil ihr auf die Gewissheit gegr\u00fcndet seid, dass \u201ceure Namen im Himmel verzeichnet sind\u201d (Lk 10,20), d.h., dass ihr durch die Liebe Christi Auserw\u00e4hlte seid. Er hat euch gerufen, aus euren Familien heraus in den Scho\u00df eurer kirchlichen Gemeinschaften, um euch zu seinen Mitarbeitern zu machen, zu seinen Priestern, zu seinen Spendern der g\u00f6ttlichen Geheimnisse.<\/p>\n\n<p>Die Freude ist das Werk des Heiligen Geistes in uns (vgl. Gal 5,22). Vertraut eure Berufung seiner inneren F\u00fchrung, seiner kraftvollen und unverg\u00e4nglichen Hilfe an, damit sie \u201cin Frieden und Freude\u201d reifen kann, um so reiche Fr\u00fcchte des ewigen Lebens zu bringen.<\/p>\n","protected":false},"excerpt":{"rendered":"<p>HOMILIE IN DER EUCHARISTIE F\u00dcR EINE GRUPPE VON JUNGEN M\u00c4NNERN DER NEOKATECHUMENALEN GEMEINSCHAFTEN, DIE SICH AUF DEN EINTRITT INS PRIESTERSEMINAR VORBEREITEN Hl. Johannes Paul II. Vatikanische G\u00e4rten, 3. Juli 1983 \u201cDie Ernte ist gro\u00df, aber es gibt nur wenig Arbeiter. Bittet daher den Herrn der Ernte, dass er Arbeiter in seine Ernte sende\u201d. Dieser ber\u00fchmte Abschnitt des Lukasevangeliums aus der Tagesliturgie stand im Zentrum der Meditation und des Gebetes, das<\/p>\n<div class=\"read-more\"><a class=\"btn read-more-btn\" href=\"https:\/\/neocatechumenaleiter.org\/de\/worte-der-paepste\/hl-johannes-paul-ii\/homilie-in-der-eucharistie-fuer-eine-gruppe-von-jungen-maennern-der-neokatechumenalen-gemeinschaften-die-sich-auf-den-eintritt-ins-priesterseminar-vorbereiten\/\">Mehr lesen<\/a><\/div>\n","protected":false},"author":2,"featured_media":0,"parent":10123,"menu_order":22,"comment_status":"closed","ping_status":"closed","template":"","meta":{"footnotes":""},"class_list":["post-13741","page","type-page","status-publish","hentry"],"_links":{"self":[{"href":"https:\/\/neocatechumenaleiter.org\/de\/wp-json\/wp\/v2\/pages\/13741","targetHints":{"allow":["GET"]}}],"collection":[{"href":"https:\/\/neocatechumenaleiter.org\/de\/wp-json\/wp\/v2\/pages"}],"about":[{"href":"https:\/\/neocatechumenaleiter.org\/de\/wp-json\/wp\/v2\/types\/page"}],"author":[{"embeddable":true,"href":"https:\/\/neocatechumenaleiter.org\/de\/wp-json\/wp\/v2\/users\/2"}],"replies":[{"embeddable":true,"href":"https:\/\/neocatechumenaleiter.org\/de\/wp-json\/wp\/v2\/comments?post=13741"}],"version-history":[{"count":1,"href":"https:\/\/neocatechumenaleiter.org\/de\/wp-json\/wp\/v2\/pages\/13741\/revisions"}],"predecessor-version":[{"id":13742,"href":"https:\/\/neocatechumenaleiter.org\/de\/wp-json\/wp\/v2\/pages\/13741\/revisions\/13742"}],"up":[{"embeddable":true,"href":"https:\/\/neocatechumenaleiter.org\/de\/wp-json\/wp\/v2\/pages\/10123"}],"wp:attachment":[{"href":"https:\/\/neocatechumenaleiter.org\/de\/wp-json\/wp\/v2\/media?parent=13741"}],"curies":[{"name":"wp","href":"https:\/\/api.w.org\/{rel}","templated":true}]}}