{"id":13743,"date":"2020-06-05T15:13:13","date_gmt":"2020-06-05T14:13:13","guid":{"rendered":"https:\/\/neocatechumenaleiter.org\/worte-der-paepste\/hl-johannes-paul-ii\/besuch-in-der-pfarrei-st-rita-in-tor-bella-monaca\/"},"modified":"2020-06-05T17:38:37","modified_gmt":"2020-06-05T16:38:37","slug":"besuch-in-der-pfarrei-st-rita-in-tor-bella-monaca","status":"publish","type":"page","link":"https:\/\/neocatechumenaleiter.org\/de\/worte-der-paepste\/hl-johannes-paul-ii\/besuch-in-der-pfarrei-st-rita-in-tor-bella-monaca\/","title":{"rendered":"BESUCH IN DER PFARREI ST. RITA IN TOR BELLA MONACA"},"content":{"rendered":"\n<h1 class=\"has-text-align-center wp-block-heading\">BESUCH IN DER PFARREI ST. RITA IN TOR BELLA MONACA<\/h1>\n\n<div style=\"height:20px\" aria-hidden=\"true\" class=\"wp-block-spacer\"><\/div>\n\n<h4 class=\"has-text-align-center wp-block-heading\">Hl. Johannes Paul II.<\/h4>\n\n<div style=\"height:20px\" aria-hidden=\"true\" class=\"wp-block-spacer\"><\/div>\n\n<div class=\"wp-block-image\"><figure class=\"alignleft size-large\"><img loading=\"lazy\" decoding=\"async\" width=\"700\" height=\"558\" src=\"https:\/\/neocatechumenaleiter.org\/wp-content\/uploads\/2020\/03\/Camino_Neocatecumenal_Juan_Pablo_II_visita_parroquia_Santa_Rita_1984.jpg\" alt=\"\" class=\"wp-image-7313\" srcset=\"https:\/\/neocatechumenaleiter.org\/wp-content\/uploads\/2020\/03\/Camino_Neocatecumenal_Juan_Pablo_II_visita_parroquia_Santa_Rita_1984.jpg 700w, https:\/\/neocatechumenaleiter.org\/wp-content\/uploads\/2020\/03\/Camino_Neocatecumenal_Juan_Pablo_II_visita_parroquia_Santa_Rita_1984-300x239.jpg 300w\" sizes=\"auto, (max-width: 700px) 100vw, 700px\" \/><\/figure><\/div>\n\n<p><strong>Rom, 22. Januar 1984<\/strong><\/p>\n\n<p><em>Zuerst hat Pater Giuseppe dem Heiligen Vater die Geschichte der Gemeinschaft erz\u00e4hlt: Ein Leben des Gebetes, der Katechese, des Erforschens der Heiligen Schrift, das auf eine bestimmte Mission abzielt: Die der Evangelisation.<\/em>&#013;\n<em>Dann hat ein junger Angeh\u00f6riger der neokatechumenalen Gemeinschaft, verheiratet und mit drei Kinder, Zeugnis davon gegeben, wie bei ihm die Entdeckung der Kirche als Mutter mit der pers\u00f6nlichen Bekehrung zusammenfiel. \u201cIch lebte vorher \u2013 sagte er \u2013 in starker religi\u00f6ser Gleichg\u00fcltigkeit und in einem moralischen Relativismus. Dann hat der Herr Erbarmen mit mir gehabt.\u201d<\/em>&#013;\n<em>Johannes Paul II. hat in seiner Ansprache betont:<\/em><\/p>\n\n<p>\u2026 man kann den Weg des Glaubens niemals anhalten. Dieser kann weder bei der Taufe stehenbleiben, noch bei der Erstkommunion, oder mit der Firmung zum Stillstand kommen, ebenso wenig mit dem Ehesakrament. Der Glaube muss immer ein Weg sein. Er muss immer eine Wiederentdeckung sein. Durch ihn und seine Wunder ber\u00fchren wir in einem gewissen Sinne die Wirklichkeit Gottes. Die Neokatechumenen lassen sich von dieser Idee leiten und bem\u00fchen sich, diesen Weg ehrlich, im pers\u00f6nlichen, im gemeinsamen und im Glauben der Kirche zu gehen.<\/p>\n","protected":false},"excerpt":{"rendered":"<p>BESUCH IN DER PFARREI ST. RITA IN TOR BELLA MONACA Hl. Johannes Paul II. Rom, 22. Januar 1984 Zuerst hat Pater Giuseppe dem Heiligen Vater die Geschichte der Gemeinschaft erz\u00e4hlt: Ein Leben des Gebetes, der Katechese, des Erforschens der Heiligen Schrift, das auf eine bestimmte Mission abzielt: Die der Evangelisation.&#013; Dann hat ein junger Angeh\u00f6riger der neokatechumenalen Gemeinschaft, verheiratet und mit drei Kinder, Zeugnis davon gegeben, wie bei ihm die<\/p>\n<div class=\"read-more\"><a class=\"btn read-more-btn\" href=\"https:\/\/neocatechumenaleiter.org\/de\/worte-der-paepste\/hl-johannes-paul-ii\/besuch-in-der-pfarrei-st-rita-in-tor-bella-monaca\/\">Mehr lesen<\/a><\/div>\n","protected":false},"author":2,"featured_media":0,"parent":10123,"menu_order":24,"comment_status":"closed","ping_status":"closed","template":"","meta":{"footnotes":""},"class_list":["post-13743","page","type-page","status-publish","hentry"],"_links":{"self":[{"href":"https:\/\/neocatechumenaleiter.org\/de\/wp-json\/wp\/v2\/pages\/13743","targetHints":{"allow":["GET"]}}],"collection":[{"href":"https:\/\/neocatechumenaleiter.org\/de\/wp-json\/wp\/v2\/pages"}],"about":[{"href":"https:\/\/neocatechumenaleiter.org\/de\/wp-json\/wp\/v2\/types\/page"}],"author":[{"embeddable":true,"href":"https:\/\/neocatechumenaleiter.org\/de\/wp-json\/wp\/v2\/users\/2"}],"replies":[{"embeddable":true,"href":"https:\/\/neocatechumenaleiter.org\/de\/wp-json\/wp\/v2\/comments?post=13743"}],"version-history":[{"count":7,"href":"https:\/\/neocatechumenaleiter.org\/de\/wp-json\/wp\/v2\/pages\/13743\/revisions"}],"predecessor-version":[{"id":13781,"href":"https:\/\/neocatechumenaleiter.org\/de\/wp-json\/wp\/v2\/pages\/13743\/revisions\/13781"}],"up":[{"embeddable":true,"href":"https:\/\/neocatechumenaleiter.org\/de\/wp-json\/wp\/v2\/pages\/10123"}],"wp:attachment":[{"href":"https:\/\/neocatechumenaleiter.org\/de\/wp-json\/wp\/v2\/media?parent=13743"}],"curies":[{"name":"wp","href":"https:\/\/api.w.org\/{rel}","templated":true}]}}