{"id":13782,"date":"2020-06-05T17:46:14","date_gmt":"2020-06-05T16:46:14","guid":{"rendered":"https:\/\/neocatechumenaleiter.org\/worte-der-paepste\/hl-johannes-paul-ii\/besuch-in-der-pfarrei-st-hippolyt-am-12-02-1984\/"},"modified":"2020-06-11T13:34:39","modified_gmt":"2020-06-11T12:34:39","slug":"besuch-in-der-pfarrei-st-hippolyt-am-12-02-1984","status":"publish","type":"page","link":"https:\/\/neocatechumenaleiter.org\/de\/worte-der-paepste\/hl-johannes-paul-ii\/besuch-in-der-pfarrei-st-hippolyt-am-12-02-1984\/","title":{"rendered":"BESUCH IN DER PFARREI ST. HIPPOLYT AM 12.02.1984"},"content":{"rendered":"\n<h1 class=\"has-text-align-center wp-block-heading\">BESUCH IN DER PFARREI ST. HIPPOLYT AM 12.02.1984<\/h1>\n\n<div style=\"height:20px\" aria-hidden=\"true\" class=\"wp-block-spacer\"><\/div>\n\n<h4 class=\"has-text-align-center wp-block-heading\">Hl. Johannes Paul II.<\/h4>\n\n<div style=\"height:20px\" aria-hidden=\"true\" class=\"wp-block-spacer\"><\/div>\n\n<div class=\"wp-block-image\"><figure class=\"alignleft size-medium\"><img loading=\"lazy\" decoding=\"async\" width=\"243\" height=\"300\" src=\"https:\/\/neocatechumenaleiter.org\/wp-content\/uploads\/2020\/03\/Camino_Neocatecumenal_Juan_Pablo_II_visita_parroquia_San_Hipolito_2984-243x300.jpg\" alt=\"\" class=\"wp-image-1794\" srcset=\"https:\/\/neocatechumenaleiter.org\/wp-content\/uploads\/2020\/03\/Camino_Neocatecumenal_Juan_Pablo_II_visita_parroquia_San_Hipolito_2984-243x300.jpg 243w, https:\/\/neocatechumenaleiter.org\/wp-content\/uploads\/2020\/03\/Camino_Neocatecumenal_Juan_Pablo_II_visita_parroquia_San_Hipolito_2984.jpg 573w\" sizes=\"auto, (max-width: 243px) 100vw, 243px\" \/><\/figure><\/div>\n\n<p><strong>Rom, den 12. Februar 1984 *<\/strong><\/p>\n\n<p><em>Die Begegnung mit den neokatechumenalen Gemeinschaften zum Abschluss des Pastoralbesuches war besonders. Der Papst wurde gebeten, drei Katechisten-Itineranten vor ihrer Abreise in die T\u00fcrkei zu segnen (&#8230;) Pater Maurilio stellte dem Papst die Erwachsenengruppen vor, die im Leben der Gemeinde engagiert sind, wobei er die Merkmale jeder Gruppe hervorhob. Dabei hielt er sich insbesondere bei den Pfadfindergruppen (&#8230;) und den neokatechumenalen Gemeinschaften auf, die schon seit 1973 ein konkretes Angebot einer fortw\u00e4hrenden Erwachsenenkatechese darstellen und die das Privileg hatten, f\u00fcr drei ihrer Katechisten, die vor der Abreise in die T\u00fcrkei standen (ein Priester und ein Ehepaar), den Segen des Papstes zu erhalten. Gerade im Hinblick auf das Bem\u00fchen der Katechisten, Sauerteig zur Durchs\u00e4uerung der Gemeinschaft zu sein, sagte der Papst:<\/em><\/p>\n\n<p>Ich m\u00f6chte f\u00fcr dieses Treffen, das den Besuch eurer Pfarrei St. Hippolyt abschlie\u00dft, danken. Ich begr\u00fc\u00dfe alle Gruppen, die der Pfarrer vorgestellt hat. Mein Gru\u00df und mein Wunsch an euch ist es, dass jeder immer mehr die eigene christliche Identit\u00e4t und das eigene Charisma finde. Denn so wie die Ordensfamilien (wie zum Beispiel die Kapuziner innerhalb der franziskanischen Familie), so haben auch die verschiedenen Gruppen des Laienapostolates ihr besonderes Charisma. Die Pfarrei St. Hippolyt ist gro\u00df und es besuchen sie sehr viele Menschen, worunter sich auch viele Christen befinden; denn ich glaube, dass der Gro\u00dfteil ihrer Bewohner getauft ist. Jesus hat gesagt, dass die Kirche, das Reich Gottes, einem Brot gleicht. Um Brot zu machen, braucht man Teigmasse, aber auch Sauerteig.<\/p>\n\n<p>Nun bin ich davon \u00fcberzeugt, dass diese Gruppen, die Charismatiker, die Neokatechumenen, Sauerteig sind, der die Masse der Pfarrei menschlich und christlich zum Wachsen bringen soll. Der Sauerteig muss immer tiefer durchdringen, damit die Masse immer christlicher werde, immer bewusster christlich, verantwortungsbewusster f\u00fcr ihren christlichen Charakter, verantwortungsbewusster f\u00fcr ihre christliche Identit\u00e4t.<br \/>&#013;\nEuer Schutzpatron, der heilige Hippolyt, war ein M\u00e4rtyrer. M\u00e4rtyrer bedeutet Zeuge. Die Christen m\u00fcssen Zeugen Christi sein, Zeugen seines Kreuzes, seiner Auferstehung, seines Glaubens, seiner Hoffnung, seiner Liebe. Nun, das ist der Sauerteig. Und es ist etwas Sch\u00f6nes, wenn dieser Sauerteig sich ausdehnen will, \u00fcber die Grenzen der eigenen Pfarrei hinaus, bis in die T\u00fcrkei \u2013 wie ihr mir sagtet \u2013, um das Ferment des Evangeliums auch zu den Nichtchristen, auch in etwas undurchdringliche Orte zu tragen, die sich der Botschaft des Evangeliums verschlie\u00dfen. Einige eurer Br\u00fcder wollen dorthin gehen, um in diesen Massen Sauerteig zu sein, damit die ganze Menschheit von diesem Sauerteig des Evangeliums erreicht und zum Reich Gottes wird.<\/p>\n\n<p>Ich w\u00fcnsche euch allen, besonders euch Neokatechumenen, dass ihr diesen Weg mit gro\u00dfer Freude und gro\u00dfer Verantwortung geht. Seid st\u00e4ndig bestrebt, der Liebe Christi, unseres Herrn und Erl\u00f6sers, immer mehr Raum zu geben, mehr Raum f\u00fcr das Reich Gottes zu schaffen, das in dieser Welt seine Wurzeln hat, und zur Ewigkeit, zum Haus des Vaters f\u00fchrt. Ich w\u00fcnsche allen, im Reich Gottes zu wachsen, das sich in uns allen befindet, im Herzen eines jeden von uns, und im Herzen Christi, welches seine \u00e4u\u00dfere Dimension in der Dimension der Familie hat. Ihr seid Teil des Reiches Gottes, dann auch der Pfarrei St. Hippolyt. Ich w\u00fcnsche euch, dass ihr die christliche Freude, die christliche Verantwortung, den Glauben, die Hoffnung, die Liebe lebt, welche in dieser Welt das g\u00f6ttliche Leben vorwegnehmen.<br \/><br \/><i>(*) Vgl. \u00abL\u2019Osservatore Romano\u00bb, 13.-14. Februar 1984 (eigene \u00dcbersetzung aus dem Italienischen).<\/i><\/p>\n","protected":false},"excerpt":{"rendered":"<p>BESUCH IN DER PFARREI ST. HIPPOLYT AM 12.02.1984 Hl. Johannes Paul II. Rom, den 12. Februar 1984 * Die Begegnung mit den neokatechumenalen Gemeinschaften zum Abschluss des Pastoralbesuches war besonders. Der Papst wurde gebeten, drei Katechisten-Itineranten vor ihrer Abreise in die T\u00fcrkei zu segnen (&#8230;) Pater Maurilio stellte dem Papst die Erwachsenengruppen vor, die im Leben der Gemeinde engagiert sind, wobei er die Merkmale jeder Gruppe hervorhob. Dabei hielt er<\/p>\n<div class=\"read-more\"><a class=\"btn read-more-btn\" href=\"https:\/\/neocatechumenaleiter.org\/de\/worte-der-paepste\/hl-johannes-paul-ii\/besuch-in-der-pfarrei-st-hippolyt-am-12-02-1984\/\">Mehr lesen<\/a><\/div>\n","protected":false},"author":2,"featured_media":0,"parent":10123,"menu_order":25,"comment_status":"closed","ping_status":"closed","template":"","meta":{"footnotes":""},"class_list":["post-13782","page","type-page","status-publish","hentry"],"_links":{"self":[{"href":"https:\/\/neocatechumenaleiter.org\/de\/wp-json\/wp\/v2\/pages\/13782","targetHints":{"allow":["GET"]}}],"collection":[{"href":"https:\/\/neocatechumenaleiter.org\/de\/wp-json\/wp\/v2\/pages"}],"about":[{"href":"https:\/\/neocatechumenaleiter.org\/de\/wp-json\/wp\/v2\/types\/page"}],"author":[{"embeddable":true,"href":"https:\/\/neocatechumenaleiter.org\/de\/wp-json\/wp\/v2\/users\/2"}],"replies":[{"embeddable":true,"href":"https:\/\/neocatechumenaleiter.org\/de\/wp-json\/wp\/v2\/comments?post=13782"}],"version-history":[{"count":3,"href":"https:\/\/neocatechumenaleiter.org\/de\/wp-json\/wp\/v2\/pages\/13782\/revisions"}],"predecessor-version":[{"id":14797,"href":"https:\/\/neocatechumenaleiter.org\/de\/wp-json\/wp\/v2\/pages\/13782\/revisions\/14797"}],"up":[{"embeddable":true,"href":"https:\/\/neocatechumenaleiter.org\/de\/wp-json\/wp\/v2\/pages\/10123"}],"wp:attachment":[{"href":"https:\/\/neocatechumenaleiter.org\/de\/wp-json\/wp\/v2\/media?parent=13782"}],"curies":[{"name":"wp","href":"https:\/\/api.w.org\/{rel}","templated":true}]}}