{"id":13784,"date":"2020-06-05T17:49:11","date_gmt":"2020-06-05T16:49:11","guid":{"rendered":"https:\/\/neocatechumenaleiter.org\/worte-der-paepste\/hl-johannes-paul-ii\/audienz-fuer-einige-neokatechumenale-gemeinschaften-aus-madrid\/"},"modified":"2020-06-08T17:54:41","modified_gmt":"2020-06-08T16:54:41","slug":"audienz-fuer-einige-neokatechumenale-gemeinschaften-aus-madrid","status":"publish","type":"page","link":"https:\/\/neocatechumenaleiter.org\/de\/worte-der-paepste\/hl-johannes-paul-ii\/audienz-fuer-einige-neokatechumenale-gemeinschaften-aus-madrid\/","title":{"rendered":"AUDIENZ F\u00dcR EINIGE NEOKATECHUMENALE GEMEINSCHAFTEN AUS MADRID AM 23.03.1984"},"content":{"rendered":"\n<h1 class=\"has-text-align-center wp-block-heading\">AUDIENZ F\u00dcR EINIGE NEOKATECHUMENALE GEMEINSCHAFTEN AUS MADRID AM 23.03.1984<\/h1>\n\n<div style=\"height:20px\" aria-hidden=\"true\" class=\"wp-block-spacer\"><\/div>\n\n<h4 class=\"has-text-align-center wp-block-heading\">Hl. Johannes Paul II.<\/h4>\n\n<div style=\"height:20px\" aria-hidden=\"true\" class=\"wp-block-spacer\"><\/div>\n\n<p><strong>Vatikanstadt \u2013 Konsistoriumssaal, 23. M\u00e4rz 1984 *<\/strong><\/p>\n\n<p><em>Heute Morgen empfing Papst Johannes Paul II. die Mitglieder von neokatechumenalen Gemeinschaften aus vier Pfarreien von Madrid in einer Audienz. Nach einer kurzen Begr\u00fc\u00dfung dankte er den spanischen Neokatechumenen f\u00fcr den Besuch, \u201eein Akt\u201c so sagte er, \u201eder Anh\u00e4nglichkeit an den Nachfolger Petri als Garantie des kirchlichen Glaubens\u201c, und er ermahnte sie, ihr Leben \u201etief im Glauben zu verwurzeln, der von den Aposteln empfangen und von den Kirchenv\u00e4tern gelehrt wurde, und der das Licht sein muss, das jeden Schritt eures Weges zum Vater hin erleuchtet\u201c. Hier die Rede der Heiligen Vaters:<\/em><\/p>\n\n<p>Liebe Br\u00fcder und Schwestern!<br\/> Ich freue mich, eure gro\u00dfe Gruppe zu empfangen, die aus Mitgliedern der neokatechumenalen Gemeinschaften der Madrider Pfarreien St. Josef (San Jos\u00e9), St. Sebastian (San Sebasti\u00e1n), St. Rochus (San Roque) und Unserer Lieben Frau von der Paloma (La Paloma) zusammengesetzt ist. Meinen herzlichen Gru\u00df m\u00f6chte ich auch auf die Mitglieder der anderen Gemeinschaften eurer Pfarreien ausdehnen, und ganz besonders auf eure hier anwesenden Pfarrer, die euch so viel zu einem lebendigen Treffen mit Jesus Christus verholfen haben. Ich bin euch f\u00fcr diesen Besuch beim Grab des ersten Apostels dankbar, es ist ein Akt der Anh\u00e4nglichkeit an den Nachfolger Petri als Garantie des kirchlichen Glaubens, ein Besuch, der sich in den Glaubensweg einf\u00fcgt, den ihr durchl\u00e4uft. Ich wei\u00df, dass ihr euch in der letzten Zeit besonders dem Studium der Artikel des <em>Credo<\/em> gewidmet habt, und zwar f\u00fcr eure Glaubensbildung und damit ihr den anderen Christen und den Familien helfen k\u00f6nnt. Meinerseits ermutige ich euch, euer Leben tief im Glauben zu verwurzeln, der von den Aposteln empfangen und von den Kirchenv\u00e4tern gelehrt wurde, und der das Licht sein muss, das jeden Schritt eures Weges zum Vater hin erleuchtet.<\/p>\n\n<div class=\"wp-block-image\"><figure class=\"alignright size-large\"><img loading=\"lazy\" decoding=\"async\" width=\"702\" height=\"558\" src=\"https:\/\/neocatechumenaleiter.org\/wp-content\/uploads\/2020\/03\/Camino_Neocatecumenal_Juan_Pablo_II_audiencia_catecumenos_Madrid_1984.jpg\" alt=\"\" class=\"wp-image-7830\" srcset=\"https:\/\/neocatechumenaleiter.org\/wp-content\/uploads\/2020\/03\/Camino_Neocatecumenal_Juan_Pablo_II_audiencia_catecumenos_Madrid_1984.jpg 702w, https:\/\/neocatechumenaleiter.org\/wp-content\/uploads\/2020\/03\/Camino_Neocatecumenal_Juan_Pablo_II_audiencia_catecumenos_Madrid_1984-300x238.jpg 300w\" sizes=\"auto, (max-width: 702px) 100vw, 702px\" \/><\/figure><\/div>\n\n<p>Ich freue mich auch dar\u00fcber, dass im Programm eurer Pilgerreise nach Rom auch der Besuch eines marianischen Heiligtums wie das von Loreto vorgesehen ist. Damit stellt ihr eure Existenz unter den m\u00fctterlichen Schutz der Jungfrau Maria, der Mutter Christi und der Kirche. Sie, die Mutter Christi und unseres Glaubens, war die erste und beste Nachahmerin ihres Sohnes, sie ist ein leuchtender Pfad, der uns zum Zentrum des Geheimnisses Christi f\u00fchrt (vgl. <em>Marialis cultus<\/em>, 25). Sie lehrt uns mit ihrem Beispiel, uns der Kirche hinzugeben, damit sich in den Menschen, den Br\u00fcdern der heutigen Welt, das Bild ihres Sohnes unabl\u00e4ssig formt. Sie, die mit ihrem Leben und ihrem Opfer voller Liebe am Werk ihres Sohnes mitarbeitete (vgl. <em>Lumen gentium<\/em>, Nr. 60ff.), m\u00f6chte uns weiterhin den Wert jedes Menschen und die tiefgreifenden Gr\u00fcnde lehren, damit wir die Menschen unterschiedslos und vorbehaltlos lieben. Nehmt sie daher als wahre Mutter an, als Lehrerin, als Leiterin und als Beispiel f\u00fcr euer ganzes Leben. Denn statt in eurem Leben die notwendige christologische Orientierung zu erschweren, wird sie diese erleichtern. Mit diesen W\u00fcnschen ermutige ich euch auf eurem Weg, damit ihr, vereint mit euren Bisch\u00f6fen und Priestern und in br\u00fcderlicher Gemeinschaft mit den anderen anerkannten Bewegungen der Spiritualit\u00e4t und des Apostolats, euren gro\u00dfz\u00fcgigen Beitrag f\u00fcr die Kirche in der gegenw\u00e4rtigen Zeit leistet. Das erbitte ich f\u00fcr euch vom Herrn und gebe euch zugleich meinen feierlichen Apostolischen Segen.<\/p>\n\n<p><em>(*) Vgl. \u201eL\u2018Osservatore Romano\u201d, 24. M\u00e4rz 1984 (eigene \u00dcbersetzung aus dem Italienischen).<\/em><\/p>\n","protected":false},"excerpt":{"rendered":"<p>AUDIENZ F\u00dcR EINIGE NEOKATECHUMENALE GEMEINSCHAFTEN AUS MADRID AM 23.03.1984 Hl. Johannes Paul II. Vatikanstadt \u2013 Konsistoriumssaal, 23. M\u00e4rz 1984 * Heute Morgen empfing Papst Johannes Paul II. die Mitglieder von neokatechumenalen Gemeinschaften aus vier Pfarreien von Madrid in einer Audienz. Nach einer kurzen Begr\u00fc\u00dfung dankte er den spanischen Neokatechumenen f\u00fcr den Besuch, \u201eein Akt\u201c so sagte er, \u201eder Anh\u00e4nglichkeit an den Nachfolger Petri als Garantie des kirchlichen Glaubens\u201c, und er<\/p>\n<div class=\"read-more\"><a class=\"btn read-more-btn\" href=\"https:\/\/neocatechumenaleiter.org\/de\/worte-der-paepste\/hl-johannes-paul-ii\/audienz-fuer-einige-neokatechumenale-gemeinschaften-aus-madrid\/\">Mehr lesen<\/a><\/div>\n","protected":false},"author":2,"featured_media":0,"parent":10123,"menu_order":26,"comment_status":"closed","ping_status":"closed","template":"","meta":{"footnotes":""},"class_list":["post-13784","page","type-page","status-publish","hentry"],"_links":{"self":[{"href":"https:\/\/neocatechumenaleiter.org\/de\/wp-json\/wp\/v2\/pages\/13784","targetHints":{"allow":["GET"]}}],"collection":[{"href":"https:\/\/neocatechumenaleiter.org\/de\/wp-json\/wp\/v2\/pages"}],"about":[{"href":"https:\/\/neocatechumenaleiter.org\/de\/wp-json\/wp\/v2\/types\/page"}],"author":[{"embeddable":true,"href":"https:\/\/neocatechumenaleiter.org\/de\/wp-json\/wp\/v2\/users\/2"}],"replies":[{"embeddable":true,"href":"https:\/\/neocatechumenaleiter.org\/de\/wp-json\/wp\/v2\/comments?post=13784"}],"version-history":[{"count":11,"href":"https:\/\/neocatechumenaleiter.org\/de\/wp-json\/wp\/v2\/pages\/13784\/revisions"}],"predecessor-version":[{"id":14136,"href":"https:\/\/neocatechumenaleiter.org\/de\/wp-json\/wp\/v2\/pages\/13784\/revisions\/14136"}],"up":[{"embeddable":true,"href":"https:\/\/neocatechumenaleiter.org\/de\/wp-json\/wp\/v2\/pages\/10123"}],"wp:attachment":[{"href":"https:\/\/neocatechumenaleiter.org\/de\/wp-json\/wp\/v2\/media?parent=13784"}],"curies":[{"name":"wp","href":"https:\/\/api.w.org\/{rel}","templated":true}]}}