{"id":13798,"date":"2020-06-05T17:59:01","date_gmt":"2020-06-05T16:59:01","guid":{"rendered":"https:\/\/neocatechumenaleiter.org\/worte-der-paepste\/hl-johannes-paul-ii\/ostervigil-am-petersplatz-21-04-1984\/"},"modified":"2020-06-05T17:59:01","modified_gmt":"2020-06-05T16:59:01","slug":"ostervigil-am-petersplatz-21-04-1984","status":"publish","type":"page","link":"https:\/\/neocatechumenaleiter.org\/de\/worte-der-paepste\/hl-johannes-paul-ii\/ostervigil-am-petersplatz-21-04-1984\/","title":{"rendered":"OSTERVIGIL AM PETERSPLATZ &#8211; 21.04.1984"},"content":{"rendered":"\n<h1 class=\"has-text-align-center wp-block-heading\">OSTERVIGIL AM PETERSPLATZ: FEIERLICHE ERNEUERUNG DER TAUFVERSPRECHEN AM ENDE DES NEOKATECHUMENALEN WEGES DER ERSTEN GEMEINSCHAFT DER PFARREI ST. FRANCESCA CABRINI AM 21.04.1984<\/h1>\n\n<div style=\"height:20px\" aria-hidden=\"true\" class=\"wp-block-spacer\"><\/div>\n\n<h4 class=\"has-text-align-center wp-block-heading\">Hl. Johannes Paul II.<\/h4>\n\n<div style=\"height:20px\" aria-hidden=\"true\" class=\"wp-block-spacer\"><\/div>\n\n<p><strong>Petersplatz, 21. April 1984<\/strong><\/p>\n\n<p><em>Gleich nach den Lesungen und der vom Papst gehaltenen Homilie war der Ritus der Taufwassersegnung und der Taufe von 29 Katechumenen aus vielen verschiedenen L\u00e4ndern. Die gesamte Gemeinschaft der Gl\u00e4ubigen wurde auch aufgerufen, ihren eigenen Glauben zu erneuern und zu best\u00e4tigen, als sich die neuen Br\u00fcder und Schwestern dem Altar n\u00e4herten, um die Sakramente der christlichen Initiation zu empfangen. In der ersten Reihe am Vorplatz waren auch 100 Mitglieder der neokatechumenalen Gemeinschaften aus der Pfarrei St. Francesca Cabrini mit ihren wei\u00dfen Gew\u00e4ndern anwesend, um in Begleitung von Kiko Arg\u00fcello und Carmen Hern<\/em><em>\u00e1ndez ihre eigenen Taufversprechen zu erneuern.<\/em><\/p>\n\n<figure class=\"wp-block-gallery aligncenter columns-2 is-cropped wp-block-gallery-1 is-layout-flex wp-block-gallery-is-layout-flex\"><ul class=\"blocks-gallery-grid\"><li class=\"blocks-gallery-item\"><figure><img loading=\"lazy\" decoding=\"async\" width=\"366\" height=\"157\" src=\"https:\/\/neocatechumenaleiter.org\/wp-content\/uploads\/2020\/03\/Camino_Neocatecumenal_Juan_Pablo_II_vigilia_pascual_hermanos_vestidura_blanca_19842.jpg\" alt=\"\" data-id=\"1815\" data-full-url=\"https:\/\/neocatechumenaleiter.org\/wp-content\/uploads\/2020\/03\/Camino_Neocatecumenal_Juan_Pablo_II_vigilia_pascual_hermanos_vestidura_blanca_19842.jpg\" data-link=\"https:\/\/neocatechumenaleiter.org\/?attachment_id=1815\" class=\"wp-image-7600\" srcset=\"https:\/\/neocatechumenaleiter.org\/wp-content\/uploads\/2020\/03\/Camino_Neocatecumenal_Juan_Pablo_II_vigilia_pascual_hermanos_vestidura_blanca_19842.jpg 366w, https:\/\/neocatechumenaleiter.org\/wp-content\/uploads\/2020\/03\/Camino_Neocatecumenal_Juan_Pablo_II_vigilia_pascual_hermanos_vestidura_blanca_19842-300x129.jpg 300w\" sizes=\"auto, (max-width: 366px) 100vw, 366px\" \/><\/figure><\/li><li class=\"blocks-gallery-item\"><figure><img loading=\"lazy\" decoding=\"async\" width=\"362\" height=\"158\" src=\"https:\/\/neocatechumenaleiter.org\/wp-content\/uploads\/2020\/03\/Camino_Neocatecumenal_Juan_Pablo_II_vigilia_pascual_hermanos_vestidura_blanca_1984.jpg\" alt=\"\" data-id=\"1822\" data-full-url=\"https:\/\/neocatechumenaleiter.org\/wp-content\/uploads\/2020\/03\/Camino_Neocatecumenal_Juan_Pablo_II_vigilia_pascual_hermanos_vestidura_blanca_1984.jpg\" data-link=\"https:\/\/neocatechumenaleiter.org\/?attachment_id=1822\" class=\"wp-image-7605\" srcset=\"https:\/\/neocatechumenaleiter.org\/wp-content\/uploads\/2020\/03\/Camino_Neocatecumenal_Juan_Pablo_II_vigilia_pascual_hermanos_vestidura_blanca_1984.jpg 362w, https:\/\/neocatechumenaleiter.org\/wp-content\/uploads\/2020\/03\/Camino_Neocatecumenal_Juan_Pablo_II_vigilia_pascual_hermanos_vestidura_blanca_1984-300x131.jpg 300w\" sizes=\"auto, (max-width: 362px) 100vw, 362px\" \/><\/figure><\/li><\/ul><\/figure>","protected":false},"excerpt":{"rendered":"<p>OSTERVIGIL AM PETERSPLATZ: FEIERLICHE ERNEUERUNG DER TAUFVERSPRECHEN AM ENDE DES NEOKATECHUMENALEN WEGES DER ERSTEN GEMEINSCHAFT DER PFARREI ST. FRANCESCA CABRINI AM 21.04.1984 Hl. Johannes Paul II. Petersplatz, 21. April 1984 Gleich nach den Lesungen und der vom Papst gehaltenen Homilie war der Ritus der Taufwassersegnung und der Taufe von 29 Katechumenen aus vielen verschiedenen L\u00e4ndern. Die gesamte Gemeinschaft der Gl\u00e4ubigen wurde auch aufgerufen, ihren eigenen Glauben zu erneuern und zu<\/p>\n<div class=\"read-more\"><a class=\"btn read-more-btn\" href=\"https:\/\/neocatechumenaleiter.org\/de\/worte-der-paepste\/hl-johannes-paul-ii\/ostervigil-am-petersplatz-21-04-1984\/\">Mehr lesen<\/a><\/div>\n","protected":false},"author":2,"featured_media":0,"parent":10123,"menu_order":27,"comment_status":"closed","ping_status":"closed","template":"","meta":{"footnotes":""},"class_list":["post-13798","page","type-page","status-publish","hentry"],"_links":{"self":[{"href":"https:\/\/neocatechumenaleiter.org\/de\/wp-json\/wp\/v2\/pages\/13798","targetHints":{"allow":["GET"]}}],"collection":[{"href":"https:\/\/neocatechumenaleiter.org\/de\/wp-json\/wp\/v2\/pages"}],"about":[{"href":"https:\/\/neocatechumenaleiter.org\/de\/wp-json\/wp\/v2\/types\/page"}],"author":[{"embeddable":true,"href":"https:\/\/neocatechumenaleiter.org\/de\/wp-json\/wp\/v2\/users\/2"}],"replies":[{"embeddable":true,"href":"https:\/\/neocatechumenaleiter.org\/de\/wp-json\/wp\/v2\/comments?post=13798"}],"version-history":[{"count":1,"href":"https:\/\/neocatechumenaleiter.org\/de\/wp-json\/wp\/v2\/pages\/13798\/revisions"}],"predecessor-version":[{"id":13807,"href":"https:\/\/neocatechumenaleiter.org\/de\/wp-json\/wp\/v2\/pages\/13798\/revisions\/13807"}],"up":[{"embeddable":true,"href":"https:\/\/neocatechumenaleiter.org\/de\/wp-json\/wp\/v2\/pages\/10123"}],"wp:attachment":[{"href":"https:\/\/neocatechumenaleiter.org\/de\/wp-json\/wp\/v2\/media?parent=13798"}],"curies":[{"name":"wp","href":"https:\/\/api.w.org\/{rel}","templated":true}]}}