{"id":13808,"date":"2020-06-05T18:11:13","date_gmt":"2020-06-05T17:11:13","guid":{"rendered":"https:\/\/neocatechumenaleiter.org\/worte-der-paepste\/hl-johannes-paul-ii\/besuch-der-pfarrei-st-anna-in-casal-morena-am-02-12-1984\/"},"modified":"2020-06-05T18:11:14","modified_gmt":"2020-06-05T17:11:14","slug":"besuch-der-pfarrei-st-anna-in-casal-morena-am-02-12-1984","status":"publish","type":"page","link":"https:\/\/neocatechumenaleiter.org\/de\/worte-der-paepste\/hl-johannes-paul-ii\/besuch-der-pfarrei-st-anna-in-casal-morena-am-02-12-1984\/","title":{"rendered":"BESUCH DER PFARREI ST. ANNA IN CASAL MORENA AM 02.12.1984"},"content":{"rendered":"\n<h1 class=\"has-text-align-center wp-block-heading\">BESUCH DER PFARREI ST. ANNA IN CASAL MORENA AM 02.12.1984<\/h1>\n\n<div style=\"height:20px\" aria-hidden=\"true\" class=\"wp-block-spacer\"><\/div>\n\n<h4 class=\"has-text-align-center wp-block-heading\">Hl. Johannes Paul II.<\/h4>\n\n<div style=\"height:20px\" aria-hidden=\"true\" class=\"wp-block-spacer\"><\/div>\n\n<p><strong>Rom, 2. Dezember 1984*<\/strong><\/p>\n\n<p><em>Die 110 Neokatechumenen, die von ihren Familien begleitet wurden, waren die ersten, die sich mit dem Papst trafen. Sie empfingen ihn in dem Raum, der gew\u00f6hnlich f\u00fcr die Messfeier genutzt wird, in ihrem gewohnten Stil, mit Singen und H\u00e4ndeklatschen als rhythmische Verst\u00e4rkung ihrer Stimmen. \u201eEin wirklicher Segen f\u00fcr unsere Pfarrei\u201c, sagte Don Amadeo \u00fcber sie, und er wiederholte es, als er dem Papst diejenigen vorstellte, die sich von Anfang an an die Seite der Gemeinschaften gestellt haben \u2013 in einer Zeit, als es nichts mehr als eine kleine Kapelle gab, in die mit M\u00fche 100 Personen hineinpassten. Diese ersten Anh\u00e4nger verstanden es, ihren Geist des Zuh\u00f6rens und der Begegnung mit dem Wort Gottes, weiterzugeben \u2013 besonders an die Jugendlichen, die sich auf die Sakramente der christlichen Initiation vorbereiteten. \u201eMit ihnen\u201c \u2013 sagte Don Amadeo \u2013 \u201ehaben wir die \u201aerste Armut\u2018 erlebt, als wir nicht einmal einen Raum hatten, um beisammen zu sein. Mit ihnen haben wir aber auch eine zweite Armut erlebt: die unseres Herzens, das so wenig vom Geist Christi gen\u00e4hrt war. Das haben wir entdeckt, als wir in eine unmittelbare Beziehung zu seinem Wort getreten sind. Mit ihnen erleben wir nun eine dritte Armut, n\u00e4mlich die unserer Haltung angesichts der Gnade, die jeden Tag \u00fcber uns ausgegossen wird, und die wir als wahren Reichtum des Herzens bewahren wollen.\u201c Nachdem ein Vertreter der drei Gemeinschaften dem Papst kurz erz\u00e4hlte, welche Phasen des Weges sie schon erlebt haben, richtete dieser die folgenden Worte an die Versammelten:<\/em><\/p>\n\n<div class=\"wp-block-image\"><figure class=\"alignleft size-medium\"><img loading=\"lazy\" decoding=\"async\" width=\"300\" height=\"242\" src=\"https:\/\/neocatechumenaleiter.org\/wp-content\/uploads\/2020\/03\/Camino_Neocatecumenal_Juan_Pablo_II_visita_parroquia_Santa_Ana_1984-300x242.jpg\" alt=\"\" class=\"wp-image-1852\" srcset=\"https:\/\/neocatechumenaleiter.org\/wp-content\/uploads\/2020\/03\/Camino_Neocatecumenal_Juan_Pablo_II_visita_parroquia_Santa_Ana_1984-300x242.jpg 300w, https:\/\/neocatechumenaleiter.org\/wp-content\/uploads\/2020\/03\/Camino_Neocatecumenal_Juan_Pablo_II_visita_parroquia_Santa_Ana_1984.jpg 697w\" sizes=\"auto, (max-width: 300px) 100vw, 300px\" \/><\/figure><\/div>\n\n<p>Ihr habt mir gut erkl\u00e4rt, was in dieser Pfarrei eure Gemeinschaft ausmacht. Zuerst hat es der Pfarrer gemacht, und dann ihr durch euren Vertreter. Ich sehe, dass diese Pfarrei im Aufbau ist, also vor allem das Geb\u00e4ude, der materielle Komplex. Wir wissen aber sehr gut, dass die Pfarrei vor allem auf dem Glauben erbaut wird, auf der Taufe, die uns auf die Eucharistie vorbereitet. Das ist der spirituelle Aufbau. Taufe bedeutet auch Katechumenat; und Neokatechumenat bedeutet, dass man immer zu diesem Weg zur\u00fcckkehren muss, der einst unsere Ahnen, die ersten Christen, auf die Taufe vorbereitete, um Kinder Gottes, Miterben Christi zu werden. \u201eNeokatechumenal\u201c, als zeitliche Realit\u00e4t, bedeutet eine Gemeinschaft, die in der Pfarrei die Neuheit des christlichen Lebens, seine Frische, seine Originalit\u00e4t wiederfindet, denn dies ist das Leben in seinem vollen Sinn, das g\u00f6ttliche Leben. Das ist das Leben, das f\u00fcr alle Ewigkeit vor uns liegt, nicht nur das Leben in diesen Jahren hier auf Erden. Das Leben mit Gott, das Leben als Kinder Gottes, beseelt vom eingeborenen Sohn Gottes, der das Wort ist, Mensch geworden und geboren von der Jungfrau Maria: Jesus Christus. Ich w\u00fcnsche euch, dass ihr ein guter Sauerteig der Neuheit des christlichen Lebens in dieser Gemeinschaft von St. Anna seid. Ich segne euch von Herzen.<\/p>\n\n<p><em>(*) Vgl. \u201eL\u2019Osservatore Romano\u201c, 3. \u2013 4. Dezember 1984 (eigene \u00dcbersetzung aus dem Italienischen).<\/em><\/p>\n","protected":false},"excerpt":{"rendered":"<p>BESUCH DER PFARREI ST. ANNA IN CASAL MORENA AM 02.12.1984 Hl. Johannes Paul II. Rom, 2. Dezember 1984* Die 110 Neokatechumenen, die von ihren Familien begleitet wurden, waren die ersten, die sich mit dem Papst trafen. Sie empfingen ihn in dem Raum, der gew\u00f6hnlich f\u00fcr die Messfeier genutzt wird, in ihrem gewohnten Stil, mit Singen und H\u00e4ndeklatschen als rhythmische Verst\u00e4rkung ihrer Stimmen. \u201eEin wirklicher Segen f\u00fcr unsere Pfarrei\u201c, sagte Don<\/p>\n<div class=\"read-more\"><a class=\"btn read-more-btn\" href=\"https:\/\/neocatechumenaleiter.org\/de\/worte-der-paepste\/hl-johannes-paul-ii\/besuch-der-pfarrei-st-anna-in-casal-morena-am-02-12-1984\/\">Mehr lesen<\/a><\/div>\n","protected":false},"author":2,"featured_media":0,"parent":10123,"menu_order":30,"comment_status":"closed","ping_status":"closed","template":"","meta":{"footnotes":""},"class_list":["post-13808","page","type-page","status-publish","hentry"],"_links":{"self":[{"href":"https:\/\/neocatechumenaleiter.org\/de\/wp-json\/wp\/v2\/pages\/13808","targetHints":{"allow":["GET"]}}],"collection":[{"href":"https:\/\/neocatechumenaleiter.org\/de\/wp-json\/wp\/v2\/pages"}],"about":[{"href":"https:\/\/neocatechumenaleiter.org\/de\/wp-json\/wp\/v2\/types\/page"}],"author":[{"embeddable":true,"href":"https:\/\/neocatechumenaleiter.org\/de\/wp-json\/wp\/v2\/users\/2"}],"replies":[{"embeddable":true,"href":"https:\/\/neocatechumenaleiter.org\/de\/wp-json\/wp\/v2\/comments?post=13808"}],"version-history":[{"count":1,"href":"https:\/\/neocatechumenaleiter.org\/de\/wp-json\/wp\/v2\/pages\/13808\/revisions"}],"predecessor-version":[{"id":13813,"href":"https:\/\/neocatechumenaleiter.org\/de\/wp-json\/wp\/v2\/pages\/13808\/revisions\/13813"}],"up":[{"embeddable":true,"href":"https:\/\/neocatechumenaleiter.org\/de\/wp-json\/wp\/v2\/pages\/10123"}],"wp:attachment":[{"href":"https:\/\/neocatechumenaleiter.org\/de\/wp-json\/wp\/v2\/media?parent=13808"}],"curies":[{"name":"wp","href":"https:\/\/api.w.org\/{rel}","templated":true}]}}