{"id":13822,"date":"2020-06-06T07:00:07","date_gmt":"2020-06-06T06:00:07","guid":{"rendered":"https:\/\/neocatechumenaleiter.org\/worte-der-paepste\/hl-johannes-paul-ii\/besuch-der-pfarrei-st-maria-vom-vertrauen-am-21-10-1990\/"},"modified":"2020-06-06T07:00:07","modified_gmt":"2020-06-06T06:00:07","slug":"besuch-der-pfarrei-st-maria-vom-vertrauen-am-21-10-1990","status":"publish","type":"page","link":"https:\/\/neocatechumenaleiter.org\/de\/worte-der-paepste\/hl-johannes-paul-ii\/besuch-der-pfarrei-st-maria-vom-vertrauen-am-21-10-1990\/","title":{"rendered":"BESUCH DER PFARREI ST. MARIA VOM VERTRAUEN AM 21.10.1990"},"content":{"rendered":"\n<h1 class=\"has-text-align-center wp-block-heading\">BESUCH DER PFARREI ST. MARIA VOM VERTRAUEN AM 21.10.1990<\/h1>\n\n<div style=\"height:20px\" aria-hidden=\"true\" class=\"wp-block-spacer\"><\/div>\n\n<h4 class=\"has-text-align-center wp-block-heading\">Hl. Johannes Paul II.<\/h4>\n\n<div style=\"height:20px\" aria-hidden=\"true\" class=\"wp-block-spacer\"><\/div>\n\n<p><strong>Rom, 21. Oktober 1990*<\/strong><\/p>\n\n<p><em>Seit zw\u00f6lf Jahren existieren und wirken neokatechumenale Gemeinschaften in der Pfarrei St. Maria vom Vertrauen. Zurzeit sind es vier Gemeinschaften, die f\u00fcr das Leben der Pfarrei vor allem im Bereich der Katechese und der Liturgie einen Beitrag leisten. Der Papst traf im Pfarrsaal auf mehr oder weniger jugendliche, engagierte Mitglieder des Weges, die ihn mit freudigem Gesang eines Marienliedes empfingen. Gastone Rocchetti, der erste Katechist dieser Pfarrei, stellte Papst Johannes Paul II. die Wirklichkeit der vier Gemeinschaften vor:<\/em><\/p>\n\n<p>Eure Heiligkeit, ich bin von der ersten neokatechumenalen Gemeinschaft der Pfarrei St. Iren\u00e4us in Centocelle. Es sind nun siebzehn Jahre, dass ich gl\u00fccklich auf dem Weg bin, und vor zw\u00f6lf Jahren \u2013 auf die Einladung des Pfarrers \u2013 bin ich, meine Frau und einige Br\u00fcder meiner Gemeinschaft in diese Pfarrei gekommen, um die Frohe Botschaft zu verk\u00fcnden. Es begann eine Katechese und es bildete sich eine Gemeinschaft. Heute gibt es hier in der Pfarrei vier Gemeinschaften. Die erste ist in der ,Traditio\u2018: Seit zwei Jahren gehen sie von Haus zu Haus, um das Kerygma zu bringen, indem sie den Tod und die Auferstehung unseres Herrn Jesus Christus verk\u00fcnden. Der zweiten Gemeinschaft wurde bei der Einweihung ins Gebet das Stundenbuch \u00fcbergeben. Die beiden anderen Gemeinschaften sind auf den ersten Etappen des Weges. All das, Eure Heiligkeit, geschieht im absoluten Gehorsam zur Kirche, zu ihren Amtstr\u00e4gern und zu den Initiatoren dieses Weges. Wir sind sehr froh, Eure Heiligkeit, dass Sie dem Neokatechumenalen Weg mit dem Brief, den sie an Bischof Cordes sandten, einen gro\u00dfen Impuls geben wollten. Wir, Eure Heiligkeit, sind uns des gro\u00dfen Geschenkes bewusst, das Gott uns gerade macht; denn jeder von uns hat die M\u00f6glichkeit, in seinem eigenen Fleisch die Rettung, die unser Herr Jesus Christus gebracht hat, zu erfahren und ein reichliches Pfand des ewigen Lebens zu genie\u00dfen. Eure Heiligkeit, segnen Sie uns.<\/p>\n\n<p><i> Dies sind die Worte, die der Papst an die Anwesenden richtete:<\/i><\/p>\n\n<p>Ich m\u00f6chte zwei Dinge unterstreichen. Das erste ist Folgendes: Ihr liebt es sehr, Lieder an die Muttergottes zu singen, an Maria, die nach den Worten Elisabeths dem Wort des Herrn geglaubt hat. Dies ist \u2013 so k\u00f6nnen wir sagen \u2013 ein Wort, ein emblematischer Text f\u00fcr eure Bewegung; f\u00fcr euren Weg, denn man darf nicht \u201eBewegung\u201c sagen. Sicher, wenn man geht, bewegt man sich auch\u2026 Also, ausgehend von diesem Wort, das wahrlich inspirierend ist, das auch die gesamte Enzyklika \u201eRedemptoris Mater\u201c inspiriert hat, w\u00fcnsche ich euch, dass ihr immer im Glauben geht und dass ihr die anderen, Nah- und Fernstehende, zu denen ihr gesandt seid, dazu bewegt, im Glauben zu gehen. Ich biete euch dann noch eine andere Beobachtung an: Ich wei\u00df, dass die Neokatechumenen Kinder lieben. Auch der Papst liebt Kinder, und so treffen wir uns immer wieder.<\/p>\n\n<p><i>(*) Vgl. \u201eL\u2019Osservatore Romano\u201c, 26. Oktober 1990 (eigene \u00dcbersetzung aus dem Italienischen). <\/i><\/p>\n","protected":false},"excerpt":{"rendered":"<p>BESUCH DER PFARREI ST. MARIA VOM VERTRAUEN AM 21.10.1990 Hl. Johannes Paul II. Rom, 21. Oktober 1990* Seit zw\u00f6lf Jahren existieren und wirken neokatechumenale Gemeinschaften in der Pfarrei St. Maria vom Vertrauen. Zurzeit sind es vier Gemeinschaften, die f\u00fcr das Leben der Pfarrei vor allem im Bereich der Katechese und der Liturgie einen Beitrag leisten. Der Papst traf im Pfarrsaal auf mehr oder weniger jugendliche, engagierte Mitglieder des Weges, die<\/p>\n<div class=\"read-more\"><a class=\"btn read-more-btn\" href=\"https:\/\/neocatechumenaleiter.org\/de\/worte-der-paepste\/hl-johannes-paul-ii\/besuch-der-pfarrei-st-maria-vom-vertrauen-am-21-10-1990\/\">Mehr lesen<\/a><\/div>\n","protected":false},"author":2,"featured_media":0,"parent":10123,"menu_order":62,"comment_status":"closed","ping_status":"closed","template":"","meta":{"footnotes":""},"class_list":["post-13822","page","type-page","status-publish","hentry"],"_links":{"self":[{"href":"https:\/\/neocatechumenaleiter.org\/de\/wp-json\/wp\/v2\/pages\/13822","targetHints":{"allow":["GET"]}}],"collection":[{"href":"https:\/\/neocatechumenaleiter.org\/de\/wp-json\/wp\/v2\/pages"}],"about":[{"href":"https:\/\/neocatechumenaleiter.org\/de\/wp-json\/wp\/v2\/types\/page"}],"author":[{"embeddable":true,"href":"https:\/\/neocatechumenaleiter.org\/de\/wp-json\/wp\/v2\/users\/2"}],"replies":[{"embeddable":true,"href":"https:\/\/neocatechumenaleiter.org\/de\/wp-json\/wp\/v2\/comments?post=13822"}],"version-history":[{"count":1,"href":"https:\/\/neocatechumenaleiter.org\/de\/wp-json\/wp\/v2\/pages\/13822\/revisions"}],"predecessor-version":[{"id":13823,"href":"https:\/\/neocatechumenaleiter.org\/de\/wp-json\/wp\/v2\/pages\/13822\/revisions\/13823"}],"up":[{"embeddable":true,"href":"https:\/\/neocatechumenaleiter.org\/de\/wp-json\/wp\/v2\/pages\/10123"}],"wp:attachment":[{"href":"https:\/\/neocatechumenaleiter.org\/de\/wp-json\/wp\/v2\/media?parent=13822"}],"curies":[{"name":"wp","href":"https:\/\/api.w.org\/{rel}","templated":true}]}}