{"id":13826,"date":"2020-06-06T07:18:05","date_gmt":"2020-06-06T06:18:05","guid":{"rendered":"https:\/\/neocatechumenaleiter.org\/worte-der-paepste\/hl-johannes-paul-ii\/besuch-der-pfarrei-zur-grossen-mutter-gottes-am-11-11-1984\/"},"modified":"2020-06-11T13:30:51","modified_gmt":"2020-06-11T12:30:51","slug":"besuch-der-pfarrei-zur-grossen-mutter-gottes-am-11-11-1984","status":"publish","type":"page","link":"https:\/\/neocatechumenaleiter.org\/de\/worte-der-paepste\/hl-johannes-paul-ii\/besuch-der-pfarrei-zur-grossen-mutter-gottes-am-11-11-1984\/","title":{"rendered":"BESUCH DER PFARREI ZUR GROSSEN MUTTER GOTTES AM 11.11.1984"},"content":{"rendered":"\n<h1 class=\"has-text-align-center wp-block-heading\">BESUCH DER PFARREI ZUR GROSSEN MUTTER GOTTES AM 11.11.1984<\/h1>\n\n<div style=\"height:20px\" aria-hidden=\"true\" class=\"wp-block-spacer\"><\/div>\n\n<h4 class=\"has-text-align-center wp-block-heading\">Hl. Johannes Paul II.<\/h4>\n\n<div style=\"height:20px\" aria-hidden=\"true\" class=\"wp-block-spacer\"><\/div>\n\n<p><strong>Rom, 11. November 1984<\/strong><\/p>\n\n<p><em>In der Pfarrkirche traf sich der Heilige Vater mit den Mitgliedern der vier neokatechumenalen Gemeinschaften \u2013 insgesamt ca. 130 Personen \u2013, die in der Pfarrei wirken. An sie, die mit ihren ganzen Familien anwesend waren, richtete Johannes Paul II. die folgenden Worte:<\/em><\/p>\n\n<p>Ihr habt auf eurem Glaubensweg zwei Entdeckungen gemacht. Die erste ist die Taufe, zumal sich ja auch die Formel \u201eneokatechumenal\u201c auf dieses Sakrament bezieht, in dem sich diese ganze Bandbreite des g\u00f6ttlichen Lebens verbirgt, das uns der Vater mit Christus im Heiligen Geist anbietet; die zweite Entdeckung ist der Mut zum Leben. Der Glaube muss bekannt werden, muss sich manifestieren, muss den anderen gebracht werden, muss der Welt gebracht werden. Ihr habt diesen Mut des Glaubens, der so oft den Christen abgeht, auch den Getauften. Dies ist vor allem ein Mangel des christlichen Lebens von heute. Ihr habt dieses Charisma des Mutes der Glaubensbezeugung. Ich w\u00fcnsche euch, dass ihr gute Arbeit im Vertiefen dieses Charismas und gute apostolische Arbeit in der Pfarrei zur Gro\u00dfen Mutter Gottes leistet. Ich w\u00fcnsche euch viel Freude in dieser Berufung, viel Freude in euren Familien, viel Freude in euren Kindern, die ihr besonders liebt, und denen ihr das ganze Leben gebt. M\u00f6gt ihr von diesen Kindern einen gro\u00dfen Trost bekommen. Sie sind die Hoffnung der vorhergehenden Generation. Mit diesen W\u00fcnschen segne ich euch von Herzen, zusammen mit denen, die euch nahestehen und allen Personen, zu denen ihr im Rahmen eures Itineranten-Apostolats geht.<br \/><br \/><i>(*) Vgl. \u201eL\u2019Osservatore Romano\u201c, 12. \u2013 13. November 1984 (eigene \u00dcbersetzung aus dem Italienischen).<\/i><\/p>\n","protected":false},"excerpt":{"rendered":"<p>BESUCH DER PFARREI ZUR GROSSEN MUTTER GOTTES AM 11.11.1984 Hl. Johannes Paul II. Rom, 11. November 1984 In der Pfarrkirche traf sich der Heilige Vater mit den Mitgliedern der vier neokatechumenalen Gemeinschaften \u2013 insgesamt ca. 130 Personen \u2013, die in der Pfarrei wirken. An sie, die mit ihren ganzen Familien anwesend waren, richtete Johannes Paul II. die folgenden Worte: Ihr habt auf eurem Glaubensweg zwei Entdeckungen gemacht. Die erste ist<\/p>\n<div class=\"read-more\"><a class=\"btn read-more-btn\" href=\"https:\/\/neocatechumenaleiter.org\/de\/worte-der-paepste\/hl-johannes-paul-ii\/besuch-der-pfarrei-zur-grossen-mutter-gottes-am-11-11-1984\/\">Mehr lesen<\/a><\/div>\n","protected":false},"author":2,"featured_media":0,"parent":10123,"menu_order":29,"comment_status":"closed","ping_status":"closed","template":"","meta":{"footnotes":""},"class_list":["post-13826","page","type-page","status-publish","hentry"],"_links":{"self":[{"href":"https:\/\/neocatechumenaleiter.org\/de\/wp-json\/wp\/v2\/pages\/13826","targetHints":{"allow":["GET"]}}],"collection":[{"href":"https:\/\/neocatechumenaleiter.org\/de\/wp-json\/wp\/v2\/pages"}],"about":[{"href":"https:\/\/neocatechumenaleiter.org\/de\/wp-json\/wp\/v2\/types\/page"}],"author":[{"embeddable":true,"href":"https:\/\/neocatechumenaleiter.org\/de\/wp-json\/wp\/v2\/users\/2"}],"replies":[{"embeddable":true,"href":"https:\/\/neocatechumenaleiter.org\/de\/wp-json\/wp\/v2\/comments?post=13826"}],"version-history":[{"count":3,"href":"https:\/\/neocatechumenaleiter.org\/de\/wp-json\/wp\/v2\/pages\/13826\/revisions"}],"predecessor-version":[{"id":14793,"href":"https:\/\/neocatechumenaleiter.org\/de\/wp-json\/wp\/v2\/pages\/13826\/revisions\/14793"}],"up":[{"embeddable":true,"href":"https:\/\/neocatechumenaleiter.org\/de\/wp-json\/wp\/v2\/pages\/10123"}],"wp:attachment":[{"href":"https:\/\/neocatechumenaleiter.org\/de\/wp-json\/wp\/v2\/media?parent=13826"}],"curies":[{"name":"wp","href":"https:\/\/api.w.org\/{rel}","templated":true}]}}