{"id":13828,"date":"2020-06-06T08:45:08","date_gmt":"2020-06-06T07:45:08","guid":{"rendered":"https:\/\/neocatechumenaleiter.org\/worte-der-paepste\/hl-johannes-paul-ii\/besuch-der-pfarrei-st-tarcisius-am-03-03-1985\/"},"modified":"2020-06-11T13:36:54","modified_gmt":"2020-06-11T12:36:54","slug":"besuch-der-pfarrei-st-tarcisius-am-03-03-1985","status":"publish","type":"page","link":"https:\/\/neocatechumenaleiter.org\/de\/worte-der-paepste\/hl-johannes-paul-ii\/besuch-der-pfarrei-st-tarcisius-am-03-03-1985\/","title":{"rendered":"BESUCH DER PFARREI ST. TARCISIUS AM 03.03.1985"},"content":{"rendered":"\n<h1 class=\"has-text-align-center wp-block-heading\">BESUCH DER PFARREI ST. TARCISIUS AM 03.03.1985<\/h1>\n\n<div style=\"height:20px\" aria-hidden=\"true\" class=\"wp-block-spacer\"><\/div>\n\n<h4 class=\"has-text-align-center wp-block-heading\">Hl. Johannes Paul II.<\/h4>\n\n<div style=\"height:20px\" aria-hidden=\"true\" class=\"wp-block-spacer\"><\/div>\n\n<p><strong>Rom, 3. M\u00e4rz 1985 *<\/strong><\/p>\n\n<p><em>In der Pfarrkirche stellte der Pfarrer dem Papst die neokatechumenalen Gemeinschaften vor. Die Mitglieder der ersten Gemeinschaft werden in den n\u00e4chsten Tagen eine neue Mission beginnen. Sie werden in die H\u00e4user des Viertels gehen, um das Evangelium zu verk\u00fcnden. \u201eEs ist ein wichtiger und auch schwieriger Augenblick f\u00fcr die Gemeinschaft\u201c, sagte der Pfarrer.<\/em><\/p>\n\n<p>Heiliger Vater <i>\u2013 sagte dann ein Mitglied der Gemeinschaften \u2013<\/i> es ist kein Zufall, dass mein Leben bei Pius XII. stehengeblieben ist, und ich es mit Ihnen unter Ihrem Pontifikat wiedergefunden habe, als h\u00e4tte ich die Existenz von drei P\u00e4psten absichtlich nicht wahrgenommen. Tats\u00e4chlich habe ich nach einer Kindheit mit strenger katholischen Erziehung im Alter von achtzehn Jahren geglaubt, dass man als Erwachsener eine konkrete Aufgabe hat: Die christliche Religion wie einen gef\u00e4hrlichen Aberglauben zu bek\u00e4mpfen. Ich hielt Christus und das Christentum f\u00fcr eine Utopie und f\u00fcr gescheitert, da f\u00fcr mich der nur Mensch allein f\u00e4hig war, seine Existenz zu gestalten. Diese verzerrte Weltsicht hat mich 25 Jahre lang innerlich, intellektuell und emotional in eine Verwirrung gest\u00fcrzt, aus der ich mich nicht befreien konnte. Auch der Suizid eines Freundes hat mich vor existenzielle Fragen gestellt, vor die Frage nach dem \u201eWarum?\u201c, ohne dass ich eine Antwort gefunden h\u00e4tte. Vor ungef\u00e4hr sechs Jahren kam der Herr, um mein Leben zu erf\u00fcllen. Er kam \u00fcberraschend und unerwartet in der Gestalt einiger Katechisten, die ihr Leben f\u00fcr die anderen hingaben. Von da an hat sich mein Leben ver\u00e4ndert; ich habe entdeckt, dass der Herr mich liebte wie kein anderer es je gekonnt h\u00e4tte. Ich hatte sogar die Liebe Gottes verzerrt, weil ich dachte, dass ich die anderen nicht so lieben k\u00f6nnte, wie er mich liebt. In dem Ma\u00dfe, in dem das Wort immer tiefer in mein Leben eindrang, entdeckte ich auch immer mehr das Erbarmen Gottes. Diese Liebe hat mich als Ehemann und Vater zu neuem Leben erweckt. Ich habe tats\u00e4chlich eine neue Ehefrau wiederentdeckt, die nicht ich, sondern der Herr f\u00fcr mich ausgew\u00e4hlt hat. Ich habe neue Kinder entdeckt, die Kinder Gottes sind. Heiliger Vater, mit meinem kurzen Zeugnis m\u00f6chte ich, was ich empfangen habe, der Kirche zur\u00fcckgeben, als Zeichen der Dankbarkeit und der kindlichen Liebe.<\/p>\n\n<div class=\"wp-block-image\"><figure class=\"alignright size-medium\"><img loading=\"lazy\" decoding=\"async\" width=\"300\" height=\"241\" src=\"https:\/\/neocatechumenaleiter.org\/wp-content\/uploads\/2020\/03\/Camino_Neocatecumenal_Juan_Pablo_II_visita_parroquia_San_Tarsicio_1985-300x241.jpg\" alt=\"\" class=\"wp-image-1863\" srcset=\"https:\/\/neocatechumenaleiter.org\/wp-content\/uploads\/2020\/03\/Camino_Neocatecumenal_Juan_Pablo_II_visita_parroquia_San_Tarsicio_1985-300x241.jpg 300w, https:\/\/neocatechumenaleiter.org\/wp-content\/uploads\/2020\/03\/Camino_Neocatecumenal_Juan_Pablo_II_visita_parroquia_San_Tarsicio_1985.jpg 698w\" sizes=\"auto, (max-width: 300px) 100vw, 300px\" \/><\/figure><\/div>\n\n<p><i>Der Papst richtete daraufhin an die Anwesenden die folgenden Worte:<\/i><br \/><br \/> Ich kenne euch, ihr begegnet mir in verschiedenen Pfarreien Roms, ich begegne euch auch verschiedenen L\u00e4ndern der Welt. Es ist sehr leicht, euch zu erkennen. Denn, wenn ihr beginnt, Gitarre zu spielen, und das Lied erklingt, das typisch f\u00fcr die Neokatechumenen ist, ganz gleich in welchem Teil der Welt \u2013 dann wei\u00df der Papst sofort, wer ihr seid und freut sich. Er freut sich \u00fcberall und er freut sich auch in dieser Pfarrei. Ich habe viele Male zu verschiedenen neokatechumenalen Gemeinschaften in verschiedenen Teilen Roms gesprochen und wei\u00df jetzt sehr gut, was die zwei charakteristischen Elemente eures Charismas sind. Das erste ist eine Begeisterung im Glauben. Begeisterung eines wiedergefundenen Glaubens. Des wiedergefundenen Glaubens auch in denen, die ihn immer schon hatten, vielleicht auch einen gelebten, einen praktizierten Glauben hatten \u2013 in denen, die mehr oder weniger aufrichtige und fromme Christen waren. Einmal wiedergefunden \u2013 in seiner vollen Bedeutung wiedergefunden, in seinem Geheimnis, in seiner \u00fcbernat\u00fcrlichen Gr\u00f6\u00dfe \u2013 schafft der Glaube Begeisterung. Diese Begeisterung des Glaubens ist so n\u00f6tig f\u00fcr unsere Zeit. Unsere kalte, gleichg\u00fcltige Zeit, unsere Zeit, die sich nicht engagieren will, die \u00fcber die Wahrheiten des Glaubens, Gottes, Christi sagt: \u201eWer wei\u00df? Kann schon sein.\u201c Wir ben\u00f6tigen diese Begeisterung, diese pers\u00f6nliche \u00dcberzeugung, die als einzige f\u00e4hig ist, auch die anderen zu \u00fcberzeugen.<\/p>\n\n<p>Dann, die zweite Sache, von der ich denke, dass sie zu eurem Charisma geh\u00f6rt: die radikale Umkehr. Ich habe eure zwei Zeugnisse, vor allem das erste, mit tiefer Ergriffenheit geh\u00f6rt, und ich habe sofort gedacht: Was wollen wir noch, wir haben ein weiteres Zeugnis von Paulus von Tarsus. Einer, der dagegen war, der sogar Jesus t\u00f6ten, das Christentum vernichten wollte. Dann, in einem einzigen Augenblick, hat er zu Jesus, dem Auferstandenen, gefunden und ist sein J\u00fcnger geworden, sein gl\u00fchendster, sein wirkungsvollster Apostel. Nun, ich denke, dass unsere Zeit \u2013 in der so viele Menschen den Glauben verloren und einen anderen Weg eingeschlagen haben und Ideologien und philosophischen Systemen folgen, auch indem sie Vereinigungen und Organisationen finden, die ein antireligi\u00f6ses Programm anbieten \u2013 nach radikalen Bekehrungen von der Art des Paulus von Tarsus verlangt. Ich sehe euch mit gro\u00dfer Freude und denke, ihr seid sehr notwendig in der heutigen Kirche, in der heutigen Welt. Ihr m\u00fcsst lediglich weitermachen, eure Charismen pflegen und eure Identit\u00e4t vertiefen, indem ihr euch immer sehr nahe bei den Hirten der Kirche haltet und immer der speziellen Gnade folgt, die zur Identit\u00e4t der neokatechumenalen Gemeinschaften geh\u00f6rt. <br \/><br \/><i>(*) Vgl. \u201eL\u2019Osservatore Romano\u201c, 4. \u2013 5. M\u00e4rz 1985 (eigene \u00dcbersetzung aus dem Italienischen).<\/i><\/p>\n","protected":false},"excerpt":{"rendered":"<p>BESUCH DER PFARREI ST. TARCISIUS AM 03.03.1985 Hl. Johannes Paul II. Rom, 3. M\u00e4rz 1985 * In der Pfarrkirche stellte der Pfarrer dem Papst die neokatechumenalen Gemeinschaften vor. Die Mitglieder der ersten Gemeinschaft werden in den n\u00e4chsten Tagen eine neue Mission beginnen. Sie werden in die H\u00e4user des Viertels gehen, um das Evangelium zu verk\u00fcnden. \u201eEs ist ein wichtiger und auch schwieriger Augenblick f\u00fcr die Gemeinschaft\u201c, sagte der Pfarrer. Heiliger<\/p>\n<div class=\"read-more\"><a class=\"btn read-more-btn\" href=\"https:\/\/neocatechumenaleiter.org\/de\/worte-der-paepste\/hl-johannes-paul-ii\/besuch-der-pfarrei-st-tarcisius-am-03-03-1985\/\">Mehr lesen<\/a><\/div>\n","protected":false},"author":2,"featured_media":0,"parent":10123,"menu_order":31,"comment_status":"closed","ping_status":"closed","template":"","meta":{"footnotes":""},"class_list":["post-13828","page","type-page","status-publish","hentry"],"_links":{"self":[{"href":"https:\/\/neocatechumenaleiter.org\/de\/wp-json\/wp\/v2\/pages\/13828","targetHints":{"allow":["GET"]}}],"collection":[{"href":"https:\/\/neocatechumenaleiter.org\/de\/wp-json\/wp\/v2\/pages"}],"about":[{"href":"https:\/\/neocatechumenaleiter.org\/de\/wp-json\/wp\/v2\/types\/page"}],"author":[{"embeddable":true,"href":"https:\/\/neocatechumenaleiter.org\/de\/wp-json\/wp\/v2\/users\/2"}],"replies":[{"embeddable":true,"href":"https:\/\/neocatechumenaleiter.org\/de\/wp-json\/wp\/v2\/comments?post=13828"}],"version-history":[{"count":3,"href":"https:\/\/neocatechumenaleiter.org\/de\/wp-json\/wp\/v2\/pages\/13828\/revisions"}],"predecessor-version":[{"id":14799,"href":"https:\/\/neocatechumenaleiter.org\/de\/wp-json\/wp\/v2\/pages\/13828\/revisions\/14799"}],"up":[{"embeddable":true,"href":"https:\/\/neocatechumenaleiter.org\/de\/wp-json\/wp\/v2\/pages\/10123"}],"wp:attachment":[{"href":"https:\/\/neocatechumenaleiter.org\/de\/wp-json\/wp\/v2\/media?parent=13828"}],"curies":[{"name":"wp","href":"https:\/\/api.w.org\/{rel}","templated":true}]}}