{"id":13836,"date":"2020-06-06T09:31:01","date_gmt":"2020-06-06T08:31:01","guid":{"rendered":"https:\/\/neocatechumenaleiter.org\/worte-der-paepste\/hl-johannes-paul-ii\/privataudienz-zur-aussendung-der-ersten-familien-fuer-die-neuevangelisierung-am-15-01-1986\/"},"modified":"2020-06-06T14:40:07","modified_gmt":"2020-06-06T13:40:07","slug":"privataudienz-zur-aussendung-der-ersten-familien-fuer-die-neuevangelisierung-am-15-01-1986","status":"publish","type":"page","link":"https:\/\/neocatechumenaleiter.org\/de\/worte-der-paepste\/hl-johannes-paul-ii\/privataudienz-zur-aussendung-der-ersten-familien-fuer-die-neuevangelisierung-am-15-01-1986\/","title":{"rendered":"PRIVATAUDIENZ ZUR AUSSENDUNG DER ERSTEN FAMILIEN F\u00dcR DIE \u201eNEUEVANGELISIERUNG\u201c AM 15.01.1986"},"content":{"rendered":"\n<h1 class=\"has-text-align-center wp-block-heading\">PRIVATAUDIENZ ZUR AUSSENDUNG DER ERSTEN FAMILIEN F\u00dcR DIE \u201eNEUEVANGELISIERUNG\u201c AM 15.01.1986<\/h1>\n\n<div style=\"height:20px\" aria-hidden=\"true\" class=\"wp-block-spacer\"><\/div>\n\n<h4 class=\"has-text-align-center wp-block-heading\">Hl. Johannes Paul II.<\/h4>\n\n<div style=\"height:20px\" aria-hidden=\"true\" class=\"wp-block-spacer\"><\/div>\n\n<p><strong>Vatikanstadt, 15. Januar 1986<\/strong><\/p>\n\n<p><em>Im Rahmen einer Privataudienz hat der Heilige Vater heute die ersten drei Familien in die St\u00e4dte Oulu (Finnland), Hamburg und Stra\u00dfburg gesandt. Sie sind dazu bestimmt, einer neuen Form der Evangelisierung f\u00fcr die Fernstehenden den Weg zu \u00f6ffnen. Diese Familien gehen mit ihren Kindern in die Stadtviertel, die f<\/em><em>\u00fcr sie bestimmt sind, suchen sich dort Wohnung, Arbeit, Schule usw. und teilen die Lebensumst<\/em><em>\u00e4nde, um jenen, die dort wohnen, Zeugnis von Jesus Christus zu geben, als einem, dem sie begegnet sind, und den sie als den einzigen erkannt haben, der ihrem Leben Sinn und F\u00fclle geben kann. Diese Familien werden von einem Priester und einem jungen Mann begleitet, die mit ihnen im Hinblick auf eine authentische \u201eimplantatio ecclesiae\u201c (Einpflanzung der Kirche) zusammenarbeiten.<\/em><\/p>\n\n<div class=\"wp-block-image\"><figure class=\"aligncenter size-large\"><img loading=\"lazy\" decoding=\"async\" width=\"494\" height=\"345\" src=\"https:\/\/neocatechumenaleiter.org\/wp-content\/uploads\/2020\/03\/Camino_Neocatecumenal_Juan_Pablo_II_audiencia_privada_famlias_en_mision_1986.jpg\" alt=\"\" class=\"wp-image-8396\" srcset=\"https:\/\/neocatechumenaleiter.org\/wp-content\/uploads\/2020\/03\/Camino_Neocatecumenal_Juan_Pablo_II_audiencia_privada_famlias_en_mision_1986.jpg 494w, https:\/\/neocatechumenaleiter.org\/wp-content\/uploads\/2020\/03\/Camino_Neocatecumenal_Juan_Pablo_II_audiencia_privada_famlias_en_mision_1986-300x210.jpg 300w\" sizes=\"auto, (max-width: 494px) 100vw, 494px\" \/><\/figure><\/div>\n","protected":false},"excerpt":{"rendered":"<p>PRIVATAUDIENZ ZUR AUSSENDUNG DER ERSTEN FAMILIEN F\u00dcR DIE \u201eNEUEVANGELISIERUNG\u201c AM 15.01.1986 Hl. Johannes Paul II. Vatikanstadt, 15. Januar 1986 Im Rahmen einer Privataudienz hat der Heilige Vater heute die ersten drei Familien in die St\u00e4dte Oulu (Finnland), Hamburg und Stra\u00dfburg gesandt. Sie sind dazu bestimmt, einer neuen Form der Evangelisierung f\u00fcr die Fernstehenden den Weg zu \u00f6ffnen. Diese Familien gehen mit ihren Kindern in die Stadtviertel, die f\u00fcr sie bestimmt<\/p>\n<div class=\"read-more\"><a class=\"btn read-more-btn\" href=\"https:\/\/neocatechumenaleiter.org\/de\/worte-der-paepste\/hl-johannes-paul-ii\/privataudienz-zur-aussendung-der-ersten-familien-fuer-die-neuevangelisierung-am-15-01-1986\/\">Mehr lesen<\/a><\/div>\n","protected":false},"author":2,"featured_media":0,"parent":10123,"menu_order":34,"comment_status":"closed","ping_status":"closed","template":"","meta":{"footnotes":""},"class_list":["post-13836","page","type-page","status-publish","hentry"],"_links":{"self":[{"href":"https:\/\/neocatechumenaleiter.org\/de\/wp-json\/wp\/v2\/pages\/13836","targetHints":{"allow":["GET"]}}],"collection":[{"href":"https:\/\/neocatechumenaleiter.org\/de\/wp-json\/wp\/v2\/pages"}],"about":[{"href":"https:\/\/neocatechumenaleiter.org\/de\/wp-json\/wp\/v2\/types\/page"}],"author":[{"embeddable":true,"href":"https:\/\/neocatechumenaleiter.org\/de\/wp-json\/wp\/v2\/users\/2"}],"replies":[{"embeddable":true,"href":"https:\/\/neocatechumenaleiter.org\/de\/wp-json\/wp\/v2\/comments?post=13836"}],"version-history":[{"count":3,"href":"https:\/\/neocatechumenaleiter.org\/de\/wp-json\/wp\/v2\/pages\/13836\/revisions"}],"predecessor-version":[{"id":13883,"href":"https:\/\/neocatechumenaleiter.org\/de\/wp-json\/wp\/v2\/pages\/13836\/revisions\/13883"}],"up":[{"embeddable":true,"href":"https:\/\/neocatechumenaleiter.org\/de\/wp-json\/wp\/v2\/pages\/10123"}],"wp:attachment":[{"href":"https:\/\/neocatechumenaleiter.org\/de\/wp-json\/wp\/v2\/media?parent=13836"}],"curies":[{"name":"wp","href":"https:\/\/api.w.org\/{rel}","templated":true}]}}