{"id":13868,"date":"2020-06-06T11:16:21","date_gmt":"2020-06-06T10:16:21","guid":{"rendered":"https:\/\/neocatechumenaleiter.org\/worte-der-paepste\/hl-johannes-paul-ii\/privataudienz-fuer-neokatechumenale-gemeinschaften-aus-spanien-und-italien\/"},"modified":"2020-06-08T13:19:02","modified_gmt":"2020-06-08T12:19:02","slug":"privataudienz-fuer-neokatechumenale-gemeinschaften-aus-spanien-und-italien","status":"publish","type":"page","link":"https:\/\/neocatechumenaleiter.org\/de\/worte-der-paepste\/hl-johannes-paul-ii\/privataudienz-fuer-neokatechumenale-gemeinschaften-aus-spanien-und-italien\/","title":{"rendered":"PRIVATAUDIENZ F\u00dcR NEOKATECHUMENALE GEMEINSCHAFTEN AUS SPANIEN UND ITALIEN"},"content":{"rendered":"\n<h1 class=\"has-text-align-center wp-block-heading\">PRIVATAUDIENZ F\u00dcR NEOKATECHUMENALE GEMEINSCHAFTEN AUS SPANIEN UND ITALIEN AM 07.12.1986<\/h1>\n\n<div style=\"height:20px\" aria-hidden=\"true\" class=\"wp-block-spacer\"><\/div>\n\n<h4 class=\"has-text-align-center wp-block-heading\">Hl. Johannes Paul II.<\/h4>\n\n<div style=\"height:20px\" aria-hidden=\"true\" class=\"wp-block-spacer\"><\/div>\n\n<p><strong>Vatikanstadt, Sala Clementina, 7. Dezember 1986 *<\/strong><\/p>\n\n<p><em>Der Papst hat heute Morgen die Mitglieder der neokatechumenalen Gemeinschaften aus f\u00fcnf Pfarreien Spaniens und einer Pfarrei in Ivrea (Italien) in Privataudienz empfangen, die sich auf der Pilgerreise zum Grab des heiligen Petrus und zum heiligen Haus von Loreto befanden. Diese ist die Rede des Heiligen Vaters:<\/em><\/p>\n\n<p>Dieses Treffen mit euch ist Grund zu besonderer Freude, Br\u00fcder und Schwestern der neokatechumenalen Gemeinschaften, die ihr gekommen seid, euren christlichen Glauben zu bekennen und zu proklamieren. Mit eurem Besuch in Rom legt ihr ein Bekenntnis zur Katholizit\u00e4t und zur Universalit\u00e4t vor dem Nachfolger Petri in dieser wichtigen Etappe eures Neokatechumenalen Weges ab: eine Pilgerfahrt zum Zentrum der Christenheit im vollentfalteten 20. Jahrhundert, ein Zeichen eures Willens zur Einheit und zur Treue zur Kirche Christi.<br\/><br\/>&#13;\nAuf eurem Weg durfte der Besuch bei der Mutter nicht fehlen: Deshalb werdet ihr eure Hoffnungen und eure apostolischen Sehns\u00fcchte der Allerseligsten Jungfrau zu F\u00fc\u00dfen legen, mit dem Ziel, dass ihr G\u00f6ttlicher Sohn auf ihre F\u00fcrsprache euer Zeugnis des Gebetes, der Aufopferung, der Liebe und des Dienstes an den Br\u00fcdern wirklich fruchtbar mache. Ich m\u00f6chte euch auf eurem Weg der Verk\u00fcndigung der Frohen Botschaft vom Reich Gottes ermutigen, damit ihr Tr\u00e4ger der Botschaft von Hoffnung seid. Ich wiederhole euch die Aufforderung des heiligen Petrus: \u201eSeid stets bereit, jedem Rede und Antwort zu stehen, der nach der Hoffnung fragt, die euch erf\u00fcllt\u201c. M\u00f6ge diese liturgische Zeit, die wir gerade erleben, zu einer gro\u00dfen Erwartung der Ankunft des Erl\u00f6sers werden, welcher der \u00dcberbringer des Friedens ist, den die Welt nicht geben kann. In meinen Gebeten vertraue ich euch Maria an, dem Vorbild der Hoffnung, damit euer gro\u00dfz\u00fcgiger evangeliumsgem\u00e4\u00dfer Dienst, in voller Gemeinschaft mit den Hirten der Kirche, reiche Fr\u00fcchte des christlichen Lebens bringe. Ich segne euch von ganzem Herzen: \u00c4ltere und Kinder, Br\u00fcder und Schwestern \u2013 euch alle. Im Namen des Vaters und des Sohnes und des Heiligen Geistes.<\/p>\n\n<p><em>(*) Cfr. \u00abL\u2019Osservatore Romano\u00bb, 9-10 dicembre 1986.<\/em><\/p>\n\n<figure class=\"wp-block-gallery aligncenter columns-2 is-cropped wp-block-gallery-1 is-layout-flex wp-block-gallery-is-layout-flex\"><ul class=\"blocks-gallery-grid\"><li class=\"blocks-gallery-item\"><figure><img loading=\"lazy\" decoding=\"async\" width=\"690\" height=\"560\" src=\"https:\/\/neocatechumenaleiter.org\/wp-content\/uploads\/2020\/03\/Camino_Neocatecumenal_Juan_Pablo_II_visita_parroquia_San_Felice_1986.jpg\" alt=\"PRIVATAUDIENZ F&#xDC;R NEOKATECHUMENALE GEMEINSCHAFTEN AUS SPANIEN UND ITALIEN\" data-id=\"1947\" data-full-url=\"https:\/\/neocatechumenaleiter.org\/wp-content\/uploads\/2020\/03\/Camino_Neocatecumenal_Juan_Pablo_II_visita_parroquia_San_Felice_1986.jpg\" data-link=\"https:\/\/neocatechumenaleiter.org\/palabras-de-los-papas\/s-juan-pablo-ii\/visita-a-la-parroquia-de-san-felice-da-cantalice-4-5-1986\/camino_neocatecumenal_juan_pablo_ii_visita_parroquia_san_felice_1986\/\" class=\"wp-image-7115\" srcset=\"https:\/\/neocatechumenaleiter.org\/wp-content\/uploads\/2020\/03\/Camino_Neocatecumenal_Juan_Pablo_II_visita_parroquia_San_Felice_1986.jpg 690w, https:\/\/neocatechumenaleiter.org\/wp-content\/uploads\/2020\/03\/Camino_Neocatecumenal_Juan_Pablo_II_visita_parroquia_San_Felice_1986-300x243.jpg 300w\" sizes=\"auto, (max-width: 690px) 100vw, 690px\" \/><figcaption class=\"blocks-gallery-item__caption\">Die Initiatoren des Neokatechumenalen Weges gr\u00fc\u00dfen Papst Johannes Paul II.<\/figcaption><\/figure><\/li><li class=\"blocks-gallery-item\"><figure><img loading=\"lazy\" decoding=\"async\" width=\"689\" height=\"560\" src=\"https:\/\/neocatechumenaleiter.org\/wp-content\/uploads\/2020\/03\/Camino_Neocatecumenal_Juan_Pablo_II_visita_parroquia_San_Felice_19862.jpg\" alt=\"PRIVATAUDIENZ F&#xDC;R NEOKATECHUMENALE GEMEINSCHAFTEN AUS SPANIEN UND ITALIEN\" data-id=\"1954\" data-full-url=\"https:\/\/neocatechumenaleiter.org\/wp-content\/uploads\/2020\/03\/Camino_Neocatecumenal_Juan_Pablo_II_visita_parroquia_San_Felice_19862.jpg\" data-link=\"https:\/\/neocatechumenaleiter.org\/palabras-de-los-papas\/s-juan-pablo-ii\/visita-a-la-parroquia-de-san-felice-da-cantalice-4-5-1986\/camino_neocatecumenal_juan_pablo_ii_visita_parroquia_san_felice_19862\/\" class=\"wp-image-7118\" srcset=\"https:\/\/neocatechumenaleiter.org\/wp-content\/uploads\/2020\/03\/Camino_Neocatecumenal_Juan_Pablo_II_visita_parroquia_San_Felice_19862.jpg 689w, https:\/\/neocatechumenaleiter.org\/wp-content\/uploads\/2020\/03\/Camino_Neocatecumenal_Juan_Pablo_II_visita_parroquia_San_Felice_19862-300x244.jpg 300w\" sizes=\"auto, (max-width: 689px) 100vw, 689px\" \/><figcaption class=\"blocks-gallery-item__caption\">Die Gemeinschaften singen das Glaubensbekenntnis in Anwesenheit des Papstes<\/figcaption><\/figure><\/li><\/ul><\/figure>","protected":false},"excerpt":{"rendered":"<p>PRIVATAUDIENZ F\u00dcR NEOKATECHUMENALE GEMEINSCHAFTEN AUS SPANIEN UND ITALIEN AM 07.12.1986 Hl. Johannes Paul II. Vatikanstadt, Sala Clementina, 7. Dezember 1986 * Der Papst hat heute Morgen die Mitglieder der neokatechumenalen Gemeinschaften aus f\u00fcnf Pfarreien Spaniens und einer Pfarrei in Ivrea (Italien) in Privataudienz empfangen, die sich auf der Pilgerreise zum Grab des heiligen Petrus und zum heiligen Haus von Loreto befanden. Diese ist die Rede des Heiligen Vaters: Dieses Treffen<\/p>\n<div class=\"read-more\"><a class=\"btn read-more-btn\" href=\"https:\/\/neocatechumenaleiter.org\/de\/worte-der-paepste\/hl-johannes-paul-ii\/privataudienz-fuer-neokatechumenale-gemeinschaften-aus-spanien-und-italien\/\">Mehr lesen<\/a><\/div>\n","protected":false},"author":2,"featured_media":0,"parent":10123,"menu_order":38,"comment_status":"closed","ping_status":"closed","template":"","meta":{"footnotes":""},"class_list":["post-13868","page","type-page","status-publish","hentry"],"_links":{"self":[{"href":"https:\/\/neocatechumenaleiter.org\/de\/wp-json\/wp\/v2\/pages\/13868","targetHints":{"allow":["GET"]}}],"collection":[{"href":"https:\/\/neocatechumenaleiter.org\/de\/wp-json\/wp\/v2\/pages"}],"about":[{"href":"https:\/\/neocatechumenaleiter.org\/de\/wp-json\/wp\/v2\/types\/page"}],"author":[{"embeddable":true,"href":"https:\/\/neocatechumenaleiter.org\/de\/wp-json\/wp\/v2\/users\/2"}],"replies":[{"embeddable":true,"href":"https:\/\/neocatechumenaleiter.org\/de\/wp-json\/wp\/v2\/comments?post=13868"}],"version-history":[{"count":14,"href":"https:\/\/neocatechumenaleiter.org\/de\/wp-json\/wp\/v2\/pages\/13868\/revisions"}],"predecessor-version":[{"id":14046,"href":"https:\/\/neocatechumenaleiter.org\/de\/wp-json\/wp\/v2\/pages\/13868\/revisions\/14046"}],"up":[{"embeddable":true,"href":"https:\/\/neocatechumenaleiter.org\/de\/wp-json\/wp\/v2\/pages\/10123"}],"wp:attachment":[{"href":"https:\/\/neocatechumenaleiter.org\/de\/wp-json\/wp\/v2\/media?parent=13868"}],"curies":[{"name":"wp","href":"https:\/\/api.w.org\/{rel}","templated":true}]}}