{"id":13872,"date":"2020-06-06T14:25:53","date_gmt":"2020-06-06T13:25:53","guid":{"rendered":"https:\/\/neocatechumenaleiter.org\/worte-der-paepste\/hl-johannes-paul-ii\/besuch-der-pfarrei-st-maria-regina-mundi-in-torre-spaccata-am-14-12-1986\/"},"modified":"2020-06-11T13:42:05","modified_gmt":"2020-06-11T12:42:05","slug":"besuch-der-pfarrei-st-maria-regina-mundi-in-torre-spaccata-am-14-12-1986","status":"publish","type":"page","link":"https:\/\/neocatechumenaleiter.org\/de\/worte-der-paepste\/hl-johannes-paul-ii\/besuch-der-pfarrei-st-maria-regina-mundi-in-torre-spaccata-am-14-12-1986\/","title":{"rendered":"BESUCH DER PFARREI ST. MARIA REGINA MUNDI IN TORRE SPACCATA AM 14.12.1986"},"content":{"rendered":"\n<h1 class=\"has-text-align-center wp-block-heading\">BESUCH DER PFARREI ST. MARIA REGINA MUNDI IN TORRE SPACCATA AM 14.12.1986<\/h1>\n\n<div style=\"height:20px\" aria-hidden=\"true\" class=\"wp-block-spacer\"><\/div>\n\n<h4 class=\"has-text-align-center wp-block-heading\">Hl. Johannes Paul II.<\/h4>\n\n<div style=\"height:20px\" aria-hidden=\"true\" class=\"wp-block-spacer\"><\/div>\n\n<p><strong>Rom, 14. Dezember 1986 *<\/strong><\/p>\n\n<p><em>Nach dem Treffen mit dem Pfarrgemeinderat traf sich der Papst in einem anderen Raum mit den Vertretern aller Gruppierungen und Verb\u00e4nde, die ihm vom Pfarrer vorgestellt wurden.\u00a0Unter den Gl\u00e4ubigen waren auch einige Fahrende anwesend.\u00a0An alle sprach der Papst diese Worte:<\/em><\/p>\n\n<p>Ich gr\u00fc\u00dfe alle Anwesenden und durch euch alle Apostolatsgruppen der Laien: Unterschiedliche Gruppierungen, die durch ein bestimmtes Programm, durch eine bestimmte Spiritualit\u00e4t gekennzeichnet sind. Zum Beispiel gibt es die karmelitische Spiritualit\u00e4t, die ihr sichtbares Zeichen im karmelitischen Skapulier hat, das ich seit vielen Jahren trage. Dann gibt es die neokatechumenale Spiritualit\u00e4t und die anderer Gruppen. Andere Programme, andere Spiritualit\u00e4ten; alle tragen zum Gemeinwohl der Kirche bei. Was ich sage, entspricht den Worten des heiligen Paulus: Die Kirche ist Leib Christi. Viele Organe, viele Glieder, viele Zellen tragen zum Leben des K\u00f6rpers, eines Organismus bei. Ebenso sind wir ein mystischer Organismus, der Leib Christi genannt wird. Viele Organe, viele Glieder, viele Zellen tragen zum Leben dieses K\u00f6rpers, eines Organismus bei. Wir sind auch ein mystischer Organismus, der Leib Christi genannt wird, und wir alle empfangen von diesem Organismus die verschiedenen Impulse des Heiligen Geistes, die verschiedenen Gnaden; besondere Gnaden; die verschiedenen Charismen. Dann versuchen wir mit diesen Impulsen, mit diesen Gnaden zum Wohl des Leibes beizutragen, zum Wohl des gesamten mystischen Leib Christi, das hei\u00dft der Gemeinde, die in der paulinischen Analogie der Leib Christi ist. Ich m\u00f6chte meine gro\u00dfe Freude \u00fcber die Art ausdr\u00fccken, wie ihr heute den 25. Jahrestag eurer Gemeinde gefeiert habt, eine sehr w\u00fcrdige, sehr sch\u00f6ne Art, mit so viel Beteiligung und mit einer Feier, bei der gut gebetet und gesungen wurde. Und dann dr\u00fccke ich meine Freude zur Kr\u00f6nung der Madonna, K\u00f6nigin der Welt aus. Ich w\u00fcnsche jedem von euch und euren Gruppen alles Gute. M\u00f6gen sie eine Quelle des Guten f\u00fcr andere und f\u00fcr euch selbst sein. Ich w\u00fcnsche euch auch frohe Weihnachten.<br \/><br \/><i>(*) Vgl. &#8222;L&#8217;Osservatore Romano&#8220;, 15.-16. Dezember 1986 (eigene \u00dcbersetzung aus dem Italienischen).<\/i><\/p>\n","protected":false},"excerpt":{"rendered":"<p>BESUCH DER PFARREI ST. MARIA REGINA MUNDI IN TORRE SPACCATA AM 14.12.1986 Hl. Johannes Paul II. Rom, 14. Dezember 1986 * Nach dem Treffen mit dem Pfarrgemeinderat traf sich der Papst in einem anderen Raum mit den Vertretern aller Gruppierungen und Verb\u00e4nde, die ihm vom Pfarrer vorgestellt wurden.\u00a0Unter den Gl\u00e4ubigen waren auch einige Fahrende anwesend.\u00a0An alle sprach der Papst diese Worte: Ich gr\u00fc\u00dfe alle Anwesenden und durch euch alle Apostolatsgruppen<\/p>\n<div class=\"read-more\"><a class=\"btn read-more-btn\" href=\"https:\/\/neocatechumenaleiter.org\/de\/worte-der-paepste\/hl-johannes-paul-ii\/besuch-der-pfarrei-st-maria-regina-mundi-in-torre-spaccata-am-14-12-1986\/\">Mehr lesen<\/a><\/div>\n","protected":false},"author":2,"featured_media":0,"parent":10123,"menu_order":39,"comment_status":"closed","ping_status":"closed","template":"","meta":{"footnotes":""},"class_list":["post-13872","page","type-page","status-publish","hentry"],"_links":{"self":[{"href":"https:\/\/neocatechumenaleiter.org\/de\/wp-json\/wp\/v2\/pages\/13872","targetHints":{"allow":["GET"]}}],"collection":[{"href":"https:\/\/neocatechumenaleiter.org\/de\/wp-json\/wp\/v2\/pages"}],"about":[{"href":"https:\/\/neocatechumenaleiter.org\/de\/wp-json\/wp\/v2\/types\/page"}],"author":[{"embeddable":true,"href":"https:\/\/neocatechumenaleiter.org\/de\/wp-json\/wp\/v2\/users\/2"}],"replies":[{"embeddable":true,"href":"https:\/\/neocatechumenaleiter.org\/de\/wp-json\/wp\/v2\/comments?post=13872"}],"version-history":[{"count":3,"href":"https:\/\/neocatechumenaleiter.org\/de\/wp-json\/wp\/v2\/pages\/13872\/revisions"}],"predecessor-version":[{"id":14805,"href":"https:\/\/neocatechumenaleiter.org\/de\/wp-json\/wp\/v2\/pages\/13872\/revisions\/14805"}],"up":[{"embeddable":true,"href":"https:\/\/neocatechumenaleiter.org\/de\/wp-json\/wp\/v2\/pages\/10123"}],"wp:attachment":[{"href":"https:\/\/neocatechumenaleiter.org\/de\/wp-json\/wp\/v2\/media?parent=13872"}],"curies":[{"name":"wp","href":"https:\/\/api.w.org\/{rel}","templated":true}]}}