{"id":13874,"date":"2020-06-06T14:32:55","date_gmt":"2020-06-06T13:32:55","guid":{"rendered":"https:\/\/neocatechumenaleiter.org\/worte-der-paepste\/hl-johannes-paul-ii\/eucharistie-mit-den-itineranten-teams-und-den-familien-in-mission-in-castel-gandolfo-am-28-12-1986\/"},"modified":"2020-06-06T14:32:55","modified_gmt":"2020-06-06T13:32:55","slug":"eucharistie-mit-den-itineranten-teams-und-den-familien-in-mission-in-castel-gandolfo-am-28-12-1986","status":"publish","type":"page","link":"https:\/\/neocatechumenaleiter.org\/de\/worte-der-paepste\/hl-johannes-paul-ii\/eucharistie-mit-den-itineranten-teams-und-den-familien-in-mission-in-castel-gandolfo-am-28-12-1986\/","title":{"rendered":"EUCHARISTIE MIT DEN ITINERANTEN-TEAMS UND DEN FAMILIEN IN MISSION IN CASTEL GANDOLFO AM 28.12.1986"},"content":{"rendered":"\n<h1 class=\"has-text-align-center wp-block-heading\">EUCHARISTIE MIT DEN ITINERANTEN-TEAMS UND DEN FAMILIEN IN MISSION IN CASTEL GANDOLFO AM 28.12.1986<\/h1>\n\n<div style=\"height:20px\" aria-hidden=\"true\" class=\"wp-block-spacer\"><\/div>\n\n<h4 class=\"has-text-align-center wp-block-heading\">Hl. Johannes Paul II.<\/h4>\n\n<div style=\"height:20px\" aria-hidden=\"true\" class=\"wp-block-spacer\"><\/div>\n\n<div class=\"wp-block-image\"><figure class=\"alignleft size-large\"><img loading=\"lazy\" decoding=\"async\" width=\"768\" height=\"685\" src=\"https:\/\/neocatechumenaleiter.org\/wp-content\/uploads\/2020\/03\/Camino_Neocatecumenal_Juan_Pablo_II_audiencia_privada_itinerantes_familias_en_mision_1986.jpg\" alt=\"\" class=\"wp-image-7182\" srcset=\"https:\/\/neocatechumenaleiter.org\/wp-content\/uploads\/2020\/03\/Camino_Neocatecumenal_Juan_Pablo_II_audiencia_privada_itinerantes_familias_en_mision_1986.jpg 768w, https:\/\/neocatechumenaleiter.org\/wp-content\/uploads\/2020\/03\/Camino_Neocatecumenal_Juan_Pablo_II_audiencia_privada_itinerantes_familias_en_mision_1986-300x268.jpg 300w\" sizes=\"auto, (max-width: 768px) 100vw, 768px\" \/><\/figure><\/div>\n\n<p><strong>Castel Gandolfo, 28. Dezember 1986<\/strong><\/p>\n\n<p><em>Heute Morgen hat eine Gruppe von ungef\u00e4hr 400 Katechisten-Itineranten der neokatechumenalen Gemeinschaften der Heiligen Messe des Heiligen Vaters in Castel Gandolfo beigewohnt. Am Ende der Messe hat ihnen der Papst die Missionskreuze \u00fcbergeben. An diese Katechisten, die an einem Treffen zur Reflexion \u00fcber die Evangelisierung Europas (Porto San Giorgio, 22. Dezember bis 6. Januar) teilnahmen, richtete der Papst am Ende der Feier einige Worte und \u00fcbergab ihnen die Missionskreuze. (Radio Vaticana \u2013 Radiojournal vom 28. Dezember 1986).<\/em> <em>Kiko Arg\u00fcello hat dem Papst die Katechisten-Itineranten und die Familien mit diesen Worten vorgestellt:<\/em><\/p>\n\n<p>Lieber Heiliger Vater, hier sind die verantwortlichen Itineranten-Teams von 70 Nationen anwesend, die aus aller Welt zu einer Konvivenz von 20-t\u00e4giger Dauer gekommen sind, um nachzudenken und vor allem gemeinsam die <i>Communio<i><\/i> zu erleben.<\/i><\/p>\n\n<p><p class=\"Zitat1\" style=\"text-align: justify;text-indent: 0cm;margin: 0cm 0cm 6.0pt 0cm\"><span lang=\"DE\">Es sind auch die zw\u00f6lf Familien anwesend, die von den Bisch\u00f6fen von Hannover, Stockholm und Kopenhagen und verschiedenen anderen Orten gerufen worden sind. Diese werden nach dieser Konvivenz nach Nordeuropa abreisen, um zu evangelisieren. Sie machen sich mit all ihren Kindern auf den Weg. Wir haben hier ca. 70 Priester, 48 Familien mit 203 Kindern (durchschnittlich je f\u00fcnf Kinder pro Familie), 64 junge M\u00e4nner, 28 junge Frauen und auch 16 Seminaristen, die uns begleiten. Also, es sind mehr oder weniger alle hier, die die Evangelisierung durch den Neokatechumenalen Weg in der ganzen Welt vorantreiben. <\/span><\/p><\/p>\n\n<p>Wir danken Ihnen, Vater, f\u00fcr diese Zusammenkunft, die zwanzig Jahre seit der Entstehung des Neokatechumenalen Weges und der Evangelisierung in der ganzen Welt besiegelt. Wir sind auch der Familie von Nazareth und der Jungfrau Maria f\u00fcr dieses Treffen sehr dankbar.<\/p>\n\n<p><em>Am Ende der Feier wandte sich der Papst mit folgenden Worten an die Anwesenden:<\/em><\/p>\n\n<div class=\"wp-block-image\"><figure class=\"alignright size-large\"><img loading=\"lazy\" decoding=\"async\" width=\"480\" height=\"335\" src=\"https:\/\/neocatechumenaleiter.org\/wp-content\/uploads\/2020\/03\/Camino_Neocatecumenal_Juan_Pablo_II_audiencia_privada_itinerantes_familias_en_mision_19862.jpg\" alt=\"\" class=\"wp-image-7185\" srcset=\"https:\/\/neocatechumenaleiter.org\/wp-content\/uploads\/2020\/03\/Camino_Neocatecumenal_Juan_Pablo_II_audiencia_privada_itinerantes_familias_en_mision_19862.jpg 480w, https:\/\/neocatechumenaleiter.org\/wp-content\/uploads\/2020\/03\/Camino_Neocatecumenal_Juan_Pablo_II_audiencia_privada_itinerantes_familias_en_mision_19862-300x209.jpg 300w\" sizes=\"auto, (max-width: 480px) 100vw, 480px\" \/><\/figure><\/div>\n\n<p>Meine Lieben, wir haben diese heilige Eucharistie gefeiert, und dabei den Weg der Heiligen Familie von Nazareth, von Josef, Maria und Jesus, von Jesus, Maria und Josef, betrachtet. Die Kirche lehrt uns, dass diese Heilige Familie Vorbild aller christlichen Familien, aller Familien der Welt ist. Maria und Josef zeigen uns, mit Fokus auf das Geheimnis des fleischgewordenen Sohnes, diesen Weg des Glaubens, der das Leben jeder christlichen Familie konstituieren und formen muss. Wir haben f\u00fcr alle Familien der Welt gebetet, wir haben besonders f\u00fcr die hier anwesenden Familien, f\u00fcr euren Weg des Glaubens gebetet. Man ben\u00f6tigt einen gefestigten Glauben, um in der heutigen Welt als Familie zu gehen. Man braucht einen mutigen Glauben, um in der heutigen Welt diesen Plan Gottes, der der Familie eigen ist, zu verwirklichen, diesen Plan der Liebe zum Leben, der jeder Familie eigen ist, der ihre Berufung ausmacht. Man braucht einen gro\u00dfen Glauben, um als Familie auf den Spuren der Heiligen Familie zu wandeln und andere Familien dazu zu bringen.<\/p>\n\n<p>Ich w\u00fcnsche euch allen, gemeinsam mit meinen Mitbr\u00fcdern Bisch\u00f6fen und Priestern, liebe Br\u00fcder und Schwestern, diesen Glaubensweg als Familien. Ich w\u00fcnsche euch auch, dass dieser Glaubensweg ein Beispiel sei, die andere Familien der heutigen Welt anziehe. Wie f\u00fcr uns, wie f\u00fcr euch die heilige Familie von Nazareth Modell und Vorbild ist: Jesus, Maria und Josef. Ich gebe euch den Segen. <\/p>\n","protected":false},"excerpt":{"rendered":"<p>EUCHARISTIE MIT DEN ITINERANTEN-TEAMS UND DEN FAMILIEN IN MISSION IN CASTEL GANDOLFO AM 28.12.1986 Hl. Johannes Paul II. Castel Gandolfo, 28. Dezember 1986 Heute Morgen hat eine Gruppe von ungef\u00e4hr 400 Katechisten-Itineranten der neokatechumenalen Gemeinschaften der Heiligen Messe des Heiligen Vaters in Castel Gandolfo beigewohnt. Am Ende der Messe hat ihnen der Papst die Missionskreuze \u00fcbergeben. An diese Katechisten, die an einem Treffen zur Reflexion \u00fcber die Evangelisierung Europas (Porto<\/p>\n<div class=\"read-more\"><a class=\"btn read-more-btn\" href=\"https:\/\/neocatechumenaleiter.org\/de\/worte-der-paepste\/hl-johannes-paul-ii\/eucharistie-mit-den-itineranten-teams-und-den-familien-in-mission-in-castel-gandolfo-am-28-12-1986\/\">Mehr lesen<\/a><\/div>\n","protected":false},"author":2,"featured_media":0,"parent":10123,"menu_order":40,"comment_status":"closed","ping_status":"closed","template":"","meta":{"footnotes":""},"class_list":["post-13874","page","type-page","status-publish","hentry"],"_links":{"self":[{"href":"https:\/\/neocatechumenaleiter.org\/de\/wp-json\/wp\/v2\/pages\/13874","targetHints":{"allow":["GET"]}}],"collection":[{"href":"https:\/\/neocatechumenaleiter.org\/de\/wp-json\/wp\/v2\/pages"}],"about":[{"href":"https:\/\/neocatechumenaleiter.org\/de\/wp-json\/wp\/v2\/types\/page"}],"author":[{"embeddable":true,"href":"https:\/\/neocatechumenaleiter.org\/de\/wp-json\/wp\/v2\/users\/2"}],"replies":[{"embeddable":true,"href":"https:\/\/neocatechumenaleiter.org\/de\/wp-json\/wp\/v2\/comments?post=13874"}],"version-history":[{"count":1,"href":"https:\/\/neocatechumenaleiter.org\/de\/wp-json\/wp\/v2\/pages\/13874\/revisions"}],"predecessor-version":[{"id":13881,"href":"https:\/\/neocatechumenaleiter.org\/de\/wp-json\/wp\/v2\/pages\/13874\/revisions\/13881"}],"up":[{"embeddable":true,"href":"https:\/\/neocatechumenaleiter.org\/de\/wp-json\/wp\/v2\/pages\/10123"}],"wp:attachment":[{"href":"https:\/\/neocatechumenaleiter.org\/de\/wp-json\/wp\/v2\/media?parent=13874"}],"curies":[{"name":"wp","href":"https:\/\/api.w.org\/{rel}","templated":true}]}}