{"id":13884,"date":"2020-06-06T14:51:42","date_gmt":"2020-06-06T13:51:42","guid":{"rendered":"https:\/\/neocatechumenaleiter.org\/worte-der-paepste\/hl-johannes-paul-ii\/besuch-in-der-pfarrei-st-lucia-in-piazza-darmi-am-18-01-1987\/"},"modified":"2020-06-11T13:44:14","modified_gmt":"2020-06-11T12:44:14","slug":"besuch-in-der-pfarrei-st-lucia-in-piazza-darmi-am-18-01-1987","status":"publish","type":"page","link":"https:\/\/neocatechumenaleiter.org\/de\/worte-der-paepste\/hl-johannes-paul-ii\/besuch-in-der-pfarrei-st-lucia-in-piazza-darmi-am-18-01-1987\/","title":{"rendered":"BESUCH IN DER PFARREI ST. LUCIA IN PIAZZA D\u2019ARMI AM 18.01.1987"},"content":{"rendered":"\n<h1 class=\"has-text-align-center wp-block-heading\">BESUCH IN DER PFARREI ST. LUCIA IN PIAZZA D\u2019ARMI AM 18.01.1987<\/h1>\n\n<div style=\"height:20px\" aria-hidden=\"true\" class=\"wp-block-spacer\"><\/div>\n\n<h4 class=\"has-text-align-center wp-block-heading\">Hl. Johannes Paul II.<\/h4>\n\n<div style=\"height:20px\" aria-hidden=\"true\" class=\"wp-block-spacer\"><\/div>\n\n<p><strong>Rom, 18. Januar 1987 *<\/strong><\/p>\n\n<p><em>In einem Gebiet wie das der Pfarrei St. Lucia, \u00fcberwiegend bewohnt von Menschen des gehobenen Mittelstands ist die Evangelisierung oder Wiederevangelisierung der vielen Fernstehenden sowie die Wiederbelebung eines Glaubens, der oft nur formal oder oberfl\u00e4chlich ist, eines der dringendsten Probleme. Um gerade diesen Anforderungen zu entsprechen, wurde vor einigen Jahren der Neokatechumenale Weg in der Pfarrei initiiert, sodass eine erste Gemeinschaft mit einem Umfang von 25 Personen entstand. Dieses Jahr wurde wieder eine Katechese angeboten, durch die sich eine weitere Gemeinschaft bilden konnte. Der Papst hat die neokatechumenalen Gemeinschaften in einem Raum des Pfarrzentrums getroffen. Ein junger Mann hat ihm die Bedeutung des begonnenen Weges erl\u00e4utert; er sagte, dass es sich um einen kleinen Samen handle, der zwar noch wachsen werden m\u00fcsse, aber schon jetzt ein Beziehungspunkt f\u00fcr die Fernstehenden sein wolle, damit sie zum Haus des Vaters zur\u00fcckkehren k\u00f6nnten. An die Mitglieder der neokatechumenalen Gemeinschaften hat sich der Papst mit folgenden Worten gewandt:<\/em><\/p>\n\n<p>Also, was ich euch sagen m\u00f6chte: Ich m\u00f6chte euch sagen, dass uns allen einen richtigen Katechumenat fehlte und immer noch fehlt, einen richtigen Katechumenat, wie es die Christen der ersten Generationen hatten; einen Katechumenat wie bei euch, einen Neokatechumenat. Denn es gen\u00fcgt nicht, schon getauft zu sein; man muss von neuem Katechumene werden. Und dann, als bereits Getaufte, k\u00f6nnen wir einen Weg beginnen. Diesen Weg beginnt man sofort, indem man in diesen Neokatechumenat eintritt. Dann wird man durch diese neokatechumenale Vorbereitung auch Itinerant, denn Jesus hat die ihm am n\u00e4chsten stehenden J\u00fcnger zu Aposteln gemacht, d. h. zu Gesandten, d. h. zu Itineranten. Auch ich versuche ein wenig euer Beispiel nachzuahmen, aber meine \u201eItineranz\u201c ist viel weniger hart, so denke ich.<\/p>\n\n<p>Ich w\u00fcnsche euch, dass ihr diesen Weg, den ihr gew\u00e4hlt habt, gut geht \u2013 hier wie auch auf eurer Itineranz, wo auch immer ihr euch befindet. Ihr seid hier in dieser Pfarrei \u2013 was gut ist \u2013 oder ihr geht auch in die anderen Pfarreien Roms und in andere St\u00e4dte, in andere italienischen Gemeinden oder auch au\u00dferhalb Italiens, in die ganze Welt.<\/p>\n\n<div class=\"wp-block-image\"><figure class=\"alignright size-large\"><img loading=\"lazy\" decoding=\"async\" width=\"679\" height=\"492\" src=\"https:\/\/neocatechumenaleiter.org\/wp-content\/uploads\/2020\/03\/Camino_Neocatecumenal_Juan_Pablo_II_visita_parroquia_Santa_Lucia_1987.jpg\" alt=\"\" class=\"wp-image-7190\" srcset=\"https:\/\/neocatechumenaleiter.org\/wp-content\/uploads\/2020\/03\/Camino_Neocatecumenal_Juan_Pablo_II_visita_parroquia_Santa_Lucia_1987.jpg 679w, https:\/\/neocatechumenaleiter.org\/wp-content\/uploads\/2020\/03\/Camino_Neocatecumenal_Juan_Pablo_II_visita_parroquia_Santa_Lucia_1987-300x217.jpg 300w\" sizes=\"auto, (max-width: 679px) 100vw, 679px\" \/><\/figure><\/div>\n\n<p>Ich w\u00fcnsche euch, dass ihr das Zeugnis eines reifen Glaubens mit euch bringt. Zu diesem Zweck ruft immer die Jungfrau Maria an: \u201eDu hast an das Wort des Herrn geglaubt\u201c. Ihr Glaube ist wirklich vollkommen, das h\u00f6chste dessen, was glauben, was \u201edu hast geglaubt\u201c bedeutet. Aber wie hat Maria geglaubt? <\/p>\n\n<p>Das ist eine, w\u00fcrde ich sagen, wunderbare Sache, dieses Wort ist nicht genug. Mit diesem reifen Glauben nach dem Bild Mariens, die an das Wort des Herrn geglaubt hat, sucht ihr der Welt von heute zu begegnen, unseren Br\u00fcdern und Schwestern in dieser Welt, in dieser schwierigen Epoche, die vom Glauben entfernt ist. Denn nur mit einem reifen Glauben, mit einem brennenden Glauben kann man auch das Licht des Glaubens in den anderen entz\u00fcnden, vor allem in den Fernstehenden. <\/p>\n\n<p>Ich segne euch von Herzen alle, eure Familien, eure Kinder und euren Weg. <br \/><br \/><i>(*) Vgl. \u201eL\u2019Osservatore Romano\u201d, 18. \u2013 19. Januar 1987, mit Erg\u00e4nzungen aus der Tonbandaufnahme (eigene \u00dcbersetzung aus dem Italienischen).<\/i><\/p>\n","protected":false},"excerpt":{"rendered":"<p>BESUCH IN DER PFARREI ST. LUCIA IN PIAZZA D\u2019ARMI AM 18.01.1987 Hl. Johannes Paul II. Rom, 18. Januar 1987 * In einem Gebiet wie das der Pfarrei St. Lucia, \u00fcberwiegend bewohnt von Menschen des gehobenen Mittelstands ist die Evangelisierung oder Wiederevangelisierung der vielen Fernstehenden sowie die Wiederbelebung eines Glaubens, der oft nur formal oder oberfl\u00e4chlich ist, eines der dringendsten Probleme. Um gerade diesen Anforderungen zu entsprechen, wurde vor einigen Jahren<\/p>\n<div class=\"read-more\"><a class=\"btn read-more-btn\" href=\"https:\/\/neocatechumenaleiter.org\/de\/worte-der-paepste\/hl-johannes-paul-ii\/besuch-in-der-pfarrei-st-lucia-in-piazza-darmi-am-18-01-1987\/\">Mehr lesen<\/a><\/div>\n","protected":false},"author":2,"featured_media":0,"parent":10123,"menu_order":41,"comment_status":"closed","ping_status":"closed","template":"","meta":{"footnotes":""},"class_list":["post-13884","page","type-page","status-publish","hentry"],"_links":{"self":[{"href":"https:\/\/neocatechumenaleiter.org\/de\/wp-json\/wp\/v2\/pages\/13884","targetHints":{"allow":["GET"]}}],"collection":[{"href":"https:\/\/neocatechumenaleiter.org\/de\/wp-json\/wp\/v2\/pages"}],"about":[{"href":"https:\/\/neocatechumenaleiter.org\/de\/wp-json\/wp\/v2\/types\/page"}],"author":[{"embeddable":true,"href":"https:\/\/neocatechumenaleiter.org\/de\/wp-json\/wp\/v2\/users\/2"}],"replies":[{"embeddable":true,"href":"https:\/\/neocatechumenaleiter.org\/de\/wp-json\/wp\/v2\/comments?post=13884"}],"version-history":[{"count":3,"href":"https:\/\/neocatechumenaleiter.org\/de\/wp-json\/wp\/v2\/pages\/13884\/revisions"}],"predecessor-version":[{"id":14807,"href":"https:\/\/neocatechumenaleiter.org\/de\/wp-json\/wp\/v2\/pages\/13884\/revisions\/14807"}],"up":[{"embeddable":true,"href":"https:\/\/neocatechumenaleiter.org\/de\/wp-json\/wp\/v2\/pages\/10123"}],"wp:attachment":[{"href":"https:\/\/neocatechumenaleiter.org\/de\/wp-json\/wp\/v2\/media?parent=13884"}],"curies":[{"name":"wp","href":"https:\/\/api.w.org\/{rel}","templated":true}]}}