{"id":14009,"date":"2020-06-08T11:21:52","date_gmt":"2020-06-08T10:21:52","guid":{"rendered":"https:\/\/neocatechumenaleiter.org\/worte-der-paepste\/hl-johannes-paul-ii\/privataudienz-zur-sendung-von-36-familien-fuer-die-neuevangelisierung\/"},"modified":"2020-06-11T13:51:16","modified_gmt":"2020-06-11T12:51:16","slug":"privataudienz-zur-sendung-von-36-familien-fuer-die-neuevangelisierung","status":"publish","type":"page","link":"https:\/\/neocatechumenaleiter.org\/de\/worte-der-paepste\/hl-johannes-paul-ii\/privataudienz-zur-sendung-von-36-familien-fuer-die-neuevangelisierung\/","title":{"rendered":"PRIVATAUDIENZ ZUR SENDUNG VON 36 FAMILIEN F\u00dcR DIE \u201eNEUEVANGELISIERUNG\u201c"},"content":{"rendered":"\n<h1 class=\"has-text-align-center wp-block-heading\">PRIVATAUDIENZ ZUR SENDUNG VON 36 FAMILIEN F\u00dcR DIE \u201eNEUEVANGELISIERUNG\u201c AM 27.12.1987<\/h1>\n\n<div style=\"height:20px\" aria-hidden=\"true\" class=\"wp-block-spacer\"><\/div>\n\n<h4 class=\"has-text-align-center wp-block-heading\">Hl. Johannes Paul II.<\/h4>\n\n<div style=\"height:20px\" aria-hidden=\"true\" class=\"wp-block-spacer\"><\/div>\n\n<p><strong>Castel Gandolfo, Fest der Heiligen Familie, 27. Dezember 1987 *<\/strong><\/p>\n\n<p><em>36 Familien aus verschiedenen neokatechumenalen Gemeinschaften haben aus der Hand des Papstes das Kruzifix empfangen, das sie an die verschiedenen Orte ihrer Mission begleiten wird, zu denen sie nun aufbrechen. Die einfache Zeremonie der \u00dcbergabe fand nach dem \u00fcblichen marianischen Treffen des Papstes mit den Gl\u00e4ubigen zum Gebet des \u201eAngelus\u201c am Sonntagmorgen, dem 27. Dezember, im Schweizersalon des p\u00e4pstlichen Palastes in Castel Gandolfo statt.<\/em><\/p>\n\n<p><em>An die anwesenden Familien richtete der Papst die folgenden Worte:<\/em><\/p>\n\n<p>Liebe Freunde, ich danke euch f\u00fcr euren Besuch heute in Castel Gandolfo, an einem so bedeutenden Tag w\u00e4hrend des Weihnachtsfestes. Die heilige Weihnacht wird mit gro\u00dfer liturgischer Feierlichkeit gefeiert, auch mit gro\u00dfer Freude und Teilnahme des Volkes; aber vielleicht sind wir uns nicht gen\u00fcgend bewusst, was die heilige Weihnacht ist.<\/p>\n\n<p>Die heilige Weihnacht ist der Beginn einer Mission, einer g\u00f6ttlichen Mission unter den Menschen: Gott, der als Menschensohn geboren wird, von einer Frau, ist ein Gesandter des Vaters, des himmlischen Vaters, und er wird geboren, um diese Mission zu erf\u00fcllen. Dann kommt gleich nach Weihnachten die Feier des heutigen Festes: das Fest der Heiligen Familie. Das ist sehr bedeutsam, es hei\u00dft, dass diese g\u00f6ttliche Mission, die mit der Menschwerdung des Wortes Gottes menschlich wird, zuallererst der Familie anvertraut wird.<\/p>\n\n<p>Ich sehe in diesem Treffen, in der Entwicklung eures neokatechumenalen Weges und in dem missionarischen Projekt, das verschiedenen Familien anvertraut wurde \u2013 es wurde nicht Einzelpersonen, sondern ganzen Familien anvertraut \u2013 eine Ausf\u00fchrung, eine Verwirklichung dieses bedeutsamen Ereignisses, das zur Geschichte des Heils, zur Geschichte der g\u00f6ttlichen Mission unter der gesamten Menschheitsfamilie, unter den Menschen, im Menschengeschlecht, geh\u00f6rt. Und ich w\u00fcnsche euch, an dieser der Heiligen Familie anvertrauten g\u00f6ttlichen Mission mit euren Familien teilzuhaben \u2013 besonders im Leben dieser Familien, einem Leben, das treu zu dem steht, was Gott selbst will: Dass die menschliche Familie das sei, was er in der Heiligen Familie von Nazareth gezeigt hat.<\/p>\n\n<p>Darum nennt sich die Mission \u201ead extra\u201c: Die Mission hei\u00dft gehen, lehren, und zwar das, was Jesus Christus den Aposteln am Ende seiner messianischen Mission auf dieser Welt gesagt hat. Das II. Vatikanische Konzil sagt sehr gut, dass jene \u201eZw\u00f6lf\u201c Vertreter des ganzen neuen Israels waren \u2013\u00a0 was nat\u00fcrlich die Familie miteinschlie\u00dft, welche die Keimzelle jeden Volkes bildet, des alten wie des neuen Israels. Ihre Mission muss also die Familie miteinbeziehen: Das versuchen wir wiederzuentdecken, weil es vielleicht ein bisschen versteckt, nicht gen\u00fcgend gesch\u00e4tzt, nicht gen\u00fcgend verwirklicht wurde, obwohl die Kirche viele gute Vorbilder christlicher Familien kennt; aber dieses missionarische Merkmal ist sicher eine Neuheit. Der \u201eWind\u201c eurer Bewegung, oder besser: eures Weges, versucht, genau diese missionarische Neuheit der Familie wiederzuentdecken: die Kirche in \u201estatu missionis\u201c (<em>in missionarischem Zustand, Anm. des \u00dc.<\/em>), die in ihrer Ganzheit missionarische Kirche; die Familie in \u201estatu missionis\u201c.<\/p>\n\n<p>Ich w\u00fcnsche euch zu gehen \u2013 gehen hei\u00dft auch, sich zu bewegen \u2013, gut zu gehen auf diesen Pfad, die ihr auf dem neokatechumenalen Weg gefunden habt.<\/p>\n\n<p>Ich m\u00f6chte allen hier Anwesenden meinen Segen geben, denen, die sich auf eine Mission in fernen L\u00e4ndern vorbereiten, vielleicht nicht immer geographisch weit, aber sehr oft geistlich, weit entfernt vom Glauben aus der christlichen Sicht des Lebens. <\/p>\n\n<p>Seht, das ist die Mission der Familien: Um sich einer fernstehenden Familie zu n\u00e4hern, einer Familie, die sich vom Glauben entfernt hat, ist die Anwesenheit der Familien notwendig; das Zeugnis der Familien, das Apostolat der Familien. <br \/><br \/><i>(*) Vgl. \u201eL\u2019Osservatore Romano\u201c, 30. Dezember 1987 (eigene \u00dcbersetzung aus dem Italienischen).<\/i><\/p>\n\n<figure class=\"wp-block-gallery columns-3 is-cropped wp-block-gallery-1 is-layout-flex wp-block-gallery-is-layout-flex\"><ul class=\"blocks-gallery-grid\"><li class=\"blocks-gallery-item\"><figure><img loading=\"lazy\" decoding=\"async\" width=\"703\" height=\"536\" src=\"https:\/\/neocatechumenaleiter.org\/wp-content\/uploads\/2020\/03\/Camino_Neocatecumenal_Juan_Pablo_II_audiencia_privada_envio_36_familias_mision_1987.jpg\" alt=\"\" data-id=\"2075\" data-full-url=\"https:\/\/neocatechumenaleiter.org\/wp-content\/uploads\/2020\/03\/Camino_Neocatecumenal_Juan_Pablo_II_audiencia_privada_envio_36_familias_mision_1987.jpg\" data-link=\"https:\/\/neocatechumenaleiter.org\/?attachment_id=2075\" class=\"wp-image-7240\" srcset=\"https:\/\/neocatechumenaleiter.org\/wp-content\/uploads\/2020\/03\/Camino_Neocatecumenal_Juan_Pablo_II_audiencia_privada_envio_36_familias_mision_1987.jpg 703w, https:\/\/neocatechumenaleiter.org\/wp-content\/uploads\/2020\/03\/Camino_Neocatecumenal_Juan_Pablo_II_audiencia_privada_envio_36_familias_mision_1987-300x229.jpg 300w\" sizes=\"auto, (max-width: 703px) 100vw, 703px\" \/><\/figure><\/li><li class=\"blocks-gallery-item\"><figure><img loading=\"lazy\" decoding=\"async\" width=\"701\" height=\"569\" src=\"https:\/\/neocatechumenaleiter.org\/wp-content\/uploads\/2020\/03\/Camino_Neocatecumenal_Juan_Pablo_II_audiencia_privada_envio_36_familias_mision_19873.jpg\" alt=\"\" data-id=\"2068\" data-full-url=\"https:\/\/neocatechumenaleiter.org\/wp-content\/uploads\/2020\/03\/Camino_Neocatecumenal_Juan_Pablo_II_audiencia_privada_envio_36_familias_mision_19873.jpg\" data-link=\"https:\/\/neocatechumenaleiter.org\/?attachment_id=2068\" class=\"wp-image-7243\" srcset=\"https:\/\/neocatechumenaleiter.org\/wp-content\/uploads\/2020\/03\/Camino_Neocatecumenal_Juan_Pablo_II_audiencia_privada_envio_36_familias_mision_19873.jpg 701w, https:\/\/neocatechumenaleiter.org\/wp-content\/uploads\/2020\/03\/Camino_Neocatecumenal_Juan_Pablo_II_audiencia_privada_envio_36_familias_mision_19873-300x244.jpg 300w\" sizes=\"auto, (max-width: 701px) 100vw, 701px\" \/><\/figure><\/li><li class=\"blocks-gallery-item\"><figure><img loading=\"lazy\" decoding=\"async\" width=\"768\" height=\"535\" src=\"https:\/\/neocatechumenaleiter.org\/wp-content\/uploads\/2020\/03\/Camino_Neocatecumenal_Juan_Pablo_II_audiencia_privada_envio_36_familias_mision_19872.jpg\" alt=\"\" data-id=\"2061\" data-full-url=\"https:\/\/neocatechumenaleiter.org\/wp-content\/uploads\/2020\/03\/Camino_Neocatecumenal_Juan_Pablo_II_audiencia_privada_envio_36_familias_mision_19872.jpg\" data-link=\"https:\/\/neocatechumenaleiter.org\/?attachment_id=2061\" class=\"wp-image-7246\" srcset=\"https:\/\/neocatechumenaleiter.org\/wp-content\/uploads\/2020\/03\/Camino_Neocatecumenal_Juan_Pablo_II_audiencia_privada_envio_36_familias_mision_19872.jpg 768w, https:\/\/neocatechumenaleiter.org\/wp-content\/uploads\/2020\/03\/Camino_Neocatecumenal_Juan_Pablo_II_audiencia_privada_envio_36_familias_mision_19872-300x209.jpg 300w\" sizes=\"auto, (max-width: 768px) 100vw, 768px\" \/><\/figure><\/li><\/ul><\/figure>","protected":false},"excerpt":{"rendered":"<p>PRIVATAUDIENZ ZUR SENDUNG VON 36 FAMILIEN F\u00dcR DIE \u201eNEUEVANGELISIERUNG\u201c AM 27.12.1987 Hl. Johannes Paul II. Castel Gandolfo, Fest der Heiligen Familie, 27. Dezember 1987 * 36 Familien aus verschiedenen neokatechumenalen Gemeinschaften haben aus der Hand des Papstes das Kruzifix empfangen, das sie an die verschiedenen Orte ihrer Mission begleiten wird, zu denen sie nun aufbrechen. Die einfache Zeremonie der \u00dcbergabe fand nach dem \u00fcblichen marianischen Treffen des Papstes mit den<\/p>\n<div class=\"read-more\"><a class=\"btn read-more-btn\" href=\"https:\/\/neocatechumenaleiter.org\/de\/worte-der-paepste\/hl-johannes-paul-ii\/privataudienz-zur-sendung-von-36-familien-fuer-die-neuevangelisierung\/\">Mehr lesen<\/a><\/div>\n","protected":false},"author":2,"featured_media":0,"parent":10123,"menu_order":47,"comment_status":"closed","ping_status":"closed","template":"","meta":{"footnotes":""},"class_list":["post-14009","page","type-page","status-publish","hentry"],"_links":{"self":[{"href":"https:\/\/neocatechumenaleiter.org\/de\/wp-json\/wp\/v2\/pages\/14009","targetHints":{"allow":["GET"]}}],"collection":[{"href":"https:\/\/neocatechumenaleiter.org\/de\/wp-json\/wp\/v2\/pages"}],"about":[{"href":"https:\/\/neocatechumenaleiter.org\/de\/wp-json\/wp\/v2\/types\/page"}],"author":[{"embeddable":true,"href":"https:\/\/neocatechumenaleiter.org\/de\/wp-json\/wp\/v2\/users\/2"}],"replies":[{"embeddable":true,"href":"https:\/\/neocatechumenaleiter.org\/de\/wp-json\/wp\/v2\/comments?post=14009"}],"version-history":[{"count":3,"href":"https:\/\/neocatechumenaleiter.org\/de\/wp-json\/wp\/v2\/pages\/14009\/revisions"}],"predecessor-version":[{"id":14817,"href":"https:\/\/neocatechumenaleiter.org\/de\/wp-json\/wp\/v2\/pages\/14009\/revisions\/14817"}],"up":[{"embeddable":true,"href":"https:\/\/neocatechumenaleiter.org\/de\/wp-json\/wp\/v2\/pages\/10123"}],"wp:attachment":[{"href":"https:\/\/neocatechumenaleiter.org\/de\/wp-json\/wp\/v2\/media?parent=14009"}],"curies":[{"name":"wp","href":"https:\/\/api.w.org\/{rel}","templated":true}]}}