{"id":14020,"date":"2020-06-08T11:28:02","date_gmt":"2020-06-08T10:28:02","guid":{"rendered":"https:\/\/neocatechumenaleiter.org\/worte-der-paepste\/hl-johannes-paul-ii\/privataudienz-sendung-von-drei-familien-nach-lateinamerika-fuer-die-neuevangelisierung-am-26-04-1987\/"},"modified":"2020-06-08T11:28:02","modified_gmt":"2020-06-08T10:28:02","slug":"privataudienz-sendung-von-drei-familien-nach-lateinamerika-fuer-die-neuevangelisierung-am-26-04-1987","status":"publish","type":"page","link":"https:\/\/neocatechumenaleiter.org\/de\/worte-der-paepste\/hl-johannes-paul-ii\/privataudienz-sendung-von-drei-familien-nach-lateinamerika-fuer-die-neuevangelisierung-am-26-04-1987\/","title":{"rendered":"PRIVATAUDIENZ: SENDUNG VON DREI FAMILIEN NACH LATEINAMERIKA F\u00dcR DIE \u201eNEUEVANGELISIERUNG\u201c AM 26.04.1987"},"content":{"rendered":"\n<h1 class=\"has-text-align-center wp-block-heading\">PRIVATAUDIENZ: SENDUNG VON DREI FAMILIEN NACH LATEINAMERIKA F\u00dcR DIE \u201eNEUEVANGELISIERUNG\u201c AM 26.04.1987<\/h1>\n\n<div style=\"height:20px\" aria-hidden=\"true\" class=\"wp-block-spacer\"><\/div>\n\n<h4 class=\"has-text-align-center wp-block-heading\">Hl. Johannes Paul II.<\/h4>\n\n<div style=\"height:20px\" aria-hidden=\"true\" class=\"wp-block-spacer\"><\/div>\n\n<p><strong>Vatikanstadt, 26. April 1987<\/strong><\/p>\n\n<p><em>Drei spanische Familien, die den neokatechumenalen Weg beendet haben, haben vom Heiligen Vater das Kruzifix empfangen; als Zeichen der Sendung, bevor sie in die \u201ePueblos jovenes\u201c (\u201ejunge Stadtviertel\u201c) der Stadt Lima (Peru) abreisten. Diese Viertel sind st\u00e4dtische Ballungsr\u00e4ume ohne jedwede Art von sozialer Struktur, bestehend aus Strohh\u00fctten. Sie werden von den Bauern, welche zu Tausenden in die Stadt str\u00f6men, auf Sand errichtet. In dieser Umgebung hat Kardinal Land\u00e1zuri den Familien ganze Gebiete anvertraut, in denen die Kirche kaum anwesend ist. <\/em><\/p>\n\n<div class=\"wp-block-image\"><figure class=\"aligncenter size-large\"><img loading=\"lazy\" decoding=\"async\" width=\"358\" height=\"293\" src=\"https:\/\/neocatechumenaleiter.org\/wp-content\/uploads\/2020\/03\/Camino_Neocatecumenal_Juan_Pablo_II_audiencia_privada_envio_familias_mision_1987.jpg\" alt=\"\" class=\"wp-image-7195\" srcset=\"https:\/\/neocatechumenaleiter.org\/wp-content\/uploads\/2020\/03\/Camino_Neocatecumenal_Juan_Pablo_II_audiencia_privada_envio_familias_mision_1987.jpg 358w, https:\/\/neocatechumenaleiter.org\/wp-content\/uploads\/2020\/03\/Camino_Neocatecumenal_Juan_Pablo_II_audiencia_privada_envio_familias_mision_1987-300x246.jpg 300w\" sizes=\"auto, (max-width: 358px) 100vw, 358px\" \/><\/figure><\/div>\n","protected":false},"excerpt":{"rendered":"<p>PRIVATAUDIENZ: SENDUNG VON DREI FAMILIEN NACH LATEINAMERIKA F\u00dcR DIE \u201eNEUEVANGELISIERUNG\u201c AM 26.04.1987 Hl. Johannes Paul II. Vatikanstadt, 26. April 1987 Drei spanische Familien, die den neokatechumenalen Weg beendet haben, haben vom Heiligen Vater das Kruzifix empfangen; als Zeichen der Sendung, bevor sie in die \u201ePueblos jovenes\u201c (\u201ejunge Stadtviertel\u201c) der Stadt Lima (Peru) abreisten. Diese Viertel sind st\u00e4dtische Ballungsr\u00e4ume ohne jedwede Art von sozialer Struktur, bestehend aus Strohh\u00fctten. Sie werden von<\/p>\n<div class=\"read-more\"><a class=\"btn read-more-btn\" href=\"https:\/\/neocatechumenaleiter.org\/de\/worte-der-paepste\/hl-johannes-paul-ii\/privataudienz-sendung-von-drei-familien-nach-lateinamerika-fuer-die-neuevangelisierung-am-26-04-1987\/\">Mehr lesen<\/a><\/div>\n","protected":false},"author":2,"featured_media":0,"parent":10123,"menu_order":42,"comment_status":"closed","ping_status":"closed","template":"","meta":{"footnotes":""},"class_list":["post-14020","page","type-page","status-publish","hentry"],"_links":{"self":[{"href":"https:\/\/neocatechumenaleiter.org\/de\/wp-json\/wp\/v2\/pages\/14020","targetHints":{"allow":["GET"]}}],"collection":[{"href":"https:\/\/neocatechumenaleiter.org\/de\/wp-json\/wp\/v2\/pages"}],"about":[{"href":"https:\/\/neocatechumenaleiter.org\/de\/wp-json\/wp\/v2\/types\/page"}],"author":[{"embeddable":true,"href":"https:\/\/neocatechumenaleiter.org\/de\/wp-json\/wp\/v2\/users\/2"}],"replies":[{"embeddable":true,"href":"https:\/\/neocatechumenaleiter.org\/de\/wp-json\/wp\/v2\/comments?post=14020"}],"version-history":[{"count":1,"href":"https:\/\/neocatechumenaleiter.org\/de\/wp-json\/wp\/v2\/pages\/14020\/revisions"}],"predecessor-version":[{"id":14024,"href":"https:\/\/neocatechumenaleiter.org\/de\/wp-json\/wp\/v2\/pages\/14020\/revisions\/14024"}],"up":[{"embeddable":true,"href":"https:\/\/neocatechumenaleiter.org\/de\/wp-json\/wp\/v2\/pages\/10123"}],"wp:attachment":[{"href":"https:\/\/neocatechumenaleiter.org\/de\/wp-json\/wp\/v2\/media?parent=14020"}],"curies":[{"name":"wp","href":"https:\/\/api.w.org\/{rel}","templated":true}]}}