{"id":14029,"date":"2020-06-08T12:45:16","date_gmt":"2020-06-08T11:45:16","guid":{"rendered":"https:\/\/neocatechumenaleiter.org\/worte-der-paepste\/hl-johannes-paul-ii\/besuch-von-papst-johannes-paul-il-in-der-pfarrei-st-basilius\/"},"modified":"2020-06-11T13:13:56","modified_gmt":"2020-06-11T12:13:56","slug":"besuch-von-papst-johannes-paul-il-in-der-pfarrei-st-basilius","status":"publish","type":"page","link":"https:\/\/neocatechumenaleiter.org\/de\/worte-der-paepste\/hl-johannes-paul-ii\/besuch-von-papst-johannes-paul-il-in-der-pfarrei-st-basilius\/","title":{"rendered":"BESUCH IN DER PFARREI ST. BASILIUS"},"content":{"rendered":"\n<h1 class=\"has-text-align-center wp-block-heading\">BESUCH IN DER PFARREI ST. BASILIUS<\/h1>\n\n<div style=\"height:20px\" aria-hidden=\"true\" class=\"wp-block-spacer\"><\/div>\n\n<h4 class=\"has-text-align-center wp-block-heading\">Hl. Johannes Paul II.<\/h4>\n\n<div style=\"height:20px\" aria-hidden=\"true\" class=\"wp-block-spacer\"><\/div>\n\n<p><strong>Rom, 10. M\u00e4rz 1979 *<\/strong><\/p>\n\n<p><em>Der Pfarrer Don Carmelo stellt vor:<\/em><br \/>&#013;\nHeiliger Vater, hier sehen Sie vier neokatechumenale Gemeinschaften. Das Fundament neokatechumenaler Gemeinschaften ist ein Dreifu\u00df: Das H\u00f6ren des Wortes Gottes am Mittwoch und in der Eucharistiefeier am Samstag, wobei die Wortliturgie in Gruppen vorbereitet wird. Dann st\u00fctzen wir uns auf eine zweite S\u00e4ule, die Eucharistie. Dies geschieht nach tiefgehenden Katechesen \u00fcber das eucharistische Geheimnis. Die dritte S\u00e4ule ist das Gemeinschaftsleben auf den Konvivenzen. Das Leben in der Gemeinschaft soll nicht nur zu einem gemeinsamen, sondern vielmehr zu einem gemeinschaftlichen Leben werden. Die erste dieser vier Gemeinschaften entstand vor vier Jahren, dann kam Jahr f\u00fcr Jahr eine neue Gemeinschaft hinzu. Der Katechist Gioacchino, der zu Beginn zu uns gekommen ist, ist hier anwesend.<\/p>\n\n<p><em>Gioacchino wendet sich an den Papst und sagt:<\/em><br \/>&#013;\nHeiliger Vater, wir alle, die wir hier versammelt sind, freuen uns, Sie in unserer Mitte zu haben, Sie im \u201cNamen des Herrn\u201d willkommen zu hei\u00dfen als den, \u201cder kommt im Namen des Herrn\u201d. Ich m\u00f6chte im Namen aller dieser Br\u00fcder die gro\u00dfe Freude ausdr\u00fccken, dass wir auf dem Neokatechumenalen Weg die Kirche als unsere Mutter entdecken d\u00fcrfen \u2013 jene Mutter, die uns allm\u00e4hlich dazu f\u00fchrt, unsere Taufe wiederzuentdecken.<br \/>&#013;\nWir empfinden gro\u00dfe Dankbarkeit dem Herrn und der Kirche gegen\u00fcber, denn dieser Weg hilft uns, auf den Herrn Jesus Christus zu h\u00f6ren, der lebt und in unserem Leben anwesend ist. Er hilft uns, unter den Br\u00fcdern Gemeinschaft zu schaffen. Wir danken der Kirche, die uns das gro\u00dfe Geschenk der Wiederentdeckung unserer Taufe macht, und die Sie heute in unserer Mitte f\u00fcr uns in besonderer Weise anwesend und lebendig machen. Da Sie uns dazu einladen, singen wir jetzt mit Ihnen. &#8230;<\/p>\n\n<p><em>Lied: \u201eDarum singen wir: Der Tod ist verschlungen vom Sieg!\u201d<\/em><\/p>\n\n<p><em>Diese Worte sprach der Papst dann spontan:<\/em><\/p>\n\n<div class=\"wp-block-image is-style-default\"><figure class=\"alignleft size-large\"><img loading=\"lazy\" decoding=\"async\" width=\"400\" height=\"321\" src=\"https:\/\/neocatechumenaleiter.org\/wp-content\/uploads\/2020\/03\/Camino_Neocatecumenal_Juan_Pablo_II_visita_parroquia_San_Basilio_1979.jpg\" alt=\"\" class=\"wp-image-6968\" srcset=\"https:\/\/neocatechumenaleiter.org\/wp-content\/uploads\/2020\/03\/Camino_Neocatecumenal_Juan_Pablo_II_visita_parroquia_San_Basilio_1979.jpg 400w, https:\/\/neocatechumenaleiter.org\/wp-content\/uploads\/2020\/03\/Camino_Neocatecumenal_Juan_Pablo_II_visita_parroquia_San_Basilio_1979-300x241.jpg 300w\" sizes=\"auto, (max-width: 400px) 100vw, 400px\" \/><\/figure><\/div>\n\n<p>Von allen Worten, die Sie gesprochen haben, ist das wichtigste das von der Wiederentdeckung. Viele meinen, alles zu kennen: die Kirche, Christus, das Evangelium, Gott; man wei\u00df einfach alles, es es gibt nichts mehr zu entdecken. Man hat uns in der Schule unterrichtet, dann war die Schule aus, alles vergessen, aber man wei\u00df alles. Doch es ist alles zu entdecken, alles ist zu entdecken. Nur der Glaube, der sich selbst, seinen Inhalt, seine Fundamente zu entdecken sucht, ist ein dynamischer Glaube; ein dynamischer Glaube.&#013;\nUnd die Kirche, das Volk Gottes, braucht diesen dynamischen Glauben, der zu entdecken sucht, der sich selbst zu entdecken wei\u00df.<\/p>\n\n<p>So w\u00fcnsche ich euch, auf dem Pfad, den ihr begonnen habt, weiterzugehen: das Geheimnis der Kirche, das Geheimnis Christi, das Geheimnis Gottes immer tiefer zu ergr\u00fcnden. Denn das Geheimnis Christi, das Geheimnis der Kirche, erkl\u00e4rt sich uns letztlich selbst. Und ohne Kirche und ohne zu verstehen, wer ich bin, ohne mich selbst zu verstehen, kann ich nicht leben. Das ist eine freudige und sehr positive Anstrengung, und ich w\u00fcnsche euch Durchhalteverm\u00f6gen.<br \/><br \/><i>(*) Vgl. \u201cL\u2019Osservatore Romano\u201d, 11.- 12. M\u00e4rz 1979 (eigene \u00dcbersetzung aus dem Italienischen).<\/i><\/p>\n","protected":false},"excerpt":{"rendered":"<p>BESUCH IN DER PFARREI ST. BASILIUS Hl. Johannes Paul II. Rom, 10. M\u00e4rz 1979 * Der Pfarrer Don Carmelo stellt vor:&#013; Heiliger Vater, hier sehen Sie vier neokatechumenale Gemeinschaften. Das Fundament neokatechumenaler Gemeinschaften ist ein Dreifu\u00df: Das H\u00f6ren des Wortes Gottes am Mittwoch und in der Eucharistiefeier am Samstag, wobei die Wortliturgie in Gruppen vorbereitet wird. Dann st\u00fctzen wir uns auf eine zweite S\u00e4ule, die Eucharistie. Dies geschieht nach tiefgehenden<\/p>\n<div class=\"read-more\"><a class=\"btn read-more-btn\" href=\"https:\/\/neocatechumenaleiter.org\/de\/worte-der-paepste\/hl-johannes-paul-ii\/besuch-von-papst-johannes-paul-il-in-der-pfarrei-st-basilius\/\">Mehr lesen<\/a><\/div>\n","protected":false},"author":2,"featured_media":0,"parent":10123,"menu_order":0,"comment_status":"closed","ping_status":"closed","template":"","meta":{"footnotes":""},"class_list":["post-14029","page","type-page","status-publish","hentry"],"_links":{"self":[{"href":"https:\/\/neocatechumenaleiter.org\/de\/wp-json\/wp\/v2\/pages\/14029","targetHints":{"allow":["GET"]}}],"collection":[{"href":"https:\/\/neocatechumenaleiter.org\/de\/wp-json\/wp\/v2\/pages"}],"about":[{"href":"https:\/\/neocatechumenaleiter.org\/de\/wp-json\/wp\/v2\/types\/page"}],"author":[{"embeddable":true,"href":"https:\/\/neocatechumenaleiter.org\/de\/wp-json\/wp\/v2\/users\/2"}],"replies":[{"embeddable":true,"href":"https:\/\/neocatechumenaleiter.org\/de\/wp-json\/wp\/v2\/comments?post=14029"}],"version-history":[{"count":7,"href":"https:\/\/neocatechumenaleiter.org\/de\/wp-json\/wp\/v2\/pages\/14029\/revisions"}],"predecessor-version":[{"id":14775,"href":"https:\/\/neocatechumenaleiter.org\/de\/wp-json\/wp\/v2\/pages\/14029\/revisions\/14775"}],"up":[{"embeddable":true,"href":"https:\/\/neocatechumenaleiter.org\/de\/wp-json\/wp\/v2\/pages\/10123"}],"wp:attachment":[{"href":"https:\/\/neocatechumenaleiter.org\/de\/wp-json\/wp\/v2\/media?parent=14029"}],"curies":[{"name":"wp","href":"https:\/\/api.w.org\/{rel}","templated":true}]}}