{"id":14035,"date":"2020-06-08T12:49:22","date_gmt":"2020-06-08T11:49:22","guid":{"rendered":"https:\/\/neocatechumenaleiter.org\/worte-der-paepste\/hl-johannes-paul-ii\/besuch-von-papst-johannes-paul-ii-in-der-pfarrei-zum-heiligen-antonius-in-der-piazza-asti\/"},"modified":"2020-06-09T13:42:59","modified_gmt":"2020-06-09T12:42:59","slug":"besuch-von-papst-johannes-paul-ii-in-der-pfarrei-zum-heiligen-antonius-in-der-piazza-asti","status":"publish","type":"page","link":"https:\/\/neocatechumenaleiter.org\/de\/worte-der-paepste\/hl-johannes-paul-ii\/besuch-von-papst-johannes-paul-ii-in-der-pfarrei-zum-heiligen-antonius-in-der-piazza-asti\/","title":{"rendered":"BESUCH VON PAPST JOHANNES PAUL II. IN DER PFARREI ST. ANTONIUS IN DER PIAZZA ASTI"},"content":{"rendered":"\n<h1 class=\"has-text-align-center wp-block-heading\">BESUCH VON PAPST JOHANNES PAUL II. IN DER PFARREI ST. ANTONIUS IN DER PIAZZA ASTI AM 06.05.1979<\/h1>\n\n<div style=\"height:20px\" aria-hidden=\"true\" class=\"wp-block-spacer\"><\/div>\n\n<h4 class=\"has-text-align-center wp-block-heading\">Hl. Johannes Paul II.<\/h4>\n\n<div style=\"height:20px\" aria-hidden=\"true\" class=\"wp-block-spacer\"><\/div>\n\n<p><strong>Rom, 6. Mai 1979 *<\/strong><\/p>\n\n<p><em>Der Papst besuchte am Samstag, dem 6. Mai 1979, dem Tag, der den geistlichen Berufungen gewidmet ist, die Pfarrei St. Antonius in der Piazza Asti (Tuscolana). Um 17:30 Uhr zelebrierte er die Hl. Messe und traf dann einzeln die verschiedenen Gruppen der Pfarrei, darunter zwei neokatechumenale Gemeinschaften, die seit zweieinhalb Jahren bzw. seit sechs Monaten auf dem Weg waren. Deren Katechisten aus der zweiten Gemeinschaft der Pfarrei St. Francesca Cabrini waren ebenfalls anwesend.&#13;\nDer Papst \u2013 begleitet von Kardinal Poletti und dem Bischof der Zone, Mons. Salimei \u2013 wurde mit dem Lied \u201eJerusalem wiederaufgebaut\u201c begr\u00fc\u00dft. W\u00e4hrend die Br\u00fcder sangen, richtete Papst Johannes Paul Il. an jeden ein Wort, wobei er einen nach dem anderen gr\u00fc\u00dfte. Er blieb dann stehen, um gemeinsam mit den S\u00e4ngern das Halleluja zu singen.&#13;\nNach der Beendigung des Liedes stellte der Pfarrer dem Papst die Gemeinschaften vor:<\/em><\/p>\n\n<p>Eure Heiligkeit, es gibt zwei Gemeinschaften, die \u201eneokatechumenal\u201c genannt werden und mit diesem Namen meinen sie einen Weg der Umkehr, den sie begonnen haben zur Wiederentdeckung des Glaubens, den sie bei der Taufe empfangen haben \u2013 einen Glauben, der vielleicht im embryonalen Stadium stehen blieb. Deshalb muss er durch diesen Weg des Glaubens, durch das H\u00f6ren des Wortes Gottes reifen, um gro\u00df und erwachsen zu werden.&#13;\nDas ist der Weg, so sagen wir, um die Fernstehenden zu rufen, die S\u00fcnder, zu denen noch niemals jemand von Umkehr gesprochen hat. So gelangt man \u2013 versteht sich \u2013 zu dem Zeugnis, was die Liebe zu Gott und dem N\u00e4chsten ist. Das ist alles.<\/p>\n\n<p><em>Der Papst sagte unmittelbar danach:<\/em>&#13;\n<\/p>\n\n<p>Und das alles erkl\u00e4rt ihr mit eurer Gemeinschaft, mit eurer br\u00fcderlichen Communio und mit eurer Freude, auch mit eurem Lied und sicher mit dem Gebet; denn wenn man die Wirklichkeit der Taufe, der Gnade Gottes, unserer g\u00f6ttlichen Kindschaft entdeckt, wenn man das alles entdeckt, kommt man zu einer tiefen Freude und dann auch zu einer Freude, die man weitergeben kann \u2013 d.h., man versucht, diese Entdeckung und diese Freude anderen mitzuteilen.&#13;\nIch denke wirklich, dass das, was den Geist der katechumenalen Gruppen der Urkirche ausmachte, auch der Geist der neokatechumenalen Gruppen in der Kirche unserer Zeit ist.<\/p>\n\n<p>Ich w\u00fcnsche euch, dass ihr weitermacht. Und betet auch manchmal f\u00fcr den Papst.<\/p>\n\n<p>(*) Vgl. \u00abL\u2019Osservatore Romano\u00bb, 7.-8. Mai 1979 (eigene \u00dcbersetzung aus dem Italienischen).<\/p>\n","protected":false},"excerpt":{"rendered":"<p>BESUCH VON PAPST JOHANNES PAUL II. IN DER PFARREI ST. ANTONIUS IN DER PIAZZA ASTI AM 06.05.1979 Hl. Johannes Paul II. Rom, 6. Mai 1979 * Der Papst besuchte am Samstag, dem 6. Mai 1979, dem Tag, der den geistlichen Berufungen gewidmet ist, die Pfarrei St. Antonius in der Piazza Asti (Tuscolana). Um 17:30 Uhr zelebrierte er die Hl. Messe und traf dann einzeln die verschiedenen Gruppen der Pfarrei, darunter<\/p>\n<div class=\"read-more\"><a class=\"btn read-more-btn\" href=\"https:\/\/neocatechumenaleiter.org\/de\/worte-der-paepste\/hl-johannes-paul-ii\/besuch-von-papst-johannes-paul-ii-in-der-pfarrei-zum-heiligen-antonius-in-der-piazza-asti\/\">Mehr lesen<\/a><\/div>\n","protected":false},"author":2,"featured_media":0,"parent":10123,"menu_order":1,"comment_status":"closed","ping_status":"closed","template":"","meta":{"footnotes":""},"class_list":["post-14035","page","type-page","status-publish","hentry"],"_links":{"self":[{"href":"https:\/\/neocatechumenaleiter.org\/de\/wp-json\/wp\/v2\/pages\/14035","targetHints":{"allow":["GET"]}}],"collection":[{"href":"https:\/\/neocatechumenaleiter.org\/de\/wp-json\/wp\/v2\/pages"}],"about":[{"href":"https:\/\/neocatechumenaleiter.org\/de\/wp-json\/wp\/v2\/types\/page"}],"author":[{"embeddable":true,"href":"https:\/\/neocatechumenaleiter.org\/de\/wp-json\/wp\/v2\/users\/2"}],"replies":[{"embeddable":true,"href":"https:\/\/neocatechumenaleiter.org\/de\/wp-json\/wp\/v2\/comments?post=14035"}],"version-history":[{"count":10,"href":"https:\/\/neocatechumenaleiter.org\/de\/wp-json\/wp\/v2\/pages\/14035\/revisions"}],"predecessor-version":[{"id":14408,"href":"https:\/\/neocatechumenaleiter.org\/de\/wp-json\/wp\/v2\/pages\/14035\/revisions\/14408"}],"up":[{"embeddable":true,"href":"https:\/\/neocatechumenaleiter.org\/de\/wp-json\/wp\/v2\/pages\/10123"}],"wp:attachment":[{"href":"https:\/\/neocatechumenaleiter.org\/de\/wp-json\/wp\/v2\/media?parent=14035"}],"curies":[{"name":"wp","href":"https:\/\/api.w.org\/{rel}","templated":true}]}}