{"id":14064,"date":"2020-06-08T13:39:47","date_gmt":"2020-06-08T12:39:47","guid":{"rendered":"https:\/\/neocatechumenaleiter.org\/worte-der-paepste\/hl-johannes-paul-ii\/rede-waehrend-des-appells-von-jasna-gora\/"},"modified":"2020-06-11T13:46:53","modified_gmt":"2020-06-11T12:46:53","slug":"rede-waehrend-des-appells-von-jasna-gora","status":"publish","type":"page","link":"https:\/\/neocatechumenaleiter.org\/de\/worte-der-paepste\/hl-johannes-paul-ii\/rede-waehrend-des-appells-von-jasna-gora\/","title":{"rendered":"REDE W\u00c4HREND DES APPELLS VON JASNA G\u00d3RA"},"content":{"rendered":"\n<h1 class=\"has-text-align-center wp-block-heading\">REDE W\u00c4HREND DES APPELLS VON JASNA G\u00d3RA<\/h1>\n\n<div style=\"height:20px\" aria-hidden=\"true\" class=\"wp-block-spacer\"><\/div>\n\n<h4 class=\"has-text-align-center wp-block-heading\">Hl. Johannes Paul II.<\/h4>\n\n<div style=\"height:20px\" aria-hidden=\"true\" class=\"wp-block-spacer\"><\/div>\n\n<div class=\"wp-block-image\"><figure class=\"alignright size-large\"><img loading=\"lazy\" decoding=\"async\" width=\"674\" height=\"538\" src=\"https:\/\/neocatechumenaleiter.org\/wp-content\/uploads\/2020\/03\/Camino_Neocatecumenal_Juan_Pablo_II_palabras_invocacion_jasna_gora_1987.jpg\" alt=\"\" class=\"wp-image-7210\" srcset=\"https:\/\/neocatechumenaleiter.org\/wp-content\/uploads\/2020\/03\/Camino_Neocatecumenal_Juan_Pablo_II_palabras_invocacion_jasna_gora_1987.jpg 674w, https:\/\/neocatechumenaleiter.org\/wp-content\/uploads\/2020\/03\/Camino_Neocatecumenal_Juan_Pablo_II_palabras_invocacion_jasna_gora_1987-300x239.jpg 300w\" sizes=\"auto, (max-width: 674px) 100vw, 674px\" \/><\/figure><\/div>\n\n<p><strong>Polen, Heiligtum von Tschenstochau, 12. Juni 1987 *<\/strong><\/p>\n\n<p><i>Papst Johannes Paul II. hat den f\u00fcnften Tag seiner Pilgerreise in Polen am Freitagabend, den 12. Juni abgeschlossen mit einem Appell in Jasna G\u00f3ra, den er von den Stufen des Heiligtums in Tschenstochau aus gehalten hat. Der Appell von Jasna G\u00f3ra ist eine Anrufung der Mutter Gottes, die seit 1957 jeden Tag um 21 Uhr im ganzen Land gesungen oder rezitiert wird.<i><\/i>&#013;\n<\/i><\/p>\n\n<p><em>Nach der Anrufung hat der Papst eine Rede gehalten, die wir hier als Auszug wiedergeben:<\/em><\/p>\n\n<p>&#8230;Maria, K\u00f6nigin Polens, ich bin dir nahe, ich denke an dich, ich wache. &#8230;In dieser Stunde des Appells von Jasna G\u00f3ra m\u00f6chte ich hier in Gedanken und mit dem Herzen jeden Menschen, Bruder und Schwester, aus allen Teilen der Welt zurufen&#8230;<\/p>\n\n<p>\u2026alle jene, die keine Angst vor Gefahren oder Schwierigkeiten haben, die den Glauben an die Ideale und an die wahren Werte nicht verlassen haben, die den Sinn des Lebens und der Arbeit nicht verloren haben, die der Schwachheit nicht nachgegeben haben, sondern, indem sie eine gemeinsame Verantwortung und einen gemeinsamen Eifer sp\u00fcren, die Br\u00fcder im Glauben und in der \u00dcberzeugung st\u00e4rken, dass es f\u00fcr den Christen keine Situation ohne Ausweg gibt; dass es der M\u00fche wert ist, im eigenen Land zu leben und sch\u00f6pferische Initiativen zu ergreifen, die Gemeinschaft der Herzen und des Geistes aufzubauen.<\/p>\n\n<div class=\"wp-block-image\"><figure class=\"alignleft size-large\"><img loading=\"lazy\" decoding=\"async\" width=\"706\" height=\"563\" src=\"https:\/\/neocatechumenaleiter.org\/wp-content\/uploads\/2020\/03\/Camino_Neocatecumenal_Juan_Pablo_II_palabras_invocacion_jasna_gora_19872.jpg\" alt=\"\" class=\"wp-image-7213\" srcset=\"https:\/\/neocatechumenaleiter.org\/wp-content\/uploads\/2020\/03\/Camino_Neocatecumenal_Juan_Pablo_II_palabras_invocacion_jasna_gora_19872.jpg 706w, https:\/\/neocatechumenaleiter.org\/wp-content\/uploads\/2020\/03\/Camino_Neocatecumenal_Juan_Pablo_II_palabras_invocacion_jasna_gora_19872-300x239.jpg 300w\" sizes=\"auto, (max-width: 706px) 100vw, 706px\" \/><\/figure><\/div>\n\n<p>Wie viele Personen m\u00fcsste man aufz\u00e4hlen, die sich wechselseitig Gutes tun, wie viele Gemeinschaften, wie viele Kreise, wie viele Bewegungen! W\u00e4hrend ich spreche, kommen mir mindestens zwei in den Sinn, die sich w\u00e4hrend meiner Reise mit starker Kraft bemerkbar machten: es sind unsere eigenen \u201eOasen\u201d von der Bewegung \u201eLicht und Leben\u201d und auch die \u201eNeokatechumenen\u201c, die vom Westen zu uns gekommen sind; ich finde sie \u00fcberall auf der Welt, wohin ich auch gehe. Ich dachte, dass sie in Polen vielleicht nicht sind, hingegen bemerke ich seit dem ersten Tag dieselben Aufschriften, die ich in anderen L\u00e4ndern in verschiedenen Sprachen sehe.<\/p>\n\n<p>Also, sie sind da. Sie sind gekommen! Sie sind gekommen und wollen, dass wir in uns selbst das Bewusstsein der Taufe erneuern, dessen, was es bedeutet, Christ von den Wurzeln her zu sein.<\/p>\n\n<p>Gott segne euch!<br \/><br \/><i>(*) Vgl. \u201eL\u2019Osservatore Romano\u201c, 14. Juni 1987 (eigene \u00dcbersetzung aus dem Italienischen).<\/i><\/p>\n","protected":false},"excerpt":{"rendered":"<p>REDE W\u00c4HREND DES APPELLS VON JASNA G\u00d3RA Hl. Johannes Paul II. Polen, Heiligtum von Tschenstochau, 12. Juni 1987 * Papst Johannes Paul II. hat den f\u00fcnften Tag seiner Pilgerreise in Polen am Freitagabend, den 12. Juni abgeschlossen mit einem Appell in Jasna G\u00f3ra, den er von den Stufen des Heiligtums in Tschenstochau aus gehalten hat. Der Appell von Jasna G\u00f3ra ist eine Anrufung der Mutter Gottes, die seit 1957 jeden<\/p>\n<div class=\"read-more\"><a class=\"btn read-more-btn\" href=\"https:\/\/neocatechumenaleiter.org\/de\/worte-der-paepste\/hl-johannes-paul-ii\/rede-waehrend-des-appells-von-jasna-gora\/\">Mehr lesen<\/a><\/div>\n","protected":false},"author":2,"featured_media":0,"parent":10123,"menu_order":44,"comment_status":"closed","ping_status":"closed","template":"","meta":{"footnotes":""},"class_list":["post-14064","page","type-page","status-publish","hentry"],"_links":{"self":[{"href":"https:\/\/neocatechumenaleiter.org\/de\/wp-json\/wp\/v2\/pages\/14064","targetHints":{"allow":["GET"]}}],"collection":[{"href":"https:\/\/neocatechumenaleiter.org\/de\/wp-json\/wp\/v2\/pages"}],"about":[{"href":"https:\/\/neocatechumenaleiter.org\/de\/wp-json\/wp\/v2\/types\/page"}],"author":[{"embeddable":true,"href":"https:\/\/neocatechumenaleiter.org\/de\/wp-json\/wp\/v2\/users\/2"}],"replies":[{"embeddable":true,"href":"https:\/\/neocatechumenaleiter.org\/de\/wp-json\/wp\/v2\/comments?post=14064"}],"version-history":[{"count":7,"href":"https:\/\/neocatechumenaleiter.org\/de\/wp-json\/wp\/v2\/pages\/14064\/revisions"}],"predecessor-version":[{"id":14811,"href":"https:\/\/neocatechumenaleiter.org\/de\/wp-json\/wp\/v2\/pages\/14064\/revisions\/14811"}],"up":[{"embeddable":true,"href":"https:\/\/neocatechumenaleiter.org\/de\/wp-json\/wp\/v2\/pages\/10123"}],"wp:attachment":[{"href":"https:\/\/neocatechumenaleiter.org\/de\/wp-json\/wp\/v2\/media?parent=14064"}],"curies":[{"name":"wp","href":"https:\/\/api.w.org\/{rel}","templated":true}]}}