{"id":14088,"date":"2020-06-08T13:46:04","date_gmt":"2020-06-08T12:46:04","guid":{"rendered":"https:\/\/neocatechumenaleiter.org\/worte-der-paepste\/hl-johannes-paul-ii\/audienz-fuer-einige-neokatechumenale-gemeinschaften-aus-spanien\/"},"modified":"2020-06-11T13:48:15","modified_gmt":"2020-06-11T12:48:15","slug":"audienz-fuer-einige-neokatechumenale-gemeinschaften-aus-spanien","status":"publish","type":"page","link":"https:\/\/neocatechumenaleiter.org\/de\/worte-der-paepste\/hl-johannes-paul-ii\/audienz-fuer-einige-neokatechumenale-gemeinschaften-aus-spanien\/","title":{"rendered":"AUDIENZ F\u00dcR EINIGE NEOKATECHUMENALE GEMEINSCHAFTEN AUS SPANIEN"},"content":{"rendered":"\n<h1 class=\"has-text-align-center wp-block-heading\">AUDIENZ F\u00dcR EINIGE NEOKATECHUMENALE GEMEINSCHAFTEN AUS SPANIEN<\/h1>\n\n<div style=\"height:20px\" aria-hidden=\"true\" class=\"wp-block-spacer\"><\/div>\n\n<h4 class=\"has-text-align-center wp-block-heading\">Hl. Johannes Paul II.<\/h4>\n\n<div style=\"height:20px\" aria-hidden=\"true\" class=\"wp-block-spacer\"><\/div>\n\n<div class=\"wp-block-image\"><figure class=\"alignright size-medium\"><img loading=\"lazy\" decoding=\"async\" width=\"400\" height=\"330\" src=\"https:\/\/neocatechumenaleiter.org\/wp-content\/uploads\/2020\/03\/Camino_Neocatecumenal_Juan_Pablo_II_audiencia_comunidades_de_espa\u00f1a_1987.jpg\" alt=\"\" class=\"wp-image-7227\" srcset=\"https:\/\/neocatechumenaleiter.org\/wp-content\/uploads\/2020\/03\/Camino_Neocatecumenal_Juan_Pablo_II_audiencia_comunidades_de_espa\u00f1a_1987.jpg 400w, https:\/\/neocatechumenaleiter.org\/wp-content\/uploads\/2020\/03\/Camino_Neocatecumenal_Juan_Pablo_II_audiencia_comunidades_de_espa\u00f1a_1987-300x248.jpg 300w\" sizes=\"auto, (max-width: 400px) 100vw, 400px\" \/><\/figure><\/div>\n\n<p><strong>Vatikanstadt \u2013 Mathilde-Kapelle, 5. Dezember 1987 *<\/strong><\/p>\n\n<p><em>Heute, am 5. Dezember, kurz nach dem Mittag, hat der Heilige Vater in der Mathilde-Kapelle die Mitglieder einiger neokatechumenalen Gemeinschaften von Madrid zur Audienz empfangen. Es folgt der Text der p\u00e4pstlichen Ansprache:<\/em><\/p>\n\n<p>Liebe Br\u00fcder und Schwestern! Es ist f\u00fcr mich Grund zur lebhaften Freude, heute Morgen die neokatechumenalen Gemeinschaften der Pfarreien St. Rochus (San Roque), St. Katharina Labour\u00e9 (Santa Catalina Labour\u00e9) und \u201eUnsere Liebe Frau von der Paloma\u201c (Nuestra Se\u00f1ora de la Paloma) aus Madrid sowie die Gruppe der Katechisten-Itineranten zu empfangen.<\/p>\n\n<p>Euch allen und jedem einzelnen von euch m\u00f6chte ich einen herzlichen Willkommensgru\u00df entbieten. Ich wei\u00df, dass ihr mit dem Hauptziel nach Rom gekommen seid, vor dem Grab des Apostels von neuem euren Glauben zu bekennen.<\/p>\n\n<p>Der Neokatechumenale Weg f\u00fchrt euch zur Betrachtung und zur tiefen Erfahrung der Wahrheiten des Credos \u2013 als lebendige Kraft eures Christseins und als Anspruch, die Gr\u00f6\u00dfe der Taufe zu bezeugen.<\/p>\n\n<div class=\"wp-block-image\"><figure class=\"alignleft size-medium\"><img loading=\"lazy\" decoding=\"async\" width=\"400\" height=\"329\" src=\"https:\/\/neocatechumenaleiter.org\/wp-content\/uploads\/2020\/03\/Camino_Neocatecumenal_Juan_Pablo_II_audiencia_comunidades_de_espa\u00f1a_19872.jpg\" alt=\"\" class=\"wp-image-7230\" srcset=\"https:\/\/neocatechumenaleiter.org\/wp-content\/uploads\/2020\/03\/Camino_Neocatecumenal_Juan_Pablo_II_audiencia_comunidades_de_espa\u00f1a_19872.jpg 400w, https:\/\/neocatechumenaleiter.org\/wp-content\/uploads\/2020\/03\/Camino_Neocatecumenal_Juan_Pablo_II_audiencia_comunidades_de_espa\u00f1a_19872-300x247.jpg 300w\" sizes=\"auto, (max-width: 400px) 100vw, 400px\" \/><\/figure><\/div>\n\n<p>Die Wahrheit unseres Glaubens zu sp\u00fcren und diese Wahrheit zum Leben zu erwecken ist ein wesentliches Element, um unsere Gemeinschaft im Scho\u00df der Kirche, unserer Mutter, zu st\u00e4rken.<\/p>\n\n<p>Deshalb bitte ich Gott, dass eure Pilgerreise nach Rom, dem Zentrum der Katholizit\u00e4t, euch in der Gesamtheit eures christlichen Auftrags verwurzle, und euch in eurem Dahinschreiten als Itineranten, die dem Evangelium dienen, ermutige.<\/p>\n\n<p>Wenn ihr in eure Gemeinschaften in Spanien und in der Welt zur\u00fcckkehrt, richtet allen den Gru\u00df des Papstes aus, der an alle denkt und mit gro\u00dfer Zuneigung und lebendiger Hoffnung f\u00fcr alle betet. In diesem marianischen Jahr vertraue ich euch dem Schutz der Allerseligsten Jungfrau an, dem Vorbild der Heiligkeit, der Jungfrau, die dem Wirken des Geistes f\u00fcgsam war. Sie begleite euch auf eurem Weg.<\/p>\n\n<p>Als Zeichen meines Wohlwollens erteile ich euch den Apostolischen Segen.<br \/><br \/><i>(*) Vgl. \u201eL\u2019Osservatore Romano\u201c, 6. Dezember 1987 (eigene \u00dcbersetzung aus dem Italienischen).<\/i><\/p>\n","protected":false},"excerpt":{"rendered":"<p>AUDIENZ F\u00dcR EINIGE NEOKATECHUMENALE GEMEINSCHAFTEN AUS SPANIEN Hl. Johannes Paul II. Vatikanstadt \u2013 Mathilde-Kapelle, 5. Dezember 1987 * Heute, am 5. Dezember, kurz nach dem Mittag, hat der Heilige Vater in der Mathilde-Kapelle die Mitglieder einiger neokatechumenalen Gemeinschaften von Madrid zur Audienz empfangen. Es folgt der Text der p\u00e4pstlichen Ansprache: Liebe Br\u00fcder und Schwestern! Es ist f\u00fcr mich Grund zur lebhaften Freude, heute Morgen die neokatechumenalen Gemeinschaften der Pfarreien St.<\/p>\n<div class=\"read-more\"><a class=\"btn read-more-btn\" href=\"https:\/\/neocatechumenaleiter.org\/de\/worte-der-paepste\/hl-johannes-paul-ii\/audienz-fuer-einige-neokatechumenale-gemeinschaften-aus-spanien\/\">Mehr lesen<\/a><\/div>\n","protected":false},"author":2,"featured_media":0,"parent":10123,"menu_order":45,"comment_status":"closed","ping_status":"closed","template":"","meta":{"footnotes":""},"class_list":["post-14088","page","type-page","status-publish","hentry"],"_links":{"self":[{"href":"https:\/\/neocatechumenaleiter.org\/de\/wp-json\/wp\/v2\/pages\/14088","targetHints":{"allow":["GET"]}}],"collection":[{"href":"https:\/\/neocatechumenaleiter.org\/de\/wp-json\/wp\/v2\/pages"}],"about":[{"href":"https:\/\/neocatechumenaleiter.org\/de\/wp-json\/wp\/v2\/types\/page"}],"author":[{"embeddable":true,"href":"https:\/\/neocatechumenaleiter.org\/de\/wp-json\/wp\/v2\/users\/2"}],"replies":[{"embeddable":true,"href":"https:\/\/neocatechumenaleiter.org\/de\/wp-json\/wp\/v2\/comments?post=14088"}],"version-history":[{"count":3,"href":"https:\/\/neocatechumenaleiter.org\/de\/wp-json\/wp\/v2\/pages\/14088\/revisions"}],"predecessor-version":[{"id":14813,"href":"https:\/\/neocatechumenaleiter.org\/de\/wp-json\/wp\/v2\/pages\/14088\/revisions\/14813"}],"up":[{"embeddable":true,"href":"https:\/\/neocatechumenaleiter.org\/de\/wp-json\/wp\/v2\/pages\/10123"}],"wp:attachment":[{"href":"https:\/\/neocatechumenaleiter.org\/de\/wp-json\/wp\/v2\/media?parent=14088"}],"curies":[{"name":"wp","href":"https:\/\/api.w.org\/{rel}","templated":true}]}}