{"id":14097,"date":"2020-06-08T13:49:33","date_gmt":"2020-06-08T12:49:33","guid":{"rendered":"https:\/\/neocatechumenaleiter.org\/worte-der-paepste\/hl-johannes-paul-ii\/ansprache-waehrend-der-audienz-fuer-einige-gemeinschaften-aus-italien-am-12-12-1987\/"},"modified":"2020-09-25T18:28:15","modified_gmt":"2020-09-25T17:28:15","slug":"ansprache-waehrend-der-audienz-fuer-einige-gemeinschaften-aus-italien-am-12-12-1987","status":"publish","type":"page","link":"https:\/\/neocatechumenaleiter.org\/de\/worte-der-paepste\/hl-johannes-paul-ii\/ansprache-waehrend-der-audienz-fuer-einige-gemeinschaften-aus-italien-am-12-12-1987\/","title":{"rendered":"ANSPRACHE W\u00c4HREND DER AUDIENZ F\u00dcR EINIGE GEMEINSCHAFTEN AUS ITALIEN AM 12.12.1987"},"content":{"rendered":"\n<h1 class=\"has-text-align-center wp-block-heading\">ANSPRACHE W\u00c4HREND DER AUDIENZ F\u00dcR EINIGE GEMEINSCHAFTEN AUS ITALIEN AM 12.12.1987<\/h1>\n\n<div style=\"height:22px\" aria-hidden=\"true\" class=\"wp-block-spacer\"><\/div>\n\n<h4 class=\"has-text-align-center wp-block-heading\">Hl. Johannes Paul II.<\/h4>\n\n<div style=\"height:20px\" aria-hidden=\"true\" class=\"wp-block-spacer\"><\/div>\n\n<p><strong>Vatikanstadt \u2013 Sala Clementina, 12. Dezember 1987 *<\/strong><\/p>\n\n<p><em>Der Heilige Vater hat heute Morgen einige Mitglieder der neokatechumenalen Gemeinschaften von Palermo, Catania, Perugia, Florenz und Rom, die vor dem Nachfolger Petri ihr Bekenntnis zum Glauben erneuern wollten, zur Audienz empfangen. Wir geben die Ansprache wieder, die der Heilige Vater zu dieser Gelegenheit spontan hielt:<\/em><\/p>\n\n<p>Ich m\u00f6chte sagen, ohne viele Worte zu gebrauchen, dass man den Glauben bekennen muss, man muss ihn singen, man muss ihn leben. Das ist euer Weg und auch unser Weg, der von uns allen.<\/p>\n\n<p>Ja, mit dem Glauben muss man zum heiligen Petrus kommen, zu seinem Grab, zu dem Ort, wo er getauft wurde, wo er f\u00fcr den gestorbenen und auferstandenen Christus Zeugnis abgelegt hat. Und mit diesem Glauben muss man manchmal auch eine \u00dcberraschung in den Touristen hervorrufen: Ihr seid hier, um diese \u00dcberraschung in all jenen zu wecken, die glauben, dass man in dieser Stadt nur Tourist sein kann: Sie sollen verstehen, dass man hierher nicht nur als Tourist kommt, sondern dass man Pilger sein soll. Genug! Ihr werdet eine andere, viel l\u00e4ngere Rede in \u201eL\u2019Osservatore Romano\u201c finden. <\/p>\n\n<p><em>Quelle: Aus direkter Tonbandaufnahme, eigene \u00dcbersetzung aus dem Italienischen.<\/em><\/p>\n\n<div class=\"wp-block-image\"><figure class=\"aligncenter size-large\"><img loading=\"lazy\" decoding=\"async\" width=\"700\" height=\"562\" src=\"https:\/\/neocatechumenaleiter.org\/wp-content\/uploads\/2020\/03\/Camino_Neocatecumenal_Juan_Pablo_II_audiencia_sala_clementina_1987.jpg\" alt=\"\" class=\"wp-image-7235\" srcset=\"https:\/\/neocatechumenaleiter.org\/wp-content\/uploads\/2020\/03\/Camino_Neocatecumenal_Juan_Pablo_II_audiencia_sala_clementina_1987.jpg 700w, https:\/\/neocatechumenaleiter.org\/wp-content\/uploads\/2020\/03\/Camino_Neocatecumenal_Juan_Pablo_II_audiencia_sala_clementina_1987-300x241.jpg 300w\" sizes=\"auto, (max-width: 700px) 100vw, 700px\" \/><\/figure><\/div>\n","protected":false},"excerpt":{"rendered":"<p>ANSPRACHE W\u00c4HREND DER AUDIENZ F\u00dcR EINIGE GEMEINSCHAFTEN AUS ITALIEN AM 12.12.1987 Hl. Johannes Paul II. Vatikanstadt \u2013 Sala Clementina, 12. Dezember 1987 * Der Heilige Vater hat heute Morgen einige Mitglieder der neokatechumenalen Gemeinschaften von Palermo, Catania, Perugia, Florenz und Rom, die vor dem Nachfolger Petri ihr Bekenntnis zum Glauben erneuern wollten, zur Audienz empfangen. Wir geben die Ansprache wieder, die der Heilige Vater zu dieser Gelegenheit spontan hielt: Ich<\/p>\n<div class=\"read-more\"><a class=\"btn read-more-btn\" href=\"https:\/\/neocatechumenaleiter.org\/de\/worte-der-paepste\/hl-johannes-paul-ii\/ansprache-waehrend-der-audienz-fuer-einige-gemeinschaften-aus-italien-am-12-12-1987\/\">Mehr lesen<\/a><\/div>\n","protected":false},"author":2,"featured_media":0,"parent":10123,"menu_order":46,"comment_status":"closed","ping_status":"closed","template":"","meta":{"footnotes":""},"class_list":["post-14097","page","type-page","status-publish","hentry"],"_links":{"self":[{"href":"https:\/\/neocatechumenaleiter.org\/de\/wp-json\/wp\/v2\/pages\/14097","targetHints":{"allow":["GET"]}}],"collection":[{"href":"https:\/\/neocatechumenaleiter.org\/de\/wp-json\/wp\/v2\/pages"}],"about":[{"href":"https:\/\/neocatechumenaleiter.org\/de\/wp-json\/wp\/v2\/types\/page"}],"author":[{"embeddable":true,"href":"https:\/\/neocatechumenaleiter.org\/de\/wp-json\/wp\/v2\/users\/2"}],"replies":[{"embeddable":true,"href":"https:\/\/neocatechumenaleiter.org\/de\/wp-json\/wp\/v2\/comments?post=14097"}],"version-history":[{"count":5,"href":"https:\/\/neocatechumenaleiter.org\/de\/wp-json\/wp\/v2\/pages\/14097\/revisions"}],"predecessor-version":[{"id":17723,"href":"https:\/\/neocatechumenaleiter.org\/de\/wp-json\/wp\/v2\/pages\/14097\/revisions\/17723"}],"up":[{"embeddable":true,"href":"https:\/\/neocatechumenaleiter.org\/de\/wp-json\/wp\/v2\/pages\/10123"}],"wp:attachment":[{"href":"https:\/\/neocatechumenaleiter.org\/de\/wp-json\/wp\/v2\/media?parent=14097"}],"curies":[{"name":"wp","href":"https:\/\/api.w.org\/{rel}","templated":true}]}}