{"id":14393,"date":"2020-06-09T12:47:51","date_gmt":"2020-06-09T11:47:51","guid":{"rendered":"https:\/\/neocatechumenaleiter.org\/worte-der-paepste\/hl-johannes-paul-ii\/papst-johannes-paul-ii-zu-den-itineranten-des-neokatechumenalen-weges\/"},"modified":"2020-06-11T13:15:49","modified_gmt":"2020-06-11T12:15:49","slug":"papst-johannes-paul-ii-zu-den-itineranten-des-neokatechumenalen-weges","status":"publish","type":"page","link":"https:\/\/neocatechumenaleiter.org\/de\/worte-der-paepste\/hl-johannes-paul-ii\/papst-johannes-paul-ii-zu-den-itineranten-des-neokatechumenalen-weges\/","title":{"rendered":"GRUSS AN DIE ITINERANTEN: GENERALAUDIENZ AM 26.09.1979"},"content":{"rendered":"\n<h1 class=\"has-text-align-center wp-block-heading\">GRUSS AN DIE ITINERANTEN: GENERALAUDIENZ AM 26.09.1979<\/h1>\n\n<div style=\"height:20px\" aria-hidden=\"true\" class=\"wp-block-spacer\"><\/div>\n\n<h4 class=\"has-text-align-center wp-block-heading\">Hl. Johannes Paul II.<\/h4>\n\n<div style=\"height:20px\" aria-hidden=\"true\" class=\"wp-block-spacer\"><\/div>\n\n<div class=\"wp-block-image is-style-default\"><figure class=\"alignright size-large\"><img loading=\"lazy\" decoding=\"async\" width=\"400\" height=\"295\" src=\"https:\/\/neocatechumenaleiter.org\/wp-content\/uploads\/2020\/03\/Camino_Neocatecumenal_Juan_Pablo_II_visita_audiencia_general_1979.jpg\" alt=\"\" class=\"wp-image-6988\" srcset=\"https:\/\/neocatechumenaleiter.org\/wp-content\/uploads\/2020\/03\/Camino_Neocatecumenal_Juan_Pablo_II_visita_audiencia_general_1979.jpg 400w, https:\/\/neocatechumenaleiter.org\/wp-content\/uploads\/2020\/03\/Camino_Neocatecumenal_Juan_Pablo_II_visita_audiencia_general_1979-300x221.jpg 300w\" sizes=\"auto, (max-width: 400px) 100vw, 400px\" \/><\/figure><\/div>\n\n<p><strong>Rom, 26. September 1979 *<\/strong>&#013;\n<\/p>\n\n<p><em>Zu den Priester- und Laienitineranten, die den Neokatechumenalen Gemeinschaften angeh\u00f6ren, sagte Papst Johannes Paul II.:<\/em><\/p>\n\n<p>&#8230; An der heutigen Audienz nimmt eine gro\u00dfe Gruppe von Angeh\u00f6rigen der Bewegung teil, die es sich zum Ziel gesetzt hat, den Christen zu helfen, die Wirklichkeit der Taufe wiederzuentdecken und dadurch in Freude ihren befreienden Reichtum zu erleben. M\u00f6ge Euer Zeugnis, das Ihr in vollem Einklang mit den legitimen Hirten gebt, in vielen Br\u00fcdern den Wunsch und den Einsatz f\u00fcr ein Leben wecken, das gr\u00f6\u00dferen Zusammenhang hat mit den Erfordernissen der Taufe und ihren unersch\u00f6pflichen Reicht\u00fcmern.&#013;\nEs begleite Euch mein Apostolischer Segen.<br \/><br \/><i>(*) Vgl. \u00abL\u2019Osservatore Romano\u00bb, 28. September 1979 (eigene \u00dcbersetzung aus dem Italienischen).<\/i><\/p>\n","protected":false},"excerpt":{"rendered":"<p>GRUSS AN DIE ITINERANTEN: GENERALAUDIENZ AM 26.09.1979 Hl. Johannes Paul II. Rom, 26. September 1979 *&#013; Zu den Priester- und Laienitineranten, die den Neokatechumenalen Gemeinschaften angeh\u00f6ren, sagte Papst Johannes Paul II.: &#8230; An der heutigen Audienz nimmt eine gro\u00dfe Gruppe von Angeh\u00f6rigen der Bewegung teil, die es sich zum Ziel gesetzt hat, den Christen zu helfen, die Wirklichkeit der Taufe wiederzuentdecken und dadurch in Freude ihren befreienden Reichtum zu erleben.<\/p>\n<div class=\"read-more\"><a class=\"btn read-more-btn\" href=\"https:\/\/neocatechumenaleiter.org\/de\/worte-der-paepste\/hl-johannes-paul-ii\/papst-johannes-paul-ii-zu-den-itineranten-des-neokatechumenalen-weges\/\">Mehr lesen<\/a><\/div>\n","protected":false},"author":2,"featured_media":0,"parent":10123,"menu_order":2,"comment_status":"closed","ping_status":"closed","template":"","meta":{"footnotes":""},"class_list":["post-14393","page","type-page","status-publish","hentry"],"_links":{"self":[{"href":"https:\/\/neocatechumenaleiter.org\/de\/wp-json\/wp\/v2\/pages\/14393","targetHints":{"allow":["GET"]}}],"collection":[{"href":"https:\/\/neocatechumenaleiter.org\/de\/wp-json\/wp\/v2\/pages"}],"about":[{"href":"https:\/\/neocatechumenaleiter.org\/de\/wp-json\/wp\/v2\/types\/page"}],"author":[{"embeddable":true,"href":"https:\/\/neocatechumenaleiter.org\/de\/wp-json\/wp\/v2\/users\/2"}],"replies":[{"embeddable":true,"href":"https:\/\/neocatechumenaleiter.org\/de\/wp-json\/wp\/v2\/comments?post=14393"}],"version-history":[{"count":5,"href":"https:\/\/neocatechumenaleiter.org\/de\/wp-json\/wp\/v2\/pages\/14393\/revisions"}],"predecessor-version":[{"id":14777,"href":"https:\/\/neocatechumenaleiter.org\/de\/wp-json\/wp\/v2\/pages\/14393\/revisions\/14777"}],"up":[{"embeddable":true,"href":"https:\/\/neocatechumenaleiter.org\/de\/wp-json\/wp\/v2\/pages\/10123"}],"wp:attachment":[{"href":"https:\/\/neocatechumenaleiter.org\/de\/wp-json\/wp\/v2\/media?parent=14393"}],"curies":[{"name":"wp","href":"https:\/\/api.w.org\/{rel}","templated":true}]}}