{"id":14416,"date":"2020-06-09T14:23:19","date_gmt":"2020-06-09T13:23:19","guid":{"rendered":"https:\/\/neocatechumenaleiter.org\/worte-der-paepste\/hl-johannes-paul-ii\/besuch-in-der-pfarrei-st-maria-mutter-des-erloesers-am-10-04-1988\/"},"modified":"2020-06-11T13:54:01","modified_gmt":"2020-06-11T12:54:01","slug":"besuch-in-der-pfarrei-st-maria-mutter-des-erloesers-am-10-04-1988","status":"publish","type":"page","link":"https:\/\/neocatechumenaleiter.org\/de\/worte-der-paepste\/hl-johannes-paul-ii\/besuch-in-der-pfarrei-st-maria-mutter-des-erloesers-am-10-04-1988\/","title":{"rendered":"BESUCH IN DER PFARREI ST. MARIA MUTTER DES ERL\u00d6SERS AM 10.04.1988"},"content":{"rendered":"\n<h1 class=\"has-text-align-center wp-block-heading\">BESUCH IN DER PFARREI ST. MARIA MUTTER DES ERL\u00d6SERS AM 10.04.1988<\/h1>\n\n<div style=\"height:20px\" aria-hidden=\"true\" class=\"wp-block-spacer\"><\/div>\n\n<h4 class=\"has-text-align-center wp-block-heading\">Hl. Johannes Paul II.<\/h4>\n\n<div style=\"height:20px\" aria-hidden=\"true\" class=\"wp-block-spacer\"><\/div>\n\n<p><strong>Rom, 10. April 1988 *<\/strong><\/p>\n\n<p><em>\u201eWir haben im Evangelium von heute geh\u00f6rt, dass Thomas Zeichen suchte, um zu glauben, dass Jesus wahrhaft auferstanden sei. Also, ich glaube, dass f\u00fcr Tor Bella Monaca diese Br\u00fcder und Schwestern, ihr Glaube und ihre Begeisterung im Glauben, ein Zeichen daf\u00fcr sein k\u00f6nnen, dass Jesus auferstanden ist.\u201c Dies sagte der Pfarrer, als er die zwei neokatechumenalen Gemeinschaften vorstellte, die sich in der Kirche versammelt hatten.<\/em>&#013;\n&#013;\n<em>\u201eWir k\u00fcmmern uns um die Erwachsenen-Pastoral\u201c, setzte Pfarrer Don Mario fort, \u201eViele sind von Gott, von der Kirche entfernt, aber ich erkenne, dass durch den Neokatechumenalen Weg ein Netz in den See ausgeworfen ist, und wir sehen, dass wir viele mit diesem Netz einfangen, die sich auf den Weg begeben, um den Herrn zu suchen.\u201c<\/em>&#013;\n&#013;\n<em>Nachdem der Papst einige Zeugnisse geh\u00f6rt hatte, wandte er sich mit diesen Worten den Anwesenden zu:<\/em><\/p>\n\n<div class=\"wp-block-image\"><figure class=\"alignleft size-large\"><img loading=\"lazy\" decoding=\"async\" width=\"679\" height=\"557\" src=\"https:\/\/neocatechumenaleiter.org\/wp-content\/uploads\/2020\/03\/Camino_Neocatecumenal_Juan_Pablo_II_visita_parroquia_Santa_Maria_Madre_del_Redentor_1988.jpg\" alt=\"\" class=\"wp-image-6923\" srcset=\"https:\/\/neocatechumenaleiter.org\/wp-content\/uploads\/2020\/03\/Camino_Neocatecumenal_Juan_Pablo_II_visita_parroquia_Santa_Maria_Madre_del_Redentor_1988.jpg 679w, https:\/\/neocatechumenaleiter.org\/wp-content\/uploads\/2020\/03\/Camino_Neocatecumenal_Juan_Pablo_II_visita_parroquia_Santa_Maria_Madre_del_Redentor_1988-300x246.jpg 300w\" sizes=\"auto, (max-width: 679px) 100vw, 679px\" \/><\/figure><\/div>\n\n<p>Ihr Lieben, ich gr\u00fc\u00dfe euch alle. Ich gr\u00fc\u00dfe die Eltern, die Erwachsenen, die Jugendlichen und die Kinder, die, wie immer in euren Gemeinschaften, zahlreich sind. Ich danke dem Herrn f\u00fcr dieses aufgehende Leben. Ich treffe euch oft, ich habe euch am Nachmittag des Palmsonntags getroffen, ich habe viele Zeugnisse geh\u00f6rt und dann versucht, ein wenig l\u00e4nger zu sprechen.<\/p>\n\n<p><p class=\"Quotations\"><span lang=\"DE\">Heute treffe ich euch in dieser Pfarrei, und ich muss gestehen, dass ich mich \u00fcber dieses Treffen freue und besonders dar\u00fcber, dass ihr diese Pfarrei gefunden habt. Ihr versucht, eure Anwesenheit, euer Zeugnis, eure Mission weiterzuf\u00fchren.<\/span><\/p><\/p>\n\n<p>Wir haben heute einen sehr interessanten Abschnitt des Evangeliums im Abendmahlsaal geh\u00f6rt, in dem die Gestalt des Thomas vorkommt, des Ungl\u00e4ubigen, der sich im Abendmahlsaal zu Jesus Christus bekehrte. Ich habe an euch gedacht, denn eure Gemeinschaften &#8211; wie es mir viele berichten &#8211; sind auch die Orte, die Umgebung, wo sich die Bekehrungen der Ungl\u00e4ubigen wiederholen, eines ungl\u00e4ubigen Thomas, der zum gl\u00e4ubiger Thomas wird und \u201cHerr\u201d schreit. Ich glaube, das ist die Gnade des Abendmahlsaales. Ihr m\u00fcsst immer im Abendmahlsaal bleiben.<br \/><br \/><i>(*) Vgl. \u201eL\u2019Osservatore Romano\u201c, 11. April 1988 (eigene \u00dcbersetzung aus dem Italienischen).<\/i><\/p>\n","protected":false},"excerpt":{"rendered":"<p>BESUCH IN DER PFARREI ST. MARIA MUTTER DES ERL\u00d6SERS AM 10.04.1988 Hl. Johannes Paul II. Rom, 10. April 1988 * \u201eWir haben im Evangelium von heute geh\u00f6rt, dass Thomas Zeichen suchte, um zu glauben, dass Jesus wahrhaft auferstanden sei. Also, ich glaube, dass f\u00fcr Tor Bella Monaca diese Br\u00fcder und Schwestern, ihr Glaube und ihre Begeisterung im Glauben, ein Zeichen daf\u00fcr sein k\u00f6nnen, dass Jesus auferstanden ist.\u201c Dies sagte der<\/p>\n<div class=\"read-more\"><a class=\"btn read-more-btn\" href=\"https:\/\/neocatechumenaleiter.org\/de\/worte-der-paepste\/hl-johannes-paul-ii\/besuch-in-der-pfarrei-st-maria-mutter-des-erloesers-am-10-04-1988\/\">Mehr lesen<\/a><\/div>\n","protected":false},"author":2,"featured_media":0,"parent":10123,"menu_order":51,"comment_status":"closed","ping_status":"closed","template":"","meta":{"footnotes":""},"class_list":["post-14416","page","type-page","status-publish","hentry"],"_links":{"self":[{"href":"https:\/\/neocatechumenaleiter.org\/de\/wp-json\/wp\/v2\/pages\/14416","targetHints":{"allow":["GET"]}}],"collection":[{"href":"https:\/\/neocatechumenaleiter.org\/de\/wp-json\/wp\/v2\/pages"}],"about":[{"href":"https:\/\/neocatechumenaleiter.org\/de\/wp-json\/wp\/v2\/types\/page"}],"author":[{"embeddable":true,"href":"https:\/\/neocatechumenaleiter.org\/de\/wp-json\/wp\/v2\/users\/2"}],"replies":[{"embeddable":true,"href":"https:\/\/neocatechumenaleiter.org\/de\/wp-json\/wp\/v2\/comments?post=14416"}],"version-history":[{"count":3,"href":"https:\/\/neocatechumenaleiter.org\/de\/wp-json\/wp\/v2\/pages\/14416\/revisions"}],"predecessor-version":[{"id":14821,"href":"https:\/\/neocatechumenaleiter.org\/de\/wp-json\/wp\/v2\/pages\/14416\/revisions\/14821"}],"up":[{"embeddable":true,"href":"https:\/\/neocatechumenaleiter.org\/de\/wp-json\/wp\/v2\/pages\/10123"}],"wp:attachment":[{"href":"https:\/\/neocatechumenaleiter.org\/de\/wp-json\/wp\/v2\/media?parent=14416"}],"curies":[{"name":"wp","href":"https:\/\/api.w.org\/{rel}","templated":true}]}}