{"id":14418,"date":"2020-06-09T14:26:15","date_gmt":"2020-06-09T13:26:15","guid":{"rendered":"https:\/\/neocatechumenaleiter.org\/worte-der-paepste\/hl-johannes-paul-ii\/papst-johannes-paul-ii-vom-balkon-der-nuntiatur-waehrend-seines-besuches-in-peru\/"},"modified":"2020-06-11T13:55:11","modified_gmt":"2020-06-11T12:55:11","slug":"papst-johannes-paul-ii-vom-balkon-der-nuntiatur-waehrend-seines-besuches-in-peru","status":"publish","type":"page","link":"https:\/\/neocatechumenaleiter.org\/de\/worte-der-paepste\/hl-johannes-paul-ii\/papst-johannes-paul-ii-vom-balkon-der-nuntiatur-waehrend-seines-besuches-in-peru\/","title":{"rendered":"PAPST JOHANNES PAUL II. VOM BALKON DER NUNTIATUR W\u00c4HREND SEINES BESUCHES IN PERU"},"content":{"rendered":"\n<h1 class=\"has-text-align-center wp-block-heading\">PAPST JOHANNES PAUL II. VOM BALKON DER NUNTIATUR W\u00c4HREND SEINES BESUCHES IN PERU<\/h1>\n\n<div style=\"height:20px\" aria-hidden=\"true\" class=\"wp-block-spacer\"><\/div>\n\n<h4 class=\"has-text-align-center wp-block-heading\">Hl. Johannes Paul II.<\/h4>\n\n<div style=\"height:20px\" aria-hidden=\"true\" class=\"wp-block-spacer\"><\/div>\n\n<p><strong>Lima, 16. Mai 1988 *<\/strong><\/p>\n\n<p><em>W\u00e4hrend seiner pastoralen Reise nach Peru hat der Heilige Vater in Lima nachfolgende Gru\u00dfworte an die neokatechumenalen Gemeinschaften und an die Familien, die seit mehr als einem Jahr in den \u201cPueblos J\u00f3venes\u201d mit den Armen arbeiten, gerichtet:<\/em><\/p>\n\n<p>Mein Dank gilt allen Anwesenden und allen, die zu der Organisation des gro\u00dfen \u201eBolivarianischen Eucharistischen Kongresses\u201c beigetragen haben; besonders jenen jedoch, die gestern die Schlussfeier mitgestaltet haben.<\/p>\n\n<p>Ich denke an alle, nicht nur an die hier Anwesenden, sondern auch an Lima und an die ganze Nation. Ich m\u00f6chte die verschiedenen Gruppen, Vereinigungen und Bewegungen gr\u00fc\u00dfen; einige von ihnen sind sehr aktiv. Diese Aktivit\u00e4t hat sich auch durch die vielen Einladungen an den Papst gezeigt, ihre Standorte zu besuchen. Wir konnten allerdings keine Privatbesuche machen, da es ein genereller Besuch der ganzen Stadt Lima war, der ganzen Hauptstadt, die ungef\u00e4hr sechs oder sieben Millionen Einwohner hat. Ich bleibe dennoch sehr dankbar f\u00fcr diese Einladungen und besonders danke ich f\u00fcr die apostolischen Aktivit\u00e4ten dieser Bewegungen, wie zum Beispiel der Neokatechumenen. Sie w\u00fcrden wirklich einen Besuch verdienen, sie verdienen offen gestanden mehr, aber es war bei diesem Besuch nicht m\u00f6glich.<\/p>\n\n<p>Ich m\u00f6chte all das segnen, was sie tun, um die Evangelisierung dieser Nation zu f\u00f6rdern, indem sie dabei auch die Berufungen f\u00f6rdern. Ich wei\u00df sehr genau, dass hier unter euch auch verschiedene Itineranten sind, Itinerantenfamilien, und, wie mir Kardinal Landazuri sagt, arbeiten sie sehr gut. Ich danke daher allen und segne euch von ganzem Herzen.<br \/><br \/><i>(*) Quelle: Private Tonaufnahmen (eigene \u00dcbersetzung).<\/i><\/p>\n","protected":false},"excerpt":{"rendered":"<p>PAPST JOHANNES PAUL II. VOM BALKON DER NUNTIATUR W\u00c4HREND SEINES BESUCHES IN PERU Hl. Johannes Paul II. Lima, 16. Mai 1988 * W\u00e4hrend seiner pastoralen Reise nach Peru hat der Heilige Vater in Lima nachfolgende Gru\u00dfworte an die neokatechumenalen Gemeinschaften und an die Familien, die seit mehr als einem Jahr in den \u201cPueblos J\u00f3venes\u201d mit den Armen arbeiten, gerichtet: Mein Dank gilt allen Anwesenden und allen, die zu der Organisation<\/p>\n<div class=\"read-more\"><a class=\"btn read-more-btn\" href=\"https:\/\/neocatechumenaleiter.org\/de\/worte-der-paepste\/hl-johannes-paul-ii\/papst-johannes-paul-ii-vom-balkon-der-nuntiatur-waehrend-seines-besuches-in-peru\/\">Mehr lesen<\/a><\/div>\n","protected":false},"author":2,"featured_media":0,"parent":10123,"menu_order":52,"comment_status":"closed","ping_status":"closed","template":"","meta":{"footnotes":""},"class_list":["post-14418","page","type-page","status-publish","hentry"],"_links":{"self":[{"href":"https:\/\/neocatechumenaleiter.org\/de\/wp-json\/wp\/v2\/pages\/14418","targetHints":{"allow":["GET"]}}],"collection":[{"href":"https:\/\/neocatechumenaleiter.org\/de\/wp-json\/wp\/v2\/pages"}],"about":[{"href":"https:\/\/neocatechumenaleiter.org\/de\/wp-json\/wp\/v2\/types\/page"}],"author":[{"embeddable":true,"href":"https:\/\/neocatechumenaleiter.org\/de\/wp-json\/wp\/v2\/users\/2"}],"replies":[{"embeddable":true,"href":"https:\/\/neocatechumenaleiter.org\/de\/wp-json\/wp\/v2\/comments?post=14418"}],"version-history":[{"count":3,"href":"https:\/\/neocatechumenaleiter.org\/de\/wp-json\/wp\/v2\/pages\/14418\/revisions"}],"predecessor-version":[{"id":14823,"href":"https:\/\/neocatechumenaleiter.org\/de\/wp-json\/wp\/v2\/pages\/14418\/revisions\/14823"}],"up":[{"embeddable":true,"href":"https:\/\/neocatechumenaleiter.org\/de\/wp-json\/wp\/v2\/pages\/10123"}],"wp:attachment":[{"href":"https:\/\/neocatechumenaleiter.org\/de\/wp-json\/wp\/v2\/media?parent=14418"}],"curies":[{"name":"wp","href":"https:\/\/api.w.org\/{rel}","templated":true}]}}