{"id":14420,"date":"2020-06-09T14:27:38","date_gmt":"2020-06-09T13:27:38","guid":{"rendered":"https:\/\/neocatechumenaleiter.org\/worte-der-paepste\/hl-johannes-paul-ii\/privataudienz-von-papst-johannes-paul-ii-zur-sendung-von-zwoelf-familien-fuer-die-neuevangelisierung\/"},"modified":"2020-06-09T14:27:38","modified_gmt":"2020-06-09T13:27:38","slug":"privataudienz-von-papst-johannes-paul-ii-zur-sendung-von-zwoelf-familien-fuer-die-neuevangelisierung","status":"publish","type":"page","link":"https:\/\/neocatechumenaleiter.org\/de\/worte-der-paepste\/hl-johannes-paul-ii\/privataudienz-von-papst-johannes-paul-ii-zur-sendung-von-zwoelf-familien-fuer-die-neuevangelisierung\/","title":{"rendered":"PRIVATAUDIENZ VON PAPST JOHANNES PAUL II. ZUR SENDUNG VON ZW\u00d6LF FAMILIEN F\u00dcR DIE \u201eNEUEVANGELISIERUNG\u201c"},"content":{"rendered":"\n<h1 class=\"has-text-align-center wp-block-heading\">PRIVATAUDIENZ VON PAPST JOHANNES PAUL II. ZUR SENDUNG VON ZW\u00d6LF FAMILIEN F\u00dcR DIE \u201eNEUEVANGELISIERUNG\u201c<\/h1>\n\n<div style=\"height:20px\" aria-hidden=\"true\" class=\"wp-block-spacer\"><\/div>\n\n<h4 class=\"has-text-align-center wp-block-heading\">Hl. Johannes Paul II.<\/h4>\n\n<div style=\"height:20px\" aria-hidden=\"true\" class=\"wp-block-spacer\"><\/div>\n\n<p><strong>Rom, 9. Juni 1988<\/strong><\/p>\n\n<p><p class=\"Textbody\"><i><span lang=\"DE\">Anl\u00e4sslich einer Privataudienz in der Sala Clementina hat der Heilige Vater zw\u00f6lf Familien die Kreuze \u00fcberreicht. Die Familien reisen nach S\u00fcdamerika ab, um inmitten der Armen zu leben und in den \u201ePubleos J\u00f3venes\u201c rund um Lima (Peru), inmitten der Bergarbeiter von Coronel (Chile) und in den Zonen der Pfahlbauten von Guayaquil (Ecuador) ein Zeugnis des Evangeliums zu geben.<\/span><\/i><\/p><\/p>\n\n<div class=\"wp-block-image\"><figure class=\"aligncenter size-large\"><img loading=\"lazy\" decoding=\"async\" width=\"768\" height=\"628\" src=\"https:\/\/neocatechumenaleiter.org\/wp-content\/uploads\/2020\/03\/Camino_Neocatecumenal_Juan_Pablo_II_audiencia_privada_envio_familias_mision_1988.jpg\" alt=\"\" class=\"wp-image-6930\" srcset=\"https:\/\/neocatechumenaleiter.org\/wp-content\/uploads\/2020\/03\/Camino_Neocatecumenal_Juan_Pablo_II_audiencia_privada_envio_familias_mision_1988.jpg 768w, https:\/\/neocatechumenaleiter.org\/wp-content\/uploads\/2020\/03\/Camino_Neocatecumenal_Juan_Pablo_II_audiencia_privada_envio_familias_mision_1988-300x245.jpg 300w\" sizes=\"auto, (max-width: 768px) 100vw, 768px\" \/><\/figure><\/div>\n","protected":false},"excerpt":{"rendered":"<p>PRIVATAUDIENZ VON PAPST JOHANNES PAUL II. ZUR SENDUNG VON ZW\u00d6LF FAMILIEN F\u00dcR DIE \u201eNEUEVANGELISIERUNG\u201c Hl. Johannes Paul II. Rom, 9. Juni 1988 Anl\u00e4sslich einer Privataudienz in der Sala Clementina hat der Heilige Vater zw\u00f6lf Familien die Kreuze \u00fcberreicht. Die Familien reisen nach S\u00fcdamerika ab, um inmitten der Armen zu leben und in den \u201ePubleos J\u00f3venes\u201c rund um Lima (Peru), inmitten der Bergarbeiter von Coronel (Chile) und in den Zonen der<\/p>\n<div class=\"read-more\"><a class=\"btn read-more-btn\" href=\"https:\/\/neocatechumenaleiter.org\/de\/worte-der-paepste\/hl-johannes-paul-ii\/privataudienz-von-papst-johannes-paul-ii-zur-sendung-von-zwoelf-familien-fuer-die-neuevangelisierung\/\">Mehr lesen<\/a><\/div>\n","protected":false},"author":2,"featured_media":0,"parent":10123,"menu_order":53,"comment_status":"closed","ping_status":"closed","template":"","meta":{"footnotes":""},"class_list":["post-14420","page","type-page","status-publish","hentry"],"_links":{"self":[{"href":"https:\/\/neocatechumenaleiter.org\/de\/wp-json\/wp\/v2\/pages\/14420","targetHints":{"allow":["GET"]}}],"collection":[{"href":"https:\/\/neocatechumenaleiter.org\/de\/wp-json\/wp\/v2\/pages"}],"about":[{"href":"https:\/\/neocatechumenaleiter.org\/de\/wp-json\/wp\/v2\/types\/page"}],"author":[{"embeddable":true,"href":"https:\/\/neocatechumenaleiter.org\/de\/wp-json\/wp\/v2\/users\/2"}],"replies":[{"embeddable":true,"href":"https:\/\/neocatechumenaleiter.org\/de\/wp-json\/wp\/v2\/comments?post=14420"}],"version-history":[{"count":1,"href":"https:\/\/neocatechumenaleiter.org\/de\/wp-json\/wp\/v2\/pages\/14420\/revisions"}],"predecessor-version":[{"id":14421,"href":"https:\/\/neocatechumenaleiter.org\/de\/wp-json\/wp\/v2\/pages\/14420\/revisions\/14421"}],"up":[{"embeddable":true,"href":"https:\/\/neocatechumenaleiter.org\/de\/wp-json\/wp\/v2\/pages\/10123"}],"wp:attachment":[{"href":"https:\/\/neocatechumenaleiter.org\/de\/wp-json\/wp\/v2\/media?parent=14420"}],"curies":[{"name":"wp","href":"https:\/\/api.w.org\/{rel}","templated":true}]}}