{"id":14454,"date":"2020-06-09T15:42:02","date_gmt":"2020-06-09T14:42:02","guid":{"rendered":"https:\/\/neocatechumenaleiter.org\/worte-der-paepste\/hl-johannes-paul-ii\/privataudienz-zur-sendung-von-hundert-familien-fuer-die-neuevangelisierung-am-03-01-1991\/"},"modified":"2020-06-09T21:35:22","modified_gmt":"2020-06-09T20:35:22","slug":"privataudienz-zur-sendung-von-hundert-familien-fuer-die-neuevangelisierung-am-03-01-1991","status":"publish","type":"page","link":"https:\/\/neocatechumenaleiter.org\/de\/worte-der-paepste\/hl-johannes-paul-ii\/privataudienz-zur-sendung-von-hundert-familien-fuer-die-neuevangelisierung-am-03-01-1991\/","title":{"rendered":"PRIVATAUDIENZ ZUR SENDUNG VON HUNDERT FAMILIEN F\u00dcR DIE \u201eNEUEVANGELISIERUNG\u201c AM 03.01.1991"},"content":{"rendered":"\n<h1 class=\"has-text-align-center wp-block-heading\">PRIVATAUDIENZ ZUR SENDUNG VON HUNDERT FAMILIEN F\u00dcR DIE \u201eNEUEVANGELISIERUNG\u201c AM 03.01.1991<\/h1>\n\n<div style=\"height:20px\" aria-hidden=\"true\" class=\"wp-block-spacer\"><\/div>\n\n<h4 class=\"has-text-align-center wp-block-heading\">Hl. Johannes Paul II.<\/h4>\n\n<div style=\"height:20px\" aria-hidden=\"true\" class=\"wp-block-spacer\"><\/div>\n\n<p><strong>Vatikanstadt \u2013 Aula Paul VI., 3. Januar 1991 *<\/strong><\/p>\n\n<div class=\"wp-block-image\"><figure class=\"alignright size-medium\"><img loading=\"lazy\" decoding=\"async\" width=\"300\" height=\"252\" src=\"https:\/\/neocatechumenaleiter.org\/wp-content\/uploads\/2020\/03\/Camino_Neocatecumenal_Juan_Pablo_II_audiencia_envio_cien_familias_en_mision_1991-300x252.jpg\" alt=\"\" class=\"wp-image-2307\" srcset=\"https:\/\/neocatechumenaleiter.org\/wp-content\/uploads\/2020\/03\/Camino_Neocatecumenal_Juan_Pablo_II_audiencia_envio_cien_familias_en_mision_1991-300x252.jpg 300w, https:\/\/neocatechumenaleiter.org\/wp-content\/uploads\/2020\/03\/Camino_Neocatecumenal_Juan_Pablo_II_audiencia_envio_cien_familias_en_mision_1991.jpg 365w\" sizes=\"auto, (max-width: 300px) 100vw, 300px\" \/><\/figure><\/div>\n\n<p><strong>\u201cDIE FAMILIEN SOLLEN DIE FAMILIEN EVANGELISIEREN\u201d<\/strong> <\/p>\n\n<p><i>Hundert Familien des Neokatechumenalen Weges wurden vom Heiligen Vater zu 24 Nationen auf f\u00fcnf Kontinenten gesandt, und zwar im Laufe einer Audienz, bei der auch die 110 Familien anwesend waren, die bereits in Mission sind; weitere 300 sind bereit aufzubrechen. 120 Seminaristen des Di\u00f6zesankollegs \u201eRedemptoris Mater\u201c sowie rund 10.000 Br\u00fcder der Gemeinschaften begleiteten sie. Die Vorstellung erfolgte durch Kiko Arg\u00fcello: <i><\/i><\/i><\/p>\n\n<p>Lieber, verehrter Vater, wir kommen jetzt aus Porto San Giorgio, aus dem Zelt, das Sie vor zwei Jahren durch Ihre Anwesenheit geehrt und geheiligt haben. Sieben Tage lang haben wir uns darauf vorbereitet im Rahmen eines Einkehrtags zur Umkehr; wir waren 1400 Br\u00fcder.<\/p>\n\n<p>Es sind die Familien gekommen, die vor zwei Jahren in die schwierigsten Gebiete Lateinamerikas (in die \u201apueblos j\u00f3venes\u2018, in die Baracken von Guayaquil in Ecuador und in viele andere Gebiete) gesandt wurden, sowie auch in Randgebiete europ\u00e4ischer St\u00e4dte, wie Hamburg oder auch in einige Wohnviertel der Niederlande (in Amsterdam) und auch in New York (Bronx). Wir haben gemeinsam schon ein wenig ihre Erfahrung geh\u00f6rt: Alle kommen mit vom Licht, der von der Liebe und der Z\u00e4rtlichkeit unseres Herrn Jesus Christus erf\u00fcllten Augen, der uns mitten im gr\u00f6\u00dften Leiden nahe war und der uns sehr viel geholfen hat. Alle haben sich entschieden [an ihre Einsatzorte<em> Anm. d. \u00dc.<\/em>], zur\u00fcckzugehen. Sie haben beeindruckende Fakten erz\u00e4hlt, und wie Gott sie f\u00fcr ihre Mission pr\u00fcfte und vorbereitete. In diesen Jahren des \u201eFleischwerdens\u201c sind viele in L\u00e4nder gegangen, ohne die Sprache zu kennen, z.\u00a0B. nach Japan, und wir haben das absichtlich so gemacht, weil wir denken, dass es besser ist, als die Letzten zu gehen (jemand, der die Sprache nicht beherrscht, ist ein Armer). Tats\u00e4chlich war das sehr wirksam, denn die Menschen in der Nachbarschaft gaben diesen Familien von ihren G\u00fctern ab; sie sind ihnen entgegengekommen, haben ihnen geholfen; und ihre Mission ist dadurch leichter geworden, dass sie das gro\u00dfe Geheimnis der Familie von Nazareth sichtbar machten. In vielen Gebieten haben diese Familien begonnen, Katechese zu halten, sie konnten Jesus Christus verk\u00fcndigen, und es bildeten sich kleine christliche Gemeinschaften mit heidnischen Menschen; auch in China, in Taiwan, in einem total heidnischen Dorf ist eine kleine Gemeinschaft von elf Personen mit vier Katechumenen entstanden.<\/p>\n\n<p>Nun haben wir sehr viele Anfragen zahlreicher Bisch\u00f6fe, auch von Bisch\u00f6fen, die schon fr\u00fcher um Familien gebeten haben und jetzt, nach zwei oder drei Jahren (einige Familien sind schon vier Jahre in Mission) die Fr\u00fcchte gesehen haben; vor allem in Lateinamerika, den \u201eSekten\u201c gegen\u00fcber. <\/p>\n\n<div class=\"wp-block-image\"><figure class=\"alignleft size-medium\"><img loading=\"lazy\" decoding=\"async\" width=\"255\" height=\"300\" src=\"https:\/\/neocatechumenaleiter.org\/wp-content\/uploads\/2020\/03\/Camino_Neocatecumenal_Juan_Pablo_II_audiencia_envio_cien_familias_en_mision_1991_2-255x300.jpg\" alt=\"\" class=\"wp-image-2314\" srcset=\"https:\/\/neocatechumenaleiter.org\/wp-content\/uploads\/2020\/03\/Camino_Neocatecumenal_Juan_Pablo_II_audiencia_envio_cien_familias_en_mision_1991_2-255x300.jpg 255w, https:\/\/neocatechumenaleiter.org\/wp-content\/uploads\/2020\/03\/Camino_Neocatecumenal_Juan_Pablo_II_audiencia_envio_cien_familias_en_mision_1991_2.jpg 569w\" sizes=\"auto, (max-width: 255px) 100vw, 255px\" \/><\/figure><\/div>\n\n<p>Diese Familien sind in Gebiete gegangen, in denen es keine Pfarreien gibt, wo es wegen des Priestermangels keine Kirchen gibt, sie brachten reiche Frucht, und die Bisch\u00f6fe bitten um noch mehr: Wir haben sehr viele Anfragen \u2013 so viele, dass wir eine kleine Auswahl treffen mussten. Deshalb haben wir die ersten Gemeinschaften Spaniens, deren Familien eine ausreichende Vorbereitung hinter sich haben (mehr als vierzehn Jahre des \u201eWeges\u201c), nach ihrer Bereitschaft gefragt, und es haben sich sehr viele Familien angeboten. Es ist eine \u00dcberraschung: Mit ihren Kindern sind sie bereit, dorthin zu gehen, wo es der Kirche f\u00fcr richtig erscheint; dort, wo die Familie zerst\u00f6rt ist, sind sie bereit, die christliche Familie real anwesend zu machen. Wir sind \u00fcberrascht von dieser Gro\u00dfz\u00fcgigkeit, von diesem Eifer, der in ihnen ist, denn sie wissen, dass viele von ihnen ins Martyrium, in Situationen gr\u00f6\u00dfter Schwierigkeiten, gehen. Wir haben 400 neue Familien, die sich angeboten haben; wir haben uns zusammen mit denen, die schon in der Mission waren, und anderen Itineranten getroffen, und waren insgesamt 1000 Personen.<\/p>\n\n<p>Auch die Seminaristen vom \u201eRedemptoris Mater\u201c in Rom waren anwesend. F\u00fcr sie war es eine wunderbare Vorbereitung, diese Familien zu treffen und von ihren Schwierigkeiten usw., zu h\u00f6ren. Bis gestern Nacht, bis fast 3 Uhr heute in der Fr\u00fche, der ganze gestrige Tag hat dazu gedient, jede Anfrage abzuw\u00e4gen. Um die Familien senden zu k\u00f6nnen, haben wir jeden Bischof um einen offiziellen Brief gebeten und auch darum, dass der Bischof die Verantwortung f\u00fcr die Wohnung usw. \u00fcbernimmt.<\/p>\n\n<p>Zum Schluss haben wir weitere 100 Familien ausgesucht: Hier sind die Br\u00fcder, die schon bestimmt sind, die bereit sind aufzubrechen. Sechs Familien werden nach Russland, nach Moskau, gehen. Vier nach Wei\u00dfrussland, zwei nach Georgien, zwei nach Jugoslawien, sechs neue Familien nach Deutschland (dort haben die Bisch\u00f6fe schon um 18 Familien gebeten), vier nach \u00d6sterreich, drei nach Holland (um das wunderbare Werk fortzusetzen, das diese Familien in Holland, von den Bisch\u00f6fen angefordert, schon vollbringen), zwei nach England, zwei nach Frankreich, dann noch in die USA; hier haben die Bisch\u00f6fe um neunzehn Familien gebeten, f\u00fcr die Randgebiete, vor allem um die Afroamerikaner seelsorgerlich zu betreuen, wo sich die katholische Kirche in Schwierigkeiten befindet. So haben z.\u00a0B. der Kardinal von Washington, die Bisch\u00f6fe von Dallas, San Antonio (Texas) usw. Anfragen gestellt. Dann nach Zentralamerika, Lateinamerika, z.\u00a0B. nach Chile, nach Kolumbien (zwei Familien), eine andere Familie nach Ecuador, zwei nach Venezuela, drei nach Mexiko. In Asien: zehn Familien nach Japan, nach Taiwan f\u00fcnf andere. In Afrika: vier nach Sambia, vier nach Kamerun, dann \u00c4thiopien, die Elfenbeink\u00fcste, und dann nach Australien. Im Ganzen sind es 104 Familien mit insgesamt 409 Kindern, die meisten ziemlich klein \u2013 einige etwas \u00e4lter. Wenn diese Familien 15- oder 16-j\u00e4hrige Kinder haben, haben wir sie nach ihrer Meinung gefragt, ob sie bereit sind, ihre Eltern zu begleiten. Wir haben in diesem Punkt eine enorme Gro\u00dfz\u00fcgigkeit gesehen, und wie diese Jugendlichen ihre Eltern wirklich lieb haben\u2026 Was die Mission betrifft, haben wir die Familien geh\u00f6rt, die zur\u00fcckgekommen sind. Sie sagten, dass die ersten, die evangelisieren, ihre Kinder waren (in Japan, in China, in Holland\u2026), in ihren Kollegs, in den Schulen, mit den M\u00fcttern&#8230; es war wundersch\u00f6n. Diese Kinder, so k\u00f6nnen wir sagen, sind die Speerspitze der \u201eNeuevangelisierung\u201c, die durch die Familien vollzogen wird. Auch die Kinder geben ihren Kameraden Zeugnis, bringen ihre Freunde nach Hause&#8230;, z.\u00a0B. die Familien in Japan, wo japanische Kinder, Freunde ihrer Kinder, ihre H\u00e4user quasi einnehmen; diese Kinder sprechen schon Japanisch, sie lernen die Sprache schnell. Durch die Kinder haben diese Familien die Bekanntschaft von japanischen Familien gemacht. Das erleichtert die Evangelisierung dieser Familien, die alle nicht christlich sind. Sie sind alle Heiden, sie sind sehr interessiert, sehr beeindruckt von dieser Form, \u201eFamilie zu leben\u201c, den Familientisch wie einen Altar zu sehen, wo der Vater den Kindern den Glauben weitergibt, und das Ehebett, das auch ein Altar ist, wo man neuen Kindern das Leben gibt. Es erscheint eine neue Kultur, auch eine so tiefe, wunderbare Wirklichkeit, dass auch wir \u00fcberrascht sind&#8230; Vater, ich will nicht noch l\u00e4nger sprechen, ich wollte nur sagen, dass wir sehr beeindruckt sind, dass alle aufbrechen wollen: Von diesen 400 Familien konnten nur 100 abreisen, aber alle wollten das.&#13;\n&#13;\nUnd ich sagte ihnen: \u201aAber seid ihr euch dar\u00fcber klar: Ihr geht in die \u00e4rmsten, in die schwierigsten Gebiete.\u2018 Aber wir waren alle bewegt vom Eifer, vom Wunsch nach dem Martyrium, von der \u00fcbernat\u00fcrlichen Kraft, die unter uns anwesend war&#8230;\u201c<\/p>\n\n<div class=\"wp-block-image\"><figure class=\"alignleft size-medium\"><img loading=\"lazy\" decoding=\"async\" width=\"208\" height=\"300\" src=\"https:\/\/neocatechumenaleiter.org\/wp-content\/uploads\/2020\/03\/Camino_Neocatecumenal_Juan_Pablo_II_audiencia_envio_cien_familias_en_mision_1991_3-208x300.jpg\" alt=\"\" class=\"wp-image-2321\" srcset=\"https:\/\/neocatechumenaleiter.org\/wp-content\/uploads\/2020\/03\/Camino_Neocatecumenal_Juan_Pablo_II_audiencia_envio_cien_familias_en_mision_1991_3-208x300.jpg 208w, https:\/\/neocatechumenaleiter.org\/wp-content\/uploads\/2020\/03\/Camino_Neocatecumenal_Juan_Pablo_II_audiencia_envio_cien_familias_en_mision_1991_3.jpg 563w\" sizes=\"auto, (max-width: 208px) 100vw, 208px\" \/><\/figure><\/div>\n\n<p><i>Nach der gesungenen Proklamation vom Schluss des Markusevangeliums wandte sich der Papst folgenderma\u00dfen an die Anwesenden:<i><\/i><\/i><\/p>\n\n<p>Liebe Br\u00fcder und Schwestern!<br\/>&#13;\n1. Im Licht von Weihnachten sind wir dem Retter begegnet; wir haben die Wunder betrachtet, die Gott gewirkt hat; wir waren eingeladen, die Gabe des Heils anzunehmen und sie unter unseren Br\u00fcdern zu verbreiten. Aus dieser mystischen Umarmung mit dem fleischgewordenen Wort entsteht unsere Aufgabe zu evangelisieren. Diese heute umso dringendere Aufgabe, da wir Zeiten tiefer sozialer Ver\u00e4nderungen erleben. Wir befinden uns n\u00e4mlich quasi an einem Wendepunkt der Geschichte, geworfen in eine Zukunft voll von Erwartungen und Hoffnung, aber bedroht von Unruhen und \u00c4ngsten, die das menschliche Sein in seiner tiefsten Struktur best\u00fcrmen. Der Mensch fleht inst\u00e4ndig um Frieden und Ruhe, er bittet um Hilfe und Solidarit\u00e4t: Er braucht Liebe. Er braucht Christus.&#13;\n<\/p>\n\n<p>Wunderbar ist deswegen das Werk dessen, der wie ihr seine ganze Existenz, alle seine physischen und geistigen Kr\u00e4fte f\u00fcr die Evangelisierung opfert. Ihr seid \u00fcberzeugt, dass nur Jesus die Erwartungen des Menschen erf\u00fcllen kann und deswegen z\u00f6gert ihr nicht, alles zu verlassen und euch auf die Reise auf den Stra\u00dfen der Welt zu begeben, und so Zeugnis zu geben f\u00fcr die lebendige Anwesenheit des Erl\u00f6sers unter uns sowie f\u00fcr die Macht seines Wortes, das rettet. Seid der Vorsehung dankbar, die euch erw\u00e4hlt hat und h\u00f6rt best\u00e4ndig auf den Geist; seid beharrlich im Gebet und in der \u00dcbung von Tugenden. Seid Botschafter der Vers\u00f6hnung, Apostel der Br\u00fcderlichkeit und des Dienstes. Der Herr, der von euch die absolute Verf\u00fcgbarkeit verlangt, l\u00e4sst euch so am Geheimnis der Erl\u00f6sung der Welt teilhaben.<\/p>\n\n<p>2. Ich kann nicht umhin, voll innerlicher Freude zu betonen, dass eure Evangelisierungsunruhe euch vor allem zu den Familien treibt. Hat es etwa die Familie nicht n\u00f6tig, in dieser Zeit neu evangelisiert zu werden, damit sie ihre Rolle als Keimzelle der christlichen Gemeinschaft, der Hauskirche wiederentdeckt, in deren Mitte es m\u00f6glich ist, die urspr\u00fcngliche Erfahrung einer Gottesbegegnung zu machen? Wie sehr leidet die aktuelle soziale Situation unter der Krise der Familien! Es ist nicht leicht, an eine bessere Zukunft zu denken, wenn das Zuhause in der Familie nicht wieder der bevorzugte Ort f\u00fcr die Annahme des Lebens und das Wachstum des Individuums wird: zur Schule der menschlichen Weisheit und der geistlichen Bildung. Freudig begr\u00fc\u00dfe ich unter euch jene Familien, die bereits in Mission in den am st\u00e4rksten entchristlichten Gebieten unserer Welt sind; ich gr\u00fc\u00dfe dar\u00fcber hinaus die Ehepaare, die sich auf den Aufbruch vorbereiten. Ja, die Familien sollen die Familien evangelisieren! M\u00f6ge euch der Herr \u00fcberall zu den Werkzeugen seiner Barmherzigkeit machen, seine Gnade begleite euch immer. <\/p>\n\n<p>Gerne \u00fcberreiche ich denen das Kruzifix, die gerufen sind, als Itineranten im Dienst des Evangeliums in fremde L\u00e4nder zu gehen. Vertraut auf Gott und macht euch, indem ihr allen Schwierigkeiten standhaltet, zu \u201eGesandten an Christi statt, so als w\u00fcrde Gott durch uns mahnen\u201c (vgl. 2 Kor 5, 20). Lebt im Gehorsam des Herzens und in kindlicher Gemeinschaft mit den Hirten, da ihr Glieder eines lebendigen Leibes seid: der Kirche. Sie sind es, die euch einladen und aufnehmen. Und ihnen m\u00fcsst ihr F\u00fcgsamkeit und Vertrauen zeigen; durch ihre Weisungen habt ihr im Hinblick auf eure besondere Mission am Willen Gottes teil.<\/p>\n\n<p>Die Aufgabe, die euch erwartet, die \u201eNeuevangelisierung\u201c, erfordert von euch, den ewigen und unver\u00e4nderlichen Inhalt des Erbes unseres christlichen Glaubens mit neuem Enthusiasmus und mit erneuerten Methoden darzulegen. Es handelt sich nicht nur darum \u2013 und ihr wisst das gut \u2013, eine Lehre zu \u00fcbermitteln, sondern darum, auf pers\u00f6nliche und tiefe Weise dem Erl\u00f6ser zu begegnen. Ich rufe Maria, die Mutter des Erl\u00f6sers an, damit sie euch auf diesem Weg beistehe. Ihr, dem \u201eStern der Neuevangelisierung\u201c, vertraue ich jeden von euch, eure Gemeinschaften und alle, denen ihr begegnen werdet, an. Indem ich euch ermahne, mit Mut aufzubrechen und \u00fcberall tapfere Zeugen des Evangeliums zu sein, segne ich euch von Herzen.<\/p>\n\n<div class=\"wp-block-image\"><figure class=\"alignright size-large\"><img loading=\"lazy\" decoding=\"async\" width=\"768\" height=\"523\" src=\"https:\/\/neocatechumenaleiter.org\/wp-content\/uploads\/2020\/03\/Camino_Neocatecumenal_Juan_Pablo_II_audiencia_envio_cien_familias_en_mision_1991_4.jpg\" alt=\"\" class=\"wp-image-7391\" srcset=\"https:\/\/neocatechumenaleiter.org\/wp-content\/uploads\/2020\/03\/Camino_Neocatecumenal_Juan_Pablo_II_audiencia_envio_cien_familias_en_mision_1991_4.jpg 768w, https:\/\/neocatechumenaleiter.org\/wp-content\/uploads\/2020\/03\/Camino_Neocatecumenal_Juan_Pablo_II_audiencia_envio_cien_familias_en_mision_1991_4-300x204.jpg 300w\" sizes=\"auto, (max-width: 768px) 100vw, 768px\" \/><\/figure><\/div>\n\n<p> <\/p>\n\n<p><i>Der Papst hat diese Worte aus dem Stegreif hinzugef\u00fcgt:<i><\/i><\/i><\/p>\n\n<p>Also, das, was ich gesagt habe, war eine Antwort auf deine sch\u00f6ne und realistische \u201echristliche, neokatechumenale\u201c Einf\u00fchrung. Aber Einf\u00fchrungen m\u00fcssen auch immer Folgen haben. Jetzt haben wir diese Folge hier in der Audienzhalle Paul VI., aber dann auch auf den Wegen der Itineranten-Familien. Familien, die im Neokatechumenat tief evangelisiert sind, das das ganze menschliche Leben umf\u00e4ngt, das das ganze Leben der Familie umf\u00e4ngt, die evangelisiert wird und evangelisiert.<\/p>\n\n<p><strong>Und so w\u00fcnsche ich euch einen guten Weg: der Itineranten-Papst \u2013 den Itineranten!<\/strong><\/p>\n\n<p><em>(*) Vgl. \u201eL\u2019Osservatore Romano\u201c, 4. Januar 1991, mit Erg\u00e4nzungen aus der Tonbandaufnahme (eigene \u00dcbersetzung aus dem Italienischen).<\/em><\/p>\n","protected":false},"excerpt":{"rendered":"<p>PRIVATAUDIENZ ZUR SENDUNG VON HUNDERT FAMILIEN F\u00dcR DIE \u201eNEUEVANGELISIERUNG\u201c AM 03.01.1991 Hl. Johannes Paul II. Vatikanstadt \u2013 Aula Paul VI., 3. Januar 1991 * \u201cDIE FAMILIEN SOLLEN DIE FAMILIEN EVANGELISIEREN\u201d Hundert Familien des Neokatechumenalen Weges wurden vom Heiligen Vater zu 24 Nationen auf f\u00fcnf Kontinenten gesandt, und zwar im Laufe einer Audienz, bei der auch die 110 Familien anwesend waren, die bereits in Mission sind; weitere 300 sind bereit aufzubrechen.<\/p>\n<div class=\"read-more\"><a class=\"btn read-more-btn\" href=\"https:\/\/neocatechumenaleiter.org\/de\/worte-der-paepste\/hl-johannes-paul-ii\/privataudienz-zur-sendung-von-hundert-familien-fuer-die-neuevangelisierung-am-03-01-1991\/\">Mehr lesen<\/a><\/div>\n","protected":false},"author":2,"featured_media":0,"parent":10123,"menu_order":63,"comment_status":"closed","ping_status":"closed","template":"","meta":{"footnotes":""},"class_list":["post-14454","page","type-page","status-publish","hentry"],"_links":{"self":[{"href":"https:\/\/neocatechumenaleiter.org\/de\/wp-json\/wp\/v2\/pages\/14454","targetHints":{"allow":["GET"]}}],"collection":[{"href":"https:\/\/neocatechumenaleiter.org\/de\/wp-json\/wp\/v2\/pages"}],"about":[{"href":"https:\/\/neocatechumenaleiter.org\/de\/wp-json\/wp\/v2\/types\/page"}],"author":[{"embeddable":true,"href":"https:\/\/neocatechumenaleiter.org\/de\/wp-json\/wp\/v2\/users\/2"}],"replies":[{"embeddable":true,"href":"https:\/\/neocatechumenaleiter.org\/de\/wp-json\/wp\/v2\/comments?post=14454"}],"version-history":[{"count":10,"href":"https:\/\/neocatechumenaleiter.org\/de\/wp-json\/wp\/v2\/pages\/14454\/revisions"}],"predecessor-version":[{"id":14637,"href":"https:\/\/neocatechumenaleiter.org\/de\/wp-json\/wp\/v2\/pages\/14454\/revisions\/14637"}],"up":[{"embeddable":true,"href":"https:\/\/neocatechumenaleiter.org\/de\/wp-json\/wp\/v2\/pages\/10123"}],"wp:attachment":[{"href":"https:\/\/neocatechumenaleiter.org\/de\/wp-json\/wp\/v2\/media?parent=14454"}],"curies":[{"name":"wp","href":"https:\/\/api.w.org\/{rel}","templated":true}]}}