{"id":14461,"date":"2020-03-02T02:02:53","date_gmt":"2020-03-02T01:02:53","guid":{"rendered":"https:\/\/neocatechumenaleiter.org\/worte-der-paepste\/hl-johannes-paul-ii\/besuch-des-papstes-johannes-paul-ii-in-der-pfarrei-st-timotheus\/"},"modified":"2021-08-10T11:00:37","modified_gmt":"2021-08-10T10:00:37","slug":"besuch-des-papstes-johannes-paul-ii-in-der-pfarrei-st-timotheus","status":"publish","type":"page","link":"https:\/\/neocatechumenaleiter.org\/de\/worte-der-paepste\/hl-johannes-paul-ii\/besuch-des-papstes-johannes-paul-ii-in-der-pfarrei-st-timotheus\/","title":{"rendered":"BESUCH DER PFARREI ST. TIMOTHEUS AM 10.02.1980"},"content":{"rendered":"\n<h1 class=\"has-text-align-center wp-block-heading\">BESUCH DER PFARREI ST. TIMOTHEUS AM 10.02.1980<\/h1>\n\n<div style=\"height:20px\" aria-hidden=\"true\" class=\"wp-block-spacer\"><\/div>\n\n<h4 class=\"has-text-align-center wp-block-heading\">Hl. Johannes Paul II.<\/h4>\n\n<div style=\"height:20px\" aria-hidden=\"true\" class=\"wp-block-spacer\"><\/div>\n\n<p><strong>Rom, 10. Februar 1980 *<\/strong><\/p>\n\n<p><em>Der Heilige Vater wurde von den Anwesenden mit Gesang begr\u00fc\u00dft, als er den Saal betrat, in dem die in der Pfarrei entstandenen neokatechumenalen Gemeinschaften versammelt waren. Nach den einf\u00fchrenden Worten des Pfarrers, der betonte, dass er selber mit Hilfe dieser Br\u00fcder und Schwestern einen neuen Weg der Umkehr begonnen habe, wurden die Zeugnisse einiger Neokatechumenen geh\u00f6rt. Domenico, ein Mann mittleren Alters, berichtete, wie ihn die neokatechumenale Erfahrung die wahre Dimension des Christentums als gelebtes Leben und nicht nur als intellektuelle Zustimmung entdecken lie\u00df, wodurch es ihm gelang, ernste famili\u00e4re Schwierigkeiten zu \u00fcberwinden. Elisabetta, 21 Jahre, sprach von ihrer Erfahrung als Protestlerin und wie durch die Entdeckung Gottes eine Reifung geschah. Eine verheiratete Frau, Mutter von vier Kindern, bekannte, wie der Satz \u201ees wird einen Weg f\u00fcr die Verzweifelten geben\u201c, den sie in einer Kirche h\u00f6rte, in die sie zuf\u00e4llig eingetreten war, sie von der Angst befreit und vor dem Suizid gerettet habe. Francesco erz\u00e4hlte, wie ihn die kostenlose Gabe der Liebe Gottes den Reichtum des Lebens entdecken lie\u00df. Danach sprach Giampiero Donnini, ein Katechist. Er erinnerte daran, wie wichtig die Errichtung dieser neokatechumenalen Gemeinschaften f\u00fcr das Leben dieser Pfarrei gewesen ist, die sich als bleibende Struktur anbieten, in die alle eingebunden werden, die einen Weg zu einem erwachseneren und reiferen Glauben anfangen m\u00f6chten.<\/em><\/p>\n\n<div class=\"wp-block-image\"><figure class=\"alignright size-medium\"><img loading=\"lazy\" decoding=\"async\" width=\"300\" height=\"241\" src=\"https:\/\/neocatechumenaleiter.org\/wp-content\/uploads\/2020\/03\/Camino_Neocatecumenal_Juan_Pablo_II_visita_parroquia_San_Timoteo-300x241.jpg\" alt=\"\" class=\"wp-image-1460\" srcset=\"https:\/\/neocatechumenaleiter.org\/wp-content\/uploads\/2020\/03\/Camino_Neocatecumenal_Juan_Pablo_II_visita_parroquia_San_Timoteo-300x241.jpg 300w, https:\/\/neocatechumenaleiter.org\/wp-content\/uploads\/2020\/03\/Camino_Neocatecumenal_Juan_Pablo_II_visita_parroquia_San_Timoteo.jpg 697w\" sizes=\"auto, (max-width: 300px) 100vw, 300px\" \/><\/figure><\/div>\n\n<p><em>Der Papst dankte f\u00fcr diese tiefen und einfachen Zeugnisse und erinnerte daran, dass wir alle gut wissen, was das Wort \u201eKatechumene\u201c bedeutet:<\/em><\/p>\n\n<p>Aber wir m\u00fcssen auch sagen, dass dieses Wort fast verschwunden ist. Besonders in den traditionell katholischen V\u00f6lkern sind die Kleinkinder, die Neugeborenen, die Katechumenen. Aber es sind keine Katechumenen, weil sie noch f\u00e4hig sind, auf die Taufe vorbereitet zu werden. In den ersten Jahrhunderten der Kirche stellten die Katechumenen eine sehr wichtige Realit\u00e4t dar: Ich denke, dass die neokatechumenalen Gemeinschaften heute das tun, was die Katechumenen in jener Epoche der Kirche f\u00fcr den Glauben taten. Aber sie tun es, weil sie am Anfang ihres Lebens von anderen getauft wurden. Der Sinn des Katechumenats ist die Taufvorbereitung. Im vollen Sinne des Wortes besagt diese Vorbereitung: In die Geheimnisse des lebendigen Gottes eingef\u00fchrt werden, denn in der Taufe erh\u00e4lt man nicht nur den Taufnamen, sondern auch die Teilhabe an Christus selbst, an dem f\u00fcr den Menschen lebendigen Geheimnis Gottes. <br\/>&#13;\nDie Zeugnisse, die ihr mir vorgetragen habt, beweisen, dass es einen Moment der Gnade gibt, einen Moment der Erleuchtung, einen Moment, in dem man dem lebendigen Gott begegnet, der in eurem Leben leben m\u00f6chte. Das ist so kostbar f\u00fcr eure pers\u00f6nliche Erfahrung als Christen, aber es ist vor allem kostbar f\u00fcr die apostolische Bildung. <\/p>\n\n<p>Jeder apostolischen \u2013 sagen wir katechetischen \u2013 Ausbildung muss diese Erfahrung zugrunde liegen: N\u00f6tig ist nicht nur die Kenntnis von Glaubensformeln und der Theologie, sondern man muss auch mit dem Geheimnis des g\u00f6ttlichen Lebens in Kontakt treten, das uns allen durch Jesus Christus er\u00f6ffnet ist. Nur nach einer pers\u00f6nlichen Erfahrung kann man Zeugnis geben.<br\/>&#13;\nIch w\u00fcnsche euch, dass ihr euren Glauben immer weiter vertieft und stets die Freude in euch habt.&#13;\n<\/p>\n\n<p><em>(*) Vgl. \u00abL\u2019Osservatore Romano\u00bb, 11.-12. Februar 1980 (eigene \u00dcbersetzung aus dem Italienischen).<\/em><\/p>\n","protected":false},"excerpt":{"rendered":"<p>BESUCH DER PFARREI ST. TIMOTHEUS AM 10.02.1980 Hl. Johannes Paul II. Rom, 10. Februar 1980 * Der Heilige Vater wurde von den Anwesenden mit Gesang begr\u00fc\u00dft, als er den Saal betrat, in dem die in der Pfarrei entstandenen neokatechumenalen Gemeinschaften versammelt waren. Nach den einf\u00fchrenden Worten des Pfarrers, der betonte, dass er selber mit Hilfe dieser Br\u00fcder und Schwestern einen neuen Weg der Umkehr begonnen habe, wurden die Zeugnisse einiger<\/p>\n<div class=\"read-more\"><a class=\"btn read-more-btn\" href=\"https:\/\/neocatechumenaleiter.org\/de\/worte-der-paepste\/hl-johannes-paul-ii\/besuch-des-papstes-johannes-paul-ii-in-der-pfarrei-st-timotheus\/\">Mehr lesen<\/a><\/div>\n","protected":false},"author":2,"featured_media":0,"parent":10123,"menu_order":5,"comment_status":"closed","ping_status":"closed","template":"","meta":{"footnotes":""},"class_list":["post-14461","page","type-page","status-publish","hentry"],"_links":{"self":[{"href":"https:\/\/neocatechumenaleiter.org\/de\/wp-json\/wp\/v2\/pages\/14461","targetHints":{"allow":["GET"]}}],"collection":[{"href":"https:\/\/neocatechumenaleiter.org\/de\/wp-json\/wp\/v2\/pages"}],"about":[{"href":"https:\/\/neocatechumenaleiter.org\/de\/wp-json\/wp\/v2\/types\/page"}],"author":[{"embeddable":true,"href":"https:\/\/neocatechumenaleiter.org\/de\/wp-json\/wp\/v2\/users\/2"}],"replies":[{"embeddable":true,"href":"https:\/\/neocatechumenaleiter.org\/de\/wp-json\/wp\/v2\/comments?post=14461"}],"version-history":[{"count":10,"href":"https:\/\/neocatechumenaleiter.org\/de\/wp-json\/wp\/v2\/pages\/14461\/revisions"}],"predecessor-version":[{"id":14674,"href":"https:\/\/neocatechumenaleiter.org\/de\/wp-json\/wp\/v2\/pages\/14461\/revisions\/14674"}],"up":[{"embeddable":true,"href":"https:\/\/neocatechumenaleiter.org\/de\/wp-json\/wp\/v2\/pages\/10123"}],"wp:attachment":[{"href":"https:\/\/neocatechumenaleiter.org\/de\/wp-json\/wp\/v2\/media?parent=14461"}],"curies":[{"name":"wp","href":"https:\/\/api.w.org\/{rel}","templated":true}]}}