{"id":14477,"date":"2020-03-02T02:08:50","date_gmt":"2020-03-02T01:08:50","guid":{"rendered":"https:\/\/neocatechumenaleiter.org\/worte-der-paepste\/hl-johannes-paul-ii\/papst-johannes-paul-ii-an-die-psalmisten-der-neokatechumenalen-gemeinschaften\/"},"modified":"2021-08-10T11:00:42","modified_gmt":"2021-08-10T10:00:42","slug":"papst-johannes-paul-ii-an-die-psalmisten-der-neokatechumenalen-gemeinschaften","status":"publish","type":"page","link":"https:\/\/neocatechumenaleiter.org\/de\/worte-der-paepste\/hl-johannes-paul-ii\/papst-johannes-paul-ii-an-die-psalmisten-der-neokatechumenalen-gemeinschaften\/","title":{"rendered":"GRUSS AN DIE PSALMISTEN DER NEOKATECHUMENALEN GEMEINSCHAFTEN BEIM ANGELUS AM 16.03.1980"},"content":{"rendered":"\n<h1 class=\"has-text-align-center wp-block-heading\">GRUSS AN DIE PSALMISTEN DER NEOKATECHUMENALEN GEMEINSCHAFTEN BEIM ANGELUS AM 16.03.1980<\/h1>\n\n<div style=\"height:20px\" aria-hidden=\"true\" class=\"wp-block-spacer\"><\/div>\n\n<h4 class=\"has-text-align-center wp-block-heading\">Hl. Johannes Paul II.<\/h4>\n\n<div style=\"height:20px\" aria-hidden=\"true\" class=\"wp-block-spacer\"><\/div>\n\n<p><strong>Petersplatz, 16. M\u00e4rz 1980 *<\/strong><\/p>\n\n<p><em>Nach dem sonnt\u00e4glichen \u201eAngelus\u201c richtete der Heilige Vater besondere Gr\u00fc\u00dfe an die anwesenden Gruppen.&#13;\nDie zahlenm\u00e4\u00dfig st\u00e4rkste Gruppe bestand aus etwa 2000 Kantoren und Psalmisten der neokatechumenalen Gemeinschaften aus ganz Italien, die zur Vorbereitung des Osterfestes in Rom zusammengekommen waren. Das Treffen, von Kiko Arg\u00fcello angeregt, sollte die Psalmisten in die Lage versetzen, die Ostervigil, mit der die verschiedenen neokatechumenalen Gemeinschaften die Osternacht beleben, in geeigneter Form durchzuf\u00fchren. Dies sind die Worte des Papstes:<\/em><\/p>\n\n<div class=\"wp-block-image\"><figure class=\"aligncenter size-full\"><img loading=\"lazy\" decoding=\"async\" width=\"720\" height=\"557\" src=\"https:\/\/neocatechumenaleiter.org\/wp-content\/uploads\/2020\/03\/Camino_Neocatecumenal_Juan_Pablo_II_encuentro_salmistas_1980.jpg\" alt=\"\" class=\"wp-image-7155\" srcset=\"https:\/\/neocatechumenaleiter.org\/wp-content\/uploads\/2020\/03\/Camino_Neocatecumenal_Juan_Pablo_II_encuentro_salmistas_1980.jpg 720w, https:\/\/neocatechumenaleiter.org\/wp-content\/uploads\/2020\/03\/Camino_Neocatecumenal_Juan_Pablo_II_encuentro_salmistas_1980-300x232.jpg 300w\" sizes=\"auto, (max-width: 720px) 100vw, 720px\" \/><\/figure><\/div>\n\n<p>Ich gr\u00fc\u00dfe ganz besonders die zahlreichen Anh\u00e4nger der Neokatechumenalen Gemeinschaften, die sich vorgenommen haben, den Getauften zu helfen, das unsch\u00e4tzbare Gl\u00fcck des Sakramentes der Taufe zu verstehen, zu sch\u00e4tzen und es sich durch einen stufenweisen und intensiven Weg der Evangelisation, der Katechese und der Teilnahme am liturgischen Leben zu eigen zu machen, der sich in gewisser Weise auf das urspr\u00fcngliche Katechumenat beruft.<\/p>\n\n<p>Meine Lieben, ich ermahne euch, euch mit immer gr\u00f6\u00dferer Gro\u00dfherzigkeit f\u00fcr den Aufbau des mystischen Leibes Christi und das apostolische Wirken der Kirche einzusetzen, gehorsam dem Befehl des Herrn: \u201eGeht und macht alle V\u00f6lker zu meinen J\u00fcngern; tauft sie auf den Namen des Vaters und des Sohnes und des Heiligen Geistes\u201c (Mt 28,19). M\u00f6ge euch die konstante Treue zum Lehramt und der Gehorsam gegen\u00fcber den Hirten der Kirche unterst\u00fctzen und leiten.<\/p>\n\n<p>Ich w\u00fcnsche euch von Herzen, dass ihr mit Hingabe und Begeisterung euer Anliegen lebt, im Lichte des Apostolischen Schreibens \u201eEvangelii nuntiandi\u201c meines verehrten Vorg\u00e4ngers Paul VI., und von \u201eCatechesi tradendae\u201c, das ich auf der Grundlage der Anregungen der Bischofssynode \u00fcber die Katechese herausgegeben habe.&#13;\nEs begleite euch mein Segen, in den ich gerne auch eure Lieben einschlie\u00dfe.<br\/><br\/><em>(*) Vgl. \u00abL\u2019Osservatore Romano\u00bb, 17.-18. M\u00e4rz 1980 (eigene \u00dcbersetzung aus dem Italienischen).<\/em><\/p>\n","protected":false},"excerpt":{"rendered":"<p>GRUSS AN DIE PSALMISTEN DER NEOKATECHUMENALEN GEMEINSCHAFTEN BEIM ANGELUS AM 16.03.1980 Hl. Johannes Paul II. Petersplatz, 16. M\u00e4rz 1980 * Nach dem sonnt\u00e4glichen \u201eAngelus\u201c richtete der Heilige Vater besondere Gr\u00fc\u00dfe an die anwesenden Gruppen.&#13; Die zahlenm\u00e4\u00dfig st\u00e4rkste Gruppe bestand aus etwa 2000 Kantoren und Psalmisten der neokatechumenalen Gemeinschaften aus ganz Italien, die zur Vorbereitung des Osterfestes in Rom zusammengekommen waren. Das Treffen, von Kiko Arg\u00fcello angeregt, sollte die Psalmisten in<\/p>\n<div class=\"read-more\"><a class=\"btn read-more-btn\" href=\"https:\/\/neocatechumenaleiter.org\/de\/worte-der-paepste\/hl-johannes-paul-ii\/papst-johannes-paul-ii-an-die-psalmisten-der-neokatechumenalen-gemeinschaften\/\">Mehr lesen<\/a><\/div>\n","protected":false},"author":2,"featured_media":0,"parent":10123,"menu_order":6,"comment_status":"closed","ping_status":"closed","template":"","meta":{"footnotes":""},"class_list":["post-14477","page","type-page","status-publish","hentry"],"_links":{"self":[{"href":"https:\/\/neocatechumenaleiter.org\/de\/wp-json\/wp\/v2\/pages\/14477","targetHints":{"allow":["GET"]}}],"collection":[{"href":"https:\/\/neocatechumenaleiter.org\/de\/wp-json\/wp\/v2\/pages"}],"about":[{"href":"https:\/\/neocatechumenaleiter.org\/de\/wp-json\/wp\/v2\/types\/page"}],"author":[{"embeddable":true,"href":"https:\/\/neocatechumenaleiter.org\/de\/wp-json\/wp\/v2\/users\/2"}],"replies":[{"embeddable":true,"href":"https:\/\/neocatechumenaleiter.org\/de\/wp-json\/wp\/v2\/comments?post=14477"}],"version-history":[{"count":4,"href":"https:\/\/neocatechumenaleiter.org\/de\/wp-json\/wp\/v2\/pages\/14477\/revisions"}],"predecessor-version":[{"id":23975,"href":"https:\/\/neocatechumenaleiter.org\/de\/wp-json\/wp\/v2\/pages\/14477\/revisions\/23975"}],"up":[{"embeddable":true,"href":"https:\/\/neocatechumenaleiter.org\/de\/wp-json\/wp\/v2\/pages\/10123"}],"wp:attachment":[{"href":"https:\/\/neocatechumenaleiter.org\/de\/wp-json\/wp\/v2\/media?parent=14477"}],"curies":[{"name":"wp","href":"https:\/\/api.w.org\/{rel}","templated":true}]}}