{"id":14483,"date":"2020-03-02T02:12:50","date_gmt":"2020-03-02T01:12:50","guid":{"rendered":"https:\/\/neocatechumenaleiter.org\/worte-der-paepste\/hl-johannes-paul-ii\/papst-johannes-paul-ii-begruesst-die-katechisten-und-ehepaare-der-neokatechumenalen-gemeinschaften-lateinamerikas\/"},"modified":"2021-08-10T11:00:48","modified_gmt":"2021-08-10T10:00:48","slug":"papst-johannes-paul-ii-begruesst-die-katechisten-und-ehepaare-der-neokatechumenalen-gemeinschaften-lateinamerikas","status":"publish","type":"page","link":"https:\/\/neocatechumenaleiter.org\/de\/worte-der-paepste\/hl-johannes-paul-ii\/papst-johannes-paul-ii-begruesst-die-katechisten-und-ehepaare-der-neokatechumenalen-gemeinschaften-lateinamerikas\/","title":{"rendered":"GRUSS AN DIE KATECHISTEN UND EHEPAAREN AUS ZENTRALAMERIKA AM 16.10.1980"},"content":{"rendered":"\n<h1 class=\"has-text-align-center wp-block-heading\">GRUSS AN DIE KATECHISTEN UND EHEPAAREN AUS ZENTRALAMERIKA AM 16.10.1980<\/h1>\n\n<div style=\"height:20px\" aria-hidden=\"true\" class=\"wp-block-spacer\"><\/div>\n\n<h4 class=\"has-text-align-center wp-block-heading\">Hl. Johannes Paul II.<\/h4>\n\n<div style=\"height:20px\" aria-hidden=\"true\" class=\"wp-block-spacer\"><\/div>\n\n<p><b>Generalaudienz, Rom, 16. Oktober 1980 *<\/b><\/p>\n\n<p><i>Nachdem Johannes Paul II. in der Generalaudienz am Mittwoch die \u00fcbliche Ansprache an die Gl\u00e4ubigen gehalten hatte, wandte er sich mit Gr\u00fc\u00dfen an die einzelnen anwesenden Gruppen. Zu den verschiedenen Anh\u00e4ngern der neokatechumenalen Bewegung der L\u00e4nder Lateinamerikas, die in Vorbereitung auf die n\u00e4chste Familiensynode in Rom f\u00fcr ein internationales Treffen anwesend waren, sagte der Papst:<\/i><\/p>\n\n<div class=\"wp-block-image\"><figure class=\"alignright size-large\"><img loading=\"lazy\" decoding=\"async\" width=\"400\" height=\"320\" src=\"https:\/\/neocatechumenaleiter.org\/wp-content\/uploads\/2020\/03\/Camino_Neocatecumenal_Juan_Pablo_II_audiencia_general_1980.jpg\" alt=\"\" class=\"wp-image-7448\" srcset=\"https:\/\/neocatechumenaleiter.org\/wp-content\/uploads\/2020\/03\/Camino_Neocatecumenal_Juan_Pablo_II_audiencia_general_1980.jpg 400w, https:\/\/neocatechumenaleiter.org\/wp-content\/uploads\/2020\/03\/Camino_Neocatecumenal_Juan_Pablo_II_audiencia_general_1980-300x240.jpg 300w\" sizes=\"auto, (max-width: 400px) 100vw, 400px\" \/><\/figure><\/div>\n\n<p>In dieser Audienz ist eine Gruppe von Priestern, Ehepaaren und Katechisten der neokatechumenalen Bewegung aus verschiedenen L\u00e4ndern Zentralamerikas anwesend. Ich gr\u00fc\u00dfe euch herzlich, geliebte Br\u00fcder und Schwestern, die ihr euch einer Aufgabe widmet, der die Kirche gro\u00dfe Bedeutung beimisst: dem Aufbau der kirchlichen Gemeinschaft im Glauben durch eine systematische, gr\u00fcndliche, fortschreitende Katechese. Widmet euch dieser Arbeit, die so notwendig ist, mit Gro\u00dfz\u00fcgigkeit. Seid eurer pers\u00f6nlichen Erfahrung mit der christlichen Botschaft und dem Zeugnis f\u00fcr die anderen treu.<\/p>\n\n<p>Ich segne euer Anliegen, in enger Gemeinschaft mit euren Hirten, eurer Arbeit, allen Personen, Familien und kirchliche Gemeinschaften zu sein.<br\/><br\/><i>(*) Vgl. \u00abL\u2019Osservatore Romano\u00bb, 17. Oktober 1980 (eigene \u00dcbersetzung aus dem Italienischen).<i><\/i><\/i><\/p>\n","protected":false},"excerpt":{"rendered":"<p>GRUSS AN DIE KATECHISTEN UND EHEPAAREN AUS ZENTRALAMERIKA AM 16.10.1980 Hl. Johannes Paul II. Generalaudienz, Rom, 16. Oktober 1980 * Nachdem Johannes Paul II. in der Generalaudienz am Mittwoch die \u00fcbliche Ansprache an die Gl\u00e4ubigen gehalten hatte, wandte er sich mit Gr\u00fc\u00dfen an die einzelnen anwesenden Gruppen. Zu den verschiedenen Anh\u00e4ngern der neokatechumenalen Bewegung der L\u00e4nder Lateinamerikas, die in Vorbereitung auf die n\u00e4chste Familiensynode in Rom f\u00fcr ein internationales Treffen<\/p>\n<div class=\"read-more\"><a class=\"btn read-more-btn\" href=\"https:\/\/neocatechumenaleiter.org\/de\/worte-der-paepste\/hl-johannes-paul-ii\/papst-johannes-paul-ii-begruesst-die-katechisten-und-ehepaare-der-neokatechumenalen-gemeinschaften-lateinamerikas\/\">Mehr lesen<\/a><\/div>\n","protected":false},"author":2,"featured_media":0,"parent":10123,"menu_order":0,"comment_status":"closed","ping_status":"closed","template":"","meta":{"footnotes":""},"class_list":["post-14483","page","type-page","status-publish","hentry"],"_links":{"self":[{"href":"https:\/\/neocatechumenaleiter.org\/de\/wp-json\/wp\/v2\/pages\/14483","targetHints":{"allow":["GET"]}}],"collection":[{"href":"https:\/\/neocatechumenaleiter.org\/de\/wp-json\/wp\/v2\/pages"}],"about":[{"href":"https:\/\/neocatechumenaleiter.org\/de\/wp-json\/wp\/v2\/types\/page"}],"author":[{"embeddable":true,"href":"https:\/\/neocatechumenaleiter.org\/de\/wp-json\/wp\/v2\/users\/2"}],"replies":[{"embeddable":true,"href":"https:\/\/neocatechumenaleiter.org\/de\/wp-json\/wp\/v2\/comments?post=14483"}],"version-history":[{"count":6,"href":"https:\/\/neocatechumenaleiter.org\/de\/wp-json\/wp\/v2\/pages\/14483\/revisions"}],"predecessor-version":[{"id":23987,"href":"https:\/\/neocatechumenaleiter.org\/de\/wp-json\/wp\/v2\/pages\/14483\/revisions\/23987"}],"up":[{"embeddable":true,"href":"https:\/\/neocatechumenaleiter.org\/de\/wp-json\/wp\/v2\/pages\/10123"}],"wp:attachment":[{"href":"https:\/\/neocatechumenaleiter.org\/de\/wp-json\/wp\/v2\/media?parent=14483"}],"curies":[{"name":"wp","href":"https:\/\/api.w.org\/{rel}","templated":true}]}}