{"id":14583,"date":"2020-03-02T02:22:10","date_gmt":"2020-03-02T01:22:10","guid":{"rendered":"https:\/\/neocatechumenaleiter.org\/worte-der-paepste\/hl-johannes-paul-ii\/besuch-der-pfarrei-zur-geburt-unseres-herrn-jesus-christus-am-14-12-1980\/"},"modified":"2021-08-10T11:00:59","modified_gmt":"2021-08-10T10:00:59","slug":"besuch-der-pfarrei-zur-geburt-unseres-herrn-jesus-christus-am-14-12-1980","status":"publish","type":"page","link":"https:\/\/neocatechumenaleiter.org\/de\/worte-der-paepste\/hl-johannes-paul-ii\/besuch-der-pfarrei-zur-geburt-unseres-herrn-jesus-christus-am-14-12-1980\/","title":{"rendered":"BESUCH DER PFARREI ZUR GEBURT UNSERES HERRN JESUS CHRISTUS AM 14.12.1980"},"content":{"rendered":"\n<h1 class=\"has-text-align-center wp-block-heading\">BESUCH DER PFARREI ZUR GEBURT UNSERES HERRN JESUS CHRISTUS AM 14.12.1980<\/h1>\n\n<div style=\"height:20px\" aria-hidden=\"true\" class=\"wp-block-spacer\"><\/div>\n\n<h4 class=\"has-text-align-center wp-block-heading\">Hl. Johannes Paul II.<\/h4>\n\n<div style=\"height:20px\" aria-hidden=\"true\" class=\"wp-block-spacer\"><\/div>\n\n<p><strong>Rom, 14. Dezember 1980 *<\/strong><\/p>\n\n<p><em>Nachdem er den Saal verlassen hatte, wo die Katechisten versammelt waren, stieg der Heilige Vater eine steile Treppe hinab, welche in eine im Untergescho\u00df liegende, ganz in Wei\u00df gehaltene, und mit einem gro\u00dfen dunklen Eisenkreuz geschm\u00fcckte Kapelle f\u00fchrte. Es war der Versammlungsort der vier neokatechumenalen Gemeinschaften, die in der Pfarrei \u201eGeburt des Herrn\u201c das, was sie \u201eden Weg\u201d nennen, gehen. Sie empfingen den Papst singend und mit rhythmischem H\u00e4ndeklatschen. Kiko (der Inspirator dieser Gemeinschaften) hat den Papst im Namen aller gegr\u00fc\u00dft. Nach den Liedern wollte der Heilige Vater an die zahlreichen Begegnungen mit diesen Gemeinschaften erinnern, die er in fast allen Pfarreien, die er besucht hatte, machen konnte. Dies sind die Worte des Papstes:<\/em><\/p>\n\n<div class=\"wp-block-image\"><figure class=\"alignright size-large\"><img loading=\"lazy\" decoding=\"async\" width=\"273\" height=\"404\" src=\"https:\/\/neocatechumenaleiter.org\/wp-content\/uploads\/2020\/03\/Camino_Neocatecumenal_Juan_Pablo_II_visita_parroquia_Natividad_1980.jpg\" alt=\"\" class=\"wp-image-7426\" srcset=\"https:\/\/neocatechumenaleiter.org\/wp-content\/uploads\/2020\/03\/Camino_Neocatecumenal_Juan_Pablo_II_visita_parroquia_Natividad_1980.jpg 273w, https:\/\/neocatechumenaleiter.org\/wp-content\/uploads\/2020\/03\/Camino_Neocatecumenal_Juan_Pablo_II_visita_parroquia_Natividad_1980-203x300.jpg 203w\" sizes=\"auto, (max-width: 273px) 100vw, 273px\" \/><\/figure><\/div>\n\n<p>Oftmals haben wir uns in den verschiedenen Pfarreien Roms getroffen, zuletzt in der Pfarrei der Kanadischen M\u00e4rtyrer. Als ich hierherkam, habe ich viele Kinder getroffen und umarmt, und das hat mich sofort \u00fcber die Worte des Herrn nachdenken lassen, der einmal gesagt hat, dass wir alle wie Kinder werden m\u00fcssen; auch wenn wir bereits f\u00fcnfzig oder sechzig Jahre alt sind \u2013 wie ich \u2013 oder mehr, m\u00fcssen wir wie Kinder sein. Es handelt sich genau um die \u00fcbernat\u00fcrliche Kindschaft, welche in uns im Augenblick der Taufe eingewurzelt wurde. Ihr, die ihr als Neokatechumenen in eurer Spiritualit\u00e4t auf das Taufgeheimnis ausgerichtet seid, m\u00fcsst das Geheimnis der g\u00f6ttlichen Kindschaft tief leben, Kinder Gottes zu sein, sowie all das, was aus dieser Wirklichkeit hervorgeht, aus der die wahre Dynamik der Gotteskindschaft besteht.<\/p>\n\n<p><p class=\"Quotations\" style=\"text-indent: 0cm;\"><span lang=\"DE\">Das ist es, was ich euch im Wesentlichen sagen wollte; aber ich sage es euch in besonderer Weise, weil ihr die Pfarrangeh\u00f6rigen der Gemeinde zur \u201eGeburt des Herrn\u201c seid, wo das Mysterium des menschgewordenen Gottessohnes im Zentrum des Gemeindelebens steht, und auch weil das Weihnachtsfest schon naht. Ich w\u00fcnsche euch, in dieser inneren und \u00fcbernat\u00fcrlichen Wirklichkeit st\u00e4ndig fortzuschreiten, welche die Wirklichkeit der Gnade ist; in der Gnade von Adoptivkindern Gottes, seinem eingeborenen Sohn \u00e4hnlich gemacht, der Mensch wurde, um uns n\u00e4herzukommen und uns ihm \u00e4hnlich zu machen.<\/span><\/p><\/p>\n\n<p><em>Kiko stellte nacheinander dem Papst einige Katechisten-Itineranten vor, die, aus der Pfarrei zur Geburt des Herrn hervorgegangen, jetzt ihr Zeugnis in verschiedene L\u00e4nder der Welt tragen. Unter diesen wollte ein junger Priester, der gerade in diesen Tagen aus Lateinamerika zur\u00fcckgekehrt ist, die dramatische Situation schildern, welchen die Missionare und Katechisten besonders in Zentral- und S\u00fcdamerika gegen\u00fcberstehen.<\/em><\/p>\n\n<p>\u201eWir haben eine Ermutigung n\u00f6tig, Heiliger Vater\u201c \u2013 <em>sagte der Priester<\/em> \u2013 \u201edenn die Situation in Zentralamerika ist sehr schwierig. Wir sind hierhin zur\u00fcckgekehrt und haben uns wie der heilige Paulus gefragt, ob wir vergeblich laufen, weil wir uns in einer Situation befinden, in der wir nicht wissen, ob die Kirche jene der Revolution ist, wie uns dort viele sagen, oder ob sie die Verk\u00fcndigung Jesu Christi ist.\u201d<br\/><br\/><em>Der Heilige Vater gab dem Priester mit starker und klarer Stimme die folgende Antwort:<\/em><\/p>\n\n<p>Ich gebe dir sofort die Antwort: Verk\u00fcndigt Christus! Und nur Christus! <em>(Ein begeisterter Applaus hat die Worte des Papstes unterstrichen).<\/em> Ich kann hinzuf\u00fcgen \u2013 <em>fuhr dann der Heilige Vater fort <\/em>\u2013 es vergeht kein Tag, an dem ich nicht bete f\u00fcr diese L\u00e4nder, vor allem f\u00fcr die am meisten gequ\u00e4lten, die ich mit Liebe und Vertrauen aufmerksam verfolge. Ihr sollt wissen \u2013 <em>schloss der Papst nach einem kurzen Augenblick der Pause<\/em> \u2013 es gibt dort auch eine sehr starke Mutter!<br\/><br\/><em>(*) Vgl. \u201eL\u2019Osservatore Romano\u201c, 15. \u2013 16. Dezember 1980 <\/em><em>(eigene \u00dcbersetzung aus dem Italienischen).<\/em><\/p>\n","protected":false},"excerpt":{"rendered":"<p>BESUCH DER PFARREI ZUR GEBURT UNSERES HERRN JESUS CHRISTUS AM 14.12.1980 Hl. Johannes Paul II. Rom, 14. Dezember 1980 * Nachdem er den Saal verlassen hatte, wo die Katechisten versammelt waren, stieg der Heilige Vater eine steile Treppe hinab, welche in eine im Untergescho\u00df liegende, ganz in Wei\u00df gehaltene, und mit einem gro\u00dfen dunklen Eisenkreuz geschm\u00fcckte Kapelle f\u00fchrte. Es war der Versammlungsort der vier neokatechumenalen Gemeinschaften, die in der Pfarrei<\/p>\n<div class=\"read-more\"><a class=\"btn read-more-btn\" href=\"https:\/\/neocatechumenaleiter.org\/de\/worte-der-paepste\/hl-johannes-paul-ii\/besuch-der-pfarrei-zur-geburt-unseres-herrn-jesus-christus-am-14-12-1980\/\">Mehr lesen<\/a><\/div>\n","protected":false},"author":2,"featured_media":0,"parent":10123,"menu_order":8,"comment_status":"closed","ping_status":"closed","template":"","meta":{"footnotes":""},"class_list":["post-14583","page","type-page","status-publish","hentry"],"_links":{"self":[{"href":"https:\/\/neocatechumenaleiter.org\/de\/wp-json\/wp\/v2\/pages\/14583","targetHints":{"allow":["GET"]}}],"collection":[{"href":"https:\/\/neocatechumenaleiter.org\/de\/wp-json\/wp\/v2\/pages"}],"about":[{"href":"https:\/\/neocatechumenaleiter.org\/de\/wp-json\/wp\/v2\/types\/page"}],"author":[{"embeddable":true,"href":"https:\/\/neocatechumenaleiter.org\/de\/wp-json\/wp\/v2\/users\/2"}],"replies":[{"embeddable":true,"href":"https:\/\/neocatechumenaleiter.org\/de\/wp-json\/wp\/v2\/comments?post=14583"}],"version-history":[{"count":4,"href":"https:\/\/neocatechumenaleiter.org\/de\/wp-json\/wp\/v2\/pages\/14583\/revisions"}],"predecessor-version":[{"id":24006,"href":"https:\/\/neocatechumenaleiter.org\/de\/wp-json\/wp\/v2\/pages\/14583\/revisions\/24006"}],"up":[{"embeddable":true,"href":"https:\/\/neocatechumenaleiter.org\/de\/wp-json\/wp\/v2\/pages\/10123"}],"wp:attachment":[{"href":"https:\/\/neocatechumenaleiter.org\/de\/wp-json\/wp\/v2\/media?parent=14583"}],"curies":[{"name":"wp","href":"https:\/\/api.w.org\/{rel}","templated":true}]}}