{"id":14591,"date":"2020-03-02T03:25:54","date_gmt":"2020-03-02T02:25:54","guid":{"rendered":"https:\/\/neocatechumenaleiter.org\/worte-der-paepste\/hl-johannes-paul-ii\/besuch-in-der-pfarrei-unserer-lieben-frau-von-coromoto-am-15-03-1981\/"},"modified":"2021-08-10T11:01:05","modified_gmt":"2021-08-10T10:01:05","slug":"besuch-in-der-pfarrei-unserer-lieben-frau-von-coromoto-am-15-03-1981","status":"publish","type":"page","link":"https:\/\/neocatechumenaleiter.org\/de\/worte-der-paepste\/hl-johannes-paul-ii\/besuch-in-der-pfarrei-unserer-lieben-frau-von-coromoto-am-15-03-1981\/","title":{"rendered":"BESUCH IN DER PFARREI UNSERER LIEBEN FRAU VON COROMOTO AM 15.03.1981"},"content":{"rendered":"\n<h1 class=\"has-text-align-center wp-block-heading\">BESUCH IN DER PFARREI UNSERER LIEBEN FRAU VON COROMOTO AM 15.03.1981<\/h1>\n\n<div style=\"height:20px\" aria-hidden=\"true\" class=\"wp-block-spacer\"><\/div>\n\n<h4 class=\"has-text-align-center wp-block-heading\">Hl. Johannes Paul II.<\/h4>\n\n<div style=\"height:20px\" aria-hidden=\"true\" class=\"wp-block-spacer\"><\/div>\n\n<p><strong>Rom, 15. M\u00e4rz 1981 *<\/strong><\/p>\n\n<p><em>Papst Johannes Paul II. kam zur Kirche, wo ihm der Pfarrer Msgr. Gulizia die neokatechumenalen Gemeinschaften vorstellte, die sich schon seit einigen Jahren ins Leben der Pfarrei eingegliedert haben.<\/em><\/p>\n\n<div class=\"wp-block-image\"><figure class=\"alignleft size-large\"><img loading=\"lazy\" decoding=\"async\" width=\"694\" height=\"558\" src=\"https:\/\/neocatechumenaleiter.org\/wp-content\/uploads\/2020\/03\/Camino_Neocatecumenal_Juan_Pablo_II_visita_parroquia_Coromoto_1981.jpg\" alt=\"\" class=\"wp-image-7502\" srcset=\"https:\/\/neocatechumenaleiter.org\/wp-content\/uploads\/2020\/03\/Camino_Neocatecumenal_Juan_Pablo_II_visita_parroquia_Coromoto_1981.jpg 694w, https:\/\/neocatechumenaleiter.org\/wp-content\/uploads\/2020\/03\/Camino_Neocatecumenal_Juan_Pablo_II_visita_parroquia_Coromoto_1981-300x241.jpg 300w\" sizes=\"auto, (max-width: 694px) 100vw, 694px\" \/><\/figure><\/div>\n\n<p>Das ist die Gruppe der Br\u00fcder vom Neokatechumenalen Weg \u2013 <em>hat Msgr. Gulizia gesagt<\/em>. Mit ihnen ist das Team der Katechisten, das aus der Pfarrei der Kanadischen M\u00e4rtyrer stammt und das im Januar 1970 in unsere Pfarrei kam, um die Katechese dieses Neokatechumenalen Weges zu beginnen. Es sind elf Jahre vergangen, Heiliger Vater, und wir k\u00f6nnen sagen, dass sich dieser Weg nach verschiedenen Wechself\u00e4llen, Leiden und Freuden, konkretisiert, indem man auf dem Glaubensweg heranreift und auch im Dienst f\u00fcr die Bed\u00fcrfnisse der Pfarrei steht. Es sind hier die Priester-Itineranten anwesend, sowie eine gro\u00dfe Gruppe von Katechisten, die die Jugendlichen auf die Firmung vorbereiten, denn dieser Bereich ist zusammen mit dem der Taufvorbereitung und der Ehevorbereitungskatechese diesen Br\u00fcdern anvertraut. Heiliger Vater, dies ist die Wirklichkeit unserer Pfarrgemeinde. Es ist eines der Zeichen der kirchlichen <em>Communio<\/em>, um das Reich Gottes in unserer Gemeinde aufzubauen.<\/p>\n\n<p><em>Die Freude und die Dankbarkeit, noch einmal den Papst treffen zu k\u00f6nnen, der schon w\u00e4hrend anderer Pastoralbesuche Gelegenheit hatte, die neokatechumenalen Gemeinschaften kennenzulernen, wurden im Namen aller Anwesenden von Giampiero, dem Katechisten der Pfarrei Unserer Lieben Frau von Coromoto, folgenderma<\/em><em>\u00dfen zum Ausdruck gebracht:<\/em><\/p>\n\n<p>Es ist eine gro\u00dfe Freude f\u00fcr uns, Sie hier zu sehen, vor allem nach der Homilie, die Sie heute gehalten haben. Sie haben mit einer Frage geendet: \u201eWo sind die Mitarbeiter des Bischofs f\u00fcr die Evangelisation?\u201c Sehen Sie, wir sind hier, um Ihnen zu sagen, dass wir bereit sind, auf Ihren Ruf zu antworten. Insbesondere wollen wir Ihnen die erste Gemeinschaft vorstellen, die in K\u00fcrze beginnen wird, jeweils zu zweit Hausbesuche zu machen, um mit Einfachheit und Demut das Reich Gottes \u2013 Jesus Christus \u2013 allen Bewohnern des Viertels zu verk\u00fcnden. <\/p>\n\n<p>Es ist von grundlegender Bedeutung, dem Menschen von heute die Gute Nachricht des Evangeliums zu verk\u00fcnden, die Liebe Gottes, die sich im Kreuz Jesu Christi offenbart, in dem er sich als der erweist, der die S\u00fcnder liebt. Die Welt von heute glaubt nicht mehr, dass Gott es ist, der die Initiative ergreift wie bei Abraham. Der Mensch von heute glaubt nicht mehr daran; er meint, selbst derjenige zu sein, der den ersten Schritt tun muss. Es ist also n\u00f6tig \u2013 <em>sagte der Katechist zum Schluss<\/em> \u2013 dieser Welt die Liebe Gottes erneut zu verk\u00fcnden. Es ist von grundlegender Bedeutung, diese Liebe zu verk\u00fcnden, sonst geht das ganze Evangelium verloren, wenn man darauf verzichtet, die Liebe zu den S\u00fcndern zu verk\u00fcnden. Aber wie kann man das verk\u00fcnden? Wie kann man Zeuge sein, wenn man nicht gesandt ist? Wie kann man gesandt werden, wenn man nicht vorher die Erfahrung Jesu Christi gemacht hat? Deshalb ist es wichtig, mitten in der Pfarrei einen Weg zu \u00f6ffnen, wo jeder schrittweise wie w\u00e4hrend einer geistigen Schwangerschaft allm\u00e4hlich seinen Glauben reifen lassen kann und wo sein Glaube schlie\u00dflich missionarisch, zu einem Zeugnis der Welt gegen\u00fcber, werden kann.<\/p>\n\n<p><em>Nach Giampiero haben zwei andere Katechisten dem Papst ihre Erfahrung des Apostolats bei den Familien erz\u00e4hlt; sie zeigten die Schwierigkeiten auf, die sich der Verk\u00fcndigung der christlichen Botschaft in dieser neuen Form in den Weg stellen, aber sie zeigten auch die Begeisterung, die sie beseelt. Der Heilige Vater hat in seiner Antwort Folgendes gesagt:<\/em><\/p>\n\n<p>Eure Zeugnisse sind immer sehr interessant, denn sie kommen von einer gelebten Erfahrung, innerlich, pers\u00f6nlich gelebt, von einer rein religi\u00f6sen, evangeliumsgem\u00e4\u00dfen Erfahrung. Ich m\u00f6chte eure Gruppen und euren Neokatechumenalen Weg segnen, der euer Weg ist, aber auch ein Weg hin zu den anderen. Indem ich alle, die ihr hier anwesend seid, segne, m\u00f6chte ich auch all jene an den T\u00fcren segnen, bei denen ihr Aufnahme sucht \u2013 Aufnahme f\u00fcr euer Wort, f\u00fcr eure katechetische Mission. Ich segne euch von Herzen, und ich w\u00fcnsche euch, in diesem Glauben, in dieser gelebten Erfahrung eurer Taufe zu wachsen. Wir m\u00fcssen uns, wie auch der heilige Petrus sagt, immer ein wenig wie Neugeborene, wie Kinder verhalten und wir sollen uns so das ganze Leben lang verhalten, denn die Taufe bestimmt unser ganzes Leben mit einer Gabe, einer unfassbaren Gabe: der Gabe der g\u00f6ttlichen Kindschaft, der Gabe, dem Sohn Gottes \u00e4hnlich, Kinder Gottes, S\u00f6hne im Sohn zu sein. Das ist die Gute Nachricht, das Evangelium. Das zu leben und andere dazu zu bringen, hei\u00dft, das Evangelium zu verbreiten.<\/p>\n\n<p><em>(*) Vgl. \u201eL\u2019Osservatore Romano\u201c, 16. \u2013 17. M\u00e4rz 1981 (eigene \u00dcbersetzung aus dem Italienischen).<\/em><\/p>\n","protected":false},"excerpt":{"rendered":"<p>BESUCH IN DER PFARREI UNSERER LIEBEN FRAU VON COROMOTO AM 15.03.1981 Hl. Johannes Paul II. Rom, 15. M\u00e4rz 1981 * Papst Johannes Paul II. kam zur Kirche, wo ihm der Pfarrer Msgr. Gulizia die neokatechumenalen Gemeinschaften vorstellte, die sich schon seit einigen Jahren ins Leben der Pfarrei eingegliedert haben. Das ist die Gruppe der Br\u00fcder vom Neokatechumenalen Weg \u2013 hat Msgr. Gulizia gesagt. Mit ihnen ist das Team der Katechisten,<\/p>\n<div class=\"read-more\"><a class=\"btn read-more-btn\" href=\"https:\/\/neocatechumenaleiter.org\/de\/worte-der-paepste\/hl-johannes-paul-ii\/besuch-in-der-pfarrei-unserer-lieben-frau-von-coromoto-am-15-03-1981\/\">Mehr lesen<\/a><\/div>\n","protected":false},"author":2,"featured_media":0,"parent":10123,"menu_order":8,"comment_status":"closed","ping_status":"closed","template":"","meta":{"footnotes":""},"class_list":["post-14591","page","type-page","status-publish","hentry"],"_links":{"self":[{"href":"https:\/\/neocatechumenaleiter.org\/de\/wp-json\/wp\/v2\/pages\/14591","targetHints":{"allow":["GET"]}}],"collection":[{"href":"https:\/\/neocatechumenaleiter.org\/de\/wp-json\/wp\/v2\/pages"}],"about":[{"href":"https:\/\/neocatechumenaleiter.org\/de\/wp-json\/wp\/v2\/types\/page"}],"author":[{"embeddable":true,"href":"https:\/\/neocatechumenaleiter.org\/de\/wp-json\/wp\/v2\/users\/2"}],"replies":[{"embeddable":true,"href":"https:\/\/neocatechumenaleiter.org\/de\/wp-json\/wp\/v2\/comments?post=14591"}],"version-history":[{"count":8,"href":"https:\/\/neocatechumenaleiter.org\/de\/wp-json\/wp\/v2\/pages\/14591\/revisions"}],"predecessor-version":[{"id":24017,"href":"https:\/\/neocatechumenaleiter.org\/de\/wp-json\/wp\/v2\/pages\/14591\/revisions\/24017"}],"up":[{"embeddable":true,"href":"https:\/\/neocatechumenaleiter.org\/de\/wp-json\/wp\/v2\/pages\/10123"}],"wp:attachment":[{"href":"https:\/\/neocatechumenaleiter.org\/de\/wp-json\/wp\/v2\/media?parent=14591"}],"curies":[{"name":"wp","href":"https:\/\/api.w.org\/{rel}","templated":true}]}}