{"id":14613,"date":"2020-03-02T03:30:33","date_gmt":"2020-03-02T02:30:33","guid":{"rendered":"https:\/\/neocatechumenaleiter.org\/worte-der-paepste\/hl-johannes-paul-ii\/begegnung-mit-den-psalmisten-der-neokatechumenalen-gemeinschaften-am-31-03-1981\/"},"modified":"2021-08-10T11:01:10","modified_gmt":"2021-08-10T10:01:10","slug":"begegnung-mit-den-psalmisten-der-neokatechumenalen-gemeinschaften-am-31-03-1981","status":"publish","type":"page","link":"https:\/\/neocatechumenaleiter.org\/de\/worte-der-paepste\/hl-johannes-paul-ii\/begegnung-mit-den-psalmisten-der-neokatechumenalen-gemeinschaften-am-31-03-1981\/","title":{"rendered":"BEGEGNUNG MIT DEN PSALMISTEN DER NEOKATECHUMENALEN GEMEINSCHAFTEN AM 31.03.1981"},"content":{"rendered":"\n<h1 class=\"has-text-align-center wp-block-heading\">BEGEGNUNG MIT DEN PSALMISTEN DER NEOKATECHUMENALEN GEMEINSCHAFTEN AM 31.03.1981<\/h1>\n\n<div style=\"height:20px\" aria-hidden=\"true\" class=\"wp-block-spacer\"><\/div>\n\n<h4 class=\"has-text-align-center wp-block-heading\">Hl. Johannes Paul II.<\/h4>\n\n<div style=\"height:20px\" aria-hidden=\"true\" class=\"wp-block-spacer\"><\/div>\n\n<p><strong>Vatikanstadt \u2013 Damasushof, 31. M\u00e4rz 1981 *<\/strong><\/p>\n\n<p><em>Mehr als dreitausend S\u00e4nger aus zahlreichen neokatechumenalen Gemeinschaften Italiens haben gestern Abend das nationale Treffen zur Vorbereitung der Lieder f\u00fcr die Ostervigil in Gegenwart des Heiligen Vaters beendet.<\/em>&#13;\n&#13;\n<em>Die Kantoren, die w\u00e4hrend des ganzen gestrigen Tages in einem r\u00f6mischen Zelttheater versammelt waren, haben sich diese Begegnung mit dem Papst gew\u00fcnscht, um ihm durch den Gesang das Zeichen ihres christlichen Zeugnisses und Einsatzes zu geben. In den neokatechumenalen Gemeinschaften \u2013 mehr als zweitausend in ganz Italien \u2013 ist der Kantor der, der es vermag, das Lied als Gebet zu interpretieren und den anderen den Sinn des gesungenen Gebetes zu vermitteln \u2013 selbst dann, wenn er nicht mit einer ausgesprochenen Singstimme oder einem hervorragenden Musikempfinden begabt ist. Gestern Abend haben die Kantoren, angef\u00fchrt von Kiko Arg\u00fcello, Initiator der neokatechumenalen Gemeinschaften, dem Heiligen Vater die Frucht ihrer intensiven Vorbereitungsarbeit dargeboten, indem sie einige Psalmen in einem moderneren Stil sowie einige aussagekr\u00e4ftige Lieder vortrugen. Durch ihren Vortrag versuchen sie w\u00e4hrend der Osternacht, in ihren Br\u00fcdern und Schwestern die wahre Erwartung der Auferstehung lebendig werden zu lassen. Besonders wichtig ist dabei das Lied, das gestern Abend eine Gruppe von Kindern aus vier neokatechumenalen Gemeinschaften Roms dem Heiligen Vater vortrug.<\/em><br\/><br\/>&#13;\n\u201eWas ist anders in dieser Nacht?\u201c \u2013<i> haben diese Kinder gefragt, im Alter zwischen vier und sechs<\/i> \u2013 \u201eWarum gehen wir in allen anderen N\u00e4chten fr\u00fch ins Bett, wenn wir gegessen haben, und in dieser Nacht bleiben wir so lange auf und haben nicht einmal gegessen? Warum erwarten wir in den anderen N\u00e4chten niemanden und in dieser Nacht erwarten wir jemanden? Was ist denn anders in dieser Nacht?\u201c \u2013 Auf diese Fragen der Kinder antwortet darauf die ganze Gemeinschaft durch einen Gesang, der die Freude der Auferstehung zum Ausdruck bringt.<\/p>\n\n<div class=\"wp-block-image\"><figure class=\"alignright size-large\"><img loading=\"lazy\" decoding=\"async\" width=\"690\" height=\"553\" src=\"https:\/\/neocatechumenaleiter.org\/wp-content\/uploads\/2020\/03\/Camino_Neocatecumenal_Juan_Pablo_II_encuentro_salmistas_1981.jpg\" alt=\"\" class=\"wp-image-7792\" srcset=\"https:\/\/neocatechumenaleiter.org\/wp-content\/uploads\/2020\/03\/Camino_Neocatecumenal_Juan_Pablo_II_encuentro_salmistas_1981.jpg 690w, https:\/\/neocatechumenaleiter.org\/wp-content\/uploads\/2020\/03\/Camino_Neocatecumenal_Juan_Pablo_II_encuentro_salmistas_1981-300x240.jpg 300w\" sizes=\"auto, (max-width: 690px) 100vw, 690px\" \/><\/figure><\/div>\n\n<p>\u201eSo\u201c \u2013 <i>hat Kiko dem Heiligen Vater erkl\u00e4rt<\/i> \u2013 \u201eleben wir unser Ostern mit unseren Br\u00fcdern und mit unseren Kindern.\u201c<\/p>\n\n<p><i>Der Heilige Vater hat sich nachdem die erklungen waren, f\u00fcr das Treffen bedankt, dass er sich so gew\u00fcnscht hatte, und f\u00fcr das Zeugnis, das die S\u00e4nger ihm mit ihren Liedern gegeben haben.<\/i><\/p>\n\n<p>\u201eDie Kirche\u201c \u2013 <i>sagte dann der Heilige Vater unter anderem<\/i> \u2013 \u201ebereitet sich w\u00e4hrend dieser ganzen Fastenzeit auf die Osternacht des Herrn, auf die Nacht seiner Auferstehung vor. Sie tut es, damit der Herr unsere Herzen bereit findet, reife Herzen, reif f\u00fcr sein Geheimnis, reif f\u00fcr seine Liebe. Und gewiss m\u00fcssen wir durch das Zeugnis des Wortes Gottes und durch Gesten der Liebe f\u00fcr diese Nacht und f\u00fcr diese endg\u00fcltige Liebe reifen, die sich in der Osternacht geoffenbart hat. So w\u00fcnsche ich euch, dass ihr euch gut vorbereitet auf dieses gro\u00dfe Geheimnis, das im Zentrum unseres Glaubens steht, und das auch im Zentrum der Geschichte des Menschen und des Kosmos steht. Ich bin euch schon mehrmals in verschiedenen r\u00f6mischen Pfarreien begegnet, und ich hoffe, dass ihr in diesen Pfarreien mit den Priestern und auch mit den Bisch\u00f6fen in den verschiedenen Teilen der Di\u00f6zese Rom und mit dem Kardinalvikar zusammenarbeitet, denn so best\u00e4tigt ihr auch eure \u00f6sterliche Begeisterung. Ostern ist der Tag der Kirche. In der Kirche, in ihrer Gesamtheit, in ihrem Leben m\u00fcssen wir einen Raum suchen, einen authentischen Raum f\u00fcr unseren religi\u00f6sen Enthusiasmus und f\u00fcr unser Apostolat. Ich m\u00f6chte euch f\u00fcr euren Besuch danken, f\u00fcr all diese sehr sch\u00f6nen religi\u00f6sen Lieder, die mit gro\u00dfer Kraft, mit gro\u00dfer Begeisterung gesungen werden. Ich danke euch f\u00fcr diesen Besuch und ich segne euch alle, ich segne eure Familien und eure Kinder, die an diesem Abend auch einen besonderen und sehr sch\u00f6nen Anteil hatten.<\/p>\n\n<p>Ich wollte noch ein besonderes Wort f\u00fcr alle Leidenden in eurer N\u00e4he sagen: \u00dcberbringt ihnen allen dieses Wort und diese Erinnerung an den Papst, denn im Geiste sind sie mir immer sehr nahe, haben sie doch in einer besonderen Weise an der Passion unseres Herrn Jesus Christus Anteil, und so, indem sie am Geheimnis seiner Passion teilhaben, bereiten sie uns auf sein Pascha vor. Ich m\u00f6chte euch am Ende segnen, und damit auch alle Personen, die euch lieb sind \u2013 in Rom und auch in allen St\u00e4dten Italiens und au\u00dferhalb Italiens.\u201c<\/p>\n\n<p><em>(*) Vgl. \u201eL\u2019Osservatore Romano\u201c, 2. April 1981 (eigene \u00dcbersetzung aus dem Italienischen).<\/em><\/p>\n\n<p> <\/p>\n","protected":false},"excerpt":{"rendered":"<p>BEGEGNUNG MIT DEN PSALMISTEN DER NEOKATECHUMENALEN GEMEINSCHAFTEN AM 31.03.1981 Hl. Johannes Paul II. Vatikanstadt \u2013 Damasushof, 31. M\u00e4rz 1981 * Mehr als dreitausend S\u00e4nger aus zahlreichen neokatechumenalen Gemeinschaften Italiens haben gestern Abend das nationale Treffen zur Vorbereitung der Lieder f\u00fcr die Ostervigil in Gegenwart des Heiligen Vaters beendet.&#13; &#13; Die Kantoren, die w\u00e4hrend des ganzen gestrigen Tages in einem r\u00f6mischen Zelttheater versammelt waren, haben sich diese Begegnung mit dem Papst<\/p>\n<div class=\"read-more\"><a class=\"btn read-more-btn\" href=\"https:\/\/neocatechumenaleiter.org\/de\/worte-der-paepste\/hl-johannes-paul-ii\/begegnung-mit-den-psalmisten-der-neokatechumenalen-gemeinschaften-am-31-03-1981\/\">Mehr lesen<\/a><\/div>\n","protected":false},"author":2,"featured_media":0,"parent":10123,"menu_order":9,"comment_status":"closed","ping_status":"closed","template":"","meta":{"footnotes":""},"class_list":["post-14613","page","type-page","status-publish","hentry"],"_links":{"self":[{"href":"https:\/\/neocatechumenaleiter.org\/de\/wp-json\/wp\/v2\/pages\/14613","targetHints":{"allow":["GET"]}}],"collection":[{"href":"https:\/\/neocatechumenaleiter.org\/de\/wp-json\/wp\/v2\/pages"}],"about":[{"href":"https:\/\/neocatechumenaleiter.org\/de\/wp-json\/wp\/v2\/types\/page"}],"author":[{"embeddable":true,"href":"https:\/\/neocatechumenaleiter.org\/de\/wp-json\/wp\/v2\/users\/2"}],"replies":[{"embeddable":true,"href":"https:\/\/neocatechumenaleiter.org\/de\/wp-json\/wp\/v2\/comments?post=14613"}],"version-history":[{"count":4,"href":"https:\/\/neocatechumenaleiter.org\/de\/wp-json\/wp\/v2\/pages\/14613\/revisions"}],"predecessor-version":[{"id":24024,"href":"https:\/\/neocatechumenaleiter.org\/de\/wp-json\/wp\/v2\/pages\/14613\/revisions\/24024"}],"up":[{"embeddable":true,"href":"https:\/\/neocatechumenaleiter.org\/de\/wp-json\/wp\/v2\/pages\/10123"}],"wp:attachment":[{"href":"https:\/\/neocatechumenaleiter.org\/de\/wp-json\/wp\/v2\/media?parent=14613"}],"curies":[{"name":"wp","href":"https:\/\/api.w.org\/{rel}","templated":true}]}}