{"id":14760,"date":"2020-03-02T19:51:15","date_gmt":"2020-03-02T18:51:15","guid":{"rendered":"https:\/\/neocatechumenaleiter.org\/worte-der-paepste\/hl-johannes-paul-ii\/gruss-an-die-psalmisten-der-neokatechumenalen-gemeinschaften-beim-angelus-am-21-03-1982\/"},"modified":"2021-08-10T11:01:33","modified_gmt":"2021-08-10T10:01:33","slug":"gruss-an-die-psalmisten-der-neokatechumenalen-gemeinschaften-beim-angelus-am-21-03-1982","status":"publish","type":"page","link":"https:\/\/neocatechumenaleiter.org\/de\/worte-der-paepste\/hl-johannes-paul-ii\/gruss-an-die-psalmisten-der-neokatechumenalen-gemeinschaften-beim-angelus-am-21-03-1982\/","title":{"rendered":"GRUSS AN DIE PSALMISTEN DER NEOKATECHUMENALEN GEMEINSCHAFTEN BEIM ANGELUS AM 21.03.1982"},"content":{"rendered":"\n<h1 class=\"has-text-align-center wp-block-heading\">GRUSS AN DIE PSALMISTEN DER NEOKATECHUMENALEN GEMEINSCHAFTEN BEIM ANGELUS AM 21.03.1982<\/h1>\n\n<div style=\"height:20px\" aria-hidden=\"true\" class=\"wp-block-spacer\"><\/div>\n\n<h4 class=\"has-text-align-center wp-block-heading\">Hl. Johannes Paul II.<\/h4>\n\n<div style=\"height:20px\" aria-hidden=\"true\" class=\"wp-block-spacer\"><\/div>\n\n<p><strong>Rom, 21. M\u00e4rz 1982<\/strong><\/p>\n\n<p><em>Aus der Ansprache des Heiligen Vaters vor dem sonnt\u00e4glichen Angelus:<\/em><\/p>\n\n<p>Ich m\u00f6chte noch einmal an das Thema \u201eVers\u00f6hnung und Bu\u00dfe im Sendungsauftrag der Kirche\u201c ankn\u00fcpfen, ein Thema, das uns in Anbetracht der Bischofssynode, die in Vorbereitung ist, w\u00e4hrend der ganzen Fastenzeit begleitet.<br\/>&#13;\nDie erste und grundlegende Vers\u00f6hnung mit Gott in Jesus Christus und die erste Umkehr (d.h. Bu\u00dfe) vollzieht sich im Sakrament der Taufe.&#13;\n<p class=\"Quotations\"><span lang=\"DE\">Im Fall der Erwachsenentaufe ist diese erste Umkehr zu Gott und die grundlegende Vers\u00f6hnung mit Ihm in Christus die Frucht einer langen Vorbereitung, einer tiefen Einf\u00fchrung. Diese Vorbereitung hei\u00dft \u2013 seit den ersten Jahrhunderten der Kirche \u2013 Katechumenat.<\/span><\/p><\/p>\n\n<div class=\"wp-block-image\"><figure class=\"alignleft size-medium\"><img loading=\"lazy\" decoding=\"async\" width=\"245\" height=\"300\" src=\"https:\/\/neocatechumenaleiter.org\/wp-content\/uploads\/2020\/03\/Camino_Neocatecumenal_Juan_Pablo_II_encuentro_salmistas_1982-245x300.jpg\" alt=\"\" class=\"wp-image-1668\" srcset=\"https:\/\/neocatechumenaleiter.org\/wp-content\/uploads\/2020\/03\/Camino_Neocatecumenal_Juan_Pablo_II_encuentro_salmistas_1982-245x300.jpg 245w, https:\/\/neocatechumenaleiter.org\/wp-content\/uploads\/2020\/03\/Camino_Neocatecumenal_Juan_Pablo_II_encuentro_salmistas_1982.jpg 563w\" sizes=\"auto, (max-width: 245px) 100vw, 245px\" \/><\/figure><\/div>\n\n<p>Das Katechumenat war immer von besonderer Intensit\u00e4t w\u00e4hrend der vierzigt\u00e4gigen Fastenzeit. Diese Tradition bleibt auch in unserer Zeit lebendig, in der zum gro\u00dfen Teil die Neugeborenen im Kreis der christlichen Familien das Taufsakrament empfangen. Aber auch in unserer Zeit muss die Fastenzeit \u2013 wenn nicht der Vorbereitung der ersten Umkehr mittels der Taufe \u2013 so doch wenigstens ihrer Vertiefung und Erneuerung dienen. Und wie oft muss sie der neuen Umkehr und Vers\u00f6hnung mit Gott im Bu\u00dfsakrament dienen.<br\/>&#13;\nDeshalb intensiviert sich die Katechese der Kirche besonders in der Fastenzeit in verschiedenen Formen (z. B. in den Pfarreien, in Gruppen oder pers\u00f6nlichen Exerzitien, sogenannten Einkehrtagen).<\/p>\n\n<p>Die Katechese ist auch das beste Mittel zur Reflexion \u00fcber das eigentliche Problem der \u201eVers\u00f6hnung und Bu\u00dfe im Sendungsauftrag der Kirche\u201c, wie es die Bischofssynode von uns erwartet.<br\/>&#13;\nEmpfehlen wir Gott diese Fastenarbeit der Kirche durch die F\u00fcrsprache der Mutter des Fleisch gewordenen Wortes (&#8230;) Ich richte einen herzlichen Gru\u00df an die Kantoren und Psalmisten der neokatechumenalen Gemeinschaften, die nach Rom gekommen sind zu einem Vorbereitungstreffen f\u00fcr die Liturgie des Oster-Triduums.&#13;\n<\/p>\n\n<p>Meine Lieben, das Geheimnis des auferstandenen Christus, f\u00fcr dessen Feier ihr euch mit euren Liedern vorbereitet, m\u00f6ge auch durch euer Leben bezeugt werden, damit vom harmonischen Wohlklang sowohl eurer Worte als auch eurer Werke der vor der Welt gepriesen werde, welcher \u201edurch sein Sterben den Tod bezwungen hat und uns durch seine Auferstehung das Leben neu gegeben hat.\u201c<br\/>&#13;\nEuch allen und euren Lieben gilt mein Apostolischer Segen.&#13;\n<\/p>\n\n<p><i>Vgl.\u00a0 \u201eL\u2019Osservatore Romano\u201c, 22.- 23. M\u00e4rz 1982 (eigene \u00dcbersetzung aus dem Italienischen).<\/i><\/p>\n","protected":false},"excerpt":{"rendered":"<p>GRUSS AN DIE PSALMISTEN DER NEOKATECHUMENALEN GEMEINSCHAFTEN BEIM ANGELUS AM 21.03.1982 Hl. Johannes Paul II. Rom, 21. M\u00e4rz 1982 Aus der Ansprache des Heiligen Vaters vor dem sonnt\u00e4glichen Angelus: Ich m\u00f6chte noch einmal an das Thema \u201eVers\u00f6hnung und Bu\u00dfe im Sendungsauftrag der Kirche\u201c ankn\u00fcpfen, ein Thema, das uns in Anbetracht der Bischofssynode, die in Vorbereitung ist, w\u00e4hrend der ganzen Fastenzeit begleitet.&#13; Die erste und grundlegende Vers\u00f6hnung mit Gott in Jesus<\/p>\n<div class=\"read-more\"><a class=\"btn read-more-btn\" href=\"https:\/\/neocatechumenaleiter.org\/de\/worte-der-paepste\/hl-johannes-paul-ii\/gruss-an-die-psalmisten-der-neokatechumenalen-gemeinschaften-beim-angelus-am-21-03-1982\/\">Mehr lesen<\/a><\/div>\n","protected":false},"author":2,"featured_media":0,"parent":10123,"menu_order":15,"comment_status":"closed","ping_status":"closed","template":"","meta":{"footnotes":""},"class_list":["post-14760","page","type-page","status-publish","hentry"],"_links":{"self":[{"href":"https:\/\/neocatechumenaleiter.org\/de\/wp-json\/wp\/v2\/pages\/14760","targetHints":{"allow":["GET"]}}],"collection":[{"href":"https:\/\/neocatechumenaleiter.org\/de\/wp-json\/wp\/v2\/pages"}],"about":[{"href":"https:\/\/neocatechumenaleiter.org\/de\/wp-json\/wp\/v2\/types\/page"}],"author":[{"embeddable":true,"href":"https:\/\/neocatechumenaleiter.org\/de\/wp-json\/wp\/v2\/users\/2"}],"replies":[{"embeddable":true,"href":"https:\/\/neocatechumenaleiter.org\/de\/wp-json\/wp\/v2\/comments?post=14760"}],"version-history":[{"count":2,"href":"https:\/\/neocatechumenaleiter.org\/de\/wp-json\/wp\/v2\/pages\/14760\/revisions"}],"predecessor-version":[{"id":24063,"href":"https:\/\/neocatechumenaleiter.org\/de\/wp-json\/wp\/v2\/pages\/14760\/revisions\/24063"}],"up":[{"embeddable":true,"href":"https:\/\/neocatechumenaleiter.org\/de\/wp-json\/wp\/v2\/pages\/10123"}],"wp:attachment":[{"href":"https:\/\/neocatechumenaleiter.org\/de\/wp-json\/wp\/v2\/media?parent=14760"}],"curies":[{"name":"wp","href":"https:\/\/api.w.org\/{rel}","templated":true}]}}