{"id":15752,"date":"2020-06-12T11:05:42","date_gmt":"2020-06-12T10:05:42","guid":{"rendered":"https:\/\/neocatechumenaleiter.org\/worte-der-paepste\/hl-johannes-paul-ii\/besuch-in-der-pfarrei-st-fabian-und-venantius-am-14-01-1990\/"},"modified":"2020-06-13T03:15:44","modified_gmt":"2020-06-13T02:15:44","slug":"besuch-in-der-pfarrei-st-fabian-und-venantius-am-14-01-1990","status":"publish","type":"page","link":"https:\/\/neocatechumenaleiter.org\/de\/worte-der-paepste\/hl-johannes-paul-ii\/besuch-in-der-pfarrei-st-fabian-und-venantius-am-14-01-1990\/","title":{"rendered":"BESUCH IN DER PFARREI ST. FABIAN UND VENANTIUS AM 14.01.1990"},"content":{"rendered":"\n<h1 class=\"has-text-align-center wp-block-heading\">BESUCH IN DER PFARREI ST. FABIAN UND VENANTIUS<\/h1>\n\n<div style=\"height:20px\" aria-hidden=\"true\" class=\"wp-block-spacer\"><\/div>\n\n<h4 class=\"has-text-align-center wp-block-heading\">Hl. Johannes Paul II.<\/h4>\n\n<div style=\"height:20px\" aria-hidden=\"true\" class=\"wp-block-spacer\"><\/div>\n\n<div class=\"wp-block-image\"><figure class=\"alignleft size-medium\"><img loading=\"lazy\" decoding=\"async\" width=\"300\" height=\"253\" src=\"https:\/\/neocatechumenaleiter.org\/wp-content\/uploads\/2020\/03\/Camino_Neocatecumenal_Juan_Pablo_II_visita_parroquia_Santos_Fabian_Venancio_1990-300x253.jpg\" alt=\"\" class=\"wp-image-2265\" srcset=\"https:\/\/neocatechumenaleiter.org\/wp-content\/uploads\/2020\/03\/Camino_Neocatecumenal_Juan_Pablo_II_visita_parroquia_Santos_Fabian_Venancio_1990-300x253.jpg 300w, https:\/\/neocatechumenaleiter.org\/wp-content\/uploads\/2020\/03\/Camino_Neocatecumenal_Juan_Pablo_II_visita_parroquia_Santos_Fabian_Venancio_1990.jpg 661w\" sizes=\"auto, (max-width: 300px) 100vw, 300px\" \/><\/figure><\/div>\n\n<p><strong>Rom, 14. Januar 1990 *<\/strong><\/p>\n\n<p><em>\u201eDIE WELT \u00d6FFNET SICH, SIE SUCHT EINE MENSCHLICHE UND<br\/> CHRISTLICHERE DIMENSION UND WARTET AUF DIE ANTWORT DER WAHRHEIT, DIE CHRISTUS IST.\u201c<\/em><\/p>\n\n<p><em>Festlich war das Treffen des Heiligen Vaters mit den zahlreichen Vertretern der neokatechumenalen Gemeinschaften der Pfarrei. Festlich vor allem durch die Anwesenheit so vieler Kinder, die \u00fcblicherweise die Dimension der Familie als Kernelement der Gemeinschaft unterstreichen, die auf dem Weg ist. <\/em><\/p>\n\n<p><em>Nach der Vorstellung, die von Giuseppe, einem der Katechisten der Gemeinschaft, vorgenommen wurde, hat der Heilige Vater die folgende Ansprache gehalten:<\/em><\/p>\n\n<p>Ich w\u00fcnsche euch das Jahr 1990 als ein neues Jahr f\u00fcr euren Weg. Das vergangene Jahr 1989 hat uns viele \u00dcberraschungen gebracht, vor allem in Europa. Viele Teile, viele L\u00e4nder, haben sich ge\u00f6ffnet, aber das alles ist blo\u00df eine Herausforderung. Diese Welt, die sich \u00f6ffnet, die m\u00f6glicherweise mit der weniger menschlichen und weniger christlichen Tradition bricht, indem sie die christliche und menschlichere Tradition sucht, \u2013 diese V\u00f6lker, erwarten das Wort der Wahrheit, das Wort des Evangeliums, das Wort der Gemeinschaft mit Christus.<\/p>\n\n<div class=\"wp-block-image\"><figure class=\"alignright size-medium\"><img loading=\"lazy\" decoding=\"async\" width=\"300\" height=\"239\" src=\"https:\/\/neocatechumenaleiter.org\/wp-content\/uploads\/2020\/03\/Camino_Neocatecumenal_Juan_Pablo_II_visita_parroquia_Santos_Fabian_Venancio_1990_2-300x239.jpg\" alt=\"\" class=\"wp-image-2272\" srcset=\"https:\/\/neocatechumenaleiter.org\/wp-content\/uploads\/2020\/03\/Camino_Neocatecumenal_Juan_Pablo_II_visita_parroquia_Santos_Fabian_Venancio_1990_2-300x239.jpg 300w, https:\/\/neocatechumenaleiter.org\/wp-content\/uploads\/2020\/03\/Camino_Neocatecumenal_Juan_Pablo_II_visita_parroquia_Santos_Fabian_Venancio_1990_2.jpg 704w\" sizes=\"auto, (max-width: 300px) 100vw, 300px\" \/><\/figure><\/div>\n\n<p>Zur gleichen Zeit sind wir hier im Westen. Gestern habe ich zu den beim Heiligen Stuhl akkreditieren Botschaftern gesprochen und habe gesagt, dass dieser Moment auch eine Herausforderung f\u00fcr die L\u00e4nder Westeuropas ist, denn auch sie m\u00fcssen die wahren Werte wiedergewinnen. Sie m\u00fcssen die christlichen Wurzeln ihrer Identit\u00e4t wiederfinden und auf Christus zugehen. So habt auch ihr, meine Lieben, viele Herausforderungen vor euch.<\/p>\n\n<p>Ich w\u00fcnsche euch, dass dieses neue Jahr auch ein neues Jahr f\u00fcr euren Weg sei, fruchtbringend durch die Gnade des Herrn, durch das Licht des Heiligen Geistes und durch die Gegenwart der Jungfrau und Mutter.<\/p>\n\n<p><em>(*) Vgl. \u201eL\u2019Osservatore Romano\u201c, 19. Januar 1990 (eigene \u00dcbersetzung aus dem Italienischen).<\/em><\/p>\n","protected":false},"excerpt":{"rendered":"<p>BESUCH IN DER PFARREI ST. FABIAN UND VENANTIUS Hl. Johannes Paul II. Rom, 14. Januar 1990 * \u201eDIE WELT \u00d6FFNET SICH, SIE SUCHT EINE MENSCHLICHE UND CHRISTLICHERE DIMENSION UND WARTET AUF DIE ANTWORT DER WAHRHEIT, DIE CHRISTUS IST.\u201c Festlich war das Treffen des Heiligen Vaters mit den zahlreichen Vertretern der neokatechumenalen Gemeinschaften der Pfarrei. Festlich vor allem durch die Anwesenheit so vieler Kinder, die \u00fcblicherweise die Dimension der Familie als<\/p>\n<div class=\"read-more\"><a class=\"btn read-more-btn\" href=\"https:\/\/neocatechumenaleiter.org\/de\/worte-der-paepste\/hl-johannes-paul-ii\/besuch-in-der-pfarrei-st-fabian-und-venantius-am-14-01-1990\/\">Mehr lesen<\/a><\/div>\n","protected":false},"author":2,"featured_media":0,"parent":10123,"menu_order":60,"comment_status":"closed","ping_status":"closed","template":"","meta":{"footnotes":""},"class_list":["post-15752","page","type-page","status-publish","hentry"],"_links":{"self":[{"href":"https:\/\/neocatechumenaleiter.org\/de\/wp-json\/wp\/v2\/pages\/15752","targetHints":{"allow":["GET"]}}],"collection":[{"href":"https:\/\/neocatechumenaleiter.org\/de\/wp-json\/wp\/v2\/pages"}],"about":[{"href":"https:\/\/neocatechumenaleiter.org\/de\/wp-json\/wp\/v2\/types\/page"}],"author":[{"embeddable":true,"href":"https:\/\/neocatechumenaleiter.org\/de\/wp-json\/wp\/v2\/users\/2"}],"replies":[{"embeddable":true,"href":"https:\/\/neocatechumenaleiter.org\/de\/wp-json\/wp\/v2\/comments?post=15752"}],"version-history":[{"count":4,"href":"https:\/\/neocatechumenaleiter.org\/de\/wp-json\/wp\/v2\/pages\/15752\/revisions"}],"predecessor-version":[{"id":15794,"href":"https:\/\/neocatechumenaleiter.org\/de\/wp-json\/wp\/v2\/pages\/15752\/revisions\/15794"}],"up":[{"embeddable":true,"href":"https:\/\/neocatechumenaleiter.org\/de\/wp-json\/wp\/v2\/pages\/10123"}],"wp:attachment":[{"href":"https:\/\/neocatechumenaleiter.org\/de\/wp-json\/wp\/v2\/media?parent=15752"}],"curies":[{"name":"wp","href":"https:\/\/api.w.org\/{rel}","templated":true}]}}