{"id":15758,"date":"2020-06-12T14:00:06","date_gmt":"2020-06-12T13:00:06","guid":{"rendered":"https:\/\/neocatechumenaleiter.org\/worte-der-paepste\/hl-johannes-paul-ii\/ostervigil-im-petersdom-feierliche-erneuerung-der-taufversprechen-durch-einige-gemeinschaften-von-rom-am-26-03-1989\/"},"modified":"2020-06-12T14:00:06","modified_gmt":"2020-06-12T13:00:06","slug":"ostervigil-im-petersdom-feierliche-erneuerung-der-taufversprechen-durch-einige-gemeinschaften-von-rom-am-26-03-1989","status":"publish","type":"page","link":"https:\/\/neocatechumenaleiter.org\/de\/worte-der-paepste\/hl-johannes-paul-ii\/ostervigil-im-petersdom-feierliche-erneuerung-der-taufversprechen-durch-einige-gemeinschaften-von-rom-am-26-03-1989\/","title":{"rendered":"OSTERVIGIL IM PETERSDOM: FEIERLICHE ERNEUERUNG DER TAUFVERSPRECHEN DURCH EINIGE GEMEINSCHAFTEN VON ROM AM 26.03.1989"},"content":{"rendered":"\n<h1 class=\"has-text-align-center wp-block-heading\">OSTERVIGIL IM PETERSDOM: FEIERLICHE ERNEUERUNG DER TAUFVERSPRECHEN DURCH EINIGE GEMEINSCHAFTEN VON ROM AM 26.03.1989<\/h1>\n\n<div style=\"height:20px\" aria-hidden=\"true\" class=\"wp-block-spacer\"><\/div>\n\n<h4 class=\"has-text-align-center wp-block-heading\">Hl. Johannes Paul II.<\/h4>\n\n<div style=\"height:20px\" aria-hidden=\"true\" class=\"wp-block-spacer\"><\/div>\n\n<p><strong>Petersdom, 26. M\u00e4rz 1989<\/strong><\/p>\n\n<p><em>Am Ende ihres Neokatechumenalen Weges haben die Br\u00fcder und Schwestern der Gemeinschaft der Pfarrei St. Aloisius Gonzaga und der Pfarrei der hl. Kanadischen M\u00e4rtyrer feierlich ihre Taufversprechen erneuert. Sie wurden von ihren Katechisten Kiko Arg\u00fcello, Carmen Hernandez und der ersten Gemeinschaft der Pfarrei der hl. Kanadischen M\u00e4rtyrer begleitet. <\/em><\/p>\n\n<figure class=\"wp-block-image size-large\"><img loading=\"lazy\" decoding=\"async\" width=\"714\" height=\"569\" src=\"https:\/\/neocatechumenaleiter.org\/wp-content\/uploads\/2020\/03\/Camino_Neocatecumenal_Juan_Pablo_II_vigilia_pascual_hermanos_vestidura_blanca_1989.jpg\" alt=\"\" class=\"wp-image-7674\" srcset=\"https:\/\/neocatechumenaleiter.org\/wp-content\/uploads\/2020\/03\/Camino_Neocatecumenal_Juan_Pablo_II_vigilia_pascual_hermanos_vestidura_blanca_1989.jpg 714w, https:\/\/neocatechumenaleiter.org\/wp-content\/uploads\/2020\/03\/Camino_Neocatecumenal_Juan_Pablo_II_vigilia_pascual_hermanos_vestidura_blanca_1989-300x239.jpg 300w\" sizes=\"auto, (max-width: 714px) 100vw, 714px\" \/><\/figure>","protected":false},"excerpt":{"rendered":"<p>OSTERVIGIL IM PETERSDOM: FEIERLICHE ERNEUERUNG DER TAUFVERSPRECHEN DURCH EINIGE GEMEINSCHAFTEN VON ROM AM 26.03.1989 Hl. Johannes Paul II. Petersdom, 26. M\u00e4rz 1989 Am Ende ihres Neokatechumenalen Weges haben die Br\u00fcder und Schwestern der Gemeinschaft der Pfarrei St. Aloisius Gonzaga und der Pfarrei der hl. Kanadischen M\u00e4rtyrer feierlich ihre Taufversprechen erneuert. Sie wurden von ihren Katechisten Kiko Arg\u00fcello, Carmen Hernandez und der ersten Gemeinschaft der Pfarrei der hl. Kanadischen M\u00e4rtyrer begleitet.<\/p>\n","protected":false},"author":2,"featured_media":0,"parent":10123,"menu_order":57,"comment_status":"closed","ping_status":"closed","template":"","meta":{"footnotes":""},"class_list":["post-15758","page","type-page","status-publish","hentry"],"_links":{"self":[{"href":"https:\/\/neocatechumenaleiter.org\/de\/wp-json\/wp\/v2\/pages\/15758","targetHints":{"allow":["GET"]}}],"collection":[{"href":"https:\/\/neocatechumenaleiter.org\/de\/wp-json\/wp\/v2\/pages"}],"about":[{"href":"https:\/\/neocatechumenaleiter.org\/de\/wp-json\/wp\/v2\/types\/page"}],"author":[{"embeddable":true,"href":"https:\/\/neocatechumenaleiter.org\/de\/wp-json\/wp\/v2\/users\/2"}],"replies":[{"embeddable":true,"href":"https:\/\/neocatechumenaleiter.org\/de\/wp-json\/wp\/v2\/comments?post=15758"}],"version-history":[{"count":1,"href":"https:\/\/neocatechumenaleiter.org\/de\/wp-json\/wp\/v2\/pages\/15758\/revisions"}],"predecessor-version":[{"id":15759,"href":"https:\/\/neocatechumenaleiter.org\/de\/wp-json\/wp\/v2\/pages\/15758\/revisions\/15759"}],"up":[{"embeddable":true,"href":"https:\/\/neocatechumenaleiter.org\/de\/wp-json\/wp\/v2\/pages\/10123"}],"wp:attachment":[{"href":"https:\/\/neocatechumenaleiter.org\/de\/wp-json\/wp\/v2\/media?parent=15758"}],"curies":[{"name":"wp","href":"https:\/\/api.w.org\/{rel}","templated":true}]}}