{"id":15760,"date":"2020-06-12T14:16:53","date_gmt":"2020-06-12T13:16:53","guid":{"rendered":"https:\/\/neocatechumenaleiter.org\/worte-der-paepste\/hl-johannes-paul-ii\/besuch-in-der-pfarrei-st-cyprian-in-torrevecchia-am-22-01-1989\/"},"modified":"2020-06-12T14:25:37","modified_gmt":"2020-06-12T13:25:37","slug":"besuch-in-der-pfarrei-st-cyprian-in-torrevecchia-am-22-01-1989","status":"publish","type":"page","link":"https:\/\/neocatechumenaleiter.org\/de\/worte-der-paepste\/hl-johannes-paul-ii\/besuch-in-der-pfarrei-st-cyprian-in-torrevecchia-am-22-01-1989\/","title":{"rendered":"BESUCH IN DER PFARREI ST. CYPRIAN IN TORREVECCHIA AM 22.01.1989"},"content":{"rendered":"\n<h1 class=\"has-text-align-center wp-block-heading\">BESUCH IN DER PFARREI ST. CYPRIAN IN TORREVECCHIA AM 22.01.1989<\/h1>\n\n<div style=\"height:20px\" aria-hidden=\"true\" class=\"wp-block-spacer\"><\/div>\n\n<h4 class=\"has-text-align-center wp-block-heading\">Hl. Johannes Paul II.<\/h4>\n\n<div style=\"height:20px\" aria-hidden=\"true\" class=\"wp-block-spacer\"><\/div>\n\n<p><strong>Rom, 22. Januar 1989 *<\/strong><\/p>\n\n<p><em>Der Neokatechumenale Weg, der im Jahr 1981 er\u00f6ffnet wurde, ist unter den geistlichen Gemeinschaften, die sich zurzeit in der Pfarrei Heiliger Cyprian entwickeln, die gr\u00f6\u00dfte. Den Mitgliedern der f\u00fcnf Gemeinschaften, etwa 150 Br\u00fcdern und Schwestern, widmete der Papst das letzte Treffen seines intensiven Besuches.<\/em><br \/><br \/> Nach dieser, Ihrer Messe, Heiliger Vater, wird in der Pfarrei eine neue Katechese beginnen \u2013 <i>k\u00fcndigte Claudio, der Initiator des Weges in St. Cyprian, an.<\/i> Wir hoffen, dass dieses Kommen von Petrus in unsere Mitte viele Personen dazu bewegt, Jesus Christus kennenlernen zu wollen. Wie uns dieses Plakat hier sagt, Vater, waren wir Blinde, Kr\u00fcppel und Fernstehende. Ich war fern von der Kirche. Wir haben in dieser Kirche \u2013 wie das Wort heute sagt \u2013 die Freiheit aller Gefangenen der Angst, der Furcht und des Todes kennengelernt. Wir waren so blind, dass wir die Liebe Gottes in unserem Leben nicht sahen. Wir danken Petrus, der heute gekommen ist, um uns auf unserem Weg zu st\u00e4rken.&#013;\n&#013;\n\u00a0<\/p>\n\n<div class=\"wp-block-image\"><figure class=\"alignright size-medium\"><img loading=\"lazy\" decoding=\"async\" width=\"300\" height=\"247\" src=\"https:\/\/neocatechumenaleiter.org\/wp-content\/uploads\/2020\/03\/Camino_Neocatecumenal_Juan_Pablo_II_visita_parroquia_San_Cipriano_1989-300x247.jpg\" alt=\"\" class=\"wp-image-2209\" srcset=\"https:\/\/neocatechumenaleiter.org\/wp-content\/uploads\/2020\/03\/Camino_Neocatecumenal_Juan_Pablo_II_visita_parroquia_San_Cipriano_1989-300x247.jpg 300w, https:\/\/neocatechumenaleiter.org\/wp-content\/uploads\/2020\/03\/Camino_Neocatecumenal_Juan_Pablo_II_visita_parroquia_San_Cipriano_1989.jpg 692w\" sizes=\"auto, (max-width: 300px) 100vw, 300px\" \/><\/figure><\/div>\n\n<p><i>Eindrucksvoll und bewegend war dann das Zeugnis des Pfarrers selbst, Msgr. Pieraccini.<\/i><\/p>\n\n<p>Ich begann diesen Weg im Jahr 1971, als ich in der Pfarrei St. Eugen war \u2013 <i>sagte er<\/i>. Es war in Zeiten einer schweren Krise, denn ich hielt mich f\u00fcr einen sehr guten, intelligenten und erfolgreichen Pfarrer. Ich war stolz und eingebildet. Jetzt sehe ich klar, aber damals war ich wie verblendet. Ich befand mich in einer gro\u00dfen Krise, in einer schweren Depression. Und dieser Weg ist gekommen, diese Bewegung, diese Katechesen kamen, um in mir wieder tiefes Gottvertrauen zu erwecken, also das Vertrauen, dass Gott mich liebt, so wie ich bin.<br \/>Trotz all meiner Schwachheiten und S\u00fcnden, hat diese Liebe mir die Augen ge\u00f6ffnet und mich durch Zeichen die Liebe sehen lassen, die Gott zu mir hat. Dies begann mein Leben zu ver\u00e4ndern und mir den Frieden zu bringen. Dann musste ich jene Pfarrei verlassen, um hierher zu kommen. Ich habe eine gr\u00f6\u00dfere Pfarrei vorgefunden, als ich schon Erwachsener, auch schon \u00e4lter, war. Aber auch dies ist etwas, was ich Tag f\u00fcr Tag mit Freude und mit Fr\u00f6hlichkeit tue. Ich muss sagen, dass man auf diesem Weg wirklich die Freude entdeckt, mit dem Herrn zu sein. Ich habe auch in all dieser Zeit etwas anderes gesehen: Wie diese Art, das Evangelium zu verk\u00fcndigen, die Fernstehenden ergreift und sie Gott nahebringt.<\/p>\n\n<p><i>Von diesen Zeugnissen tief getroffen, richtete der Heilige Vater folgende Worte an die versammelten Gemeinschaften:<\/i><\/p>\n\n<p>Mir kommt immer wieder dieses Wort in den Sinn, das ich auch als Wort des Lebens f\u00fcr das Marianische Jahr und f\u00fcr die Enzyklika \u201eRedemptoris Mater\u201c als Einf\u00fchrung ben\u00fctzt habe. Dieses Wort \u00fcber Maria \u201eDu bist gesegnet, weil du an den Herrn geglaubt hast\u201c. Ich wiederhole es, weil es gewiss zentral ist auf dem Glaubensweg der Jungfrau. Auf diesem Wort habe ich die ganze Marienenzyklika aufgebaut.<br \/><br \/>&#013;\n&#013;\nSo aufgebaut, kann sie der Kirche und auch den getrennten Br\u00fcdern dienen, denn Maria geht uns voran auf dem Weg des Glaubens. Wenn ich euch treffe, erlebe ich immer einen Augenblick der \u00dcberraschung, denn viele von euch sagen, dass sie von einem anderen Ufer kommen, wo man nicht glaubt, wo man nicht als Christ lebt, wo man im Gegenteil Gott verneint und einen anderen pers\u00f6nlichen und sozialen Lebensstil sucht. Und dann haben sie diesen Weg gefunden.<br \/>&#013;\n&#013;\nSie sind auf diesen Weg gekommen und sagen: \u201eWir haben die Freude gefunden, wir haben den Frieden gefunden.\u201c<br \/><br \/>&#013;\n&#013;\nMeine Lieben, ihr geht euren Weg inmitten dieser Pfarrei. Ihr geht ihn in der gegenw\u00e4rtigen Welt, dieser Welt von heute, sehr reich und opulent, fortschrittlich und aufgrund ihrer Forschungen und Erfindungen ihrer selbst sicher. Ihr geht euren Weg in dieser Welt, die euch gleichzeitig M\u00fche macht zu gehen. Ich glaube, dass das besondere Charisma dieser Bewegung, dieses Weges, genau dieses gemeinsame Gehen mit unseren Zeitgenossen ist, mit diesen zugleich reichen und armen Menschen: Inmitten von ihnen zu gehen und das Zeugnis eines anderen Weges zu bringen, eines anderen Lebens, einer anderen Perspektive.<br \/>&#013;\n&#013;\nDas ist der Weg Mariens, der Weg des Glaubens. Ihr geht mit ihr den gleichen Weg. Denkt immer daran, dass ihr so mit Maria geht, die ja mit allen geht, denn sie ist Mutter: sie geht mit der Kirche, mit der Christenheit, mit den Christen, die mit gro\u00dfer Schwierigkeit ihre Einheit finden in einer Welt, die von Westen nach Osten, von Norden nach S\u00fcden, zwischen arm und reich getrennt ist. Euer Charisma ist wie das von Maria: im Glauben zu gehen und im Glauben allen das Zeugnis zu bringen. Das Zeugnis einer anderen M\u00f6glichkeit, einer anderen Selbstverwirklichung. Der Mensch versucht sich zu verwirklichen und hat darin keinen Erfolg. Diesen Menschen muss man die Verwirklichung, die Maria in Christus findet, bezeugen. Er ist die wahre Selbstverwirklichung des Menschen. Er sagt n\u00e4mlich: Ich bin der Weg, die Wahrheit und das Leben.<br \/><br \/>&#013;\n&#013;\nIch w\u00fcnsche euch, dass ihr in dieser Pfarrei, in dieser Berufung, auf diesem Weg, weitermacht.<\/p>\n\n<div class=\"wp-block-image\"><figure class=\"alignleft size-medium\"><img loading=\"lazy\" decoding=\"async\" width=\"300\" height=\"247\" src=\"https:\/\/neocatechumenaleiter.org\/wp-content\/uploads\/2020\/03\/Camino_Neocatecumenal_Juan_Pablo_II_visita_parroquia_San_Cipriano_1989_2-300x247.jpg\" alt=\"\" class=\"wp-image-2216\" srcset=\"https:\/\/neocatechumenaleiter.org\/wp-content\/uploads\/2020\/03\/Camino_Neocatecumenal_Juan_Pablo_II_visita_parroquia_San_Cipriano_1989_2-300x247.jpg 300w, https:\/\/neocatechumenaleiter.org\/wp-content\/uploads\/2020\/03\/Camino_Neocatecumenal_Juan_Pablo_II_visita_parroquia_San_Cipriano_1989_2.jpg 688w\" sizes=\"auto, (max-width: 300px) 100vw, 300px\" \/><\/figure><\/div>\n\n<p> <\/p>\n\n<p> <\/p>\n\n<p><i>(*) Vgl. \u201eL&#8217;Osservatore Romano\u201c, 27. Januar 1989 (eigene \u00dcbersetzung aus dem Italienischen).<\/i><\/p>\n","protected":false},"excerpt":{"rendered":"<p>BESUCH IN DER PFARREI ST. CYPRIAN IN TORREVECCHIA AM 22.01.1989 Hl. Johannes Paul II. Rom, 22. Januar 1989 * Der Neokatechumenale Weg, der im Jahr 1981 er\u00f6ffnet wurde, ist unter den geistlichen Gemeinschaften, die sich zurzeit in der Pfarrei Heiliger Cyprian entwickeln, die gr\u00f6\u00dfte. Den Mitgliedern der f\u00fcnf Gemeinschaften, etwa 150 Br\u00fcdern und Schwestern, widmete der Papst das letzte Treffen seines intensiven Besuches. Nach dieser, Ihrer Messe, Heiliger Vater, wird<\/p>\n<div class=\"read-more\"><a class=\"btn read-more-btn\" href=\"https:\/\/neocatechumenaleiter.org\/de\/worte-der-paepste\/hl-johannes-paul-ii\/besuch-in-der-pfarrei-st-cyprian-in-torrevecchia-am-22-01-1989\/\">Mehr lesen<\/a><\/div>\n","protected":false},"author":2,"featured_media":0,"parent":10123,"menu_order":56,"comment_status":"closed","ping_status":"closed","template":"","meta":{"footnotes":""},"class_list":["post-15760","page","type-page","status-publish","hentry"],"_links":{"self":[{"href":"https:\/\/neocatechumenaleiter.org\/de\/wp-json\/wp\/v2\/pages\/15760","targetHints":{"allow":["GET"]}}],"collection":[{"href":"https:\/\/neocatechumenaleiter.org\/de\/wp-json\/wp\/v2\/pages"}],"about":[{"href":"https:\/\/neocatechumenaleiter.org\/de\/wp-json\/wp\/v2\/types\/page"}],"author":[{"embeddable":true,"href":"https:\/\/neocatechumenaleiter.org\/de\/wp-json\/wp\/v2\/users\/2"}],"replies":[{"embeddable":true,"href":"https:\/\/neocatechumenaleiter.org\/de\/wp-json\/wp\/v2\/comments?post=15760"}],"version-history":[{"count":9,"href":"https:\/\/neocatechumenaleiter.org\/de\/wp-json\/wp\/v2\/pages\/15760\/revisions"}],"predecessor-version":[{"id":15769,"href":"https:\/\/neocatechumenaleiter.org\/de\/wp-json\/wp\/v2\/pages\/15760\/revisions\/15769"}],"up":[{"embeddable":true,"href":"https:\/\/neocatechumenaleiter.org\/de\/wp-json\/wp\/v2\/pages\/10123"}],"wp:attachment":[{"href":"https:\/\/neocatechumenaleiter.org\/de\/wp-json\/wp\/v2\/media?parent=15760"}],"curies":[{"name":"wp","href":"https:\/\/api.w.org\/{rel}","templated":true}]}}