{"id":45132,"date":"2023-10-10T09:32:15","date_gmt":"2023-10-10T08:32:15","guid":{"rendered":"https:\/\/neocatechumenaleiter.org\/liedermappe-christus-erstand\/"},"modified":"2025-11-26T02:45:07","modified_gmt":"2025-11-26T01:45:07","slug":"liedermappe-christus-erstand","status":"publish","type":"page","link":"https:\/\/neocatechumenaleiter.org\/de\/liedermappe-christus-erstand\/","title":{"rendered":"Liedermappe \u2013 Christus Erstand"},"content":{"rendered":"<div class=\"wp-block-image\">\n<figure class=\"aligncenter size-full\"><a href=\"https:\/\/app.resucito.es\"><img decoding=\"async\" src=\"https:\/\/neocatechumenaleiter.org\/wp-content\/uploads\/2025\/03\/camino-neocatecumenal-portada-cantoral-resucito.es_.png\" alt=\"Neokatechumenaler Weg Liedermappe &#x201E;Christus Erstand&#x201C; Online-App Google Play und App Store\" class=\"wp-image-0\"\/><\/a><\/figure><\/div>\n<div style=\"height:30px\" aria-hidden=\"true\" class=\"wp-block-spacer\"><\/div>\n\n<h4 class=\"wp-block-heading has-text-align-center\"><strong>Liedermappe &#8211; Christus Erstand<\/strong><\/h4>\n\n<div style=\"height:30px\" aria-hidden=\"true\" class=\"wp-block-spacer\"><\/div>\n\n<p>Auf dem NEOKATECHUMENALEN WEG sehen wir heute einen bescheidenen und wesentlichen Dienst entstehen, n\u00e4mlich den des S\u00c4NGERS.<\/p>\n\n<p>Auf diesem Weg der Glaubensbildung hat dieser die Aufgabe, zur Entstehung der liturgischen Gemeinschaft beizutragen oder, besser gesagt, sie neu zu gestalten; so oft eine Vielfalt in eine Einheit des Gottesdienstes zu verwandeln: \u201eMit einer Stimme, mit einem Herzen und mit einer Seele.&#8220;<\/p>\n\n<p>Spiritueller Kult, der sich in der liturgischen Handlung der Gemeinschaft ausdr\u00fcckt: eine st\u00e4ndige Quelle des zutiefst Unschuldigen auf unserem historischen Weg: das Gef\u00fchl unserer Boshaftigkeit, erhellt durch die unbeschreibliche Liebe von JEMANDEM, der uns so liebt, der uns liebt, obwohl wir seine Feinde waren; Quelle der Bekehrung, Quelle des GLAUBENS.<\/p>\n\n<div style=\"height:30px\" aria-hidden=\"true\" class=\"wp-block-spacer\"><\/div>\n\n<hr class=\"wp-block-separator has-alpha-channel-opacity\"\/>\n\n<div style=\"height:60px\" aria-hidden=\"true\" class=\"wp-block-spacer\"><\/div>\r\n\r\n<h3 class=\"wp-block-heading has-text-align-center\">Verf\u00fcgbare App<\/h3>\r\n\r\n<div class=\"wp-block-columns are-vertically-aligned-center is-layout-flex wp-container-core-columns-is-layout-1 wp-block-columns-is-layout-flex\">\r\n   <div class=\"wp-block-column is-vertically-aligned-center is-layout-flow wp-block-column-is-layout-flow\">\r\n\r\n\t<div style=\"height:50px\" aria-hidden=\"true\" class=\"wp-block-spacer\"><\/div>\r\n    <a target=\"_blank\" href=\"https:\/\/android.resucito.es\"><img decoding=\"async\" src=\"https:\/\/neocatechumenaleiter.org\/wp-content\/uploads\/2025\/03\/logo-google-play-button.png\" alt=\"\" class=\"wp-image\"\/><\/a>\r\n    <div style=\"height:50px\" aria-hidden=\"true\" class=\"wp-block-spacer\"><\/div>\r\n   <\/div>\r\n\r\n   <div class=\"wp-block-column is-vertically-aligned-center is-layout-flow wp-block-column-is-layout-flow\">\r\n\t<div style=\"height:50px\" aria-hidden=\"true\" class=\"wp-block-spacer\"><\/div>\r\n    <a target=\"_blank\" href=\"https:\/\/ios.resucito.es\"><img decoding=\"async\" src=\"https:\/\/neocatechumenaleiter.org\/wp-content\/uploads\/2025\/03\/logo-apple-store-button.png\" alt=\"\" class=\"wp-image\"\/><\/a>\r\n    <div style=\"height:47px\" aria-hidden=\"true\" class=\"wp-block-spacer\"><\/div>\r\n   <\/div>\r\n<\/div>\r\n\r\n<div style=\"height:30px\" aria-hidden=\"true\" class=\"wp-block-spacer\"><\/div>\r\n<hr class=\"wp-block-separator has-alpha-channel-opacity\"\/><div style=\"height:60px\" aria-hidden=\"true\" class=\"wp-block-spacer\"><\/div>\r\n\r\n<h3 class=\"wp-block-heading has-text-align-center\">RESUCIT\u00d3\u00a0\u00a0<em>online<\/em><\/h3>\r\n<div style=\"height:30px\" aria-hidden=\"true\" class=\"wp-block-spacer\"><\/div>\r\n\r\n<div class=\"wp-block-columns are-vertically-aligned-center is-layout-flex wp-container-core-columns-is-layout-1 wp-block-columns-is-layout-flex\">\r\n\t<div class=\"wp-block-column is-vertically-aligned-center is-layout-flow wp-block-column-is-layout-flow\">\r\n\t\t<div class=\"wp-block-buttons is-content-justification-center is-layout-flex wp-container-core-buttons-is-layout-1 wp-block-buttons-is-layout-flex\">\r\n\t\t\t<div class=\"wp-block-button\">\r\n\t\t\t\t<a class=\"wp-block-button__link has-text-align-center wp-element-button\" href=\"https:\/\/resucito.es\/\">RESUCITO.ES<\/a>\r\n\t\t\t<\/div>\r\n\t\t<\/div>\r\n\t<\/div>\r\n\r\n\t<div class=\"wp-block-column is-vertically-aligned-center is-layout-flow wp-block-column-is-layout-flow\">\r\n\t\t<div class=\"wp-block-buttons is-content-justification-center is-layout-flex wp-container-core-buttons-is-layout-2 wp-block-buttons-is-layout-flex\">\r\n\t\t\t<div class=\"wp-block-button is-style-outline\">\r\n\t\t\t\t<a class=\"wp-block-button__link has-text-align-center wp-element-button\" href=\"https:\/\/cantos.cnc.madrid\/\">Originalversion<\/a>\r\n\t\t\t<\/div>\r\n\t\t<\/div>\r\n\t<\/div>\r\n<\/div>\r\n<div style=\"height:30px\" aria-hidden=\"true\" class=\"wp-block-spacer\"><\/div>\r\n\n<hr class=\"wp-block-separator has-alpha-channel-opacity\"\/>\n\n<div class=\"wp-block-columns are-vertically-aligned-center is-layout-flex wp-container-core-columns-is-layout-9d6595d7 wp-block-columns-is-layout-flex\">\n<div class=\"wp-block-column is-vertically-aligned-center cantoral blanco is-layout-flow wp-block-column-is-layout-flow\">\n<div style=\"height:50px\" aria-hidden=\"true\" class=\"wp-block-spacer\"><\/div>\n\n\n\n<h3 class=\"wp-block-heading has-text-align-center\"><a href=\"https:\/\/app.resucito.es\/?tag=white\">VORKATECHUMENAT<\/a><\/h3>\n\n\n\n<div style=\"height:50px\" aria-hidden=\"true\" class=\"wp-block-spacer\"><\/div>\n<\/div>\n\n\n\n<div class=\"wp-block-column is-vertically-aligned-center cantoral azul is-layout-flow wp-block-column-is-layout-flow\">\n<div style=\"height:50px\" aria-hidden=\"true\" class=\"wp-block-spacer\"><\/div>\n\n\n\n<h3 class=\"wp-block-heading has-text-align-center\"><a href=\"https:\/\/app.resucito.es\/?tag=blue\">KATECHUMENAT<\/a><\/h3>\n\n\n\n<div style=\"height:47px\" aria-hidden=\"true\" class=\"wp-block-spacer\"><\/div>\n<\/div>\n<\/div>\n\n<div class=\"wp-block-columns are-vertically-aligned-center is-layout-flex wp-container-core-columns-is-layout-9d6595d7 wp-block-columns-is-layout-flex\">\n<div class=\"wp-block-column is-vertically-aligned-center cantoral verde is-layout-flow wp-block-column-is-layout-flow\">\n<div style=\"height:50px\" aria-hidden=\"true\" class=\"wp-block-spacer\"><\/div>\n\n\n\n<h3 class=\"wp-block-heading has-text-align-center\"><a href=\"https:\/\/app.resucito.es\/?tag=green\">AUSERW\u00c4HLUNG<\/a><\/h3>\n\n\n\n<div style=\"height:50px\" aria-hidden=\"true\" class=\"wp-block-spacer\"><\/div>\n<\/div>\n\n\n\n<div class=\"wp-block-column is-vertically-aligned-center cantoral amarillo is-layout-flow wp-block-column-is-layout-flow\">\n<div style=\"height:50px\" aria-hidden=\"true\" class=\"wp-block-spacer\"><\/div>\n\n\n\n<h3 class=\"wp-block-heading has-text-align-center\"><a href=\"https:\/\/app.resucito.es\/?tag=liturgy\">LITURGIE<\/a><\/h3>\n\n\n\n<div style=\"height:50px\" aria-hidden=\"true\" class=\"wp-block-spacer\"><\/div>\n<\/div>\n<\/div>\n\n<hr class=\"wp-block-separator has-alpha-channel-opacity\"\/>\n\n<div style=\"height:30px\" aria-hidden=\"true\" class=\"wp-block-spacer\"><\/div>\n<div class=\"wp-block-image\">\n<figure class=\"aligncenter size-large\"><a href=\"https:\/\/app.resucito.es\"><img decoding=\"async\" src=\"https:\/\/neocatechumenaleiter.org\/wp-content\/uploads\/2020\/02\/Camino_Neocatecumenal_Libro_Cantos_del_Camino_Resucito.jpg\" alt=\"Liedermappe  &quot;Christus Erstand&quot;\" class=\"wp-image-27299\"\/><\/a><\/figure><\/div>","protected":false},"excerpt":{"rendered":"<p>Liedermappe &#8211; Christus Erstand Auf dem NEOKATECHUMENALEN WEG sehen wir heute einen bescheidenen und wesentlichen Dienst entstehen, n\u00e4mlich den des S\u00c4NGERS. Auf diesem Weg der Glaubensbildung hat dieser die Aufgabe, zur Entstehung der liturgischen Gemeinschaft beizutragen oder, besser gesagt, sie neu zu gestalten; so oft eine Vielfalt in eine Einheit des Gottesdienstes zu verwandeln: \u201eMit einer Stimme, mit einem Herzen und mit einer Seele.&#8220; Spiritueller Kult, der sich in der<\/p>\n<div class=\"read-more\"><a class=\"btn read-more-btn\" href=\"https:\/\/neocatechumenaleiter.org\/de\/liedermappe-christus-erstand\/\">Mehr lesen<\/a><\/div>\n","protected":false},"author":2,"featured_media":0,"parent":0,"menu_order":0,"comment_status":"closed","ping_status":"closed","template":"","meta":{"footnotes":""},"class_list":["post-45132","page","type-page","status-publish","hentry"],"_links":{"self":[{"href":"https:\/\/neocatechumenaleiter.org\/de\/wp-json\/wp\/v2\/pages\/45132","targetHints":{"allow":["GET"]}}],"collection":[{"href":"https:\/\/neocatechumenaleiter.org\/de\/wp-json\/wp\/v2\/pages"}],"about":[{"href":"https:\/\/neocatechumenaleiter.org\/de\/wp-json\/wp\/v2\/types\/page"}],"author":[{"embeddable":true,"href":"https:\/\/neocatechumenaleiter.org\/de\/wp-json\/wp\/v2\/users\/2"}],"replies":[{"embeddable":true,"href":"https:\/\/neocatechumenaleiter.org\/de\/wp-json\/wp\/v2\/comments?post=45132"}],"version-history":[{"count":4,"href":"https:\/\/neocatechumenaleiter.org\/de\/wp-json\/wp\/v2\/pages\/45132\/revisions"}],"predecessor-version":[{"id":46022,"href":"https:\/\/neocatechumenaleiter.org\/de\/wp-json\/wp\/v2\/pages\/45132\/revisions\/46022"}],"wp:attachment":[{"href":"https:\/\/neocatechumenaleiter.org\/de\/wp-json\/wp\/v2\/media?parent=45132"}],"curies":[{"name":"wp","href":"https:\/\/api.w.org\/{rel}","templated":true}]}}