{"id":48290,"date":"2025-12-10T03:10:12","date_gmt":"2025-12-10T02:10:12","guid":{"rendered":"https:\/\/neocatechumenaleiter.org\/worte-der-paepste\/leo-xiv\/"},"modified":"2026-03-20T12:30:57","modified_gmt":"2026-03-20T11:30:57","slug":"leo-xiv","status":"publish","type":"page","link":"https:\/\/neocatechumenaleiter.org\/de\/worte-der-paepste\/leo-xiv\/","title":{"rendered":"Leo XIV."},"content":{"rendered":"\n<h1 class=\"wp-block-heading has-text-align-center\">Leo XIV.<\/h1>\n\n<div style=\"height:20px\" aria-hidden=\"true\" class=\"wp-block-spacer\"><\/div>\n\n<h4 class=\"wp-block-heading has-text-align-center\">Biografie <\/h4>\n\n<div style=\"height:20px\" aria-hidden=\"true\" class=\"wp-block-spacer\"><\/div>\n<div class=\"wp-block-image is-style-default\">\n<figure data-wp-context=\"{&quot;imageId&quot;:&quot;69dcf826ee0d8&quot;}\" data-wp-interactive=\"core\/image\" data-wp-key=\"69dcf826ee0d8\" class=\"alignleft size-medium wp-lightbox-container\"><img loading=\"lazy\" decoding=\"async\" width=\"250\" height=\"300\" data-wp-class--hide=\"state.isContentHidden\" data-wp-class--show=\"state.isContentVisible\" data-wp-init=\"callbacks.setButtonStyles\" data-wp-on--click=\"actions.showLightbox\" data-wp-on--load=\"callbacks.setButtonStyles\" data-wp-on-window--resize=\"callbacks.setButtonStyles\" src=\"https:\/\/neocatechumenaleiter.org\/wp-content\/uploads\/2025\/12\/Papa-Leone-XIV-foto-ufficiale_Copyright-VATICAN-MEDIA-500x600-2-250x300.jpg\" alt=\"Papst Leo XIV.\" class=\"wp-image-46111\" srcset=\"https:\/\/neocatechumenaleiter.org\/wp-content\/uploads\/2025\/12\/Papa-Leone-XIV-foto-ufficiale_Copyright-VATICAN-MEDIA-500x600-2-250x300.jpg 250w, https:\/\/neocatechumenaleiter.org\/wp-content\/uploads\/2025\/12\/Papa-Leone-XIV-foto-ufficiale_Copyright-VATICAN-MEDIA-500x600-2.jpg 500w\" sizes=\"auto, (max-width: 250px) 100vw, 250px\" \/><button\n\t\t\tclass=\"lightbox-trigger\"\n\t\t\ttype=\"button\"\n\t\t\taria-haspopup=\"dialog\"\n\t\t\taria-label=\"Vergr\u00f6\u00dfern\"\n\t\t\tdata-wp-init=\"callbacks.initTriggerButton\"\n\t\t\tdata-wp-on--click=\"actions.showLightbox\"\n\t\t\tdata-wp-style--right=\"state.imageButtonRight\"\n\t\t\tdata-wp-style--top=\"state.imageButtonTop\"\n\t\t>\n\t\t\t<svg xmlns=\"http:\/\/www.w3.org\/2000\/svg\" width=\"12\" height=\"12\" fill=\"none\" viewBox=\"0 0 12 12\">\n\t\t\t\t<path fill=\"#fff\" d=\"M2 0a2 2 0 0 0-2 2v2h1.5V2a.5.5 0 0 1 .5-.5h2V0H2Zm2 10.5H2a.5.5 0 0 1-.5-.5V8H0v2a2 2 0 0 0 2 2h2v-1.5ZM8 12v-1.5h2a.5.5 0 0 0 .5-.5V8H12v2a2 2 0 0 1-2 2H8Zm2-12a2 2 0 0 1 2 2v2h-1.5V2a.5.5 0 0 0-.5-.5H8V0h2Z\" \/>\n\t\t\t<\/svg>\n\t\t<\/button><figcaption class=\"wp-element-caption\"><strong>\u00a9<\/strong>Vatican media<\/figcaption><\/figure><\/div>\n<p>Robert Francis Prevost wurde am <strong>14. September 1955<\/strong> in<strong> Chicago, Illinois (USA)<\/strong> geboren.<\/p>\n\n<p>Schon in jungen Jahren trat er dem<strong> Augustinerorden (OSA)<\/strong> bei, wo er am 29. August 1981 seine feierlichen Gel\u00fcbde ablegte und am 19. Juni 1982 zum Priester geweiht wurde.<\/p>\n\n<p>Er absolvierte ein Hochschulstudium an verschiedenen Einrichtungen: einen<strong> Master in Theologie<\/strong> an der Catholic Theological Union in Chicago und einen<strong> Doktor in Kirchenrecht<\/strong> an der P\u00e4pstlichen Universit\u00e4t des heiligen Thomas von Aquin in Rom (Angelicum).<\/p>\n\n<p>1985 wurde er als Augustiner-Missionar nach Peru entsandt. Er war in Chulucanas t\u00e4tig. 1988 wechselte er zur Mission in Trujillo. Dort bekleidete er das Amt des Gemeinschaftsprior (1988\u20131992). 1999 wurde er zum Provinzialprior der Provinz \u201eMother of Good Counsel\u201c in Chicago gew\u00e4hlt.<\/p>\n\n<p>Von 2001 bis 2013 bekleidete er das Amt des Generalpriors des<strong> Ordens des heiligen Augustinus<\/strong>.<\/p>\n\n<p>Im Jahr 2014 wurde er zum apostolischen Administrator der Di\u00f6zese Chiclayo ernannt. Am 12. Dezember, dem Festtag Unserer Lieben Frau von Guadalupe, wurde er zum<strong> Bischof geweiht<\/strong>. Seit dem 26. November 2015 ist er Bischof von Chiclayo. Von 2018 bis 2023 war er Vizepr\u00e4sident der Peruanischen Bischofskonferenz.<\/p>\n\n<p>2019 wurde er Mitglied der Kongregation f\u00fcr den Klerus und 2020 Mitglied der Kongregation f\u00fcr die Bisch\u00f6fe. Am 15. April desselben Jahres ernannte ihn der Papst zum apostolischen Administrator der Di\u00f6zese Callao.<\/p>\n\n<p>Am 30. Januar 2023 ernannte Papst Franziskus ihn zum <strong>Pr\u00e4fekten des Dikasteriums f\u00fcr die Bisch\u00f6fe<\/strong>. Im selben Jahr wurde er zum <strong>Kardinal ernannt und proklamiert<\/strong> sowie zum Vorsitzenden der<strong> P\u00e4pstlichen Kommission f\u00fcr Lateinamerika.<\/strong><\/p>\n\n<p>Nach dem Tod von Papst Franziskus w\u00e4hlte das in Rom versammelte Konklave Robert Prevost <strong>am 8. Mai 2025<\/strong>, dem Festtag der Jungfrau von Pompeji, zum neuen<strong> Papst.<\/strong><\/p>\n\n<p>Das Motto von Papst Leo XIV. lautet <strong>\u201eIn Illo uno unum\u201c<\/strong>, was aus dem Lateinischen \u00fcbersetzt <strong>\u201eIn dem Einen sind wir eins\u201c <\/strong>oder \u201eIn Ihm, dem Einen\u201c bedeutet. Dieser Satz, der einer Auslegung des Psalms 127 durch den heiligen Augustinus entstammt, unterstreicht seinen Fokus auf die Einheit und Gemeinschaft der Christen in Christus.<\/p>\n\n<div style=\"height:20px\" aria-hidden=\"true\" class=\"wp-block-spacer\"><\/div>\n\n<hr class=\"wp-block-separator aligncenter has-alpha-channel-opacity is-style-wide\"\/>\n\n<div style=\"height:20px\" aria-hidden=\"true\" class=\"wp-block-spacer\"><\/div>\n\n<h3 class=\"wp-block-heading has-text-align-center\">Dokumente<\/h3>\n\n<div style=\"height:40px\" aria-hidden=\"true\" class=\"wp-block-spacer\"><\/div>\n\n<section id=\"search-2\" class=\"widget widget_search\"><form role=\"search\" method=\"get\" class=\"search-form\" action=\"https:\/\/neocatechumenaleiter.org\/de\">\r\n\t<label for=\"search-form-5e59be1dc1b02\">\r\n\t\t<span class=\"screen-reader-text\">Suchen:<\/span>\r\n        <input type=\"search\" id=\"search-form-5e59be1dc1b02\" class=\"search-field\" placeholder=\"Suchen \u2026\" value=\"\" name=\"s\"\/><\/label>\r\n\t<button type=\"submit\" class=\"search-submit\">\r\n    \t<span class=\"screen-reader-text\">Suchen<\/span>\r\n        <i class=\"icon-magnifier\"><\/i>\r\n    <\/button>\r\n<\/form>\r\n<\/section>\n<div style=\"height:40px\" aria-hidden=\"true\" class=\"wp-block-spacer\"><\/div>\n\n<div class=\"wp-block-columns are-vertically-aligned-center is-layout-flex wp-container-core-columns-is-layout-9d6595d7 wp-block-columns-is-layout-flex\">\n<div class=\"wp-block-column is-vertically-aligned-center is-layout-flow wp-block-column-is-layout-flow\">\n<h4 class=\"wp-block-heading has-text-align-center\">Jahr 2025<\/h4>\n\n\n\n<div style=\"height:20px\" aria-hidden=\"true\" class=\"wp-block-spacer\"><\/div>\n\n\n\n<figure class=\"wp-block-embed aligncenter is-type-wp-embed is-provider-camino-neocatecumenal wp-block-embed-camino-neocatecumenal\"><div class=\"wp-block-embed__wrapper\">\r\n<blockquote class=\"wp-embedded-content\" data-secret=\"1BVsIF3Tpq\"><a href=\"https:\/\/neocatechumenaleiter.org\/de\/papst-leo-xiv-empfaengt-kiko-arguello-initiator-des-neokatechumenalen-weges\/\">El Papa Le\u00f3n XIV recibe a Kiko Arguello, iniciador del Camino\u00a0Neocatecumenal<\/a><\/blockquote><iframe loading=\"lazy\" class=\"wp-embedded-content\" sandbox=\"allow-scripts\" security=\"restricted\" style=\"position: absolute; visibility: hidden;\" title=\"&#8222;El Papa Le\u00f3n XIV recibe a Kiko Arguello, iniciador del Camino\u00a0Neocatecumenal&#8220; &#8211; Neokatechumenaler Weg\" src=\"https:\/\/neocatechumenaleiter.org\/de\/papst-leo-xiv-empfaengt-kiko-arguello-initiator-des-neokatechumenalen-weges\/embed\/#?secret=GzuhxslVp5#?secret=1BVsIF3Tpq\" data-secret=\"1BVsIF3Tpq\" width=\"600\" height=\"338\" frameborder=\"0\" marginwidth=\"0\" marginheight=\"0\" scrolling=\"no\"><\/iframe>\r\n<\/div><\/figure><br>\n<\/div>\n\n\n\n<div class=\"wp-block-column is-vertically-aligned-center is-layout-flow wp-block-column-is-layout-flow\">\n<h4 class=\"wp-block-heading has-text-align-center\">Jahr 2026<\/h4>\n\n\n\n<div style=\"height:20px\" aria-hidden=\"true\" class=\"wp-block-spacer\"><\/div>\n\n\n\n<figure class=\"wp-block-embed aligncenter is-type-wp-embed is-provider-camino-neocatecumenal wp-block-embed-camino-neocatecumenal\"><div class=\"wp-block-embed__wrapper\">\r\n<blockquote class=\"wp-embedded-content\" data-secret=\"GY8DH4H9qV\"><a href=\"https:\/\/neocatechumenaleiter.org\/de\/der-neokatechumenale-weg-ein-wertvoller-beitrag-zum-leben-der-kirche\/\">El Camino Neocatecumenal: &#8222;Una preciosa contribuci\u00f3n para la vida de la Iglesia&#8220;<\/a><\/blockquote><iframe loading=\"lazy\" class=\"wp-embedded-content\" sandbox=\"allow-scripts\" security=\"restricted\" style=\"position: absolute; visibility: hidden;\" title=\"&#8222;El Camino Neocatecumenal: &#8222;Una preciosa contribuci\u00f3n para la vida de la Iglesia&#8220;&#8220; &#8211; Neokatechumenaler Weg\" src=\"https:\/\/neocatechumenaleiter.org\/de\/der-neokatechumenale-weg-ein-wertvoller-beitrag-zum-leben-der-kirche\/embed\/#?secret=UgLWTaPL2E#?secret=GY8DH4H9qV\" data-secret=\"GY8DH4H9qV\" width=\"600\" height=\"338\" frameborder=\"0\" marginwidth=\"0\" marginheight=\"0\" scrolling=\"no\"><\/iframe>\r\n<\/div><\/figure><br>\n<\/div>\n<\/div>\n\n<div style=\"height:40px\" aria-hidden=\"true\" class=\"wp-block-spacer\"><\/div>\n","protected":false},"excerpt":{"rendered":"<p>Leo XIV. Biografie Robert Francis Prevost wurde am 14. September 1955 in Chicago, Illinois (USA) geboren. Schon in jungen Jahren trat er dem Augustinerorden (OSA) bei, wo er am 29. August 1981 seine feierlichen Gel\u00fcbde ablegte und am 19. Juni 1982 zum Priester geweiht wurde. Er absolvierte ein Hochschulstudium an verschiedenen Einrichtungen: einen Master in Theologie an der Catholic Theological Union in Chicago und einen Doktor in Kirchenrecht an der<\/p>\n<div class=\"read-more\"><a class=\"btn read-more-btn\" href=\"https:\/\/neocatechumenaleiter.org\/de\/worte-der-paepste\/leo-xiv\/\">Mehr lesen<\/a><\/div>\n","protected":false},"author":2,"featured_media":0,"parent":12055,"menu_order":0,"comment_status":"closed","ping_status":"closed","template":"","meta":{"footnotes":""},"class_list":["post-48290","page","type-page","status-publish","hentry"],"_links":{"self":[{"href":"https:\/\/neocatechumenaleiter.org\/de\/wp-json\/wp\/v2\/pages\/48290","targetHints":{"allow":["GET"]}}],"collection":[{"href":"https:\/\/neocatechumenaleiter.org\/de\/wp-json\/wp\/v2\/pages"}],"about":[{"href":"https:\/\/neocatechumenaleiter.org\/de\/wp-json\/wp\/v2\/types\/page"}],"author":[{"embeddable":true,"href":"https:\/\/neocatechumenaleiter.org\/de\/wp-json\/wp\/v2\/users\/2"}],"replies":[{"embeddable":true,"href":"https:\/\/neocatechumenaleiter.org\/de\/wp-json\/wp\/v2\/comments?post=48290"}],"version-history":[{"count":3,"href":"https:\/\/neocatechumenaleiter.org\/de\/wp-json\/wp\/v2\/pages\/48290\/revisions"}],"predecessor-version":[{"id":48299,"href":"https:\/\/neocatechumenaleiter.org\/de\/wp-json\/wp\/v2\/pages\/48290\/revisions\/48299"}],"up":[{"embeddable":true,"href":"https:\/\/neocatechumenaleiter.org\/de\/wp-json\/wp\/v2\/pages\/12055"}],"wp:attachment":[{"href":"https:\/\/neocatechumenaleiter.org\/de\/wp-json\/wp\/v2\/media?parent=48290"}],"curies":[{"name":"wp","href":"https:\/\/api.w.org\/{rel}","templated":true}]}}