{"id":16406,"date":"2020-02-25T03:16:52","date_gmt":"2020-02-25T02:16:52","guid":{"rendered":"https:\/\/neocatechumenaleiter.org\/carmen-hernandez\/"},"modified":"2021-08-10T10:56:21","modified_gmt":"2021-08-10T09:56:21","slug":"carmen-hernandez","status":"publish","type":"page","link":"https:\/\/neocatechumenaleiter.org\/et\/lugu\/carmen-hernandez\/","title":{"rendered":"Carmen Hern\u00e1ndez"},"content":{"rendered":"\n<h1 class=\"wp-block-heading\">Carmen Hern\u00e1ndez<\/h1>\n\n<div class=\"wp-block-image is-style-default\"><figure class=\"alignleft size-medium\"><img loading=\"lazy\" decoding=\"async\" width=\"245\" height=\"300\" src=\"https:\/\/neocatechumenaleiter.org\/wp-content\/uploads\/2020\/02\/Camino_Neocatecumenal_Carmen_Hernandez_psg-245x300.jpg\" alt=\"Carmen Hern&#xE1;ndez\" class=\"wp-image-225\" srcset=\"https:\/\/neocatechumenaleiter.org\/wp-content\/uploads\/2020\/02\/Camino_Neocatecumenal_Carmen_Hernandez_psg-245x300.jpg 245w, https:\/\/neocatechumenaleiter.org\/wp-content\/uploads\/2020\/02\/Camino_Neocatecumenal_Carmen_Hernandez_psg.jpg 327w\" sizes=\"auto, (max-width: 245px) 100vw, 245px\" \/><\/figure><\/div>\n\n<h4 class=\"wp-block-heading\">24. november 1930, \u2020 Madriid, 19. juuli 2016.<\/h4>\n\n<p>Carmen (koos Kikoga) oli \u00fcks Neokatehhumeenilise Tee asutajaid. Carmen s\u00fcndis \u00d3lvegas, (Soria, Hispaania) 24. novembril 1930. Ta oli viies \u00fcheksast \u00f5est-vennast &#8211; neli meest ja viis naist-. Lapsep\u00f5lv m\u00f6\u00f6dus Tuledas (Navarra, Hispaanias).&#13;\n<\/p>\n\n<p>Carmen \u00f5ppis Tuledas Maarja kogukonnas ja suhtles jesuiitidega. P\u00fcha Franciscuse Xavieri misjon\u00e4rivaimu m\u00f5jul tundis ta juba noorena kutsumust minna misjon\u00e4rina Indiasse. Oma isa soovi arvestades alustas ta siiski 1948. aastal keemia\u00f5pinguid Madriidi \u00dclikoolis, 1954. aastal litsentseeritakse ta k\u00f5rgeima kvalifikatsiooniga.<\/p>\n\n<p>M\u00f5nda aega t\u00f6\u00f6tas Carmen koos isaga perekonna toiduainetetehases And\u00fajaris (Ja\u00e9n, Hispaania). Siis aga otsustas selle j\u00e4tta ja minna Javieri, kus \u00f5ppis Jeesus Kristuse Misjon\u00e4ride Instituudis. Novitsiaadist alates \u00f5ppis ta Valencias teoloogiat koolis, mis m\u00f5eldud neile, kes on p\u00fchitsetud Jumalale. 1960. aastal l\u00e4kitatakse ta Indiasse, ent missiooniks valmistuma pidi ta Londonis (tol ajal kuulus India Rahvaste \u00dchendusse), kus p\u00fcsis aasta. Samal ajal muudeti instituudi p\u00f5hikirja, mis piiras missioonile l\u00e4hetamist. Nii naases Carmen Londonist Barcelonasse ja tutvus seal isa Pedro Farn\u00e9s Shereriga, kes samal ajal alustas oma \u00f5pinguid Pariisi Liturgilises Instituudis ja osales aktiivselt Vatikani II kirikukogus. <\/p>\n\n<p>Isa Farn\u00e9s tutvustas oma loengutes euharistilise paasap\u00fcha allikaid ja uuendatud kiriku\u00f5petust, mis m\u00f5jus otsekui valgus paljudele inimestele ja aitas paremini m\u00f5ista meie elus toimuvat, elada oma raskusi katsumusi koos Kristusega. Carmeni suhtlus ja koost\u00f6\u00f6 lepitusuuenduse autoritega m\u00f5jutas hiljem suuresti ka tema n\u00e4gemust Neokatehhumeenilise Tee katehheesidest.<\/p>\n\n<p>1963. aasta keskpaigast kuni 1964. aasta keskpaigani reisib Carmen koos Piibliga P\u00fcha Maad teades p\u00fchi kohti. Naastes Madriidi asub ta t\u00f6\u00f6le \u00e4\u00e4relinna slummides, kavatsedes suunduda misjonit\u00f6\u00f6le Boliiviasse koos teiste Kristusele p\u00fchitsetud inimestega. Kohtus aga Palomeras Altase slummides Kiko Arg\u00fcelloga, kes seal juba elas, ja otsustas samuti sinna j\u00e4\u00e4da. Vaeste keskel avastasid m\u00f5lemad paasap\u00fcha m\u00fcsteeriumi ja ker\u00fcgma kuulutamise (surnud ja \u00fclest\u00f5usnud Kristuse Hea S\u00f5num) ime, n\u00e4hes, kuidas sel moel s\u00fcnnivad ka esimesed kogudused. T\u00e4nu sellele, et toonane Madriidi peapiiskop Casimiro Morcillo m\u00f5istis ja kinnitas seda uut kogemust, viis Carmen koost\u00f6\u00f6s Kikoga l\u00e4bi kiriku uuendamist, esmalt Madriidis, Roomas, hiljem teistes linnades ja riikides.<\/p>\n\n<p>Carmen Hern\u00e1ndez suri 19. juulil 2016 Madriidis. Tema matusetseremooniat juhtis Madriidi kardinal ja peapiiskop Carlos Osoro Sierra ning sellel osalesid tuhanded inimesed. Isa Mario Pezzi r\u00f5hutas, et esimest korda kiriku ajaloos on \u00fcks mees ja naine pidevas koost\u00f6\u00f6s rajanud \u00fcle 50. aasta uut kiriklikku kogemust &#8211; Neokatehhumeenilist Teed.&#13;\nOma kaastundeavalduses r\u00f5hutas ka paavst, et teade Carmeni surmast tekitas temas s\u00fcgavat kurbust. Samuti t\u00f5stis ta esile Carmeni pikaajalist tegevust, mida iseloomustas armastus Jeesuse vastu ja suur misjon\u00e4rlik entusiasm. &#8220;Ma t\u00e4nan Jumalat selle naise tunnistuse eest, t\u00e4is siirast armastust kiriku vastu, kes p\u00fchendas oma elu Hea S\u00f5numi kuulutamisele k\u00f5ikjal. Eriti neile, kes on j\u00e4\u00e4nud kirikust eemale, unustamata ka k\u00f5ige t\u00f5rjutumaid,&#8221; kirjutas paavst&#13;\nFranciscus.<\/p>\n","protected":false},"excerpt":{"rendered":"<p>Carmen Hern\u00e1ndez 24. november 1930, \u2020 Madriid, 19. juuli 2016. Carmen (koos Kikoga) oli \u00fcks Neokatehhumeenilise Tee asutajaid. Carmen s\u00fcndis \u00d3lvegas, (Soria, Hispaania) 24. novembril 1930. Ta oli viies \u00fcheksast \u00f5est-vennast &#8211; neli meest ja viis naist-. Lapsep\u00f5lv m\u00f6\u00f6dus Tuledas (Navarra, Hispaanias).&#13; Carmen \u00f5ppis Tuledas Maarja kogukonnas ja suhtles jesuiitidega. P\u00fcha Franciscuse Xavieri misjon\u00e4rivaimu m\u00f5jul tundis ta juba noorena kutsumust minna misjon\u00e4rina Indiasse. Oma isa soovi arvestades alustas ta siiski<\/p>\n<div class=\"read-more\"><a class=\"btn read-more-btn\" href=\"https:\/\/neocatechumenaleiter.org\/et\/lugu\/carmen-hernandez\/\">Loe edasi<\/a><\/div>\n","protected":false},"author":2,"featured_media":0,"parent":17416,"menu_order":0,"comment_status":"closed","ping_status":"closed","template":"","meta":{"footnotes":""},"class_list":["post-16406","page","type-page","status-publish","hentry"],"_links":{"self":[{"href":"https:\/\/neocatechumenaleiter.org\/et\/wp-json\/wp\/v2\/pages\/16406","targetHints":{"allow":["GET"]}}],"collection":[{"href":"https:\/\/neocatechumenaleiter.org\/et\/wp-json\/wp\/v2\/pages"}],"about":[{"href":"https:\/\/neocatechumenaleiter.org\/et\/wp-json\/wp\/v2\/types\/page"}],"author":[{"embeddable":true,"href":"https:\/\/neocatechumenaleiter.org\/et\/wp-json\/wp\/v2\/users\/2"}],"replies":[{"embeddable":true,"href":"https:\/\/neocatechumenaleiter.org\/et\/wp-json\/wp\/v2\/comments?post=16406"}],"version-history":[{"count":12,"href":"https:\/\/neocatechumenaleiter.org\/et\/wp-json\/wp\/v2\/pages\/16406\/revisions"}],"predecessor-version":[{"id":23763,"href":"https:\/\/neocatechumenaleiter.org\/et\/wp-json\/wp\/v2\/pages\/16406\/revisions\/23763"}],"up":[{"embeddable":true,"href":"https:\/\/neocatechumenaleiter.org\/et\/wp-json\/wp\/v2\/pages\/17416"}],"wp:attachment":[{"href":"https:\/\/neocatechumenaleiter.org\/et\/wp-json\/wp\/v2\/media?parent=16406"}],"curies":[{"name":"wp","href":"https:\/\/api.w.org\/{rel}","templated":true}]}}