{"id":16591,"date":"2020-02-25T03:20:35","date_gmt":"2020-02-25T02:20:35","guid":{"rendered":"https:\/\/neocatechumenaleiter.org\/maria-ascension\/"},"modified":"2026-03-12T16:52:59","modified_gmt":"2026-03-12T15:52:59","slug":"maria-ascension","status":"publish","type":"page","link":"https:\/\/neocatechumenaleiter.org\/et\/lugu\/maria-ascension\/","title":{"rendered":"Mar\u00eda Ascensi\u00f3n"},"content":{"rendered":"\n<h1 class=\"wp-block-heading\"><strong>Mar\u00eda Ascensi\u00f3n Romero<\/strong><\/h1>\n<div class=\"wp-block-image is-style-circle-mask\">\n<figure class=\"alignleft size-medium\"><img loading=\"lazy\" decoding=\"async\" width=\"245\" height=\"300\" src=\"https:\/\/neocatechumenaleiter.org\/wp-content\/uploads\/2020\/02\/Camino_Neocatecumenal_Maria_Ascension_Romero-245x300.jpg\" alt=\"Mar&#xED;a Ascensi&#xF3;n Romero\" class=\"wp-image-235\" srcset=\"https:\/\/neocatechumenaleiter.org\/wp-content\/uploads\/2020\/02\/Camino_Neocatecumenal_Maria_Ascension_Romero-245x300.jpg 245w, https:\/\/neocatechumenaleiter.org\/wp-content\/uploads\/2020\/02\/Camino_Neocatecumenal_Maria_Ascension_Romero-837x1024.jpg 837w, https:\/\/neocatechumenaleiter.org\/wp-content\/uploads\/2020\/02\/Camino_Neocatecumenal_Maria_Ascension_Romero-768x940.jpg 768w, https:\/\/neocatechumenaleiter.org\/wp-content\/uploads\/2020\/02\/Camino_Neocatecumenal_Maria_Ascension_Romero.jpg 994w\" sizes=\"auto, (max-width: 245px) 100vw, 245px\" \/><\/figure><\/div>\n<p>Mar\u00eda Ascensi\u00f3n Romero Ant\u00f3n liitus Neokatehhumeenilise Tee rahvusvahelise meeskonnaga 2018. aasta jaanuaris, vastavalt P\u00fcha Tooli Elu ja perekonna osakonna p\u00f5hikirjale.&#13;\n&#13;\n<\/p>\n\n<p>Mar\u00eda Ascensi\u00f3n s\u00fcndis 27. mail 1960 Tudela linnas (Navarra, Hispaania). Ta on neljast lapsest vanuselt kolmas. \u00d5ppis Compa\u00f1ia de Jes\u00fas koolis (samas koolis, kus \u00f5ppis ka Carmen Hernandez). Hiljem kolis ta Soriasse, et t\u00f6\u00f6tada \u00f5petajana. Neokatehhumeenilisele Teele astus 19-aastaselt. <\/p>\n\n<p>M\u00f5ned aastad k\u00e4is ta Tudela Neokatehhumeenilises kogudeses, kuni \u00f5petajat\u00f6\u00f6 viis ta Madriidi, kus ta j\u00e4tkas Teed Siena P\u00fcha Katalina kirikus.<\/p>\n\n<p>Maailma noorte kohtumisel p\u00fcha Johannese Pauluse II-ga Santiago de Compostelas andis ta tunnistuse, et Jumal kutsub teda kuulutama evangeeliumi. Kutse kinnitati Zaragozas koosTee asutajatega.&#13;\nMaailma noorte kohtumisel Santiago de Compostelas p\u00fcha Johannese Pauluse II-ga andis ta tunnistuse, et Jumal kutsub teda kuulutama evangeeliumi. Kutse kinnitati Zaragozas koosTee asutajatega.<\/p>\n\n<p>Aastal 1991. m\u00f6\u00f6dus tema esimene misjoniaasta itinerandina Ciudad Realis ( Hispaania). Aastal 1992. l\u00e4kitati ta aga missioonile Venemaale. 25 aasta jooksul kuulutas ta evangeeliumi Valgevenes, Kasahstanis ja Venemaal.&#13;\n&#13;\n<\/p>\n\n<p>2. veebruaril 2018 kinnitati ta ametlikult rahvusvahelise Neokatehhumeenilise Tee meeskonna liikmeks.<\/p>\n","protected":false},"excerpt":{"rendered":"<p>Mar\u00eda Ascensi\u00f3n Romero Mar\u00eda Ascensi\u00f3n Romero Ant\u00f3n liitus Neokatehhumeenilise Tee rahvusvahelise meeskonnaga 2018. aasta jaanuaris, vastavalt P\u00fcha Tooli Elu ja perekonna osakonna p\u00f5hikirjale.&#13; &#13; Mar\u00eda Ascensi\u00f3n s\u00fcndis 27. mail 1960 Tudela linnas (Navarra, Hispaania). Ta on neljast lapsest vanuselt kolmas. \u00d5ppis Compa\u00f1ia de Jes\u00fas koolis (samas koolis, kus \u00f5ppis ka Carmen Hernandez). Hiljem kolis ta Soriasse, et t\u00f6\u00f6tada \u00f5petajana. Neokatehhumeenilisele Teele astus 19-aastaselt. M\u00f5ned aastad k\u00e4is ta Tudela Neokatehhumeenilises kogudeses,<\/p>\n<div class=\"read-more\"><a class=\"btn read-more-btn\" href=\"https:\/\/neocatechumenaleiter.org\/et\/lugu\/maria-ascension\/\">Loe edasi<\/a><\/div>\n","protected":false},"author":2,"featured_media":0,"parent":17416,"menu_order":0,"comment_status":"closed","ping_status":"closed","template":"","meta":{"footnotes":""},"class_list":["post-16591","page","type-page","status-publish","hentry"],"_links":{"self":[{"href":"https:\/\/neocatechumenaleiter.org\/et\/wp-json\/wp\/v2\/pages\/16591","targetHints":{"allow":["GET"]}}],"collection":[{"href":"https:\/\/neocatechumenaleiter.org\/et\/wp-json\/wp\/v2\/pages"}],"about":[{"href":"https:\/\/neocatechumenaleiter.org\/et\/wp-json\/wp\/v2\/types\/page"}],"author":[{"embeddable":true,"href":"https:\/\/neocatechumenaleiter.org\/et\/wp-json\/wp\/v2\/users\/2"}],"replies":[{"embeddable":true,"href":"https:\/\/neocatechumenaleiter.org\/et\/wp-json\/wp\/v2\/comments?post=16591"}],"version-history":[{"count":9,"href":"https:\/\/neocatechumenaleiter.org\/et\/wp-json\/wp\/v2\/pages\/16591\/revisions"}],"predecessor-version":[{"id":48096,"href":"https:\/\/neocatechumenaleiter.org\/et\/wp-json\/wp\/v2\/pages\/16591\/revisions\/48096"}],"up":[{"embeddable":true,"href":"https:\/\/neocatechumenaleiter.org\/et\/wp-json\/wp\/v2\/pages\/17416"}],"wp:attachment":[{"href":"https:\/\/neocatechumenaleiter.org\/et\/wp-json\/wp\/v2\/media?parent=16591"}],"curies":[{"name":"wp","href":"https:\/\/api.w.org\/{rel}","templated":true}]}}