{"id":16611,"date":"2020-02-25T03:18:03","date_gmt":"2020-02-25T02:18:03","guid":{"rendered":"https:\/\/neocatechumenaleiter.org\/mario-pezzi\/"},"modified":"2026-03-02T14:29:07","modified_gmt":"2026-03-02T13:29:07","slug":"mario-pezzi","status":"publish","type":"page","link":"https:\/\/neocatechumenaleiter.org\/et\/lugu\/mario-pezzi\/","title":{"rendered":"Mario Pezzi"},"content":{"rendered":"\n<h1 class=\"wp-block-heading\"><strong>Mario Pezzi<\/strong><\/h1>\n\n<div class=\"wp-block-image is-style-circle-mask\"><figure class=\"alignleft size-medium\"><img loading=\"lazy\" decoding=\"async\" width=\"245\" height=\"300\" src=\"https:\/\/neocatechumenaleiter.org\/wp-content\/uploads\/2020\/02\/Camino_Neocatecumenal_Mario_Pezzi-245x300.jpg\" alt=\"Mario Pezzi\" class=\"wp-image-230\" srcset=\"https:\/\/neocatechumenaleiter.org\/wp-content\/uploads\/2020\/02\/Camino_Neocatecumenal_Mario_Pezzi-245x300.jpg 245w, https:\/\/neocatechumenaleiter.org\/wp-content\/uploads\/2020\/02\/Camino_Neocatecumenal_Mario_Pezzi-837x1024.jpg 837w, https:\/\/neocatechumenaleiter.org\/wp-content\/uploads\/2020\/02\/Camino_Neocatecumenal_Mario_Pezzi-768x940.jpg 768w, https:\/\/neocatechumenaleiter.org\/wp-content\/uploads\/2020\/02\/Camino_Neocatecumenal_Mario_Pezzi.jpg 994w\" sizes=\"auto, (max-width: 245px) 100vw, 245px\" \/><\/figure><\/div>\n\n<p>Mario Pezzi s\u00fcndis 19. septembril 1942 Gottolengos (Brescia, Itaalias), viiest vennast kolmandana. Comboniaanide ordu misjon\u00e4riseminari astus ta 10-aastaselt. P\u00e4rast esimest \u00f5ppeaastat saatsid seminarijuhid ta \u00f5pinguid j\u00e4tkama Rahvusvahelisse Skolastika K\u00f5rgkooli Roomas, samuti \u00f5ppis ta teoloogiat Paavstlikus Urbaniana \u00dclikoolis. Mario Pezzi ordineeriti preestriks 19. m\u00e4rtsil 1969 ning koos professor isa Zoltan Alszeghy&#8217;ga asutasid nad paavst Gregoriuse \u00dclikooli juurde dogmaatilise teoloogia doktorantuuri. <\/p>\n\n<p>Samal aastal kohtus ta Kiko ja Carmeniga, Neokatehhumeenilise Tee rajajatega, osaledes nende katehheesidel Nativit\u00e0 kirikus Roomas.&#013;\nJaanuaris 1970 kuulas ta Neokatehhumeenilise Tee katehheese P\u00fcha Jumala-Johannese kirikus, kus ta viis l\u00e4bi pastoraalteenistust, olles samas kirikus esimene Neokatehhumeenilise Tee koguduse liige. M\u00f5istes Neokatehhumeenilise Tee t\u00e4htsust just misjonit\u00f6\u00f6s (eriti peale traagilist kristlaste tapmist Burundis), sai ta \u00fclemustelt loa jagada oma kogemusi Tee r\u00e4ndkatehheedina ja kuulutada evangeeliumi Aafrikas. 1970. aasta septembris katkestas ta oma \u00f5pingud doktorantuuris ning l\u00e4kitati Kiko ja Carmeni poolt Brescia ja Milano piiskopkondadesse, et alustada Teed kahes kirikus, 1971. aastal aga San Leones (Katania).&#013;\n<\/p>\n\n<p>Juunis 1971 kutsusid Kiko ja Carmen Mario Pezzi asendama preester D. Francesco Cuppini, kes oli nendega olnud aastast 1968, moodustades osa meeskonnast ajal, mil nad kuulutasid evangeeliumi Itaalias, eriti Rooma \u00fcmbruses, Firenzes ja Ivreas. &#013;\nAjal, mil Kiko ja Carmen olid Hispaanias koos preester isa Jes\u00fas Bl\u00e1zquez&#8217;ga, saadeti isa Mario kuulutama evangeeliumit Lombardiasse, hiljem Portugali. 1981. aasta detsembris saadeti ta \u00dclem-Kindra Comboniaanide ordu kirjaga alustama itinerandina Teed Khartoumis (Sudaanis), Comboniaanide ordu misjonikeskuses, 1982. aasta m\u00e4rtsis aga juba Kampalas (Uganda). &#013;\nAlates sellest aastast on ta k\u00fclastanud mitmeid Keenia piiskoppe ja Tee misjoniperesid Costa Marfilis, Kamerunis, Sambias ja Redemptoris Mater&#8217;i seminare Kitwes (Sambia), Doualas (Kamerun), Dar es Salaamis (Tansaania), Gomas (Kongo) ja Morondavas (Madagaskar). &#013;\nMario Pezzi k\u00fclastas ka mitut piiskoppi esmalt Angoolas ja seej\u00e4rel Mosambiigis, et avada uusi Neokatehhumeenilise Tee kogudusi. Samuti Banguis (Kesk-Aafrika Vabariik) ja Bujumburas (Burundi).<\/p>\n\n<p>Alates aastast 1982 kutsuti Mario Pezzi Neokatehhumeenilise Tee meeskonda koos Kiko ja &#013;\nCarmeniga. Tema \u00fclesandeks oli aidata suhelda paavsti, P\u00fcha Tooli ja piiskoppidega, korraldada Neokatehhumeenilise Tee samme (spetsiaalsed etapid) \u00fclemaailmsetel konviventsidel r\u00e4ndkatehheedina. Samuti saata neid rahvusvahelistel reisidel ja kohtumistel ning seda t\u00e4nase p\u00e4evani. 1992. aastal kutsus Comboniaanide ordu uus juhatus teda taas\u00fchinema instituudiga v\u00f5i j\u00e4\u00e4ma p\u00fcsivalt Rooma piiskopkonda. Kuid instituudist lahkunud vikaar-kardinaal monsenj\u00f6\u00f6r Camilo Ruini n\u00e4gi temas pigem r\u00e4ndkatehheeti-preestrit.<\/p>\n\n<p>P\u00fcha Tooli poolt heaks kiidetud Neokatehhumeenilise Tee p\u00f5hikirja kinnitamisega 2002. aastal (ad experimentum) ja l\u00f5plikult 2008. aastal, nimetati Mario Pezzi preestriks rahvusvahelises meeskonnas koos Kiko ja Carmeniga (enne tema surma).<\/p>\n","protected":false},"excerpt":{"rendered":"<p>Mario Pezzi Mario Pezzi s\u00fcndis 19. septembril 1942 Gottolengos (Brescia, Itaalias), viiest vennast kolmandana. Comboniaanide ordu misjon\u00e4riseminari astus ta 10-aastaselt. P\u00e4rast esimest \u00f5ppeaastat saatsid seminarijuhid ta \u00f5pinguid j\u00e4tkama Rahvusvahelisse Skolastika K\u00f5rgkooli Roomas, samuti \u00f5ppis ta teoloogiat Paavstlikus Urbaniana \u00dclikoolis. Mario Pezzi ordineeriti preestriks 19. m\u00e4rtsil 1969 ning koos professor isa Zoltan Alszeghy&#8217;ga asutasid nad paavst Gregoriuse \u00dclikooli juurde dogmaatilise teoloogia doktorantuuri. Samal aastal kohtus ta Kiko ja Carmeniga, Neokatehhumeenilise Tee<\/p>\n<div class=\"read-more\"><a class=\"btn read-more-btn\" href=\"https:\/\/neocatechumenaleiter.org\/et\/lugu\/mario-pezzi\/\">Loe edasi<\/a><\/div>\n","protected":false},"author":2,"featured_media":0,"parent":17416,"menu_order":0,"comment_status":"closed","ping_status":"closed","template":"","meta":{"footnotes":""},"class_list":["post-16611","page","type-page","status-publish","hentry"],"_links":{"self":[{"href":"https:\/\/neocatechumenaleiter.org\/et\/wp-json\/wp\/v2\/pages\/16611","targetHints":{"allow":["GET"]}}],"collection":[{"href":"https:\/\/neocatechumenaleiter.org\/et\/wp-json\/wp\/v2\/pages"}],"about":[{"href":"https:\/\/neocatechumenaleiter.org\/et\/wp-json\/wp\/v2\/types\/page"}],"author":[{"embeddable":true,"href":"https:\/\/neocatechumenaleiter.org\/et\/wp-json\/wp\/v2\/users\/2"}],"replies":[{"embeddable":true,"href":"https:\/\/neocatechumenaleiter.org\/et\/wp-json\/wp\/v2\/comments?post=16611"}],"version-history":[{"count":12,"href":"https:\/\/neocatechumenaleiter.org\/et\/wp-json\/wp\/v2\/pages\/16611\/revisions"}],"predecessor-version":[{"id":47945,"href":"https:\/\/neocatechumenaleiter.org\/et\/wp-json\/wp\/v2\/pages\/16611\/revisions\/47945"}],"up":[{"embeddable":true,"href":"https:\/\/neocatechumenaleiter.org\/et\/wp-json\/wp\/v2\/pages\/17416"}],"wp:attachment":[{"href":"https:\/\/neocatechumenaleiter.org\/et\/wp-json\/wp\/v2\/media?parent=16611"}],"curies":[{"name":"wp","href":"https:\/\/api.w.org\/{rel}","templated":true}]}}