{"id":17685,"date":"2020-09-19T08:40:45","date_gmt":"2020-09-19T07:40:45","guid":{"rendered":"https:\/\/neocatechumenaleiter.org\/e-post_viga\/"},"modified":"2026-03-02T14:24:40","modified_gmt":"2026-03-02T13:24:40","slug":"e-post_viga","status":"publish","type":"page","link":"https:\/\/neocatechumenaleiter.org\/et\/e-post_viga\/","title":{"rendered":"E-post_viga"},"content":{"rendered":"\n<h2 class=\"has-text-align-center wp-block-heading\">Tekkis ootamatu viga<\/h2>\n\n<div style=\"height:20px\" aria-hidden=\"true\" class=\"wp-block-spacer\"><\/div>\n\n<h5 class=\"has-text-align-center wp-block-heading\">Palun minge tagasi ja proovige s\u00f5num m\u00f5ne minuti p\u00e4rast uuesti saata<\/h5>\n","protected":false},"excerpt":{"rendered":"<p>Tekkis ootamatu viga Palun minge tagasi ja proovige s\u00f5num m\u00f5ne minuti p\u00e4rast uuesti saata<\/p>\n","protected":false},"author":2,"featured_media":0,"parent":0,"menu_order":0,"comment_status":"closed","ping_status":"closed","template":"","meta":{"footnotes":""},"class_list":["post-17685","page","type-page","status-publish","hentry"],"_links":{"self":[{"href":"https:\/\/neocatechumenaleiter.org\/et\/wp-json\/wp\/v2\/pages\/17685","targetHints":{"allow":["GET"]}}],"collection":[{"href":"https:\/\/neocatechumenaleiter.org\/et\/wp-json\/wp\/v2\/pages"}],"about":[{"href":"https:\/\/neocatechumenaleiter.org\/et\/wp-json\/wp\/v2\/types\/page"}],"author":[{"embeddable":true,"href":"https:\/\/neocatechumenaleiter.org\/et\/wp-json\/wp\/v2\/users\/2"}],"replies":[{"embeddable":true,"href":"https:\/\/neocatechumenaleiter.org\/et\/wp-json\/wp\/v2\/comments?post=17685"}],"version-history":[{"count":3,"href":"https:\/\/neocatechumenaleiter.org\/et\/wp-json\/wp\/v2\/pages\/17685\/revisions"}],"predecessor-version":[{"id":47939,"href":"https:\/\/neocatechumenaleiter.org\/et\/wp-json\/wp\/v2\/pages\/17685\/revisions\/47939"}],"wp:attachment":[{"href":"https:\/\/neocatechumenaleiter.org\/et\/wp-json\/wp\/v2\/media?parent=17685"}],"curies":[{"name":"wp","href":"https:\/\/api.w.org\/{rel}","templated":true}]}}