{"id":19703,"date":"2020-02-27T23:27:17","date_gmt":"2020-02-27T22:27:17","guid":{"rendered":"https:\/\/neocatechumenaleiter.org\/paavstide-sonad\/"},"modified":"2026-03-20T07:18:55","modified_gmt":"2026-03-20T06:18:55","slug":"paavstide-sonad","status":"publish","type":"page","link":"https:\/\/neocatechumenaleiter.org\/et\/paavstide-sonad\/","title":{"rendered":"Paavstide s\u00f5nad"},"content":{"rendered":"\n<h1 class=\"wp-block-heading has-text-align-center\">Paavstide s\u00f5nad<\/h1>\n\n<h4 class=\"wp-block-heading has-text-align-center\">Neokatehhumeeniline Tee Paavstide s\u00f5nades: k\u00f5ned, audientsid, manitsused, tunnustused, heakskiidud&#8230;<\/h4>\n\n<div style=\"height:20px\" aria-hidden=\"true\" class=\"wp-block-spacer\"><\/div>\n\n<p>4. augustil 1976. aastal teatas p\u00fcha Paulus VI: &#8220;Praegusel ajal tuleb j\u00e4tkata Kiriku ehitamist, nii ps\u00fchholoogiliselt kui pastoraalselt, justkui alustaksime selle uuendamist otsast peale, nii-\u00f6elda nullist.&#8221;<\/p>\n\n<p>Esimesed apostlid l\u00e4ksid s\u00fcnagoogidesse kuulutama head s\u00f5numit v\u00e4ikestes gruppides, \u00f6eldes: \u201eJumal on \u00fcles t\u00f5usnud oma sulases Jeesuses, kelle oleme maha salanud, paludes armu m\u00f5rvarile. See, kes suri vastupanu osutamata, kurjale alistudes, oma vaenlasi armastades, neid v\u00e4lja vabandades (&#8220;Andesta neile, sest nad ei tea, mida nad teevad&#8221;); see, kes pakkus talle p\u00f5hjustatud kurja &#8211; kannatust ja risti &#8211; t\u00f5endina, et Tema armastus oli suurem kui surm ega lakanud neid armastamast isegi siis, kui nad v\u00f5tsid Temalt elu: Jumal on Ta surnuist \u00fcles \u00e4ratanud ja t\u00e4na on Ta elus, andestades nii selle kui muud kuriteod.<\/p>\n\n<h6 class=\"wp-block-heading has-text-align-right\">Kiko Arg\u00fcello<\/h6>\n\n<div style=\"height:30px\" aria-hidden=\"true\" class=\"wp-block-spacer\"><\/div>\n\n<hr class=\"wp-block-separator aligncenter has-alpha-channel-opacity is-style-wide\" \/>\n\n<div style=\"height:30px\" aria-hidden=\"true\" class=\"wp-block-spacer\"><\/div>\n\n<div class=\"wp-block-columns are-vertically-aligned-center is-layout-flex wp-container-core-columns-is-layout-9d6595d7 wp-block-columns-is-layout-flex\">\n<div class=\"wp-block-column is-vertically-aligned-center is-layout-flow wp-block-column-is-layout-flow\"><div class=\"wp-block-image\">\n<figure class=\"aligncenter size-medium\"><a href=\"https:\/\/neocatechumenaleiter.org\/et\/paavstide-sonad\/p-paulus-vi\/\"><img loading=\"lazy\" decoding=\"async\" width=\"250\" height=\"300\" src=\"https:\/\/neocatechumenaleiter.org\/wp-content\/uploads\/2020\/02\/Camino_Neocatecumenal_S_Pablo_VI-250x300.jpg\" alt=\"P. Paulus VI, Kiko Arg&#xFC;ello ja Carmen Hern&#xE1;ndez\" class=\"wp-image-7883\" srcset=\"https:\/\/neocatechumenaleiter.org\/wp-content\/uploads\/2020\/02\/Camino_Neocatecumenal_S_Pablo_VI-250x300.jpg 250w, https:\/\/neocatechumenaleiter.org\/wp-content\/uploads\/2020\/02\/Camino_Neocatecumenal_S_Pablo_VI.jpg 500w\" sizes=\"auto, (max-width: 250px) 100vw, 250px\" \/><\/a><figcaption class=\"wp-element-caption\"><strong>P. Paulus VI<\/strong><\/figcaption><\/figure><\/div><\/div>\n\n\n\n<div class=\"wp-block-column is-vertically-aligned-center is-layout-flow wp-block-column-is-layout-flow\"><div class=\"wp-block-image\">\n<figure class=\"aligncenter size-medium\"><a href=\"https:\/\/neocatechumenaleiter.org\/et\/paavstide-sonad\/puha-johannes-paulus-ii\/\"><img loading=\"lazy\" decoding=\"async\" width=\"250\" height=\"300\" src=\"https:\/\/neocatechumenaleiter.org\/wp-content\/uploads\/2020\/02\/Camino_Neocatecumenal_S_Juan_Pablo_II-250x300.jpg\" alt=\"P. Johannes Paulus II\" class=\"wp-image-7882\" srcset=\"https:\/\/neocatechumenaleiter.org\/wp-content\/uploads\/2020\/02\/Camino_Neocatecumenal_S_Juan_Pablo_II-250x300.jpg 250w, https:\/\/neocatechumenaleiter.org\/wp-content\/uploads\/2020\/02\/Camino_Neocatecumenal_S_Juan_Pablo_II.jpg 500w\" sizes=\"auto, (max-width: 250px) 100vw, 250px\" \/><\/a><figcaption class=\"wp-element-caption\"><strong>P. Johannes Paulus II<\/strong><\/figcaption><\/figure><\/div><\/div>\n\n\n\n<div class=\"wp-block-column is-vertically-aligned-center is-layout-flow wp-block-column-is-layout-flow\"><div class=\"wp-block-image\">\n<figure class=\"aligncenter size-medium\"><a href=\"https:\/\/neocatechumenaleiter.org\/et\/paavstide-sonad\/benedictus-xvi\/\"><img loading=\"lazy\" decoding=\"async\" width=\"250\" height=\"300\" src=\"https:\/\/neocatechumenaleiter.org\/wp-content\/uploads\/2020\/02\/Camino_Neocatecumenal_Papa_Benedicto_XVI-250x300.jpg\" alt=\"Emeriitpaavst Benedictus XVI\" class=\"wp-image-7880\" srcset=\"https:\/\/neocatechumenaleiter.org\/wp-content\/uploads\/2020\/02\/Camino_Neocatecumenal_Papa_Benedicto_XVI-250x300.jpg 250w, https:\/\/neocatechumenaleiter.org\/wp-content\/uploads\/2020\/02\/Camino_Neocatecumenal_Papa_Benedicto_XVI.jpg 500w\" sizes=\"auto, (max-width: 250px) 100vw, 250px\" \/><\/a><figcaption class=\"wp-element-caption\"><strong>Benedictus XVI<\/strong><\/figcaption><\/figure><\/div><\/div>\n<\/div>\n\n<div class=\"wp-block-columns are-vertically-aligned-center is-layout-flex wp-container-core-columns-is-layout-9d6595d7 wp-block-columns-is-layout-flex\">\n<div class=\"wp-block-column is-vertically-aligned-center is-layout-flow wp-block-column-is-layout-flow\"><div class=\"wp-block-image\">\n<figure class=\"aligncenter size-medium\"><a href=\"https:\/\/neocatechumenaleiter.org\/et\/paavstide-sonad\/franciscus\/\"><img loading=\"lazy\" decoding=\"async\" width=\"250\" height=\"300\" src=\"https:\/\/neocatechumenaleiter.org\/wp-content\/uploads\/2020\/02\/Camino_Neocatecumenal_Papa_Francisco-250x300.jpg\" alt=\"Paavst Franciscus\" class=\"wp-image-7881\" srcset=\"https:\/\/neocatechumenaleiter.org\/wp-content\/uploads\/2020\/02\/Camino_Neocatecumenal_Papa_Francisco-250x300.jpg 250w, https:\/\/neocatechumenaleiter.org\/wp-content\/uploads\/2020\/02\/Camino_Neocatecumenal_Papa_Francisco.jpg 500w\" sizes=\"auto, (max-width: 250px) 100vw, 250px\" \/><\/a><figcaption class=\"wp-element-caption\"><strong>Franciscus<\/strong><\/figcaption><\/figure><\/div><\/div>\n\n\n\n<div class=\"wp-block-column is-vertically-aligned-center is-layout-flow wp-block-column-is-layout-flow\"><div class=\"wp-block-image\">\n<figure class=\"aligncenter size-medium\"><a href=\"https:\/\/neocatechumenaleiter.org\/et\/paavstide-sonad\/leo-xiv\/\"><img loading=\"lazy\" decoding=\"async\" width=\"250\" height=\"300\" src=\"https:\/\/neocatechumenaleiter.org\/wp-content\/uploads\/2025\/12\/Papa-Leone-XIV-foto-ufficiale_Copyright-VATICAN-MEDIA-500x600-1-250x300.jpg\" alt=\"Paavst Leo XIV\" class=\"wp-image-46079\" srcset=\"https:\/\/neocatechumenaleiter.org\/wp-content\/uploads\/2025\/12\/Papa-Leone-XIV-foto-ufficiale_Copyright-VATICAN-MEDIA-500x600-1-250x300.jpg 250w, https:\/\/neocatechumenaleiter.org\/wp-content\/uploads\/2025\/12\/Papa-Leone-XIV-foto-ufficiale_Copyright-VATICAN-MEDIA-500x600-1.jpg 500w\" sizes=\"auto, (max-width: 250px) 100vw, 250px\" \/><\/a><figcaption class=\"wp-element-caption\"><strong>Leo XIV<\/strong><\/figcaption><\/figure><\/div><\/div>\n\n\n\n<div class=\"wp-block-column is-vertically-aligned-center is-layout-flow wp-block-column-is-layout-flow\"><\/div>\n<\/div>\n","protected":false},"excerpt":{"rendered":"<p>Paavstide s\u00f5nad Neokatehhumeeniline Tee Paavstide s\u00f5nades: k\u00f5ned, audientsid, manitsused, tunnustused, heakskiidud&#8230; 4. augustil 1976. aastal teatas p\u00fcha Paulus VI: &#8220;Praegusel ajal tuleb j\u00e4tkata Kiriku ehitamist, nii ps\u00fchholoogiliselt kui pastoraalselt, justkui alustaksime selle uuendamist otsast peale, nii-\u00f6elda nullist.&#8221; Esimesed apostlid l\u00e4ksid s\u00fcnagoogidesse kuulutama head s\u00f5numit v\u00e4ikestes gruppides, \u00f6eldes: \u201eJumal on \u00fcles t\u00f5usnud oma sulases Jeesuses, kelle oleme maha salanud, paludes armu m\u00f5rvarile. See, kes suri vastupanu osutamata, kurjale alistudes, oma vaenlasi<\/p>\n<div class=\"read-more\"><a class=\"btn read-more-btn\" href=\"https:\/\/neocatechumenaleiter.org\/et\/paavstide-sonad\/\">Loe edasi<\/a><\/div>\n","protected":false},"author":2,"featured_media":0,"parent":0,"menu_order":0,"comment_status":"closed","ping_status":"closed","template":"","meta":{"footnotes":""},"class_list":["post-19703","page","type-page","status-publish","hentry"],"_links":{"self":[{"href":"https:\/\/neocatechumenaleiter.org\/et\/wp-json\/wp\/v2\/pages\/19703","targetHints":{"allow":["GET"]}}],"collection":[{"href":"https:\/\/neocatechumenaleiter.org\/et\/wp-json\/wp\/v2\/pages"}],"about":[{"href":"https:\/\/neocatechumenaleiter.org\/et\/wp-json\/wp\/v2\/types\/page"}],"author":[{"embeddable":true,"href":"https:\/\/neocatechumenaleiter.org\/et\/wp-json\/wp\/v2\/users\/2"}],"replies":[{"embeddable":true,"href":"https:\/\/neocatechumenaleiter.org\/et\/wp-json\/wp\/v2\/comments?post=19703"}],"version-history":[{"count":7,"href":"https:\/\/neocatechumenaleiter.org\/et\/wp-json\/wp\/v2\/pages\/19703\/revisions"}],"predecessor-version":[{"id":48283,"href":"https:\/\/neocatechumenaleiter.org\/et\/wp-json\/wp\/v2\/pages\/19703\/revisions\/48283"}],"wp:attachment":[{"href":"https:\/\/neocatechumenaleiter.org\/et\/wp-json\/wp\/v2\/media?parent=19703"}],"curies":[{"name":"wp","href":"https:\/\/api.w.org\/{rel}","templated":true}]}}